{"id":2820,"date":"2021-10-13T18:28:23","date_gmt":"2021-10-13T16:28:23","guid":{"rendered":"https:\/\/antcube.shop\/produkt\/ameisen-ausbruchsschutz-ol-10ml\/"},"modified":"2026-04-12T20:19:38","modified_gmt":"2026-04-12T18:19:38","slug":"ameisen-ausbruchsschutz-ol-10ml","status":"publish","type":"product","link":"https:\/\/antcube.shop\/pt\/produto\/ameisen-ausbruchsschutz-ol-10ml\/","title":{"rendered":"\u00d3leo anticorrosivo para formigas 10ml"},"content":{"rendered":"<p><strong>Conte\u00fado:<\/strong> 10 ml (o suficiente para aproximadamente 10-15 metros de uma faixa de 2 cm de largura)<\/p>\n<p><strong>Cor:<\/strong> transparente, incolor<\/p>\n<p><strong>Material:<\/strong> \u00e0 base de \u00f3leo paraf\u00ednico<\/p>\n<p><strong>Vantagem:<\/strong> Pode ser aplicado em todas as superf\u00edcies lisas, tais como vidro ou pl\u00e1stico:<\/p>\n<p><strong>Desvantagem:<\/strong> No caso de grandes col\u00f3nias, os animais podem espalhar o \u00f3leo sobre o painel, caminhando sobre a superf\u00edcie do \u00f3leo, de modo que o painel deve ser limpo ao longo do tempo.<\/p>\n<p><strong>Aplica\u00e7\u00e3o:<\/strong> O filme deve ter cerca de 3 vezes mais largura na borda interna do que as formigas s\u00e3o longas e aplicadas sem pingar.<\/p>\n<p><strong>Renova\u00e7\u00e3o:<\/strong> 2-4 meses, dependendo do tamanho da col\u00f3nia e da esta\u00e7\u00e3o do ano.<\/p>\n<p><strong>Nota:<\/strong> Os animais s\u00f3 devem ter as suas \"patas\" em contacto com o \u00f3leo. Em caso de grande forma\u00e7\u00e3o de gotejamento, existe o risco dos animais poderem ficar com a cabe\u00e7a no gotejamento e sufocar com o \u00f3leo.<\/p>\n<p><a href=\"https:\/\/antcube.shop\/wp-content\/uploads\/2022\/02\/ant_escape_protection_oil_en.pdf\">Ficha de Dados de Seguran\u00e7a de \u00d3leo de Protec\u00e7\u00e3o de Formigas, (PDF 0,1 MB)<\/a><br \/>\n(Cont\u00e9m: Instru\u00e7\u00f5es de seguran\u00e7a)<\/p>\n<p>&nbsp;<\/p>","protected":false},"excerpt":{"rendered":"<p>Conte\u00fado: 10 ml (suficiente para cerca de 10-15 metros de uma tira de 2 cm de largura) Cor: transparente, incolor Material: \u00e0 base de \u00f3leo de parafina Vantagens: Pode ser aplicado em todas as superf\u00edcies lisas, como vidro ou pl\u00e1stico: Desvantagem: No caso de grandes col\u00f3nias, os animais podem espalhar o \u00f3leo sobre o vidro ao caminharem sobre a superf\u00edcie do \u00f3leo,","protected":false},"featured_media":303,"comment_status":"open","ping_status":"closed","template":"","meta":{"_acf_changed":false,"content-type":"","_monsterinsights_skip_tracking":false,"_monsterinsights_sitenote_active":false,"_monsterinsights_sitenote_note":"","_monsterinsights_sitenote_category":0},"product_brand":[],"product_cat":[237],"product_tag":[],"class_list":{"0":"post-2820","1":"product","2":"type-product","3":"status-publish","4":"has-post-thumbnail","6":"product_cat-tools","8":"first","9":"instock","10":"taxable","11":"shipping-taxable","12":"purchasable","13":"product-type-simple"},"acf":[],"aioseo_notices":[],"jetpack_sharing_enabled":true,"_links":{"self":[{"href":"https:\/\/antcube.shop\/pt\/wp-json\/wp\/v2\/product\/2820","targetHints":{"allow":["GET"]}}],"collection":[{"href":"https:\/\/antcube.shop\/pt\/wp-json\/wp\/v2\/product"}],"about":[{"href":"https:\/\/antcube.shop\/pt\/wp-json\/wp\/v2\/types\/product"}],"replies":[{"embeddable":true,"href":"https:\/\/antcube.shop\/pt\/wp-json\/wp\/v2\/comments?post=2820"}],"wp:featuredmedia":[{"embeddable":true,"href":"https:\/\/antcube.shop\/pt\/wp-json\/wp\/v2\/media\/303"}],"wp:attachment":[{"href":"https:\/\/antcube.shop\/pt\/wp-json\/wp\/v2\/media?parent=2820"}],"wp:term":[{"taxonomy":"product_brand","embeddable":true,"href":"https:\/\/antcube.shop\/pt\/wp-json\/wp\/v2\/product_brand?post=2820"},{"taxonomy":"product_cat","embeddable":true,"href":"https:\/\/antcube.shop\/pt\/wp-json\/wp\/v2\/product_cat?post=2820"},{"taxonomy":"product_tag","embeddable":true,"href":"https:\/\/antcube.shop\/pt\/wp-json\/wp\/v2\/product_tag?post=2820"}],"curies":[{"name":"wp","href":"https:\/\/api.w.org\/{rel}","templated":true}]}}