{"id":2744,"date":"2021-10-08T12:05:54","date_gmt":"2021-10-08T10:05:54","guid":{"rendered":"https:\/\/antcube.shop\/produkt\/antcube-starter-set-s-20x20-wald\/"},"modified":"2026-04-07T10:39:01","modified_gmt":"2026-04-07T08:39:01","slug":"antcubo-conjunto-de-iniciacao-s-20x20-malh","status":"publish","type":"product","link":"https:\/\/antcube.shop\/pt\/produto\/antcubo-conjunto-de-iniciacao-s-20x20-malh\/","title":{"rendered":"ANTCUBE Starter Set S - 20\u00d720 - Floresta"},"content":{"rendered":"<p><strong>Conte\u00fado:<\/strong><br \/>\n1x Cricket Jam 25g<br \/>\n1x Forest Honey (Wa) - recarga 10ml<\/p>\n<p>1x ANTCUBE - Arena 20x20x10 - plano<br \/>\n1x Arma\u00e7\u00e3o de arena formiga 20\u00d720<br \/>\n1x cobertura de arena de formigas 20\u00d720<br \/>\n4x ponto de fixa\u00e7\u00e3o para cobertura de arena<br \/>\n2x ANTCUBE - Ant farm - L - 20\u00d720 - vertical<\/p>\n<p>1x tubo de 0,5m transparente 10\/06 mm<br \/>\n1x ANTCUBE - Folha vermelha 20\u00d720 - filtro<br \/>\n1x grampos adesivos - transparentes 2 pcs.<br \/>\n1x substrato - floresta - 1kg<br \/>\n1x Formicarien granulado 200 ml - preto<\/p>\n<p>1x inser\u00e7\u00e3o de grade - 50mm - a\u00e7o inoxid\u00e1vel<br \/>\n1x Ficha Formicarium para furo de 50mm<br \/>\n1x Ficha Formicarium para furo de 27mm<br \/>\n1x Tampa Formicarium para tomada de 6mm<\/p>\n<p>1x Conector de bacia B-27 e S-10-16 mm M25 - conjunto<br \/>\n1x Bebedouro de 2ml - 360 graus<br \/>\n1x bebedouro transparente 20ml - esponja<br \/>\n1x tigela transparente 1\u00d720 - esponja<br \/>\nMini higr\u00f3metro anal\u00f3gico - display - pendurado<br \/>\n1x \u00d3leo de prote\u00e7\u00e3o anti-formigas 10ml<br \/>\n1x Pin\u00e7a a\u00e7o mola - larga - macia<br \/>\n1x Pin\u00e7a de pl\u00e1stico transparente<br \/>\n1 pipetas de pl\u00e1stico 3ml<br \/>\n1x lupa de m\u00e3o - 2x - 30mm<br \/>\n1x limpador de espuma 150x18x2,5mm<br \/>\n1x fundo para fotografias - floresta - 20\u00d710<\/p>\n<p><strong>Descri\u00e7\u00e3o:<\/strong><br \/>\nEste conjunto inicial para a floresta \u00e9 adequado para todas as esp\u00e9cies de formigas que vivem no solo da floresta.<\/p>\n<p>Na quinta totalmente transparente (ninho), o \"Soil - Desert\" \u00e9 utilizado para encher a quinta. Se necess\u00e1rio, podem ser ligados m\u00f3dulos adicionais atrav\u00e9s dos orif\u00edcios de 50 mm na cobertura, por exemplo, os nebulizadores, ventiladores ou luzes dispon\u00edveis separadamente. Em alternativa, est\u00e3o inclu\u00eddos tamp\u00f5es de formic\u00e1rio adequados para fechar as aberturas. Se desejado, o formic\u00e1rio tamb\u00e9m pode ser operado aberto, bastando fixar a estrutura amov\u00edvel e aplicar o \u00f3leo de prote\u00e7\u00e3o contra a fuga de formigas na borda. O \"Bebedouro 2ml - 360 graus\" destina-se \u00e0 solu\u00e7\u00e3o de mel\/a\u00e7\u00facar, o \"Bebedouro transparente 20ml - esponja\" \u00e0 \u00e1gua. O \"Mini termo-higr\u00f3metro\" pode ser fixado no quadro ou na tampa e apresenta os valores clim\u00e1ticos.<\/p>\n<p><strong>Importante:<\/strong> Humede\u00e7a o substrato antes de o utilizar para que a mistura se possa ligar e desenvolver uma fixa\u00e7\u00e3o firme no formigueiro. Al\u00e9m disso, se o substrato estiver demasiado seco e poeirento, as vias respirat\u00f3rias das formigas podem ficar bloqueadas e, no pior dos casos, os animais podem sufocar.<\/p>\n<p><strong>Recomenda\u00e7\u00e3o:<\/strong> Recomendamos uma camada de substrato de 2 mm de altura, para que os animais n\u00e3o possam enterrar-se na arena e, em vez disso, utilizar a quinta fornecida para o efeito. Recomendamos tamb\u00e9m que o material de nidifica\u00e7\u00e3o na fazenda (areia\/argila, Digfix, etc.) seja picado levemente em um s\u00f3 lugar para facilitar a escava\u00e7\u00e3o dos animais.<\/p>\n<p><strong>Notas sobre a produ\u00e7\u00e3o<\/strong><br \/>\nO vidro \u00e9 cortado \u00e0 medida, de acordo com a norma DIN 1249, com uma toler\u00e2ncia de +\/- 1 mm. Para esp\u00e9cies de formigas extremamente pequenas, \u00e9 essencial uma prote\u00e7\u00e3o adicional contra a fuga.<\/p>\n<p><strong>Notas sobre a fazenda<\/strong><br \/>\nAo anexar ou remover mangueiras, por favor note o seguinte:<br \/>\nSe o tubo for muito dif\u00edcil de encaixar na tomada de liga\u00e7\u00e3o, a tomada deve ser ligeiramente esfregada com uma gota do nosso \u00f3leo ou p\u00f3 de prote\u00e7\u00e3o contra fugas. O tubo deve ent\u00e3o ser empurrado para a tomada com movimentos de tor\u00e7\u00e3o ou de aparafusamento, sem for\u00e7ar a tomada com movimentos para cima e para baixo. O mesmo se aplica \u00e0 remo\u00e7\u00e3o das mangueiras da tomada de liga\u00e7\u00e3o agr\u00edcola. Por favor, n\u00e3o a puxe simplesmente!<\/p>\n<p><strong>Instru\u00e7\u00f5es:<\/strong> (Vers\u00e3o 2023, a vers\u00e3o actualizada para 2024 estar\u00e1 dispon\u00edvel, o mais tardar, em 04\/2024)<\/p>\n<p>- DE <a href=\"https:\/\/www.antstore.net\/shop\/images\/info\/de\/Gebrauchsanweisung%20Starter%20Set%20Habitat.pdf\">Gebrauchsanweisung Starter Set Habitat<\/a> (PDF 3,21 MB)<\/p>\n<p>- PT <a href=\"https:\/\/www.antstore.net\/shop\/images\/info\/en\/Instructions%20for%20use%20-%20Starter%20Set%20Habitat.pdf\">Instru\u00e7\u00f5es de utiliza\u00e7\u00e3o - Starter Set Habitat<\/a> (PDF 3,21 MB)<\/p>\n<p>- ES <a href=\"https:\/\/www.antstore.net\/shop\/images\/info\/es\/Manual%20de%20instrucciones%20-%20Set%20de%20inicio%20H%C3%A1bitat.pdf\">Manual de instru\u00e7\u00f5es - Set de inicio H\u00e1bitat<\/a> (PDF 3,21 MB)<\/p>\n<p>- FR <a href=\"https:\/\/www.antstore.net\/shop\/images\/info\/fr\/Manuel%20d'instruction%20-%20Kit%20de%20d%C3%A9marrage%20Habitat.pdf\">Manuel d'instruction - Kit de d\u00e9marrage Habitat<\/a> (PDF 3,21 MB)<\/p>\n<p><strong>Notas sobre o Mel da Floresta (Wa) - embalagem de recarga 10ml<\/strong><br \/>\nConte\u00fado: 10 ml<\/p>\n<p><strong>Descri\u00e7\u00e3o:<\/strong> Trata-se de um produto puramente natural. O mel prov\u00e9m das florestas e \u00e9, por conseguinte, ideal para as esp\u00e9cies de formigas que vivem nas florestas.<br \/>\nO tubo de alimenta\u00e7\u00e3o pode ser colocado como um todo no formic\u00e1rio, em alternativa adicione pequenas quantidades a uma tigela de alimenta\u00e7\u00e3o conforme necess\u00e1rio\/conforme o tamanho da col\u00f3nia. A comida deve ser consumida num prazo de cerca de 3 dias, caso contr\u00e1rio existe o risco de bolor e, pela mesma raz\u00e3o, limpar a tigela de comida antes de a voltar a encher.<\/p>\n<p><strong>Utiliza\u00e7\u00e3o:<\/strong><br \/>\nMel da floresta tropical = para esp\u00e9cies de formigas mel\u00edferas (Meliphagidae)<br \/>\nTrata-se de um alimento complementar<br \/>\nPode ser oferecida aos animais como fornecida. Uma vez que a concentra\u00e7\u00e3o de a\u00e7\u00facar \u00e9 reduzida pela humidade e se inicia um processo de fermenta\u00e7\u00e3o, os alimentos deveriam ser substitu\u00eddos de 3 em 3 dias. Limpar bem o comedouro\/tubo antes de o voltar a utilizar.<br \/>\nUma vez aberta a embalagem, esta deve ser mantida bem fechada at\u00e9 ao fim do prazo de validade.<\/p>\n<p><strong>Cont\u00e9m:<\/strong> Ingredientes do mel em geral, as propor\u00e7\u00f5es variam em fun\u00e7\u00e3o do tipo de mel.<br \/>\n- aproximadamente 38 % a\u00e7\u00facar de fruta (frutose)<br \/>\n- aprox. 32 % dextrose (glucose)<br \/>\n- aprox. 20 % \u00e1gua<br \/>\n- aprox. 5 polissac\u00e1ridos %<br \/>\n- aproximadamente 5 vitaminas % (B1, B2, B6, C, H)<br \/>\nMinerais (pot\u00e1ssio, c\u00e1lcio, cobre, ferro, s\u00f3dio, magn\u00e9sio, f\u00f3sforo, zinco e outros oligoelementos) Amino\u00e1cidos (prolina, leucina, fenilalanina, alanina, histidina, isoleucina, \u00e1cido glut\u00e2mico, arginina, \u00e1cido asp\u00e1rtico, etc.) \u00c1cidos org\u00e2nicos Enzimas (fermentos)Aromas Inibidores (subst\u00e2ncias antibacterianas) Flores P\u00f3len<\/p>\n<p><strong>Armazenamento:<\/strong> Para garantir a qualidade dos alimentos para animais, estes devem ser armazenados num local escuro e seco.<\/p>\n<p><strong>Nota:<\/strong><br \/>\nAlimento suplementar para formigas comedoras de mel.<br \/>\nConsultar a bula para saber a composi\u00e7\u00e3o, os ingredientes anal\u00edticos, a data de validade e o n\u00famero do lote.<\/p>\n<p>Linha direta de informa\u00e7\u00f5es +49 30 439703870<\/p>\n<p><strong>Inspec\u00e7\u00e3o veterin\u00e1ria e alimentar respons\u00e1vel:<\/strong><br \/>\nEscrit\u00f3rio Veterin\u00e1rio Steglitz<br \/>\nK\u00f6nigin-Luise-Str. 92<br \/>\n14195 Berlim<\/p>\n<p><strong>Notas sobre o Cricket Jam:<\/strong><br \/>\nOs nossos grilos escaldados s\u00e3o uma forma f\u00e1cil de fornecer \u00e0s suas formigas alimentos proteicos acabados de conservar sem ter de alimentar insectos vivos. Os grilos contidos (Acheta domesticus) foram suavemente branqueados para garantir que os valores nutricionais, o sabor e o aroma s\u00e3o mantidos. Al\u00e9m disso, a casca quitinosa dos insectos \u00e9 amolecida desta forma, para que possa ser digerida mais facilmente. As liga\u00e7\u00f5es das prote\u00ednas de colag\u00e9nio s\u00e3o quebradas para que as formigas as possam utilizar melhor. A Acheta domesticus enlatada tem o mesmo valor nutricional que os grilos vivos, mas \u00e9 mais f\u00e1cil de digerir.<\/p>\n<p>O Cricket Jam n\u00e3o \u00e9 adequado para ca\u00e7ar esp\u00e9cies de formigas que necessitam de alimento vivo (por exemplo, ponerinas (formigas grandes) como Harpegnathos ou Odontomachus)<\/p>\n<p><strong>Outras vantagens:<\/strong><br \/>\nGarantia de aus\u00eancia de \u00e1caros<br \/>\nPode ser doseado e dilu\u00eddo em \u00e1gua<br \/>\nEsterilizado e embalado em v\u00e1cuo<br \/>\nSem aditivos<br \/>\nGrilos de cria\u00e7\u00e3o sustent\u00e1vel puramente org\u00e2nica, alimentados com res\u00edduos org\u00e2nicos<\/p>\n<p><strong>Nota:<\/strong><br \/>\nPode ser conservado no frigor\u00edfico durante cerca de quatro dias ap\u00f3s a abertura. A dura\u00e7\u00e3o de conserva\u00e7\u00e3o \u00e9 mais longa se for congelado.<br \/>\nAten\u00e7\u00e3o: Primeiro a por\u00e7\u00e3o, depois o congelamento.<\/p>","protected":false},"excerpt":{"rendered":"<p>O conjunto \u00e9 composto por 42 pe\u00e7as e \u00e9 para todas as esp\u00e9cies de formigas que vivem em solo florestal.<br \/>\nTamanho: <span style=\"color: #ff8c00;\"><strong>S<\/strong><\/span><\/p>","protected":false},"featured_media":5450,"comment_status":"open","ping_status":"closed","template":"","meta":{"_acf_changed":false,"content-type":"","_monsterinsights_skip_tracking":false,"_monsterinsights_sitenote_active":false,"_monsterinsights_sitenote_note":"","_monsterinsights_sitenote_category":0},"product_brand":[],"product_cat":[73,74],"product_tag":[],"class_list":{"0":"post-2744","1":"product","2":"type-product","3":"status-publish","4":"has-post-thumbnail","6":"product_cat-starter-sets","7":"product_cat-starter-sets-habitat","9":"first","10":"outofstock","11":"taxable","12":"shipping-taxable","13":"purchasable","14":"product-type-simple"},"acf":[],"aioseo_notices":[],"jetpack_sharing_enabled":true,"_links":{"self":[{"href":"https:\/\/antcube.shop\/pt\/wp-json\/wp\/v2\/product\/2744","targetHints":{"allow":["GET"]}}],"collection":[{"href":"https:\/\/antcube.shop\/pt\/wp-json\/wp\/v2\/product"}],"about":[{"href":"https:\/\/antcube.shop\/pt\/wp-json\/wp\/v2\/types\/product"}],"replies":[{"embeddable":true,"href":"https:\/\/antcube.shop\/pt\/wp-json\/wp\/v2\/comments?post=2744"}],"wp:featuredmedia":[{"embeddable":true,"href":"https:\/\/antcube.shop\/pt\/wp-json\/wp\/v2\/media\/5450"}],"wp:attachment":[{"href":"https:\/\/antcube.shop\/pt\/wp-json\/wp\/v2\/media?parent=2744"}],"wp:term":[{"taxonomy":"product_brand","embeddable":true,"href":"https:\/\/antcube.shop\/pt\/wp-json\/wp\/v2\/product_brand?post=2744"},{"taxonomy":"product_cat","embeddable":true,"href":"https:\/\/antcube.shop\/pt\/wp-json\/wp\/v2\/product_cat?post=2744"},{"taxonomy":"product_tag","embeddable":true,"href":"https:\/\/antcube.shop\/pt\/wp-json\/wp\/v2\/product_tag?post=2744"}],"curies":[{"name":"wp","href":"https:\/\/api.w.org\/{rel}","templated":true}]}}