{"id":2737,"date":"2021-10-08T12:04:45","date_gmt":"2021-10-08T10:04:45","guid":{"rendered":"https:\/\/antcube.shop\/produkt\/antcube-starter-set-fur-blattschneiderarten-gros\/"},"modified":"2026-04-15T12:56:37","modified_gmt":"2026-04-15T10:56:37","slug":"antcube-starter-set-fur-blattschneiderarten-gros","status":"publish","type":"product","link":"https:\/\/antcube.shop\/pt\/produto\/antcube-starter-set-fur-blattschneiderarten-gros\/","title":{"rendered":"ANTCUBE - Conjunto Iniciante para formigas cortadoras de folhas - Grande"},"content":{"rendered":"<p><span data-text-color=\"alert\"><strong>O envio s\u00f3 \u00e9 poss\u00edvel atrav\u00e9s de reencaminhamento na palete.<\/strong><\/span><\/p>\n<p><strong>Inclui:<\/strong><\/p>\n<p>1x ANTCUBE Arena 30x30x60 com porta de correr<br \/>\n1x caixilho para porta de correr<br \/>\n2x ANTCUBE Arena 30x30x30cm<br \/>\n3x arma\u00e7\u00e3o de arena de formigas 30x30cm<br \/>\n3x cobertura de arena de formigas 30x30cm<br \/>\n12x ponto de fixa\u00e7\u00e3o para cobertura de arena<\/p>\n<p>1x tubo de formiga - cristalino 50mm - 1m (cortado ao meio)<br \/>\n1x substrato - floresta tropical - 1 kg<br \/>\n1x Gr\u00e2nulos de Formicarium 200ml - bege<br \/>\n3x Base Formicarium 30\u00d730<\/p>\n<p>3x Formicarium plug for 50mm hole<br \/>\n10x Grid insert acrylic &#8211; 50 mm with sealing ring<br \/>\n4x conetor de dep\u00f3sito 1 1\/2\u2033 a 50mm - cristalino<br \/>\n4x Porca Formicarium 1 1\/2 polegada - cristalina<\/p>\n<p>1x Foil thermometer Display<br \/>\n1x drinking clear 5ml &#8211; sponge<br \/>\n1x pin\u00e7a de a\u00e7o para molas - largo - macio<br \/>\n1x Pin\u00e7a Formicarium - pl\u00e1stica<br \/>\n1x lupa de m\u00e3o - 2x - 30mm<br \/>\n1x \u00f3leo de protec\u00e7\u00e3o contra a fuga de formigas 10ml<br \/>\n1x limpador de espuma 150x18x2,5mm<br \/>\nPulverizador de garrafa 0,5 litro - bico de lat\u00e3o<br \/>\n1x P\u00e9talas de rosa 100g - secas<br \/>\n2x foto parede traseira - floresta tropical - 30\u00d730<br \/>\n1x mural de fotos - floresta tropical - 30\u00d760 - alto<\/p>\n<p><strong>Descri\u00e7\u00e3o:<\/strong><br \/>\nThis expandable starter set for all leafcutter ant species contains, in addition to the optimally adapted formicarium, the appropriate accessories for keeping these ants. The voluminous basins allow easy handling for feeding and cleaning. The large holes (50 mm) and tubes not only make it easy to observe the ants, they also allow the animals to remove large pieces of leaf. The stainless steel mesh inserts ensure good ventilation and are robust against mechanical impact. Even large colonies of leaf-cutter ants, which are very fond of cutting, are unable to penetrate them. The sturdy screw sockets are also absolutely bite-proof.. If necessary, the humidity can be increased using the spray bottle.<\/p>\n<p><strong>Importante:<\/strong> Humede\u00e7a o substrato antes de o utilizar para que a mistura se possa ligar e desenvolver uma fixa\u00e7\u00e3o firme no formigueiro. Al\u00e9m disso, se o substrato estiver demasiado seco e poeirento, as vias respirat\u00f3rias das formigas podem ficar bloqueadas e, no pior dos casos, os animais podem sufocar.<\/p>\n<p><strong>Notas sobre a produ\u00e7\u00e3o<\/strong><br \/>\nO vidro \u00e9 cortado \u00e0 medida, de acordo com a norma DIN 1249, com uma toler\u00e2ncia de +\/- 1 mm. A prote\u00e7\u00e3o adicional contra a fuga \u00e9 essencial para esp\u00e9cies de formigas extremamente pequenas.<\/p>\n<p><strong>Descri\u00e7\u00e3o da arena da porta de correr: <\/strong>O nosso ANTCUBE arena 30x30x60 com porta de correr foi desenvolvido para poder trabalhar confortavelmente mesmo em formic\u00e1rios cheios. S\u00e3o particularmente \u00fateis como formic\u00e1rio para formigas tecel\u00e3s (Polyrhachis e Oecophylla), uma vez que estas gostam de construir para cima e precisam de uma planta hospedeira. Por vezes, pode ser dif\u00edcil remover os res\u00edduos dos animais que se encontram no fundo do formic\u00e1rio, por exemplo. Com este aqu\u00e1rio especialmente adaptado, isso n\u00e3o \u00e9 um problema. A porta deslizante \u00e9 tamb\u00e9m muito pr\u00e1tica para as bacias de alimenta\u00e7\u00e3o das formigas cortadeiras Acromyrmex ou Atta, uma vez que os restos de plantas e outros res\u00edduos podem ser facilmente eliminados. Pode tamb\u00e9m utilizar a moldura da porta deslizante (artigo n\u00ba 1005648) para evitar que os animais escapem enquanto trabalha.<\/p>","protected":false},"excerpt":{"rendered":"<p>The set consists of 47 parts and is suitable for all leaf cutter ant species.<br \/>\nTamanho: <span style=\"color: #ed1c24;\"><strong>XL<\/strong><\/span><\/p>","protected":false},"featured_media":7665,"comment_status":"open","ping_status":"closed","template":"","meta":{"_acf_changed":false,"content-type":"","_monsterinsights_skip_tracking":false,"_monsterinsights_sitenote_active":false,"_monsterinsights_sitenote_note":"","_monsterinsights_sitenote_category":0},"product_brand":[484],"product_cat":[73,79],"product_tag":[],"class_list":{"0":"post-2737","1":"product","2":"type-product","3":"status-publish","4":"has-post-thumbnail","6":"product_brand-antcube","7":"product_cat-starter-sets","8":"product_cat-starter-sets-for-leafcutter-ants","9":"product_shipping_class-forwarding-on-pallet","11":"first","12":"instock","13":"taxable","14":"shipping-taxable","15":"purchasable","16":"product-type-simple"},"acf":[],"aioseo_notices":[],"jetpack_sharing_enabled":true,"_links":{"self":[{"href":"https:\/\/antcube.shop\/pt\/wp-json\/wp\/v2\/product\/2737","targetHints":{"allow":["GET"]}}],"collection":[{"href":"https:\/\/antcube.shop\/pt\/wp-json\/wp\/v2\/product"}],"about":[{"href":"https:\/\/antcube.shop\/pt\/wp-json\/wp\/v2\/types\/product"}],"replies":[{"embeddable":true,"href":"https:\/\/antcube.shop\/pt\/wp-json\/wp\/v2\/comments?post=2737"}],"wp:featuredmedia":[{"embeddable":true,"href":"https:\/\/antcube.shop\/pt\/wp-json\/wp\/v2\/media\/7665"}],"wp:attachment":[{"href":"https:\/\/antcube.shop\/pt\/wp-json\/wp\/v2\/media?parent=2737"}],"wp:term":[{"taxonomy":"product_brand","embeddable":true,"href":"https:\/\/antcube.shop\/pt\/wp-json\/wp\/v2\/product_brand?post=2737"},{"taxonomy":"product_cat","embeddable":true,"href":"https:\/\/antcube.shop\/pt\/wp-json\/wp\/v2\/product_cat?post=2737"},{"taxonomy":"product_tag","embeddable":true,"href":"https:\/\/antcube.shop\/pt\/wp-json\/wp\/v2\/product_tag?post=2737"}],"curies":[{"name":"wp","href":"https:\/\/api.w.org\/{rel}","templated":true}]}}