{"id":2733,"date":"2021-10-08T12:04:06","date_gmt":"2021-10-08T10:04:06","guid":{"rendered":"https:\/\/antcube.shop\/produkt\/antcube-arena-20x20x20-combi-m\/"},"modified":"2026-04-02T17:07:17","modified_gmt":"2026-04-02T15:07:17","slug":"antcube-arena-20x20x20-combi-m","status":"publish","type":"product","link":"https:\/\/antcube.shop\/pt\/produto\/antcube-arena-20x20x20-combi-m\/","title":{"rendered":"ANTCUBE - Arena 20x20x20 - Combi M"},"content":{"rendered":"<p><strong>Dimens\u00f5es:<\/strong> 20x20x20 cm; 4 mm de espessura de vidro<\/p>\n<p><strong>Material:<\/strong> vidro colado com silicone<\/p>\n<p><strong>Conex\u00e3o:<\/strong> 2x furo de 27mm (2x furo de 10mm na \u00e1rea do ninho)<\/p>\n<p><strong>Dist\u00e2ncia entre placas na \u00e1rea do ninho:<\/strong> cerca de 10mm<\/p>\n<p><strong>Descri\u00e7\u00e3o:<\/strong> A arena das formigas - Combi tem uma \u00e1rea de fazenda ou ninho, que est\u00e1 integrada no formic\u00e1rio. As formigas podem aceder \u00e0 \u00e1rea de nidifica\u00e7\u00e3o a partir da arena atrav\u00e9s de duas aberturas internas de 10mm.<\/p>\n<p><strong>Aviso:<\/strong><br \/>\nAo utilizar os nossos ninhos (por exemplo, corti\u00e7a, gesso), note que estes s\u00e3o 8 mm mais estreitos, uma vez que foram originalmente concebidos para se adaptarem \u00e0s nossas quintas de formigas mais estreitas, bem como \u00e0s inser\u00e7\u00f5es de arena! Aqui, o espa\u00e7o interm\u00e9dio teria de ser preenchido com material de enchimento, como gesso ou argila.<\/p>\n<p>&nbsp;<\/p>","protected":false},"excerpt":{"rendered":"<p>Liga\u00e7\u00e3o: 2x furos 27 mm<br \/>\nTamanho: <span style=\"color: #008000;\"><strong>M<\/strong><\/span><\/p>","protected":false},"featured_media":329,"comment_status":"open","ping_status":"closed","template":"","meta":{"_acf_changed":false,"content-type":"","_monsterinsights_skip_tracking":false,"_monsterinsights_sitenote_active":false,"_monsterinsights_sitenote_note":"","_monsterinsights_sitenote_category":0},"product_brand":[],"product_cat":[85,82,86],"product_tag":[],"class_list":{"0":"post-2733","1":"product","2":"type-product","3":"status-publish","4":"has-post-thumbnail","6":"product_cat-ant-arenas","7":"product_cat-antfarms-m","8":"product_cat-formicariums","10":"first","11":"instock","12":"taxable","13":"shipping-taxable","14":"purchasable","15":"product-type-simple"},"acf":[],"aioseo_notices":[],"jetpack_sharing_enabled":true,"_links":{"self":[{"href":"https:\/\/antcube.shop\/pt\/wp-json\/wp\/v2\/product\/2733","targetHints":{"allow":["GET"]}}],"collection":[{"href":"https:\/\/antcube.shop\/pt\/wp-json\/wp\/v2\/product"}],"about":[{"href":"https:\/\/antcube.shop\/pt\/wp-json\/wp\/v2\/types\/product"}],"replies":[{"embeddable":true,"href":"https:\/\/antcube.shop\/pt\/wp-json\/wp\/v2\/comments?post=2733"}],"wp:featuredmedia":[{"embeddable":true,"href":"https:\/\/antcube.shop\/pt\/wp-json\/wp\/v2\/media\/329"}],"wp:attachment":[{"href":"https:\/\/antcube.shop\/pt\/wp-json\/wp\/v2\/media?parent=2733"}],"wp:term":[{"taxonomy":"product_brand","embeddable":true,"href":"https:\/\/antcube.shop\/pt\/wp-json\/wp\/v2\/product_brand?post=2733"},{"taxonomy":"product_cat","embeddable":true,"href":"https:\/\/antcube.shop\/pt\/wp-json\/wp\/v2\/product_cat?post=2733"},{"taxonomy":"product_tag","embeddable":true,"href":"https:\/\/antcube.shop\/pt\/wp-json\/wp\/v2\/product_tag?post=2733"}],"curies":[{"name":"wp","href":"https:\/\/api.w.org\/{rel}","templated":true}]}}