{"id":2728,"date":"2021-10-08T12:02:35","date_gmt":"2021-10-08T10:02:35","guid":{"rendered":"https:\/\/antcube.shop\/produkt\/antcube-starter-set-fur-blattschneiderarten-klein\/"},"modified":"2026-04-13T09:33:20","modified_gmt":"2026-04-13T07:33:20","slug":"antcube-starter-set-fur-blattschneiderarten-klein","status":"publish","type":"product","link":"https:\/\/antcube.shop\/pt\/produto\/antcube-starter-set-fur-blattschneiderarten-klein\/","title":{"rendered":"ANTCUBE - Jogo de inicia\u00e7\u00e3o para formigas cortadoras de folhas - pequeno"},"content":{"rendered":"<p><span data-text-color=\"alert\"><strong>NOVO a partir de 04\/2024:<\/strong><\/span><br \/>\n<strong>A bacia de alimenta\u00e7\u00e3o \u00e9 agora fornecida como uma arena com 20x20x40cm de altura. Isto deixa mais espa\u00e7o para a comida.<\/strong><br \/>\n<strong>Substitu\u00edmos os conectores antigos por novos conectores totalmente transparentes, incluindo porcas totalmente transparentes.<\/strong><br \/>\n<strong>Acrescent\u00e1mos tamb\u00e9m almofadas de formic\u00e1rio para todas as bacias (prote\u00e7\u00e3o dos m\u00f3veis e das bacias e contra as vibra\u00e7\u00f5es)<\/strong><\/p>\n<p>&nbsp;<\/p>\n<p><strong>Inclui:<\/strong><\/p>\n<p>2x ANTCUBE Arena 20x20x20cm<br \/>\n1x ANTCUBE Arena 20x20x40cm de altura<br \/>\n3x arma\u00e7\u00e3o de arena de formigas 20x20cm<br \/>\n3x cobertura de arena de formigas 20x20cm<br \/>\n12x ponto de fixa\u00e7\u00e3o para cobertura de arena<\/p>\n<p>1x tubo de formiga - cristalino 32mm - 1m (cortado ao meio)<br \/>\n1x substrato - floresta tropical - 1 kg<br \/>\n1x Gr\u00e2nulos de Formicarium 200ml - bege<br \/>\n3x base de formic\u00e1rio 20\u00d720<\/p>\n<p>2x tamp\u00f5es de formic\u00e1rio para orif\u00edcio de 50 mm<br \/>\n5x Grid insert acrylic &#8211; 50 mm with sealing ring<br \/>\n2x Grid insert acrylic &#8211; 27 mm with sealing ring<br \/>\n4x conetor de dep\u00f3sito 3\/4\u2033 a 32mm - cristalino<br \/>\n4x Porca Formicarium 3\/4 polegadas - cristalina<\/p>\n<p>1x Foil thermometer Display<br \/>\n1x drinking clear 5ml &#8211; sponge<br \/>\n1x Pin\u00e7a a\u00e7o mola - larga - macia<br \/>\n1x Pin\u00e7a Formicarium - pl\u00e1stica<br \/>\n1x lupa de m\u00e3o - 2x - 30mm<br \/>\n1x \u00f3leo de prote\u00e7\u00e3o contra surtos de formigas 10ml<br \/>\n1x limpador de espuma 150x18x2,5mm<br \/>\nPulverizador de garrafa 0,5 litro - bico de lat\u00e3o<br \/>\n1x P\u00e9talas de rosa 100g - secas<br \/>\n2x mural de fotos - floresta tropical - 20\u00d720<br \/>\n1x mural de fotos - floresta tropical - 20\u00d740 altura<\/p>\n<p><strong>Descri\u00e7\u00e3o:<\/strong><br \/>\nThis expandable starter set for all leafcutter ant species contains, in addition to the optimally adapted formicarium, the appropriate accessories for keeping these ants. The basins are easy to use for feeding and cleaning. The large holes (27 mm) and tubes not only make it easy to observe the ants, they also allow the animals to remove large pieces of leaf. The stainless steel mesh inserts ensure good ventilation and are robust against mechanical impact. Even large colonies of leaf-cutter ants, which are very fond of cutting, are unable to penetrate them. The sturdy tube connectors are also absolutely bite-proof. The humidity can be increased using the spray bottle.<\/p>\n<p><strong>Importante:<\/strong> Humede\u00e7a o substrato antes de o utilizar para que a mistura se possa ligar e desenvolver uma fixa\u00e7\u00e3o firme no formigueiro. Al\u00e9m disso, se o substrato estiver demasiado seco e poeirento, as vias respirat\u00f3rias das formigas podem ficar bloqueadas e, no pior dos casos, os animais podem sufocar.<\/p>\n<p><strong>Notas sobre a produ\u00e7\u00e3o<\/strong><br \/>\nO vidro \u00e9 cortado \u00e0 medida, de acordo com a norma DIN 1249, com uma toler\u00e2ncia de +\/- 1 mm. A prote\u00e7\u00e3o adicional contra a fuga \u00e9 essencial para esp\u00e9cies de formigas extremamente pequenas.<\/p>","protected":false},"excerpt":{"rendered":"<p>O conjunto \u00e9 composto por 43 partes<br \/>\nTamanho: <span style=\"color: #ed1c24;\"><strong>XL<\/strong><\/span><\/p>","protected":false},"featured_media":7666,"comment_status":"open","ping_status":"closed","template":"","meta":{"_acf_changed":false,"content-type":"","_monsterinsights_skip_tracking":false,"_monsterinsights_sitenote_active":false,"_monsterinsights_sitenote_note":"","_monsterinsights_sitenote_category":0},"product_brand":[],"product_cat":[73,79],"product_tag":[],"class_list":{"0":"post-2728","1":"product","2":"type-product","3":"status-publish","4":"has-post-thumbnail","6":"product_cat-starter-sets","7":"product_cat-starter-sets-for-leafcutter-ants","9":"first","10":"outofstock","11":"taxable","12":"shipping-taxable","13":"purchasable","14":"product-type-simple"},"acf":[],"aioseo_notices":[],"jetpack_sharing_enabled":true,"_links":{"self":[{"href":"https:\/\/antcube.shop\/pt\/wp-json\/wp\/v2\/product\/2728","targetHints":{"allow":["GET"]}}],"collection":[{"href":"https:\/\/antcube.shop\/pt\/wp-json\/wp\/v2\/product"}],"about":[{"href":"https:\/\/antcube.shop\/pt\/wp-json\/wp\/v2\/types\/product"}],"replies":[{"embeddable":true,"href":"https:\/\/antcube.shop\/pt\/wp-json\/wp\/v2\/comments?post=2728"}],"wp:featuredmedia":[{"embeddable":true,"href":"https:\/\/antcube.shop\/pt\/wp-json\/wp\/v2\/media\/7666"}],"wp:attachment":[{"href":"https:\/\/antcube.shop\/pt\/wp-json\/wp\/v2\/media?parent=2728"}],"wp:term":[{"taxonomy":"product_brand","embeddable":true,"href":"https:\/\/antcube.shop\/pt\/wp-json\/wp\/v2\/product_brand?post=2728"},{"taxonomy":"product_cat","embeddable":true,"href":"https:\/\/antcube.shop\/pt\/wp-json\/wp\/v2\/product_cat?post=2728"},{"taxonomy":"product_tag","embeddable":true,"href":"https:\/\/antcube.shop\/pt\/wp-json\/wp\/v2\/product_tag?post=2728"}],"curies":[{"name":"wp","href":"https:\/\/api.w.org\/{rel}","templated":true}]}}