{"id":2726,"date":"2021-10-08T12:02:16","date_gmt":"2021-10-08T10:02:16","guid":{"rendered":"https:\/\/antcube.shop\/produkt\/solenopsis-fugax\/"},"modified":"2023-03-21T15:20:31","modified_gmt":"2023-03-21T14:20:31","slug":"solenopsis-fugax","status":"publish","type":"product","link":"https:\/\/antcube.shop\/pt\/produto\/solenopsis-fugax\/","title":{"rendered":"Solenopsis fugax"},"content":{"rendered":"<table border=\"1\" cellspacing=\"1\" cellpadding=\"1\">\n<tbody>\n<tr>\n<td><strong>Nome latino:<\/strong><\/td>\n<td><strong><img data-recalc-dims=\"1\" loading=\"lazy\" decoding=\"async\" src=\"https:\/\/i0.wp.com\/www.antstore.net\/shop\/images\/icons\/ants\/lateinname.jpg?resize=30%2C30&#038;ssl=1\" alt=\"\" width=\"30\" height=\"30\" \/><\/strong><\/td>\n<td><em>Solenopsis fugax<\/em><\/td>\n<\/tr>\n<tr>\n<td><strong>Trivialname:<\/strong><\/td>\n<td><strong><img data-recalc-dims=\"1\" loading=\"lazy\" decoding=\"async\" src=\"https:\/\/i0.wp.com\/www.antstore.net\/shop\/images\/icons\/ants\/trivialname.jpg?resize=30%2C30&#038;ssl=1\" alt=\"\" width=\"30\" height=\"30\" \/><\/strong><\/td>\n<td>Ladr\u00e3o<\/td>\n<\/tr>\n<tr>\n<td><strong>Taxonomia:<\/strong><\/td>\n<td><strong><img data-recalc-dims=\"1\" loading=\"lazy\" decoding=\"async\" src=\"https:\/\/i0.wp.com\/www.antstore.net\/shop\/images\/icons\/ants\/taxonomie.jpg?resize=30%2C30&#038;ssl=1\" alt=\"\" width=\"30\" height=\"30\" \/><\/strong><\/td>\n<td><strong>Subfam\u00edlia:<\/strong> Myrmicinae <strong>Tribos:<\/strong> Solenopsidini<\/td>\n<\/tr>\n<tr>\n<td><strong>A manter o n\u00edvel:<\/strong><\/td>\n<td><strong><img data-recalc-dims=\"1\" loading=\"lazy\" decoding=\"async\" src=\"https:\/\/i0.wp.com\/www.antstore.net\/shop\/images\/icons\/ants\/haltungsklasse.jpg?resize=30%2C30&#038;ssl=1\" alt=\"\" width=\"30\" height=\"30\" \/><\/strong><\/td>\n<td><strong>(1) <\/strong>Esp\u00e9cies do Sul da Europa com maiores exig\u00eancias em rela\u00e7\u00e3o \u00e0 alimenta\u00e7\u00e3o e ao clima, bem como \u00e0 preven\u00e7\u00e3o de fugas<\/td>\n<\/tr>\n<tr>\n<td><strong>Distribui\u00e7\u00e3o:<\/strong><\/td>\n<td><strong><img data-recalc-dims=\"1\" loading=\"lazy\" decoding=\"async\" src=\"https:\/\/i0.wp.com\/www.antstore.net\/shop\/images\/icons\/ants\/verbreitung.jpg?resize=30%2C30&#038;ssl=1\" alt=\"\" width=\"30\" height=\"30\" \/><\/strong><\/td>\n<td>Europa do Sul, Pen\u00ednsula da Europa do Sul, \u00c1frica do Norte<\/td>\n<\/tr>\n<tr>\n<td><span style=\"font-family: Arial;\"><b>Habitat:<\/b><\/span><\/td>\n<td><strong><img data-recalc-dims=\"1\" loading=\"lazy\" decoding=\"async\" src=\"https:\/\/i0.wp.com\/www.antstore.net\/shop\/images\/icons\/ants\/habitat.jpg?resize=30%2C30&#038;ssl=1\" alt=\"\" width=\"30\" height=\"30\" \/><\/strong><\/td>\n<td><span style=\"font-family: Arial;\">\u00c1reas arenosas e arbustivas<\/span><\/td>\n<\/tr>\n<tr>\n<td><strong>Colonyform:<\/strong><\/td>\n<td><strong><img data-recalc-dims=\"1\" loading=\"lazy\" decoding=\"async\" src=\"https:\/\/i0.wp.com\/www.antstore.net\/shop\/images\/icons\/ants\/Kolonieform.jpg?resize=30%2C30&#038;ssl=1\" alt=\"\" width=\"30\" height=\"30\" \/><\/strong><\/td>\n<td>poligin\u00e9sio<\/td>\n<\/tr>\n<tr>\n<td><strong>Rainha:<\/strong><\/td>\n<td><strong><img data-recalc-dims=\"1\" loading=\"lazy\" decoding=\"async\" src=\"https:\/\/i0.wp.com\/www.antstore.net\/shop\/images\/icons\/ants\/koenigin.jpg?resize=30%2C30&#038;ssl=1\" alt=\"\" width=\"30\" height=\"30\" \/><\/strong><\/td>\n<td><strong>Tamanho:<\/strong> 6 - 6,5mm <strong>A cor:<\/strong> castanho-escuro<\/td>\n<\/tr>\n<tr>\n<td><strong>Trabalhador:<\/strong><\/td>\n<td><img data-recalc-dims=\"1\" loading=\"lazy\" decoding=\"async\" src=\"https:\/\/i0.wp.com\/www.antstore.net\/shop\/images\/icons\/ants\/arbeiterin.jpg?resize=30%2C30&#038;ssl=1\" alt=\"\" width=\"30\" height=\"30\" \/><\/td>\n<td><strong>Tamanho:<\/strong><span style=\"font-family: Arial;\"> 1,5 - 3mm <\/span><strong>A cor:<\/strong><span style=\"font-family: Arial;\"> amarelo a amarelo acastanhado<\/span><\/td>\n<\/tr>\n<tr>\n<td><strong>Soldado:<\/strong><\/td>\n<td><img data-recalc-dims=\"1\" loading=\"lazy\" decoding=\"async\" src=\"https:\/\/i0.wp.com\/www.antstore.net\/shop\/images\/icons\/ants\/soldaten.jpg?resize=30%2C30&#038;ssl=1\" alt=\"\" width=\"30\" height=\"30\" \/><\/td>\n<td><\/td>\n<\/tr>\n<tr>\n<td><strong>Homens:<\/strong><\/td>\n<td><img data-recalc-dims=\"1\" loading=\"lazy\" decoding=\"async\" src=\"https:\/\/i0.wp.com\/www.antstore.net\/shop\/images\/icons\/ants\/maennchen.jpg?resize=30%2C30&#038;ssl=1\" alt=\"\" width=\"30\" height=\"30\" \/><\/td>\n<td><strong>Tamanho:<\/strong> 4 - 4,8mm<strong> A cor:<\/strong> preto<\/td>\n<\/tr>\n<tr>\n<td><b><span style=\"font-family: Arial;\">Nutri\u00e7\u00e3o<\/span><\/b><\/td>\n<td><img data-recalc-dims=\"1\" loading=\"lazy\" decoding=\"async\" src=\"https:\/\/i0.wp.com\/www.antstore.net\/shop\/images\/icons\/ants\/nahrung.jpg?resize=30%2C30&#038;ssl=1\" alt=\"\" width=\"30\" height=\"30\" \/><\/td>\n<td>\u00c1gua de mel, insectos<\/td>\n<\/tr>\n<tr>\n<td><strong>Airhumidity:<\/strong><\/td>\n<td><strong><img data-recalc-dims=\"1\" loading=\"lazy\" decoding=\"async\" src=\"https:\/\/i0.wp.com\/www.antstore.net\/shop\/images\/icons\/ants\/feuchtigkeit.jpg?resize=30%2C30&#038;ssl=1\" alt=\"\" width=\"30\" height=\"30\" \/><\/strong><\/td>\n<td><strong>Arena:<\/strong> 30 &#8211; 50% <strong>Nestpart:<\/strong> 50 &#8211; 70%<\/td>\n<\/tr>\n<tr>\n<td><strong>Temperatura:<\/strong><\/td>\n<td><strong><img data-recalc-dims=\"1\" loading=\"lazy\" decoding=\"async\" src=\"https:\/\/i0.wp.com\/www.antstore.net\/shop\/images\/icons\/ants\/temperatur.jpg?resize=30%2C30&#038;ssl=1\" alt=\"\" width=\"30\" height=\"30\" \/><\/strong><\/td>\n<td><strong>Arena:<\/strong> 25 \u2013 30\u00b0C <strong>Nestpart:<\/strong> 21 \u2013 28\u00b0C<\/td>\n<\/tr>\n<tr>\n<td><strong>Hiberna\u00e7\u00e3o:<\/strong><\/td>\n<td><img data-recalc-dims=\"1\" loading=\"lazy\" decoding=\"async\" src=\"https:\/\/i0.wp.com\/www.antstore.net\/shop\/images\/icons\/ants\/winterruhe.jpg?resize=30%2C30&#038;ssl=1\" alt=\"\" width=\"30\" height=\"30\" \/><\/td>\n<td>sim, do final de novembro at\u00e9 o final de fevereiro a 15\u00b0C<\/td>\n<\/tr>\n<tr>\n<td><strong>Nestform:<\/strong><\/td>\n<td><img data-recalc-dims=\"1\" loading=\"lazy\" decoding=\"async\" src=\"https:\/\/i0.wp.com\/www.antstore.net\/shop\/images\/icons\/ants\/nestform.jpg?resize=30%2C30&#038;ssl=1\" alt=\"\" width=\"30\" height=\"30\" \/><\/td>\n<td>Construir o seu ninho no solo e debaixo de pedras<\/td>\n<\/tr>\n<tr>\n<td><strong>Uma esp\u00e9cie de Formic\u00e1ria:<\/strong><\/td>\n<td><img data-recalc-dims=\"1\" loading=\"lazy\" decoding=\"async\" src=\"https:\/\/i0.wp.com\/www.antstore.net\/shop\/images\/icons\/ants\/formicarienart.jpg?resize=30%2C30&#038;ssl=1\" alt=\"\" width=\"30\" height=\"30\" \/><\/td>\n<td>Farm, Farmbasin, Basin, Framebasin, Island, Acrylcylinder, Ytong\/Plasternest, Acrylflatfarm, Digfix<\/td>\n<\/tr>\n<tr>\n<td><strong>Tamanho Formicaria:<\/strong><\/td>\n<td><strong><img data-recalc-dims=\"1\" loading=\"lazy\" decoding=\"async\" src=\"https:\/\/i0.wp.com\/www.antstore.net\/shop\/images\/icons\/ants\/formicariengroesse.jpg?resize=30%2C30&#038;ssl=1\" alt=\"\" width=\"30\" height=\"30\" \/><\/strong><\/td>\n<td><strong>Tamanho:<\/strong> <strong>S<\/strong><\/td>\n<\/tr>\n<tr>\n<td><strong>Substrato:<\/strong><\/td>\n<td><strong><img data-recalc-dims=\"1\" loading=\"lazy\" decoding=\"async\" src=\"https:\/\/i0.wp.com\/www.antstore.net\/shop\/images\/icons\/ants\/substrat.jpg?resize=30%2C30&#038;ssl=1\" alt=\"\" width=\"30\" height=\"30\" \/><\/strong><\/td>\n<td><strong>Fazenda:<\/strong> Sand-Loam <strong>Arena:<\/strong> Areia, Areia-Loam<\/td>\n<\/tr>\n<tr>\n<td><strong>Plantio:<\/strong><\/td>\n<td><img data-recalc-dims=\"1\" loading=\"lazy\" decoding=\"async\" src=\"https:\/\/i0.wp.com\/www.antstore.net\/shop\/images\/icons\/ants\/bepflanzung.jpg?resize=30%2C30&#038;ssl=1\" alt=\"\" width=\"30\" height=\"30\" \/><\/td>\n<td>semelhante a Savanahareas com erva e outras plantas<\/td>\n<\/tr>\n<tr>\n<td><strong>Decora\u00e7\u00e3o:<\/strong><\/td>\n<td><img data-recalc-dims=\"1\" loading=\"lazy\" decoding=\"async\" src=\"https:\/\/i0.wp.com\/www.antstore.net\/shop\/images\/icons\/ants\/dekoration.jpg?resize=30%2C30&#038;ssl=1\" alt=\"\" width=\"30\" height=\"30\" \/><\/td>\n<td>Ra\u00edzes, Ra\u00edzes, Treeneedels, Pedras<\/td>\n<\/tr>\n<tr>\n<td><strong>Descri\u00e7\u00e3o:<\/strong><\/td>\n<td><img data-recalc-dims=\"1\" loading=\"lazy\" decoding=\"async\" src=\"https:\/\/i0.wp.com\/www.antstore.net\/shop\/images\/icons\/ants\/beschreibung.jpg?resize=30%2C30&#038;ssl=1\" alt=\"\" width=\"30\" height=\"30\" \/><\/td>\n<td>Esta esp\u00e9cie \u00e9 uma das formigas mais pequenas da Alemanha. No seu ambiente natural, elas recolhem ninhadas de outras formigas. Elas s\u00e3o frequentemente associadas com as formigas hospedeiras, por exemplo <em>Lasius spec. <\/em>ou <em>Especifica\u00e7\u00f5es da Serviformica<\/em>. .<\/td>\n<\/tr>\n<tr>\n<td><strong>Desenvolvimento:<\/strong><\/td>\n<td><strong><img data-recalc-dims=\"1\" loading=\"lazy\" decoding=\"async\" src=\"https:\/\/i0.wp.com\/www.antstore.net\/shop\/images\/icons\/ants\/entwicklung.jpg?resize=30%2C30&#038;ssl=1\" alt=\"\" width=\"30\" height=\"30\" \/><\/strong><\/td>\n<td><strong>voo de acasalamento:<\/strong><span style=\"font-family: Arial;\">\u00a0 <\/span>Agosto - Outubro<br \/>\n<strong>fundador:<\/strong><span style=\"font-family: Arial;\">\u00a0 claustral (sem alimenta\u00e7\u00e3o) <\/span><br \/>\n<strong>colonizar:<\/strong><span style=\"font-family: Arial;\"> at\u00e9 100.000 indiv\u00edduos<\/span><\/td>\n<\/tr>\n<tr>\n<td><strong>Quantidade:<\/strong><\/td>\n<td><img data-recalc-dims=\"1\" loading=\"lazy\" decoding=\"async\" src=\"https:\/\/i0.wp.com\/www.antstore.net\/shop\/images\/icons\/ants\/menge.jpg?resize=30%2C30&#038;ssl=1\" alt=\"\" width=\"30\" height=\"30\" \/><\/td>\n<td>uma rainha fertilizada com oper\u00e1rias (ver selec\u00e7\u00e3o); cria\u00e7\u00e3o (dependendo da \u00e9poca e do desenvolvimento)<\/td>\n<\/tr>\n<tr>\n<td><strong>Pisca-pisca:<\/strong><\/td>\n<td><a href=\"http:\/\/www.antstore.net\/viewforum.php?f=9\"><span style=\"color: #0000ff;\"><img data-recalc-dims=\"1\" loading=\"lazy\" decoding=\"async\" src=\"https:\/\/i0.wp.com\/www.antstore.net\/shop\/images\/icons\/ants\/weblinks.jpg?resize=30%2C30&#038;ssl=1\" alt=\"\" width=\"30\" height=\"30\" \/><\/span><\/a><\/td>\n<td><a href=\"http:\/\/www.antstore.net\/viewforum.php?f=26\"><span style=\"color: #0000ff;\">- F\u00f3rum<\/span><\/a><\/p>\n<p><span style=\"color: #0000ff;\"><a href=\"http:\/\/www.antweb.org\/\/description.do?name=fugax&amp;genus=solenopsis&amp;rank=species&amp;project=allantwebants\">- Refer\u00eancia<\/a><\/span><\/td>\n<\/tr>\n<\/tbody>\n<\/table>","protected":false},"excerpt":{"rendered":"<p>Manter o n\u00edvel 1 - N\u00edvel de risco 3<br \/>\nTamanho:<span style=\"color: #000000;\"> <strong>S<\/strong><\/span><\/p>","protected":false},"featured_media":3329,"comment_status":"open","ping_status":"closed","template":"","meta":{"_acf_changed":false,"content-type":"","_monsterinsights_skip_tracking":false,"_monsterinsights_sitenote_active":false,"_monsterinsights_sitenote_note":"","_monsterinsights_sitenote_category":0},"product_brand":[],"product_cat":[107,114,112,108,109],"product_tag":[],"class_list":{"0":"post-2726","1":"product","2":"type-product","3":"status-publish","4":"has-post-thumbnail","6":"product_cat-ants","7":"product_cat-africa","8":"product_cat-asia","9":"product_cat-northern-europe","10":"product_cat-southern-europe","12":"first","13":"instock","14":"product-type-external"},"acf":[],"aioseo_notices":[],"jetpack_sharing_enabled":true,"_links":{"self":[{"href":"https:\/\/antcube.shop\/pt\/wp-json\/wp\/v2\/product\/2726","targetHints":{"allow":["GET"]}}],"collection":[{"href":"https:\/\/antcube.shop\/pt\/wp-json\/wp\/v2\/product"}],"about":[{"href":"https:\/\/antcube.shop\/pt\/wp-json\/wp\/v2\/types\/product"}],"replies":[{"embeddable":true,"href":"https:\/\/antcube.shop\/pt\/wp-json\/wp\/v2\/comments?post=2726"}],"wp:featuredmedia":[{"embeddable":true,"href":"https:\/\/antcube.shop\/pt\/wp-json\/wp\/v2\/media\/3329"}],"wp:attachment":[{"href":"https:\/\/antcube.shop\/pt\/wp-json\/wp\/v2\/media?parent=2726"}],"wp:term":[{"taxonomy":"product_brand","embeddable":true,"href":"https:\/\/antcube.shop\/pt\/wp-json\/wp\/v2\/product_brand?post=2726"},{"taxonomy":"product_cat","embeddable":true,"href":"https:\/\/antcube.shop\/pt\/wp-json\/wp\/v2\/product_cat?post=2726"},{"taxonomy":"product_tag","embeddable":true,"href":"https:\/\/antcube.shop\/pt\/wp-json\/wp\/v2\/product_tag?post=2726"}],"curies":[{"name":"wp","href":"https:\/\/api.w.org\/{rel}","templated":true}]}}