{"id":2698,"date":"2021-10-08T11:57:56","date_gmt":"2021-10-08T09:57:56","guid":{"rendered":"https:\/\/antcube.shop\/produkt\/formica-serviformica-cinerea\/"},"modified":"2023-03-21T17:12:19","modified_gmt":"2023-03-21T16:12:19","slug":"formica-serviformica-cinerea","status":"publish","type":"product","link":"https:\/\/antcube.shop\/pt\/produto\/formica-serviformica-cinerea\/","title":{"rendered":"Formica (Serviformica) cinerea"},"content":{"rendered":"<p>&nbsp;<\/p>\n<table border=\"1\" cellspacing=\"1\" cellpadding=\"1\">\n<tbody>\n<tr>\n<td><strong>Nome latino:<\/strong><\/td>\n<td><strong><img data-recalc-dims=\"1\" loading=\"lazy\" decoding=\"async\" src=\"https:\/\/i0.wp.com\/www.antstore.net\/shop\/images\/icons\/ants\/lateinname.jpg?resize=30%2C30&#038;ssl=1\" alt=\"\" width=\"30\" height=\"30\" \/><\/strong><\/td>\n<td><em>Formica ( Serviformica) cinerea<\/em><\/td>\n<\/tr>\n<tr>\n<td><strong>Trivialname:<\/strong><\/td>\n<td><strong><img data-recalc-dims=\"1\" loading=\"lazy\" decoding=\"async\" src=\"https:\/\/i0.wp.com\/www.antstore.net\/shop\/images\/icons\/ants\/trivialname.jpg?resize=30%2C30&#038;ssl=1\" alt=\"\" width=\"30\" height=\"30\" \/><\/strong><\/td>\n<td>Ashgrey Slaveant<\/td>\n<\/tr>\n<tr>\n<td><strong>Taxonomia:<\/strong><\/td>\n<td><strong><img data-recalc-dims=\"1\" loading=\"lazy\" decoding=\"async\" src=\"https:\/\/i0.wp.com\/www.antstore.net\/shop\/images\/icons\/ants\/taxonomie.jpg?resize=30%2C30&#038;ssl=1\" alt=\"\" width=\"30\" height=\"30\" \/><\/strong><\/td>\n<td><strong>Subfam\u00edlia:<\/strong> Formicinae <strong>Tribos:<\/strong> Formicini<\/td>\n<\/tr>\n<tr>\n<td><strong>A manter o n\u00edvel:<\/strong><\/td>\n<td><strong><img data-recalc-dims=\"1\" loading=\"lazy\" decoding=\"async\" src=\"https:\/\/i0.wp.com\/www.antstore.net\/shop\/images\/icons\/ants\/haltungsklasse.jpg?resize=30%2C30&#038;ssl=1\" alt=\"\" width=\"30\" height=\"30\" \/><\/strong><\/td>\n<td><strong>(1)<\/strong><span style=\"font-family: Arial;\"> no entanto, em pequenas bacias, fazem facilmente uso de \u00e1cido f\u00f3rmico.<\/span><\/td>\n<\/tr>\n<tr>\n<td><strong>Distribui\u00e7\u00e3o:<\/strong><\/td>\n<td><strong><img data-recalc-dims=\"1\" loading=\"lazy\" decoding=\"async\" src=\"https:\/\/i0.wp.com\/www.antstore.net\/shop\/images\/icons\/ants\/verbreitung.jpg?resize=30%2C30&#038;ssl=1\" alt=\"\" width=\"30\" height=\"30\" \/><\/strong><\/td>\n<td><span style=\"font-family: Arial;\">tudo acima da Europa<\/span><\/td>\n<\/tr>\n<tr>\n<td><strong>Habitat:<\/strong><\/td>\n<td><strong><img data-recalc-dims=\"1\" loading=\"lazy\" decoding=\"async\" src=\"https:\/\/i0.wp.com\/www.antstore.net\/shop\/images\/icons\/ants\/habitat.jpg?resize=30%2C30&#038;ssl=1\" alt=\"\" width=\"30\" height=\"30\" \/><\/strong><\/td>\n<td>extremamente termofilo, prefere \u00e1reas arenosas (por exemplo, leitos de rios, bosques florestais)<\/td>\n<\/tr>\n<tr>\n<td><strong>Colonyform:<\/strong><\/td>\n<td><strong><img data-recalc-dims=\"1\" loading=\"lazy\" decoding=\"async\" src=\"https:\/\/i0.wp.com\/www.antstore.net\/shop\/images\/icons\/ants\/Kolonieform.jpg?resize=30%2C30&#038;ssl=1\" alt=\"\" width=\"30\" height=\"30\" \/><\/strong><\/td>\n<td><span style=\"font-family: Arial;\">poligin\u00e9sio<\/span><\/td>\n<\/tr>\n<tr>\n<td><strong>Rainha:<\/strong><\/td>\n<td><strong><img data-recalc-dims=\"1\" loading=\"lazy\" decoding=\"async\" src=\"https:\/\/i0.wp.com\/www.antstore.net\/shop\/images\/icons\/ants\/koenigin.jpg?resize=30%2C30&#038;ssl=1\" alt=\"\" width=\"30\" height=\"30\" \/><\/strong><\/td>\n<td><strong>Tamanho:<\/strong><span style=\"font-family: Arial;\"> 12 mm <\/span><strong>A cor:<\/strong><span style=\"font-family: Arial;\"> preto - cinzento, brilho prateado<\/span><\/td>\n<\/tr>\n<tr>\n<td><strong>Trabalhador:<\/strong><\/td>\n<td><img data-recalc-dims=\"1\" loading=\"lazy\" decoding=\"async\" src=\"https:\/\/i0.wp.com\/www.antstore.net\/shop\/images\/icons\/ants\/arbeiterin.jpg?resize=30%2C30&#038;ssl=1\" alt=\"\" width=\"30\" height=\"30\" \/><\/td>\n<td><strong>Tamanho:<\/strong><span style=\"font-family: Arial;\"> 6 - 8 mm <\/span><strong>A cor:<\/strong><span style=\"font-family: Arial;\"> preto - cinzento, cinzento brilho prateado<\/span><\/td>\n<\/tr>\n<tr>\n<td><strong>Soldado:<\/strong><\/td>\n<td><img data-recalc-dims=\"1\" loading=\"lazy\" decoding=\"async\" src=\"https:\/\/i0.wp.com\/www.antstore.net\/shop\/images\/icons\/ants\/soldaten.jpg?resize=30%2C30&#038;ssl=1\" alt=\"\" width=\"30\" height=\"30\" \/><\/td>\n<td>n\u00e3o presentes<\/td>\n<\/tr>\n<tr>\n<td><strong>Homens:<\/strong><\/td>\n<td><img data-recalc-dims=\"1\" loading=\"lazy\" decoding=\"async\" src=\"https:\/\/i0.wp.com\/www.antstore.net\/shop\/images\/icons\/ants\/maennchen.jpg?resize=30%2C30&#038;ssl=1\" alt=\"\" width=\"30\" height=\"30\" \/><\/td>\n<td><strong>Tamanho:<\/strong> &#8211; <strong>A cor: <\/strong><\/td>\n<\/tr>\n<tr>\n<td><strong>Nutri\u00e7\u00e3o:<\/strong><\/td>\n<td><img data-recalc-dims=\"1\" loading=\"lazy\" decoding=\"async\" src=\"https:\/\/i0.wp.com\/www.antstore.net\/shop\/images\/icons\/ants\/nahrung.jpg?resize=30%2C30&#038;ssl=1\" alt=\"\" width=\"30\" height=\"30\" \/><\/td>\n<td>\u00c1gua de mel e insectos, por exemplo, Dipterans como moscas ou\u00a0<span style=\"font-family: Arial;\">Mosquitos<\/span><\/td>\n<\/tr>\n<tr>\n<td><strong>Airhumidity:<\/strong><\/td>\n<td><strong><img data-recalc-dims=\"1\" loading=\"lazy\" decoding=\"async\" src=\"https:\/\/i0.wp.com\/www.antstore.net\/shop\/images\/icons\/ants\/feuchtigkeit.jpg?resize=30%2C30&#038;ssl=1\" alt=\"\" width=\"30\" height=\"30\" \/><\/strong><\/td>\n<td><strong>Arena:<\/strong> 30 &#8211; 50% <strong>Nestpart:<\/strong> 50 &#8211; 60%<\/td>\n<\/tr>\n<tr>\n<td><strong>Temperatura:<\/strong><\/td>\n<td><strong><img data-recalc-dims=\"1\" loading=\"lazy\" decoding=\"async\" src=\"https:\/\/i0.wp.com\/www.antstore.net\/shop\/images\/icons\/ants\/temperatur.jpg?resize=30%2C30&#038;ssl=1\" alt=\"\" width=\"30\" height=\"30\" \/><\/strong><\/td>\n<td><strong>Arena:<\/strong> 18 \u2013 28\u00b0C <strong>Nestpart:<\/strong> 21 \u2013 24\u00b0C<\/td>\n<\/tr>\n<tr>\n<td><strong>Hiberna\u00e7\u00e3o:<\/strong><\/td>\n<td><img data-recalc-dims=\"1\" loading=\"lazy\" decoding=\"async\" src=\"https:\/\/i0.wp.com\/www.antstore.net\/shop\/images\/icons\/ants\/winterruhe.jpg?resize=30%2C30&#038;ssl=1\" alt=\"\" width=\"30\" height=\"30\" \/><\/td>\n<td>Sim, do final de Outubro at\u00e9 ao final de Mar\u00e7o a 5 - 8\u00b0C<\/td>\n<\/tr>\n<tr>\n<td><strong>Nestform:<\/strong><\/td>\n<td><img data-recalc-dims=\"1\" loading=\"lazy\" decoding=\"async\" src=\"https:\/\/i0.wp.com\/www.antstore.net\/shop\/images\/icons\/ants\/nestform.jpg?resize=30%2C30&#038;ssl=1\" alt=\"\" width=\"30\" height=\"30\" \/><\/td>\n<td>Construir o seu ninho no solo ou debaixo de pedras<\/td>\n<\/tr>\n<tr>\n<td><strong>Uma esp\u00e9cie de Formic\u00e1ria:<\/strong><\/td>\n<td><img data-recalc-dims=\"1\" loading=\"lazy\" decoding=\"async\" src=\"https:\/\/i0.wp.com\/www.antstore.net\/shop\/images\/icons\/ants\/formicarienart.jpg?resize=30%2C30&#038;ssl=1\" alt=\"\" width=\"30\" height=\"30\" \/><\/td>\n<td>Farm, Farmbasin, Basin, Framebasin, Island, Acrylcylinder, Ytong\/ Gesso, Digfix<\/td>\n<\/tr>\n<tr>\n<td><strong>Tamanho Formicaria:<\/strong><\/td>\n<td><strong><img data-recalc-dims=\"1\" loading=\"lazy\" decoding=\"async\" src=\"https:\/\/i0.wp.com\/www.antstore.net\/shop\/images\/icons\/ants\/formicariengroesse.jpg?resize=30%2C30&#038;ssl=1\" alt=\"\" width=\"30\" height=\"30\" \/><\/strong><\/td>\n<td><strong>Tamanho:<\/strong> <strong><span style=\"color: #339966;\">M<\/span><\/strong><\/td>\n<\/tr>\n<tr>\n<td><strong>Substrato:<\/strong><\/td>\n<td><strong><img data-recalc-dims=\"1\" loading=\"lazy\" decoding=\"async\" src=\"https:\/\/i0.wp.com\/www.antstore.net\/shop\/images\/icons\/ants\/substrat.jpg?resize=30%2C30&#038;ssl=1\" alt=\"\" width=\"30\" height=\"30\" \/><\/strong><\/td>\n<td><strong>Fazenda:<\/strong> Areia - Loam <strong>Arena:<\/strong> Areia - Loam<\/td>\n<\/tr>\n<tr>\n<td><strong>Plantio:<\/strong><\/td>\n<td><img data-recalc-dims=\"1\" loading=\"lazy\" decoding=\"async\" src=\"https:\/\/i0.wp.com\/www.antstore.net\/shop\/images\/icons\/ants\/bepflanzung.jpg?resize=30%2C30&#038;ssl=1\" alt=\"\" width=\"30\" height=\"30\" \/><\/td>\n<td>como pasto<\/td>\n<\/tr>\n<tr>\n<td><strong>Decora\u00e7\u00e3o:<\/strong><\/td>\n<td><img data-recalc-dims=\"1\" loading=\"lazy\" decoding=\"async\" src=\"https:\/\/i0.wp.com\/www.antstore.net\/shop\/images\/icons\/ants\/dekoration.jpg?resize=30%2C30&#038;ssl=1\" alt=\"\" width=\"30\" height=\"30\" \/><\/td>\n<td>Ra\u00edzes, Ra\u00edzes, Treeneedels,<\/td>\n<\/tr>\n<tr>\n<td><strong>Descri\u00e7\u00e3o:<\/strong><\/td>\n<td><img data-recalc-dims=\"1\" loading=\"lazy\" decoding=\"async\" src=\"https:\/\/i0.wp.com\/www.antstore.net\/shop\/images\/icons\/ants\/beschreibung.jpg?resize=30%2C30&#038;ssl=1\" alt=\"\" width=\"30\" height=\"30\" \/><\/td>\n<td>A Formica cinerea \u00e9 uma formiga muito agressiva. Utilizam a orienta\u00e7\u00e3o visual como uma adapta\u00e7\u00e3o ao seu habitat em terreno aberto. Sobrepujam e transportam grandes presas em pequenos grupos cooperativos.<\/td>\n<\/tr>\n<tr>\n<td><strong>Desenvolvimento:<\/strong><\/td>\n<td><strong><img data-recalc-dims=\"1\" loading=\"lazy\" decoding=\"async\" src=\"https:\/\/i0.wp.com\/www.antstore.net\/shop\/images\/icons\/ants\/entwicklung.jpg?resize=30%2C30&#038;ssl=1\" alt=\"\" width=\"30\" height=\"30\" \/><\/strong><\/td>\n<td><strong>voo de acasalamento:<\/strong> em dias quentes a meio - maio at\u00e9 o final de junho a 22 - 28\u00b0C ,<br \/>\n<strong>fundador:<\/strong>\u00a0 claustral (sem alimenta\u00e7\u00e3o)<br \/>\n<strong>colonizar:<\/strong> at\u00e9 10.000 indiv\u00edduos<\/td>\n<\/tr>\n<tr>\n<td><strong>Quantidade:<\/strong><\/td>\n<td><img data-recalc-dims=\"1\" loading=\"lazy\" decoding=\"async\" src=\"https:\/\/i0.wp.com\/www.antstore.net\/shop\/images\/icons\/ants\/menge.jpg?resize=30%2C30&#038;ssl=1\" alt=\"\" width=\"30\" height=\"30\" \/><\/td>\n<td>uma rainha fertilizada com oper\u00e1rias (ver selec\u00e7\u00e3o); cria\u00e7\u00e3o (dependendo da \u00e9poca e do desenvolvimento)<\/td>\n<\/tr>\n<tr>\n<td><strong>Pisca-pisca:<\/strong><\/td>\n<td><a href=\"http:\/\/www.antstore.net\/viewforum.php?f=9\"><span style=\"color: #0000ff;\"><img data-recalc-dims=\"1\" loading=\"lazy\" decoding=\"async\" src=\"https:\/\/i0.wp.com\/www.antstore.net\/shop\/images\/icons\/ants\/weblinks.jpg?resize=30%2C30&#038;ssl=1\" alt=\"\" width=\"30\" height=\"30\" \/><\/span><\/a><\/td>\n<td><a href=\"http:\/\/www.antstore.net\/viewforum.php?f=26\"><span style=\"color: #0000ff;\">- F\u00f3rum<\/span><\/a><\/p>\n<p><span style=\"color: #0000ff;\"><a href=\"http:\/\/www.antweb.org\/description.do?subfamily=formicinae&amp;genus=formica&amp;name=cinerea&amp;rank=species&amp;project=allantwebants\">- Refer\u00eancia<\/a><\/span><\/td>\n<\/tr>\n<\/tbody>\n<\/table>","protected":false},"excerpt":{"rendered":"<p>Manter o n\u00edvel 1<br \/>\n<span style=\"color: #000000;\">Tamanho: <\/span><strong>M<\/strong><\/p>","protected":false},"featured_media":3383,"comment_status":"open","ping_status":"closed","template":"","meta":{"_acf_changed":false,"content-type":"","_monsterinsights_skip_tracking":false,"_monsterinsights_sitenote_active":false,"_monsterinsights_sitenote_note":"","_monsterinsights_sitenote_category":0},"product_brand":[],"product_cat":[107,112,108,109],"product_tag":[],"class_list":{"0":"post-2698","1":"product","2":"type-product","3":"status-publish","4":"has-post-thumbnail","6":"product_cat-ants","7":"product_cat-asia","8":"product_cat-northern-europe","9":"product_cat-southern-europe","11":"first","12":"instock","13":"product-type-external"},"acf":[],"aioseo_notices":[],"jetpack_sharing_enabled":true,"_links":{"self":[{"href":"https:\/\/antcube.shop\/pt\/wp-json\/wp\/v2\/product\/2698","targetHints":{"allow":["GET"]}}],"collection":[{"href":"https:\/\/antcube.shop\/pt\/wp-json\/wp\/v2\/product"}],"about":[{"href":"https:\/\/antcube.shop\/pt\/wp-json\/wp\/v2\/types\/product"}],"replies":[{"embeddable":true,"href":"https:\/\/antcube.shop\/pt\/wp-json\/wp\/v2\/comments?post=2698"}],"wp:featuredmedia":[{"embeddable":true,"href":"https:\/\/antcube.shop\/pt\/wp-json\/wp\/v2\/media\/3383"}],"wp:attachment":[{"href":"https:\/\/antcube.shop\/pt\/wp-json\/wp\/v2\/media?parent=2698"}],"wp:term":[{"taxonomy":"product_brand","embeddable":true,"href":"https:\/\/antcube.shop\/pt\/wp-json\/wp\/v2\/product_brand?post=2698"},{"taxonomy":"product_cat","embeddable":true,"href":"https:\/\/antcube.shop\/pt\/wp-json\/wp\/v2\/product_cat?post=2698"},{"taxonomy":"product_tag","embeddable":true,"href":"https:\/\/antcube.shop\/pt\/wp-json\/wp\/v2\/product_tag?post=2698"}],"curies":[{"name":"wp","href":"https:\/\/api.w.org\/{rel}","templated":true}]}}