{"id":2673,"date":"2021-10-04T15:33:49","date_gmt":"2021-10-04T13:33:49","guid":{"rendered":"https:\/\/antcube.shop\/produkt\/antcube-starter-set-l-20x20-combi\/"},"modified":"2026-04-11T07:06:12","modified_gmt":"2026-04-11T05:06:12","slug":"antcube-starter-set-l-20x20-combi","status":"publish","type":"product","link":"https:\/\/antcube.shop\/pt\/produto\/antcube-starter-set-l-20x20-combi\/","title":{"rendered":"ANTCUBE Starter Set L - 20\u00d720 - Combi"},"content":{"rendered":"<p><strong>Conte\u00fado:<\/strong><br \/>\n1x ANTCUBE - Arena 20x20x20 - Combi L<br \/>\n1x cobertura de arena de formigas 20\u00d720<br \/>\n4x ponto de fixa\u00e7\u00e3o para cobertura de arena<br \/>\n2x tamp\u00f5es Formicarium para furo de 27mm<br \/>\n2x Ficha Formicarium para furo de 50mm<br \/>\n1x substrato - areia-belo-bege - 1000g<br \/>\n1x bebedouro 2ml - 360 graus<br \/>\n1x dish clear 1&#215;20 &#8211; sponge<br \/>\n1x lupa de m\u00e3o - 2x - 30mm<br \/>\n1x pin\u00e7a de pl\u00e1stico transparente<br \/>\n1 pipetas de pl\u00e1stico 3ml<br \/>\n1x \u00d3leo de escape de formiga 10ml<br \/>\n1x limpador de espuma 150x18x2,5mm<\/p>\n<p><strong>Descri\u00e7\u00e3o:<\/strong><br \/>\nEste Starter Set - Combi \u00e9 adequado para a maioria das esp\u00e9cies de formigas que se encontram enterradas no solo.<br \/>\nO conjunto \u00e9 muito compacto e os acess\u00f3rios inclu\u00eddos s\u00e3o reduzidos aos mais importantes.<br \/>\nPortanto, \u00e9 um conjunto barato, feito de materiais de alta qualidade, ideal para iniciantes na cria\u00e7\u00e3o de formigas.<br \/>\nA areia do substrato inclu\u00eddo - bege argiloso \u00e9 bem aceite pela maioria das esp\u00e9cies de formigas enterradas.<\/p>\n<p>Opcionalmente, podem ser colocados outros substratos de solo ou inser\u00e7\u00f5es de ninhos na \u00e1rea do ninho da arena.<br \/>\nSob as sugest\u00f5es (veja abaixo) voc\u00ea encontrar\u00e1 outros acess\u00f3rios \u00fateis.<\/p>\n<p><strong>Recomenda\u00e7\u00e3o:<\/strong> Recomendamos uma camada de substrato de 2 mm de altura, para que os animais n\u00e3o possam enterrar-se na arena e, em vez disso, utilizar a quinta fornecida para o efeito. Recomendamos tamb\u00e9m que o material de nidifica\u00e7\u00e3o na fazenda (areia\/argila, Digfix, etc.) seja picado levemente em um s\u00f3 lugar para facilitar a escava\u00e7\u00e3o dos animais.<\/p>\n<p><strong>Importante:<\/strong> Humede\u00e7a o substrato antes de usar, para que a mistura possa ligar-se e desenvolver um suporte firme na quinta das formigas. Al\u00e9m disso, um substrato demasiado seco e poeirento pode causar o bloqueio das vias respirat\u00f3rias das formigas e, no pior dos casos, os animais podem sufocar.<\/p>\n<p><strong>Aviso:<\/strong><br \/>\nAo utilizar os nossos ninhos, por favor note que s\u00e3o 8mm mais estreitos, uma vez que foram originalmente concebidos para se adaptarem \u00e0s nossas quintas de formigas mais estreitas, bem como \u00e0s inser\u00e7\u00f5es de arena! Aqui o espa\u00e7o interm\u00e9dio teria de ser preenchido com material de enchimento, como gesso ou argila.<\/p>\n<p><strong>Notas sobre a produ\u00e7\u00e3o<\/strong><br \/>\nO vidro \u00e9 cortado de acordo com DIN 1249 com uma toler\u00e2ncia de +\/- 1mm. Para esp\u00e9cies de formigas extremamente pequenas, \u00e9 essencial uma protec\u00e7\u00e3o adicional contra fugas.<\/p>\n<p><strong>Instru\u00e7\u00f5es:<\/strong><br \/>\n- DE Instru\u00e7\u00f5es de utiliza\u00e7\u00e3o do Starter Set Combi (PDF 7,98 MB)<br \/>\n- PT Instru\u00e7\u00f5es de utiliza\u00e7\u00e3o - Starter Set Combi (PDF 7,94 MB)<br \/>\n- ES Manual de instru\u00e7\u00f5es - Set de inicio Combi (PDF 7,94 MB)<br \/>\n- FR Manuel d'instruction - Kit de d\u00e9marrage Combi (PDF 7,95 MB)<\/p>","protected":false},"excerpt":{"rendered":"<p>O conjunto \u00e9 composto por 18 partes e \u00e9 adequado para todas as esp\u00e9cies de formigas.<br \/>\nTamanho: <span style=\"color: #0000ff;\"><strong>L<\/strong><\/span><\/p>","protected":false},"featured_media":5445,"comment_status":"open","ping_status":"closed","template":"","meta":{"_acf_changed":false,"content-type":"","_monsterinsights_skip_tracking":false,"_monsterinsights_sitenote_active":false,"_monsterinsights_sitenote_note":"","_monsterinsights_sitenote_category":0},"product_brand":[],"product_cat":[73,78],"product_tag":[],"class_list":{"0":"post-2673","1":"product","2":"type-product","3":"status-publish","4":"has-post-thumbnail","6":"product_cat-starter-sets","7":"product_cat-starter-sets-combi","9":"first","10":"instock","11":"taxable","12":"shipping-taxable","13":"purchasable","14":"product-type-simple"},"acf":[],"aioseo_notices":[],"jetpack_sharing_enabled":true,"_links":{"self":[{"href":"https:\/\/antcube.shop\/pt\/wp-json\/wp\/v2\/product\/2673","targetHints":{"allow":["GET"]}}],"collection":[{"href":"https:\/\/antcube.shop\/pt\/wp-json\/wp\/v2\/product"}],"about":[{"href":"https:\/\/antcube.shop\/pt\/wp-json\/wp\/v2\/types\/product"}],"replies":[{"embeddable":true,"href":"https:\/\/antcube.shop\/pt\/wp-json\/wp\/v2\/comments?post=2673"}],"wp:featuredmedia":[{"embeddable":true,"href":"https:\/\/antcube.shop\/pt\/wp-json\/wp\/v2\/media\/5445"}],"wp:attachment":[{"href":"https:\/\/antcube.shop\/pt\/wp-json\/wp\/v2\/media?parent=2673"}],"wp:term":[{"taxonomy":"product_brand","embeddable":true,"href":"https:\/\/antcube.shop\/pt\/wp-json\/wp\/v2\/product_brand?post=2673"},{"taxonomy":"product_cat","embeddable":true,"href":"https:\/\/antcube.shop\/pt\/wp-json\/wp\/v2\/product_cat?post=2673"},{"taxonomy":"product_tag","embeddable":true,"href":"https:\/\/antcube.shop\/pt\/wp-json\/wp\/v2\/product_tag?post=2673"}],"curies":[{"name":"wp","href":"https:\/\/api.w.org\/{rel}","templated":true}]}}