{"id":12442,"date":"2025-09-30T10:07:24","date_gmt":"2025-09-30T08:07:24","guid":{"rendered":"https:\/\/antcube.shop\/en\/product\/poster-anatomie-der-ameisen-lasius-niger-50x70\/"},"modified":"2026-03-20T11:30:21","modified_gmt":"2026-03-20T10:30:21","slug":"cartaz-anatomia-das-formigas-lasius-niger-50x70","status":"publish","type":"product","link":"https:\/\/antcube.shop\/pt\/produto\/cartaz-anatomia-das-formigas-lasius-niger-50x70\/","title":{"rendered":"Poster - Anatomia das formigas - Lasius niger - 50\u00d770"},"content":{"rendered":"<p><strong>Dimens\u00f5es:<\/strong> 50\u00d770 cm<\/p>\n<p><strong>Material:<\/strong> Papel de l\u00e1tex<br \/>\nEste papel \u00e9 imperme\u00e1vel, limp\u00e1vel, resistente, amigo do ambiente, uma vez que n\u00e3o cont\u00e9m solventes nocivos para o ambiente e produz uma qualidade de impress\u00e3o brilhante.<\/p>\n<p><strong>Descri\u00e7\u00e3o:<\/strong> Este poster ilustra a anatomia da formiga preta (Lasius niger). Ilustra\u00e7\u00f5es pormenorizadas mostram as carater\u00edsticas internas e externas mais importantes do corpo e dos \u00f3rg\u00e3os, facilitando a compreens\u00e3o da estrutura desta esp\u00e9cie de formiga muito comum. Ideal como material did\u00e1tico para escolas e universidades ou como pe\u00e7a decorativa de cole\u00e7\u00e3o.<\/p>\n<p><strong>Importante - informa\u00e7\u00f5es adicionais:<\/strong> Aqui encontra uma descri\u00e7\u00e3o pormenorizada de cada uma das cenas do cartaz. Estas n\u00e3o s\u00e3o fornecidas com o cartaz, mas podem ser acedidas e impressas separadamente atrav\u00e9s da seguinte liga\u00e7\u00e3o. https:\/\/www.ants.de\/link\/1101<\/p>","protected":false},"excerpt":{"rendered":"<p>Tamanho: 50\u00d770 cm<\/p>","protected":false},"featured_media":12454,"comment_status":"open","ping_status":"closed","template":"","meta":{"_acf_changed":false,"content-type":"","_monsterinsights_skip_tracking":false,"_monsterinsights_sitenote_active":false,"_monsterinsights_sitenote_note":"","_monsterinsights_sitenote_category":0},"product_brand":[484],"product_cat":[547,500,245],"product_tag":[],"class_list":{"0":"post-12442","1":"product","2":"type-product","3":"status-publish","4":"has-post-thumbnail","6":"product_brand-antcube","7":"product_cat-all-products","8":"product_cat-ant-posters-and-teaching-aids","9":"product_cat-merchandise","11":"first","12":"instock","13":"taxable","14":"shipping-taxable","15":"purchasable","16":"product-type-simple"},"acf":[],"aioseo_notices":[],"jetpack_sharing_enabled":true,"_links":{"self":[{"href":"https:\/\/antcube.shop\/pt\/wp-json\/wp\/v2\/product\/12442","targetHints":{"allow":["GET"]}}],"collection":[{"href":"https:\/\/antcube.shop\/pt\/wp-json\/wp\/v2\/product"}],"about":[{"href":"https:\/\/antcube.shop\/pt\/wp-json\/wp\/v2\/types\/product"}],"replies":[{"embeddable":true,"href":"https:\/\/antcube.shop\/pt\/wp-json\/wp\/v2\/comments?post=12442"}],"wp:featuredmedia":[{"embeddable":true,"href":"https:\/\/antcube.shop\/pt\/wp-json\/wp\/v2\/media\/12454"}],"wp:attachment":[{"href":"https:\/\/antcube.shop\/pt\/wp-json\/wp\/v2\/media?parent=12442"}],"wp:term":[{"taxonomy":"product_brand","embeddable":true,"href":"https:\/\/antcube.shop\/pt\/wp-json\/wp\/v2\/product_brand?post=12442"},{"taxonomy":"product_cat","embeddable":true,"href":"https:\/\/antcube.shop\/pt\/wp-json\/wp\/v2\/product_cat?post=12442"},{"taxonomy":"product_tag","embeddable":true,"href":"https:\/\/antcube.shop\/pt\/wp-json\/wp\/v2\/product_tag?post=12442"}],"curies":[{"name":"wp","href":"https:\/\/api.w.org\/{rel}","templated":true}]}}