{"id":12436,"date":"2025-09-30T10:01:57","date_gmt":"2025-09-30T08:01:57","guid":{"rendered":"https:\/\/antcube.shop\/en\/product\/antcube-digfix-20x20-liegend\/"},"modified":"2026-03-31T15:11:54","modified_gmt":"2026-03-31T13:11:54","slug":"antcube-digfix-20x20-deitado","status":"publish","type":"product","link":"https:\/\/antcube.shop\/pt\/produto\/antcube-digfix-20x20-deitado\/","title":{"rendered":"ANTCUBE - Digfix 20\u00d720 - deitado"},"content":{"rendered":"<p><strong>Dimens\u00f5es:<\/strong> 180x180x28mm<\/p>\n<p><strong>Material:<\/strong> Digfix<\/p>\n<p><strong>Aplica\u00e7\u00e3o:<\/strong><br \/>\nS\u00f3 cabe no nosso ANTCUBE - Nest 20\u00d720 - horizontal<\/p>\n<p><strong>Descri\u00e7\u00e3o:<\/strong><br \/>\nEste ninho Digfix, feito de um material especial que pode ser escavado, foi concebido para encaixar perfeitamente nos nossos ninhos horizontais ANTCUBE 20\u00d720. A placa pode ser utilizada seca ou humedecida e \u00e9 adequada para muitas esp\u00e9cies de formigas - especialmente as que nidificam na areia ou em madeira (morta). \u00c9 uma alternativa pr\u00e1tica \u00e0s misturas de areia e argila ou aos ninhos de corti\u00e7a.<\/p>\n<p>Uma vantagem particular \u00e9 a facilidade com que o n\u00edvel de humidade pode ser controlado: a placa muda de cor visivelmente, permitindo avaliar o n\u00edvel de humidade de forma \u00f3ptima. Ao contr\u00e1rio das misturas de areia e argila, os pain\u00e9is interiores do formigueiro permanecem limpos, uma vez que nenhum substrato solto adere a eles.<\/p>\n<p>Gra\u00e7as \u00e0 sua estrutura s\u00f3lida, o material ret\u00e9m permanentemente os t\u00faneis e c\u00e2maras criados pelas formigas sem se desmoronar - para uma experi\u00eancia de escava\u00e7\u00e3o segura e natural.<\/p>","protected":false},"excerpt":{"rendered":"<p>Tamanho: 180x180x28mm<\/p>","protected":false},"featured_media":0,"comment_status":"open","ping_status":"closed","template":"","meta":{"_acf_changed":false,"content-type":"","_monsterinsights_skip_tracking":false,"_monsterinsights_sitenote_active":false,"_monsterinsights_sitenote_note":"","_monsterinsights_sitenote_category":0},"product_brand":[484],"product_cat":[547,257,87,88],"product_tag":[],"class_list":{"0":"post-12436","1":"product","2":"type-product","3":"status-publish","5":"product_brand-antcube","6":"product_cat-all-products","7":"product_cat-new-innovatve-products","8":"product_cat-nest-insets","9":"product_cat-digfix","11":"first","12":"instock","13":"taxable","14":"shipping-taxable","15":"purchasable","16":"product-type-simple"},"acf":[],"aioseo_notices":[],"jetpack_sharing_enabled":true,"_links":{"self":[{"href":"https:\/\/antcube.shop\/pt\/wp-json\/wp\/v2\/product\/12436","targetHints":{"allow":["GET"]}}],"collection":[{"href":"https:\/\/antcube.shop\/pt\/wp-json\/wp\/v2\/product"}],"about":[{"href":"https:\/\/antcube.shop\/pt\/wp-json\/wp\/v2\/types\/product"}],"replies":[{"embeddable":true,"href":"https:\/\/antcube.shop\/pt\/wp-json\/wp\/v2\/comments?post=12436"}],"wp:attachment":[{"href":"https:\/\/antcube.shop\/pt\/wp-json\/wp\/v2\/media?parent=12436"}],"wp:term":[{"taxonomy":"product_brand","embeddable":true,"href":"https:\/\/antcube.shop\/pt\/wp-json\/wp\/v2\/product_brand?post=12436"},{"taxonomy":"product_cat","embeddable":true,"href":"https:\/\/antcube.shop\/pt\/wp-json\/wp\/v2\/product_cat?post=12436"},{"taxonomy":"product_tag","embeddable":true,"href":"https:\/\/antcube.shop\/pt\/wp-json\/wp\/v2\/product_tag?post=12436"}],"curies":[{"name":"wp","href":"https:\/\/api.w.org\/{rel}","templated":true}]}}