{"id":12287,"date":"2025-09-02T09:53:14","date_gmt":"2025-09-02T07:53:14","guid":{"rendered":"https:\/\/antcube.shop\/en\/product\/antcube-nest-20x20-liegend\/"},"modified":"2026-04-06T22:38:19","modified_gmt":"2026-04-06T20:38:19","slug":"ninho-antcubo-20x20-deitado","status":"publish","type":"product","link":"https:\/\/antcube.shop\/pt\/produto\/ninho-antcubo-20x20-deitado\/","title":{"rendered":"ANTCUBE - Ninho 20\u00d720 - deitado"},"content":{"rendered":"<p><strong>Dimens\u00f5es:<\/strong><br \/>\nNinho: 190 x 190 x 28mm<br \/>\nTampa de vidro: 190 x 190 x 4mm<\/p>\n<p><strong>Material:<\/strong><br \/>\nVidro flutuante, pl\u00e1stico<\/p>\n<p><strong>Cor:<\/strong><br \/>\nCristalino<\/p>\n<p><strong>Conte\u00fado:<\/strong><br \/>\n1x ANTCUBE - Nest 20\u00d720 - horizontal com duas tomadas de liga\u00e7\u00e3o L 20\/16<br \/>\n1x tampa de vidro com orif\u00edcio de 27 mm<\/p>\n<p><strong>Conex\u00e3o:<\/strong> Tomada 2x 14\/16\/18\/20 x 20mm<\/p>\n<p>A mangueira 14\/10 \u00e9 inserida firmemente na tomada de 14 mm<br \/>\nA mangueira 20\/16 \u00e9 fixada firmemente ao primeiro degrau de 16 mm<br \/>\nA mangueira 22\/18 encaixa firmemente no segundo degrau de 20 mm<\/p>\n<p><strong>Descri\u00e7\u00e3o: <\/strong>O nosso ninho horizontal tem duas tomadas de liga\u00e7\u00e3o \u00e0s quais podem ser ligadas mangueiras ou tubos. Em alternativa, estes podem ser fechados de forma segura com tampas de pl\u00e1stico ou de rede a condizer.<\/p>\n<p>Para esp\u00e9cies de formigas maiores, como v\u00e1rias esp\u00e9cies de Camponotus, recomendamos combin\u00e1-lo com um dos nossos ninhos de corti\u00e7a dispon\u00edveis separadamente. No entanto, o ninho tamb\u00e9m pode ser preenchido com substrato de terra.<\/p>\n<p>A tampa pode ser retirada e assenta com firmeza e seguran\u00e7a no formigueiro gra\u00e7as ao seu rebordo de borracha. No meio h\u00e1 um orif\u00edcio de 27 mm, que \u00e9 utilizado para humedecer o interior do ninho. Dependendo da humidade desejada, esta abertura pode ser fechada com uma rede ou com um tamp\u00e3o de formic\u00e1rio.<\/p>\n<p>Opcionalmente, est\u00e1 dispon\u00edvel uma cobertura vermelha que escurece o ninho e que, consoante a esp\u00e9cie criada, pode ter uma influ\u00eancia positiva no desenvolvimento da col\u00f3nia.<\/p>\n<p><strong>Informa\u00e7\u00f5es sobre o fabrico<\/strong><br \/>\nO vidro \u00e9 cortado de acordo com a norma DIN 1249 com uma toler\u00e2ncia de +\/- 1 mm. \u00c9 indispens\u00e1vel uma prote\u00e7\u00e3o adicional contra a fuga para esp\u00e9cies de formigas extremamente pequenas.<\/p>\n<p><strong>Nota sobre as tomadas de liga\u00e7\u00e3o<\/strong><br \/>\nAo anexar ou remover mangueiras, por favor note o seguinte:<br \/>\nSe a mangueira for muito dif\u00edcil de encaixar no encaixe da liga\u00e7\u00e3o, o encaixe deve ser ligeiramente esfregado com uma gota do nosso \u00f3leo ou p\u00f3 de prote\u00e7\u00e3o contra fugas. A mangueira deve ent\u00e3o ser empurrada para o conetor, rodando-o ou aparafusando-o, sem aplicar press\u00e3o para cima ou para baixo no conetor. O mesmo se aplica \u00e0 remo\u00e7\u00e3o das mangueiras do conetor. Por favor, n\u00e3o as puxe simplesmente!<\/p>","protected":false},"excerpt":{"rendered":"<p>Liga\u00e7\u00e3o: 2x tomada 14\/16\/18\/20 mm<br \/>\nTamanho: L<\/p>","protected":false},"featured_media":12292,"comment_status":"open","ping_status":"closed","template":"","meta":{"_acf_changed":false,"content-type":"","_monsterinsights_skip_tracking":false,"_monsterinsights_sitenote_active":false,"_monsterinsights_sitenote_note":"","_monsterinsights_sitenote_category":0},"product_brand":[484],"product_cat":[257,80,83,86],"product_tag":[],"class_list":{"0":"post-12287","1":"product","2":"type-product","3":"status-publish","4":"has-post-thumbnail","6":"product_brand-antcube","7":"product_cat-new-innovatve-products","8":"product_cat-antfarms","9":"product_cat-antfarms-l","10":"product_cat-formicariums","12":"first","13":"instock","14":"taxable","15":"shipping-taxable","16":"purchasable","17":"product-type-simple"},"acf":[],"aioseo_notices":[],"jetpack_sharing_enabled":true,"_links":{"self":[{"href":"https:\/\/antcube.shop\/pt\/wp-json\/wp\/v2\/product\/12287","targetHints":{"allow":["GET"]}}],"collection":[{"href":"https:\/\/antcube.shop\/pt\/wp-json\/wp\/v2\/product"}],"about":[{"href":"https:\/\/antcube.shop\/pt\/wp-json\/wp\/v2\/types\/product"}],"replies":[{"embeddable":true,"href":"https:\/\/antcube.shop\/pt\/wp-json\/wp\/v2\/comments?post=12287"}],"wp:featuredmedia":[{"embeddable":true,"href":"https:\/\/antcube.shop\/pt\/wp-json\/wp\/v2\/media\/12292"}],"wp:attachment":[{"href":"https:\/\/antcube.shop\/pt\/wp-json\/wp\/v2\/media?parent=12287"}],"wp:term":[{"taxonomy":"product_brand","embeddable":true,"href":"https:\/\/antcube.shop\/pt\/wp-json\/wp\/v2\/product_brand?post=12287"},{"taxonomy":"product_cat","embeddable":true,"href":"https:\/\/antcube.shop\/pt\/wp-json\/wp\/v2\/product_cat?post=12287"},{"taxonomy":"product_tag","embeddable":true,"href":"https:\/\/antcube.shop\/pt\/wp-json\/wp\/v2\/product_tag?post=12287"}],"curies":[{"name":"wp","href":"https:\/\/api.w.org\/{rel}","templated":true}]}}