{"id":12286,"date":"2025-09-02T09:53:07","date_gmt":"2025-09-02T07:53:07","guid":{"rendered":"https:\/\/antcube.shop\/en\/product\/antcube-korknest-30x30-liegend\/"},"modified":"2026-02-26T10:38:05","modified_gmt":"2026-02-26T09:38:05","slug":"antcube-corknest-30x30-deitado","status":"publish","type":"product","link":"https:\/\/antcube.shop\/pt\/produto\/antcube-corknest-30x30-deitado\/","title":{"rendered":"ANTCUBE - Corknest 30\u00d730 - deitado"},"content":{"rendered":"<p><strong>Dimens\u00f5es:<\/strong> 280x280x28mm<\/p>\n<p><strong>Material:<\/strong> Corti\u00e7a (fino)<\/p>\n<p><strong>Aplica\u00e7\u00e3o:<\/strong><br \/>\nS\u00f3 cabe no nosso ANTCUBE - Nest 30\u00d730 - horizontal<\/p>\n<p><strong>Descri\u00e7\u00e3o:\u00a0<\/strong><br \/>\nEste ninho de corti\u00e7a com t\u00faneis e c\u00e2maras pr\u00e9-constru\u00eddos \u00e9 adequado para numerosas esp\u00e9cies de formigas, especialmente as que nidificam em madeira (morta). Tem dois orif\u00edcios que servem de entrada para o ninho.<\/p>\n<p>A corti\u00e7a \u00e9 um material natural e quimicamente neutro. A sua estrutura \u00e9 imperme\u00e1vel aos l\u00edquidos, n\u00e3o reage quimicamente e, por conseguinte, mant\u00e9m-se intacta durante muito tempo. No entanto, um teor de humidade permanentemente elevado pode promover a podrid\u00e3o e encurtar a vida do ninho. Em geral, a corti\u00e7a \u00e9 muito resistente ao apodrecimento e \u00e0 infesta\u00e7\u00e3o por fungos e bolores. A sua superf\u00edcie e estrutura especiais oferecem pouco terreno de reprodu\u00e7\u00e3o adequado para os fungos. No entanto, os res\u00edduos alimentares, os excrementos ou outras subst\u00e2ncias org\u00e2nicas podem promover o crescimento de bolores.<\/p>\n<p>Por isso, recomendamos que as esp\u00e9cies de formigas de regi\u00f5es mais secas sejam alojadas em ninhos de corti\u00e7a. No entanto, as esp\u00e9cies de habitats mais h\u00famidos tamb\u00e9m podem ser alojadas neles - para a maioria, a podrid\u00e3o n\u00e3o \u00e9 um problema. Muitas esp\u00e9cies de formigas do Norte da Europa, como a Camponotus herculeanus ou a Formica fusca, est\u00e3o mesmo naturalmente adaptadas \u00e0 madeira podre ou parcialmente deteriorada.<\/p>","protected":false},"excerpt":{"rendered":"<p>Tamanho: 280x280x28mm<\/p>","protected":false},"featured_media":12291,"comment_status":"open","ping_status":"closed","template":"","meta":{"_acf_changed":false,"content-type":"","_monsterinsights_skip_tracking":false,"_monsterinsights_sitenote_active":false,"_monsterinsights_sitenote_note":"","_monsterinsights_sitenote_category":0},"product_brand":[484],"product_cat":[257,87,89],"product_tag":[],"class_list":{"0":"post-12286","1":"product","2":"type-product","3":"status-publish","4":"has-post-thumbnail","6":"product_brand-antcube","7":"product_cat-new-innovatve-products","8":"product_cat-nest-insets","9":"product_cat-cork","11":"first","12":"instock","13":"taxable","14":"shipping-taxable","15":"purchasable","16":"product-type-simple"},"acf":[],"aioseo_notices":[],"jetpack_sharing_enabled":true,"_links":{"self":[{"href":"https:\/\/antcube.shop\/pt\/wp-json\/wp\/v2\/product\/12286","targetHints":{"allow":["GET"]}}],"collection":[{"href":"https:\/\/antcube.shop\/pt\/wp-json\/wp\/v2\/product"}],"about":[{"href":"https:\/\/antcube.shop\/pt\/wp-json\/wp\/v2\/types\/product"}],"replies":[{"embeddable":true,"href":"https:\/\/antcube.shop\/pt\/wp-json\/wp\/v2\/comments?post=12286"}],"wp:featuredmedia":[{"embeddable":true,"href":"https:\/\/antcube.shop\/pt\/wp-json\/wp\/v2\/media\/12291"}],"wp:attachment":[{"href":"https:\/\/antcube.shop\/pt\/wp-json\/wp\/v2\/media?parent=12286"}],"wp:term":[{"taxonomy":"product_brand","embeddable":true,"href":"https:\/\/antcube.shop\/pt\/wp-json\/wp\/v2\/product_brand?post=12286"},{"taxonomy":"product_cat","embeddable":true,"href":"https:\/\/antcube.shop\/pt\/wp-json\/wp\/v2\/product_cat?post=12286"},{"taxonomy":"product_tag","embeddable":true,"href":"https:\/\/antcube.shop\/pt\/wp-json\/wp\/v2\/product_tag?post=12286"}],"curies":[{"name":"wp","href":"https:\/\/api.w.org\/{rel}","templated":true}]}}