{"id":11505,"date":"2025-04-25T15:17:18","date_gmt":"2025-04-25T13:17:18","guid":{"rendered":"https:\/\/antcube.shop\/en\/product\/poster-die-rote-waldameise-formica-rufa-lebensweise-100x70\/"},"modified":"2026-01-12T12:41:40","modified_gmt":"2026-01-12T11:41:40","slug":"cartaz-a-formiga-de-madeira-vermelha-formica-rufa-modo-de-vida-100x70","status":"publish","type":"product","link":"https:\/\/antcube.shop\/pt\/produto\/cartaz-a-formiga-de-madeira-vermelha-formica-rufa-modo-de-vida-100x70\/","title":{"rendered":"Cartaz - A formiga vermelha da madeira - Modo de vida da Formica rufa - 100\u00d770"},"content":{"rendered":"<p>A formiga da madeira vermelha - Modo de vida da Formica rufa - Cartaz sobre a formiga e material did\u00e1tico para escolas e jardins de inf\u00e2ncia.<\/p>\n<p><strong>Descri\u00e7\u00e3o dispon\u00edvel em alem\u00e3o, ingl\u00eas, espanhol e franc\u00eas<\/strong><\/p>\n<p><strong>Dimens\u00f5es:<\/strong> 100\u00d770 cm<\/p>\n<p><strong>Material:<\/strong> Papel de l\u00e1tex<br \/>\nEste papel \u00e9 imperme\u00e1vel, limp\u00e1vel, resistente, amigo do ambiente, uma vez que n\u00e3o cont\u00e9m solventes nocivos para o ambiente e produz uma qualidade de impress\u00e3o brilhante.<\/p>\n<p><strong>Descri\u00e7\u00e3o:<\/strong> Este cartaz apresenta uma panor\u00e2mica do modo de vida e da constru\u00e7\u00e3o de ninhos da Formica rufa, a formiga-da-madeira vermelha construtora de mont\u00edculos do norte e centro da Europa. Esta esp\u00e9cie \u00e9 uma esp\u00e9cie protegida.<\/p>\n<p><strong>Importante - informa\u00e7\u00f5es adicionais:<\/strong> <a href=\"https:\/\/www.ants.de\/link\/1001\">Aqui<\/a> encontrar\u00e1 uma descri\u00e7\u00e3o pormenorizada de cada uma das cenas do cartaz. Estes n\u00e3o s\u00e3o fornecidos com o cartaz, mas podem ser acedidos e impressos separadamente atrav\u00e9s da seguinte liga\u00e7\u00e3o: https:\/\/www.ants.de\/link\/1001<\/p>","protected":false},"excerpt":{"rendered":"<p>A formiga da madeira vermelha - Modo de vida da Formica rufa - Cartaz da formiga e material did\u00e1tico para escolas e jardins de inf\u00e2ncia. Descri\u00e7\u00e3o dispon\u00edvel em alem\u00e3o, ingl\u00eas, espanhol e franc\u00eas Dimens\u00f5es: 100x70 cm Material: Papel de l\u00e1tex Este papel \u00e9 imperme\u00e1vel, limp\u00e1vel, resistente, amigo do ambiente, pois n\u00e3o cont\u00e9m solventes nocivos para o ambiente e produz uma qualidade de impress\u00e3o brilhante. Descri\u00e7\u00e3o:","protected":false},"featured_media":11399,"comment_status":"open","ping_status":"closed","template":"","meta":{"_acf_changed":false,"content-type":"","_monsterinsights_skip_tracking":false,"_monsterinsights_sitenote_active":false,"_monsterinsights_sitenote_note":"","_monsterinsights_sitenote_category":0},"product_brand":[484],"product_cat":[500],"product_tag":[],"class_list":{"0":"post-11505","1":"product","2":"type-product","3":"status-publish","4":"has-post-thumbnail","6":"product_brand-antcube","7":"product_cat-ant-posters-and-teaching-aids","9":"first","10":"instock","11":"taxable","12":"shipping-taxable","13":"purchasable","14":"product-type-simple"},"acf":[],"aioseo_notices":[],"jetpack_sharing_enabled":true,"_links":{"self":[{"href":"https:\/\/antcube.shop\/pt\/wp-json\/wp\/v2\/product\/11505","targetHints":{"allow":["GET"]}}],"collection":[{"href":"https:\/\/antcube.shop\/pt\/wp-json\/wp\/v2\/product"}],"about":[{"href":"https:\/\/antcube.shop\/pt\/wp-json\/wp\/v2\/types\/product"}],"replies":[{"embeddable":true,"href":"https:\/\/antcube.shop\/pt\/wp-json\/wp\/v2\/comments?post=11505"}],"wp:featuredmedia":[{"embeddable":true,"href":"https:\/\/antcube.shop\/pt\/wp-json\/wp\/v2\/media\/11399"}],"wp:attachment":[{"href":"https:\/\/antcube.shop\/pt\/wp-json\/wp\/v2\/media?parent=11505"}],"wp:term":[{"taxonomy":"product_brand","embeddable":true,"href":"https:\/\/antcube.shop\/pt\/wp-json\/wp\/v2\/product_brand?post=11505"},{"taxonomy":"product_cat","embeddable":true,"href":"https:\/\/antcube.shop\/pt\/wp-json\/wp\/v2\/product_cat?post=11505"},{"taxonomy":"product_tag","embeddable":true,"href":"https:\/\/antcube.shop\/pt\/wp-json\/wp\/v2\/product_tag?post=11505"}],"curies":[{"name":"wp","href":"https:\/\/api.w.org\/{rel}","templated":true}]}}