{"id":11493,"date":"2025-04-25T14:46:45","date_gmt":"2025-04-25T12:46:45","guid":{"rendered":"https:\/\/antcube.shop\/en\/product\/poster-ameisen-lebenszyklus-lasius-niger-70x100\/"},"modified":"2026-01-12T12:41:45","modified_gmt":"2026-01-12T11:41:45","slug":"cartaz-ciclo-de-vida-da-formiga-lasius-niger-70x100","status":"publish","type":"product","link":"https:\/\/antcube.shop\/pt\/produto\/cartaz-ciclo-de-vida-da-formiga-lasius-niger-70x100\/","title":{"rendered":"Cartaz - Ciclo de vida das formigas - Lasius niger 70\u00d7100"},"content":{"rendered":"<p>Ciclo de vida das formigas - Lasius niger - Cartaz sobre as formigas e material did\u00e1tico para escolas e jardins-de-inf\u00e2ncia.<\/p>\n<p><strong>Descri\u00e7\u00e3o dispon\u00edvel em alem\u00e3o, ingl\u00eas, espanhol e franc\u00eas<\/strong><\/p>\n<p><strong>Dimens\u00f5es:<\/strong> 70\u00d7100 cm<\/p>\n<p><strong>Material:<\/strong> Papel de l\u00e1tex<br \/>\nEste papel \u00e9 imperme\u00e1vel, limp\u00e1vel, resistente, amigo do ambiente, uma vez que n\u00e3o cont\u00e9m solventes nocivos para o ambiente e produz uma qualidade de impress\u00e3o brilhante.<\/p>\n<p><strong>Descri\u00e7\u00e3o:<\/strong> Este poster apresenta uma vis\u00e3o geral das fases de desenvolvimento das formigas, desde o ovo at\u00e9 \u00e0 obreira, utilizando o exemplo da esp\u00e9cie Lasius niger.<\/p>\n<p><strong>Importante - informa\u00e7\u00f5es adicionais:<\/strong> <a href=\"https:\/\/www.ants.de\/link\/1100\">Aqui<\/a> encontrar\u00e1 uma descri\u00e7\u00e3o pormenorizada de cada uma das cenas do cartaz. Estes n\u00e3o s\u00e3o fornecidos com o cartaz, mas podem ser acedidos e impressos separadamente atrav\u00e9s da seguinte liga\u00e7\u00e3o. <a href=\"https:\/\/www.ants.de\/link\/1100\">https:\/\/www.ants.de\/link\/1100<\/a><\/p>","protected":false},"excerpt":{"rendered":"<p>Ciclo de vida da formiga - Lasius niger - Cartaz sobre a formiga e material did\u00e1tico para escolas e jardins-de-inf\u00e2ncia. Descri\u00e7\u00e3o dispon\u00edvel em alem\u00e3o, ingl\u00eas, espanhol e franc\u00eas Dimens\u00f5es: 50x70 cm Material: Papel de l\u00e1tex Este papel \u00e9 imperme\u00e1vel, limp\u00e1vel, resistente, amigo do ambiente, uma vez que n\u00e3o cont\u00e9m solventes nocivos para o ambiente e produz uma qualidade de impress\u00e3o brilhante. Descri\u00e7\u00e3o: Este cartaz","protected":false},"featured_media":11403,"comment_status":"open","ping_status":"closed","template":"","meta":{"_acf_changed":false,"content-type":"","_monsterinsights_skip_tracking":false,"_monsterinsights_sitenote_active":false,"_monsterinsights_sitenote_note":"","_monsterinsights_sitenote_category":0},"product_brand":[484],"product_cat":[500],"product_tag":[],"class_list":{"0":"post-11493","1":"product","2":"type-product","3":"status-publish","4":"has-post-thumbnail","6":"product_brand-antcube","7":"product_cat-ant-posters-and-teaching-aids","9":"first","10":"instock","11":"taxable","12":"shipping-taxable","13":"purchasable","14":"product-type-simple"},"acf":[],"aioseo_notices":[],"jetpack_sharing_enabled":true,"_links":{"self":[{"href":"https:\/\/antcube.shop\/pt\/wp-json\/wp\/v2\/product\/11493","targetHints":{"allow":["GET"]}}],"collection":[{"href":"https:\/\/antcube.shop\/pt\/wp-json\/wp\/v2\/product"}],"about":[{"href":"https:\/\/antcube.shop\/pt\/wp-json\/wp\/v2\/types\/product"}],"replies":[{"embeddable":true,"href":"https:\/\/antcube.shop\/pt\/wp-json\/wp\/v2\/comments?post=11493"}],"wp:featuredmedia":[{"embeddable":true,"href":"https:\/\/antcube.shop\/pt\/wp-json\/wp\/v2\/media\/11403"}],"wp:attachment":[{"href":"https:\/\/antcube.shop\/pt\/wp-json\/wp\/v2\/media?parent=11493"}],"wp:term":[{"taxonomy":"product_brand","embeddable":true,"href":"https:\/\/antcube.shop\/pt\/wp-json\/wp\/v2\/product_brand?post=11493"},{"taxonomy":"product_cat","embeddable":true,"href":"https:\/\/antcube.shop\/pt\/wp-json\/wp\/v2\/product_cat?post=11493"},{"taxonomy":"product_tag","embeddable":true,"href":"https:\/\/antcube.shop\/pt\/wp-json\/wp\/v2\/product_tag?post=11493"}],"curies":[{"name":"wp","href":"https:\/\/api.w.org\/{rel}","templated":true}]}}