{"id":11413,"date":"2025-04-11T16:43:25","date_gmt":"2025-04-11T14:43:25","guid":{"rendered":"https:\/\/antcube.shop\/en\/product\/light-strip-pro-40cm\/"},"modified":"2026-03-27T13:58:51","modified_gmt":"2026-03-27T12:58:51","slug":"fita-luminosa-pro-40cm","status":"publish","type":"product","link":"https:\/\/antcube.shop\/pt\/produto\/fita-luminosa-pro-40cm\/","title":{"rendered":"Fita luminosa Pro 40cm"},"content":{"rendered":"<p><strong>Conte\u00fado:<\/strong><br \/>\n1x Fita luminosa LED Pro<br \/>\n1x suporte para montagem no teto incl. parafusos<br \/>\n1x ficha de rede com interrutor<\/p>\n<p><strong>Dados t\u00e9cnicos:<\/strong><br \/>\nDimens\u00f5es: 400x124x42 mm<br \/>\nIlumina\u00e7\u00e3o: LED<br \/>\nConsumo de energia: 16 W<br \/>\nFluxo luminoso: 2200 lm (140 lm\/W)<br \/>\nCor da luz: 6000K<br \/>\nVida \u00fatil: ~ 25.000 h<br \/>\nComprimento do cabo: 145 cm<\/p>\n<p><strong>Material:<\/strong> pl\u00e1stico<\/p>\n<p><strong>Cor:<\/strong> preto<\/p>\n<p><strong>Descri\u00e7\u00e3o:<\/strong><br \/>\nIlumina\u00e7\u00e3o LED para formic\u00e1rios, viv\u00e1rios e terr\u00e1rios de 60x30x60.<br \/>\nProtegidas contra salpicos de \u00e1gua de acordo com a norma IP65, tornando as Light Strips perfeitas para terr\u00e1rios tropicais. Devido ao baixo desenvolvimento de calor, as l\u00e2mpadas Light Strip tamb\u00e9m s\u00e3o muito adequadas para esp\u00e9cies com menores necessidades de calor.<\/p>","protected":false},"excerpt":{"rendered":"<p><span style=\"font-weight: 400;\">Consumo de energia: 16 W<\/span><\/p>","protected":false},"featured_media":11368,"comment_status":"open","ping_status":"closed","template":"","meta":{"_acf_changed":false,"content-type":"","_monsterinsights_skip_tracking":false,"_monsterinsights_sitenote_active":false,"_monsterinsights_sitenote_note":"","_monsterinsights_sitenote_category":0},"product_brand":[],"product_cat":[359,257,119],"product_tag":[],"class_list":{"0":"post-11413","1":"product","2":"type-product","3":"status-publish","4":"has-post-thumbnail","6":"product_cat-light-heat-humidity","7":"product_cat-new-innovatve-products","8":"product_cat-formicarium-components","10":"first","11":"instock","12":"taxable","13":"shipping-taxable","14":"purchasable","15":"product-type-simple"},"acf":[],"aioseo_notices":[],"jetpack_sharing_enabled":true,"_links":{"self":[{"href":"https:\/\/antcube.shop\/pt\/wp-json\/wp\/v2\/product\/11413","targetHints":{"allow":["GET"]}}],"collection":[{"href":"https:\/\/antcube.shop\/pt\/wp-json\/wp\/v2\/product"}],"about":[{"href":"https:\/\/antcube.shop\/pt\/wp-json\/wp\/v2\/types\/product"}],"replies":[{"embeddable":true,"href":"https:\/\/antcube.shop\/pt\/wp-json\/wp\/v2\/comments?post=11413"}],"wp:featuredmedia":[{"embeddable":true,"href":"https:\/\/antcube.shop\/pt\/wp-json\/wp\/v2\/media\/11368"}],"wp:attachment":[{"href":"https:\/\/antcube.shop\/pt\/wp-json\/wp\/v2\/media?parent=11413"}],"wp:term":[{"taxonomy":"product_brand","embeddable":true,"href":"https:\/\/antcube.shop\/pt\/wp-json\/wp\/v2\/product_brand?post=11413"},{"taxonomy":"product_cat","embeddable":true,"href":"https:\/\/antcube.shop\/pt\/wp-json\/wp\/v2\/product_cat?post=11413"},{"taxonomy":"product_tag","embeddable":true,"href":"https:\/\/antcube.shop\/pt\/wp-json\/wp\/v2\/product_tag?post=11413"}],"curies":[{"name":"wp","href":"https:\/\/api.w.org\/{rel}","templated":true}]}}