{"id":11411,"date":"2025-04-11T16:41:28","date_gmt":"2025-04-11T14:41:28","guid":{"rendered":"https:\/\/antcube.shop\/en\/product\/light-strip-20-erweiterung\/"},"modified":"2026-03-16T10:38:25","modified_gmt":"2026-03-16T09:38:25","slug":"tira-de-luz-20-extensao","status":"publish","type":"product","link":"https:\/\/antcube.shop\/pt\/produto\/tira-de-luz-20-extensao\/","title":{"rendered":"Fita luminosa de 20 extens\u00f5es"},"content":{"rendered":"<p><strong>Conte\u00fado:<\/strong><br \/>\n1x Fita luminosa LED mini 14cm<br \/>\n1x suporte para montagem no teto incl. parafusos<br \/>\n1x cabo de liga\u00e7\u00e3o<br \/>\n1x ficha de liga\u00e7\u00e3o<\/p>\n<p><strong>Dados t\u00e9cnicos:<\/strong><br \/>\nDimens\u00f5es: 140x60x9mm<br \/>\nIlumina\u00e7\u00e3o: LED<br \/>\nConsumo de energia: 2W<br \/>\nFluxo luminoso: 210 lm (105 lm\/W)<br \/>\nCor da luz: 3000K \/ 4000K \/ 6500K<br \/>\nVida \u00fatil: ~ 25.000 h<br \/>\nComprimento do cabo: 30cm<br \/>\nRegul\u00e1vel<\/p>\n<p><strong>Material:<\/strong> Pl\u00e1stico<\/p>\n<p><strong>Cor:<\/strong> branco<\/p>\n<p><strong>Descri\u00e7\u00e3o:<\/strong><br \/>\nIdeal para todas as esp\u00e9cies de formigas. Espectro semelhante \u00e0 luz do dia com uma boa ilumina\u00e7\u00e3o do formic\u00e1rio. Sem emiss\u00e3o de calor indesejado, extremamente econ\u00f3mico em termos de energia.<br \/>\nEsta l\u00e2mpada LED \u00e9 adequada para formic\u00e1rios e viveiros de tamanho 20x20x20, 20x20x10 e 20x10x10. Pode ser simplesmente colocada na tampa. A luminosidade \u00e9 regul\u00e1vel em 10 n\u00edveis e podem ser definidas 3 cores de luz diferentes, desde o \"branco frio\" ao \"natural\" e \u00e0 luz \"quente\". Para formic\u00e1rios com uma largura de 40 cm, podem ser inseridas duas l\u00e2mpadas uma na outra. A partir de uma altura superior a 30 cm, apenas uma pequena luz atinge o fundo.<\/p>\n<p><strong>Importante:<\/strong> Sem alimenta\u00e7\u00e3o el\u00e9ctrica! Funciona apenas em conjunto com a faixa luminosa 20 (1005742) ou 30 (1005742).<br \/>\nPor exemplo, 6 l\u00e2mpadas 20 (at\u00e9 12 watts) podem ser ligadas em s\u00e9rie a uma unidade de alimenta\u00e7\u00e3o el\u00e9ctrica.<\/p>","protected":false},"excerpt":{"rendered":"<p><span style=\"font-weight: 400;\">Consumo de energia: 2W<\/span><\/p>","protected":false},"featured_media":11377,"comment_status":"open","ping_status":"closed","template":"","meta":{"_acf_changed":false,"content-type":"","_monsterinsights_skip_tracking":false,"_monsterinsights_sitenote_active":false,"_monsterinsights_sitenote_note":"","_monsterinsights_sitenote_category":0},"product_brand":[],"product_cat":[359,257,119],"product_tag":[],"class_list":{"0":"post-11411","1":"product","2":"type-product","3":"status-publish","4":"has-post-thumbnail","6":"product_cat-light-heat-humidity","7":"product_cat-new-innovatve-products","8":"product_cat-formicarium-components","10":"first","11":"instock","12":"taxable","13":"shipping-taxable","14":"purchasable","15":"product-type-simple"},"acf":[],"aioseo_notices":[],"jetpack_sharing_enabled":true,"_links":{"self":[{"href":"https:\/\/antcube.shop\/pt\/wp-json\/wp\/v2\/product\/11411","targetHints":{"allow":["GET"]}}],"collection":[{"href":"https:\/\/antcube.shop\/pt\/wp-json\/wp\/v2\/product"}],"about":[{"href":"https:\/\/antcube.shop\/pt\/wp-json\/wp\/v2\/types\/product"}],"replies":[{"embeddable":true,"href":"https:\/\/antcube.shop\/pt\/wp-json\/wp\/v2\/comments?post=11411"}],"wp:featuredmedia":[{"embeddable":true,"href":"https:\/\/antcube.shop\/pt\/wp-json\/wp\/v2\/media\/11377"}],"wp:attachment":[{"href":"https:\/\/antcube.shop\/pt\/wp-json\/wp\/v2\/media?parent=11411"}],"wp:term":[{"taxonomy":"product_brand","embeddable":true,"href":"https:\/\/antcube.shop\/pt\/wp-json\/wp\/v2\/product_brand?post=11411"},{"taxonomy":"product_cat","embeddable":true,"href":"https:\/\/antcube.shop\/pt\/wp-json\/wp\/v2\/product_cat?post=11411"},{"taxonomy":"product_tag","embeddable":true,"href":"https:\/\/antcube.shop\/pt\/wp-json\/wp\/v2\/product_tag?post=11411"}],"curies":[{"name":"wp","href":"https:\/\/api.w.org\/{rel}","templated":true}]}}