{"id":11409,"date":"2025-04-11T16:39:39","date_gmt":"2025-04-11T14:39:39","guid":{"rendered":"https:\/\/antcube.shop\/en\/product\/light-strip-20\/"},"modified":"2026-04-14T09:35:32","modified_gmt":"2026-04-14T07:35:32","slug":"faixa-luminosa-20","status":"publish","type":"product","link":"https:\/\/antcube.shop\/pt\/produto\/faixa-luminosa-20\/","title":{"rendered":"Fita luminosa 20"},"content":{"rendered":"<p><strong>Conte\u00fado:<\/strong><br \/>\n1x Fita luminosa LED mini 14cm<br \/>\n1x suporte para montagem no teto incl. parafusos<br \/>\n1x ficha de rede com interrutor<\/p>\n<p><strong>Dados t\u00e9cnicos:<\/strong><br \/>\nDimens\u00f5es: 140x60x9mm<br \/>\nIlumina\u00e7\u00e3o: LED<br \/>\nConsumo de energia: 2W<br \/>\nFluxo luminoso: 210 lm (105 lm\/W)<br \/>\nCor da luz: 3000K \/ 4000K \/ 6500K<br \/>\nVida \u00fatil: ~ 25.000 h<br \/>\nComprimento do cabo: 156 cm<br \/>\nRegul\u00e1vel<\/p>\n<p><strong>Material:<\/strong> Pl\u00e1stico<\/p>\n<p><strong>Cor:<\/strong> branco<\/p>\n<p><strong>Descri\u00e7\u00e3o:<\/strong><br \/>\nIdeal para todas as esp\u00e9cies de formigas. Espectro semelhante \u00e0 luz do dia com uma boa ilumina\u00e7\u00e3o do formic\u00e1rio. Sem emiss\u00e3o de calor indesejado, extremamente econ\u00f3mico em termos de energia.<br \/>\nEsta l\u00e2mpada LED \u00e9 adequada para formic\u00e1rios e viveiros de tamanho 20x20x20, 20x20x10 e 20x10x10. Pode ser simplesmente colocada na tampa. A luminosidade \u00e9 regul\u00e1vel em 10 n\u00edveis e podem ser definidas 3 cores de luz diferentes, desde o \"branco frio\" ao \"natural\" e \u00e0 luz \"quente\". Pode ser encomendada uma extens\u00e3o para formic\u00e1rios com uma largura de 40 cm. Esta extens\u00e3o est\u00e1 ligada mais abaixo no artigo. A partir de uma altura superior a 30 cm, apenas uma pequena quantidade de luz chega ao fundo.<\/p>","protected":false},"excerpt":{"rendered":"<p><span style=\"font-weight: 400;\">Consumo de energia: 2W<\/span><\/p>","protected":false},"featured_media":11376,"comment_status":"open","ping_status":"closed","template":"","meta":{"_acf_changed":false,"content-type":"","_monsterinsights_skip_tracking":false,"_monsterinsights_sitenote_active":false,"_monsterinsights_sitenote_note":"","_monsterinsights_sitenote_category":0},"product_brand":[],"product_cat":[359,257,119],"product_tag":[],"class_list":{"0":"post-11409","1":"product","2":"type-product","3":"status-publish","4":"has-post-thumbnail","6":"product_cat-light-heat-humidity","7":"product_cat-new-innovatve-products","8":"product_cat-formicarium-components","10":"first","11":"instock","12":"taxable","13":"shipping-taxable","14":"purchasable","15":"product-type-simple"},"acf":[],"aioseo_notices":[],"jetpack_sharing_enabled":true,"_links":{"self":[{"href":"https:\/\/antcube.shop\/pt\/wp-json\/wp\/v2\/product\/11409","targetHints":{"allow":["GET"]}}],"collection":[{"href":"https:\/\/antcube.shop\/pt\/wp-json\/wp\/v2\/product"}],"about":[{"href":"https:\/\/antcube.shop\/pt\/wp-json\/wp\/v2\/types\/product"}],"replies":[{"embeddable":true,"href":"https:\/\/antcube.shop\/pt\/wp-json\/wp\/v2\/comments?post=11409"}],"wp:featuredmedia":[{"embeddable":true,"href":"https:\/\/antcube.shop\/pt\/wp-json\/wp\/v2\/media\/11376"}],"wp:attachment":[{"href":"https:\/\/antcube.shop\/pt\/wp-json\/wp\/v2\/media?parent=11409"}],"wp:term":[{"taxonomy":"product_brand","embeddable":true,"href":"https:\/\/antcube.shop\/pt\/wp-json\/wp\/v2\/product_brand?post=11409"},{"taxonomy":"product_cat","embeddable":true,"href":"https:\/\/antcube.shop\/pt\/wp-json\/wp\/v2\/product_cat?post=11409"},{"taxonomy":"product_tag","embeddable":true,"href":"https:\/\/antcube.shop\/pt\/wp-json\/wp\/v2\/product_tag?post=11409"}],"curies":[{"name":"wp","href":"https:\/\/api.w.org\/{rel}","templated":true}]}}