{"id":11408,"date":"2025-04-11T16:39:04","date_gmt":"2025-04-11T14:39:04","guid":{"rendered":"https:\/\/antcube.shop\/en\/product\/fotoruckwand-regenwald-60x60\/"},"modified":"2026-03-26T10:55:56","modified_gmt":"2026-03-26T09:55:56","slug":"mural-de-fotos-60x60-floresta-tropical","status":"publish","type":"product","link":"https:\/\/antcube.shop\/pt\/produto\/mural-de-fotos-60x60-floresta-tropical\/","title":{"rendered":"Fotografias de parede traseira 60\u00d760 floresta tropical"},"content":{"rendered":"<p><strong>Dimens\u00f5es:<\/strong> 60x60cm<\/p>\n<p><strong>Material:<\/strong> Papel de alum\u00ednio brilhante<\/p>\n<p><strong>Conte\u00fado:<\/strong> 1x parede traseira da foto<\/p>\n<p><strong>Descri\u00e7\u00e3o:<\/strong> Este fundo fotogr\u00e1fico deve ser fixado na parte de tr\u00e1s do formic\u00e1rio a partir do exterior para dar a impress\u00e3o de um ambiente que corresponda ao habitat natural das formigas.<\/p>","protected":false},"excerpt":{"rendered":"<p>Dimens\u00f5es: 60x60cm Material: Papel de alum\u00ednio brilhante Conte\u00fado: 1x fundo fotogr\u00e1fico Descri\u00e7\u00e3o: Este fundo fotogr\u00e1fico deve ser fixado na parte de tr\u00e1s do formic\u00e1rio a partir do exterior para dar a impress\u00e3o de um ambiente que corresponde ao habitat natural das formigas.<\/p>","protected":false},"featured_media":5530,"comment_status":"open","ping_status":"closed","template":"","meta":{"_acf_changed":false,"content-type":"","_monsterinsights_skip_tracking":false,"_monsterinsights_sitenote_active":false,"_monsterinsights_sitenote_note":"","_monsterinsights_sitenote_category":0},"product_brand":[484],"product_cat":[97,106],"product_tag":[],"class_list":{"0":"post-11408","1":"product","2":"type-product","3":"status-publish","4":"has-post-thumbnail","6":"product_brand-antcube","7":"product_cat-photo-backwalls","8":"product_cat-rainforest-photo-backwall","10":"first","11":"instock","12":"taxable","13":"shipping-taxable","14":"purchasable","15":"product-type-simple"},"acf":[],"aioseo_notices":[],"jetpack_sharing_enabled":true,"_links":{"self":[{"href":"https:\/\/antcube.shop\/pt\/wp-json\/wp\/v2\/product\/11408","targetHints":{"allow":["GET"]}}],"collection":[{"href":"https:\/\/antcube.shop\/pt\/wp-json\/wp\/v2\/product"}],"about":[{"href":"https:\/\/antcube.shop\/pt\/wp-json\/wp\/v2\/types\/product"}],"replies":[{"embeddable":true,"href":"https:\/\/antcube.shop\/pt\/wp-json\/wp\/v2\/comments?post=11408"}],"wp:featuredmedia":[{"embeddable":true,"href":"https:\/\/antcube.shop\/pt\/wp-json\/wp\/v2\/media\/5530"}],"wp:attachment":[{"href":"https:\/\/antcube.shop\/pt\/wp-json\/wp\/v2\/media?parent=11408"}],"wp:term":[{"taxonomy":"product_brand","embeddable":true,"href":"https:\/\/antcube.shop\/pt\/wp-json\/wp\/v2\/product_brand?post=11408"},{"taxonomy":"product_cat","embeddable":true,"href":"https:\/\/antcube.shop\/pt\/wp-json\/wp\/v2\/product_cat?post=11408"},{"taxonomy":"product_tag","embeddable":true,"href":"https:\/\/antcube.shop\/pt\/wp-json\/wp\/v2\/product_tag?post=11408"}],"curies":[{"name":"wp","href":"https:\/\/api.w.org\/{rel}","templated":true}]}}