{"id":11407,"date":"2025-04-11T16:38:16","date_gmt":"2025-04-11T14:38:16","guid":{"rendered":"https:\/\/antcube.shop\/en\/product\/terracube-60x30x60-terrarium-mit-schiebetur\/"},"modified":"2026-04-02T12:12:14","modified_gmt":"2026-04-02T10:12:14","slug":"terracube-60x30x60-terrario-com-porta-de-correr","status":"publish","type":"product","link":"https:\/\/antcube.shop\/pt\/produto\/terracube-60x30x60-terrario-com-porta-de-correr\/","title":{"rendered":"TERRACUBE 60x30x60 Terr\u00e1rio com porta de correr"},"content":{"rendered":"<p><strong>TERRACUBE Terr\u00e1rio 60x30x60 com porta de correr e 2 aberturas de 50 mm.<\/strong><\/p>\n<p><strong>Dimens\u00f5es:<\/strong> 600 x 300 x 600 mm; 4 mm de espessura de vidro<br \/>\n<strong>Material:<\/strong> vidro flotado<br \/>\n<strong>Conex\u00e3o:<\/strong> 2x orif\u00edcio de 50 mm (2x na lateral)<\/p>\n<p><strong>Abertura frontal (porta de correr):<\/strong> 300\u00d7300 mm<br \/>\nAltura da barra: 12,5 cm<br \/>\nLargura da barra: 4 cm<\/p>\n<p><strong>Descri\u00e7\u00e3o:<\/strong><br \/>\n<strong>TERRACUBE - O sistema de terr\u00e1rio totalmente transparente e modular com pormenores inteligentes<\/strong><br \/>\nOs terr\u00e1rios TERRACUBE caracterizam-se pela m\u00e1xima transpar\u00eancia (360\u00b0) e por um design elegante e claro. Todos os rebordos s\u00e3o colados com precis\u00e3o, de modo a que n\u00e3o sejam vis\u00edveis as inc\u00f3modas costuras de silicone. O silicone utilizado \u00e9 tamb\u00e9m completamente transparente - para uma vis\u00e3o completa e sem nuvens do interior.<\/p>\n<p><strong>Ventila\u00e7\u00e3o sofisticada e pontos de acesso t\u00e9cnicos<\/strong><br \/>\n<strong>Dois orif\u00edcios laterais (\u00d8 50 mm cada) oferecem op\u00e7\u00f5es de utiliza\u00e7\u00e3o flex\u00edveis:<\/strong><br \/>\nPodem ser utilizadas para ventila\u00e7\u00e3o adicional ou como acesso a tecnologia como term\u00f3metros\/higr\u00f3metros, nebulizadores, pedras de aquecimento e muito mais.<\/p>\n<p>A cobertura \u00e9 vendida separadamente e est\u00e1 dispon\u00edvel em diferentes vers\u00f5es - com diferentes \u00e1reas de ventila\u00e7\u00e3o e orif\u00edcios para ventila\u00e7\u00e3o adicional ou acess\u00f3rios t\u00e9cnicos, como sistemas de chuva ou ventiladores, consoante o habitat.<\/p>\n<p><strong>Grelha segura - tamb\u00e9m adequada para animais pequenos<\/strong><br \/>\nA grelha de ventila\u00e7\u00e3o em a\u00e7o inoxid\u00e1vel de malha fina na barra \u00e9 t\u00e3o apertada que mesmo esp\u00e9cies min\u00fasculas como as moscas da fruta (Drosophila) ou as formigas n\u00e3o conseguem escapar. \u00c9 suportada por uma robusta placa de alum\u00ednio perfurada. Isto torna o conceito livre de corros\u00e3o (baixa manuten\u00e7\u00e3o e dur\u00e1vel) e est\u00e1vel, mesmo contra o impacto mec\u00e2nico de r\u00e9pteis maiores.<\/p>\n<p><strong>Porta de correr - pr\u00e1tica e quase invis\u00edvel<\/strong><br \/>\nA pr\u00e1tica porta de correr est\u00e1 equipada com um puxador transparente num suporte tamb\u00e9m totalmente transparente. Isto significa que o foco permanece sempre no interior cuidadosamente concebido ou nos animais mantidos no interior.<\/p>\n<p><strong>Sistema modular - ligue os terr\u00e1rios entre si<\/strong><br \/>\nV\u00e1rios terr\u00e1rios TERRACUBE podem ser ligados entre si gra\u00e7as aos orif\u00edcios laterais e aos conectores ou tubos de acr\u00edlico transparente correspondentes.<br \/>\nPor exemplo, uma col\u00f3nia de formigas pode ser mantida num aqu\u00e1rio vizinho como fonte de alimento para r\u00e9pteis - com um ref\u00fagio seguro se o r\u00e9ptil n\u00e3o conseguir passar atrav\u00e9s do tubo. Sistemas inteiros, por exemplo para r\u00e3s ou salamandras, tamb\u00e9m podem ser alargados de forma flex\u00edvel desta forma.<\/p>\n<p><strong>Nota:<\/strong> O vidro \u00e9 cortado \u00e0 medida, de acordo com a norma DIN 1249, com uma toler\u00e2ncia de +\/- 1 mm. A prote\u00e7\u00e3o adicional contra a fuga \u00e9 essencial para esp\u00e9cies de formigas extremamente pequenas.<\/p>","protected":false},"excerpt":{"rendered":"<p>TERRACUBE Terr\u00e1rio 60x30x60 com porta de correr e 2 aberturas de 50mm. Dimens\u00f5es: 600 x 300 x 600 mm; 4 mm de espessura de vidro Material: vidro float Liga\u00e7\u00e3o: 2x orif\u00edcio de 50 mm (2x na lateral) Abertura frontal (porta de correr): 300x300 mm Altura da barra: 12,5 cm Largura da barra: 4 cm Descri\u00e7\u00e3o: TERRACUBE - O sistema de terr\u00e1rio totalmente transparente e modular","protected":false},"featured_media":11397,"comment_status":"open","ping_status":"closed","template":"","meta":{"_acf_changed":false,"content-type":"","_monsterinsights_skip_tracking":false,"_monsterinsights_sitenote_active":false,"_monsterinsights_sitenote_note":"","_monsterinsights_sitenote_category":0},"product_brand":[499],"product_cat":[257],"product_tag":[],"class_list":{"0":"post-11407","1":"product","2":"type-product","3":"status-publish","4":"has-post-thumbnail","6":"product_brand-terracube","7":"product_cat-new-innovatve-products","8":"product_shipping_class-forwarding-on-pallet","10":"first","11":"instock","12":"taxable","13":"shipping-taxable","14":"purchasable","15":"product-type-simple"},"acf":[],"aioseo_notices":[],"jetpack_sharing_enabled":true,"_links":{"self":[{"href":"https:\/\/antcube.shop\/pt\/wp-json\/wp\/v2\/product\/11407","targetHints":{"allow":["GET"]}}],"collection":[{"href":"https:\/\/antcube.shop\/pt\/wp-json\/wp\/v2\/product"}],"about":[{"href":"https:\/\/antcube.shop\/pt\/wp-json\/wp\/v2\/types\/product"}],"replies":[{"embeddable":true,"href":"https:\/\/antcube.shop\/pt\/wp-json\/wp\/v2\/comments?post=11407"}],"wp:featuredmedia":[{"embeddable":true,"href":"https:\/\/antcube.shop\/pt\/wp-json\/wp\/v2\/media\/11397"}],"wp:attachment":[{"href":"https:\/\/antcube.shop\/pt\/wp-json\/wp\/v2\/media?parent=11407"}],"wp:term":[{"taxonomy":"product_brand","embeddable":true,"href":"https:\/\/antcube.shop\/pt\/wp-json\/wp\/v2\/product_brand?post=11407"},{"taxonomy":"product_cat","embeddable":true,"href":"https:\/\/antcube.shop\/pt\/wp-json\/wp\/v2\/product_cat?post=11407"},{"taxonomy":"product_tag","embeddable":true,"href":"https:\/\/antcube.shop\/pt\/wp-json\/wp\/v2\/product_tag?post=11407"}],"curies":[{"name":"wp","href":"https:\/\/api.w.org\/{rel}","templated":true}]}}