{"id":11137,"date":"2025-03-06T15:59:48","date_gmt":"2025-03-06T14:59:48","guid":{"rendered":"https:\/\/antcube.shop\/en\/product\/antcube-arena-60x30x60-mit-schiebetur\/"},"modified":"2026-01-12T12:41:14","modified_gmt":"2026-01-12T11:41:14","slug":"antcube-arena-60x30x60-com-porta-de-correr","status":"publish","type":"product","link":"https:\/\/antcube.shop\/pt\/produto\/antcube-arena-60x30x60-com-porta-de-correr\/","title":{"rendered":"ANTCUBE Arena 60x30x60 com porta de correr"},"content":{"rendered":"<p><strong>ANTCUBE Arena 60x30x60 com porta de correr e 4 aberturas de 50 mm.<\/strong><\/p>\n<p><strong>Dimens\u00f5es:<\/strong> 600 x 300 x 600 mm; 4 mm de espessura de vidro<br \/>\n<strong>Material:<\/strong> vidro flotado<br \/>\n<strong>Conex\u00e3o:<\/strong> 4x orif\u00edcio de 50 mm (2x na lateral e 2x na frente)<\/p>\n<p><strong>Abertura frontal (porta de correr):<\/strong> 300\u00d7300 mm<\/p>\n<p><strong>Descri\u00e7\u00e3o:<\/strong> O nosso picadeiro ANTCUBE 60x30x60 com porta de correr foi desenvolvido para poder trabalhar confortavelmente mesmo em plena formic\u00e1ria. Tamb\u00e9m \u00e9 adequado como uma extens\u00e3o do nosso picadeiro com porta de correr em 60x30x30. A diferen\u00e7a s\u00e3o os novos orif\u00edcios na parte da frente para criar ventila\u00e7\u00e3o adicional ou, se n\u00e3o houver espa\u00e7o nos lados, para ligar arenas adicionais com tubos de acr\u00edlico atrav\u00e9s das liga\u00e7\u00f5es frontais. S\u00e3o particularmente \u00fateis como formic\u00e1rio para formigas tecel\u00e3s (Polyrhachis e Oecophylla), uma vez que gostam de construir para cima e precisam de uma planta hospedeira. As esp\u00e9cies que vivem em \u00e1rvores, como a Tetraponera, tamb\u00e9m gostam de ter oportunidades de trepar. Por vezes, pode ser dif\u00edcil remover os res\u00edduos dos animais no fundo do formic\u00e1rio, por exemplo. Isto n\u00e3o \u00e9 um problema com este aqu\u00e1rio especialmente adaptado. A porta deslizante \u00e9 tamb\u00e9m muito pr\u00e1tica para tanques de alimenta\u00e7\u00e3o para formigas cortadeiras Acromyrmex ou Atta, uma vez que os restos de plantas e outros res\u00edduos podem ser facilmente eliminados. Para a abertura superior, est\u00e3o tamb\u00e9m dispon\u00edveis separadamente uma estrutura de prote\u00e7\u00e3o de fuga 60\u00d730 e uma cobertura de arena 60\u00d730 com ou sem uma \u00e1rea de ventila\u00e7\u00e3o maior.<\/p>\n<p><strong>Nota:<\/strong> O vidro \u00e9 cortado \u00e0 medida, de acordo com a norma DIN 1249, com uma toler\u00e2ncia de +\/- 1 mm. A prote\u00e7\u00e3o adicional contra a fuga \u00e9 essencial para esp\u00e9cies de formigas extremamente pequenas.<\/p>","protected":false},"excerpt":{"rendered":"<p>Liga\u00e7\u00e3o: 4x furo 50 mm<\/p>","protected":false},"featured_media":11138,"comment_status":"open","ping_status":"closed","template":"","meta":{"_acf_changed":false,"content-type":"","_monsterinsights_skip_tracking":false,"_monsterinsights_sitenote_active":false,"_monsterinsights_sitenote_note":"","_monsterinsights_sitenote_category":0},"product_brand":[484],"product_cat":[257,85,86],"product_tag":[],"class_list":{"0":"post-11137","1":"product","2":"type-product","3":"status-publish","4":"has-post-thumbnail","6":"product_brand-antcube","7":"product_cat-new-innovatve-products","8":"product_cat-ant-arenas","9":"product_cat-formicariums","10":"product_shipping_class-forwarding-on-pallet","12":"first","13":"instock","14":"taxable","15":"shipping-taxable","16":"purchasable","17":"product-type-simple"},"acf":[],"aioseo_notices":[],"jetpack_sharing_enabled":true,"_links":{"self":[{"href":"https:\/\/antcube.shop\/pt\/wp-json\/wp\/v2\/product\/11137","targetHints":{"allow":["GET"]}}],"collection":[{"href":"https:\/\/antcube.shop\/pt\/wp-json\/wp\/v2\/product"}],"about":[{"href":"https:\/\/antcube.shop\/pt\/wp-json\/wp\/v2\/types\/product"}],"replies":[{"embeddable":true,"href":"https:\/\/antcube.shop\/pt\/wp-json\/wp\/v2\/comments?post=11137"}],"wp:featuredmedia":[{"embeddable":true,"href":"https:\/\/antcube.shop\/pt\/wp-json\/wp\/v2\/media\/11138"}],"wp:attachment":[{"href":"https:\/\/antcube.shop\/pt\/wp-json\/wp\/v2\/media?parent=11137"}],"wp:term":[{"taxonomy":"product_brand","embeddable":true,"href":"https:\/\/antcube.shop\/pt\/wp-json\/wp\/v2\/product_brand?post=11137"},{"taxonomy":"product_cat","embeddable":true,"href":"https:\/\/antcube.shop\/pt\/wp-json\/wp\/v2\/product_cat?post=11137"},{"taxonomy":"product_tag","embeddable":true,"href":"https:\/\/antcube.shop\/pt\/wp-json\/wp\/v2\/product_tag?post=11137"}],"curies":[{"name":"wp","href":"https:\/\/api.w.org\/{rel}","templated":true}]}}