{"id":10988,"date":"2025-01-29T13:27:22","date_gmt":"2025-01-29T12:27:22","guid":{"rendered":"https:\/\/antcube.shop\/en\/product\/bundle-offer-pheidole-pallidula\/"},"modified":"2026-04-28T18:23:47","modified_gmt":"2026-04-28T16:23:47","slug":"oferta-conjunta-pheidole-pallidula","status":"publish","type":"product","link":"https:\/\/antcube.shop\/pt\/produto\/oferta-conjunta-pheidole-pallidula\/","title":{"rendered":"Oferta de pacote - Crematogaster scutellaris"},"content":{"rendered":"<p id=\"docs-internal-guid-f360e18f-7fff-1fa7-2486-66b6ea8170c9\" dir=\"ltr\"><span data-text-color=\"secondary\"><strong>Pacote que inclui uma col\u00f3nia de formigas Crematogaster scutellaris (rainha com 5-10 oper\u00e1rias + cria), um kit inicial Digfix S, 2 almofadas de formic\u00e1rio e um fundo fotogr\u00e1fico para o deserto.<\/strong><\/span><\/p>\n<p dir=\"ltr\"><span data-text-color=\"alert\"><strong>Apenas enquanto durarem os stocks.<\/strong><\/span><\/p>\n<h2 dir=\"ltr\"><strong>Tudo o que \u00e9 necess\u00e1rio para uma col\u00f3nia de formigas Crematogaster scutellaris<\/strong><\/h2>\n<p dir=\"ltr\">Este pacote cont\u00e9m tudo o que \u00e9 necess\u00e1rio para manter com sucesso uma col\u00f3nia de Crematogaster scutellaris durante os primeiros meses de cria\u00e7\u00e3o. \u00c9 ideal para principiantes e pode ser facilmente expandido.<\/p>\n<h3 dir=\"ltr\"><strong>Esp\u00e9cie de formiga Crematogaster scutellaris<\/strong><\/h3>\n<p>A Crematogaster scutellaris \u00e9 uma esp\u00e9cie de formiga predominantemente omn\u00edvora que consome tanto alimentos vegetais como animais. Est\u00e1 disseminada por toda a regi\u00e3o mediterr\u00e2nica e tamb\u00e9m se encontra no sul da Europa Central. A carater\u00edstica desta esp\u00e9cie \u00e9 o seu abd\u00f3men em forma de pera, que levanta em caso de perigo - um comportamento marcante para dissuadir os inimigos.<\/p>\n<p>As col\u00f3nias s\u00e3o geralmente constitu\u00eddas por uma rainha (monog\u00ednica), mas tamb\u00e9m podem albergar v\u00e1rias rainhas. As oper\u00e1rias t\u00eam um comportamento ativo e curioso e defendem vigorosamente os seus ninhos. A Crematogaster scutellaris \u00e9 particularmente conhecida pela sua capacidade de nidificar em madeira morta ou em buracos de \u00e1rvores.<\/p>\n<h3 dir=\"ltr\"><strong>Ninho para Crematogaster scutellaris<\/strong><\/h3>\n<p dir=\"ltr\">Como esta esp\u00e9cie prefere nidificar em madeira morta seca ou em fendas e rachas, este conjunto cont\u00e9m um ninho Digfix. Isto permite uma boa vis\u00e3o do interior do ninho e simula as condi\u00e7\u00f5es naturais. Em alternativa, podem ser mantidos em ninhos de corti\u00e7a ou madeira, que se aproximam muito do seu habitat natural.<\/p>\n<h3 dir=\"ltr\"><strong>Alimentos para Crematogaster scutellaris<\/strong><\/h3>\n<p dir=\"ltr\">O Crematogaster scutellaris \u00e9 um omn\u00edvoro com uma prefer\u00eancia particular por l\u00edquidos doces como o mel ou solu\u00e7\u00f5es a\u00e7ucaradas. Necessita tamb\u00e9m de alimentos ricos em prote\u00ednas, por exemplo pequenos insectos, especialmente para a cria\u00e7\u00e3o da sua ninhada. Na natureza, alimenta-se tamb\u00e9m de seiva de \u00e1rvores e de pequenos artr\u00f3podes.<\/p>\n<h3 dir=\"ltr\"><strong>Condi\u00e7\u00f5es clim\u00e1ticas para Crematogaster scutellaris<\/strong><\/h3>\n<p dir=\"ltr\">Humidade:<br \/>\nArena: 30 - 50%<br \/>\n\u00c1rea de nidifica\u00e7\u00e3o: 50 - 60%<br \/>\nTemperatura:<br \/>\nArena: 24 - 30\u00b0C<br \/>\n\u00c1rea do ninho: 22 - 28\u00b0C<\/p>\n<p dir=\"ltr\">A Crematogaster scutellaris \u00e9 ideal tanto para principiantes como para criadores de formigas experientes. Devido ao seu comportamento ativo, \u00e0 forma e cor impressionantes do seu corpo e ao seu m\u00e9todo de constru\u00e7\u00e3o do ninho, oferece uma vis\u00e3o emocionante da vida de uma col\u00f3nia de formigas.<\/p>\n<p dir=\"ltr\"><strong>Conte\u00fado:<\/strong><br \/>\n1x col\u00f3nia de formigas Crematogaster scutellaris (rainha + 5-10 oper\u00e1rias + cria\u00e7\u00e3o)<br \/>\n1x solu\u00e7\u00e3o de a\u00e7\u00facar e mel (SH) - embalagem de recarga 10ml<br \/>\n1x grilos inteiros escaldados 10g<br \/>\n1x almofada de formic\u00e1rio - 20x20cm<br \/>\n1x Almofada para Formicarium - 20x6cm<br \/>\n1x Fundo fotogr\u00e1fico do deserto 20\u00d710<br \/>\n1x ANTCUBE - Arena 20x20x10 - plano<br \/>\n1x moldura Arena 20\u00d720<br \/>\n1x Capa de arena 20\u00d720<br \/>\n4x Ponto de fixa\u00e7\u00e3o para cobertura da arena<br \/>\n1x ANTCUBE - fazenda de formigas - S - 20\u00d720 - em p\u00e9<br \/>\n1x ANTCUBE - Placa Digfix 20\u00d720 - S<br \/>\n1x tubo transparente de 0,5m 10\/06 mm<br \/>\nANTCUBE - Filme vermelho 20\u00d720 - Filtro<br \/>\n1x clips adesivos - transparentes - 2 pcs.<br \/>\n1x substrato - argila arenosa bege - 200g<br \/>\n1x inser\u00e7\u00e3o de malha - 50mm - a\u00e7o inoxid\u00e1vel<br \/>\n1x tamp\u00e3o de formic\u00e1ria para furo de 50mm<br \/>\n1x tamp\u00e3o de formic\u00e1ria para furo de 27 mm<br \/>\n1x tampa de formic\u00e1ria para tomada de 6mm<br \/>\n1x conetor de bacia B-27 e S-10-16 mm M25 - conjunto<br \/>\n1x doseador de 2 ml - 360\u00b0<br \/>\n1x ta\u00e7a transparente 20ml - esponja<br \/>\n1x copo transparente para alimentos 1\u00d720 - esponja<br \/>\n1x mini termo-higr\u00f3metro anal\u00f3gico - visor suspenso<br \/>\n1x p\u00f3 de prote\u00e7\u00e3o contra a fuga das formigas 10ml<br \/>\n1x pin\u00e7a de a\u00e7o para molas - largo - macio<br \/>\n1x pin\u00e7a de pl\u00e1stico transparente<br \/>\n1 pipetas de pl\u00e1stico 3ml<br \/>\n1x lupa de m\u00e3o - 2x - 30mm<br \/>\n1x limpador de espuma 150x18x2,5mm<\/p>\n<p dir=\"ltr\"><strong>Descri\u00e7\u00e3o:<\/strong><br \/>\nO Digfix Starter Set \u00e9 adequado para v\u00e1rias esp\u00e9cies de formigas, especialmente para as que fazem os seus ninhos na areia e na madeira (morta). Pode ser mantido seco ou ligeiramente h\u00famido.<br \/>\nA quinta transparente pode ser utilizada com a placa ANTCUBE Digfix. As formigas escavam os seus pr\u00f3prios t\u00faneis e c\u00e2maras no material. Se necess\u00e1rio, podem ser ligados outros m\u00f3dulos atrav\u00e9s dos orif\u00edcios de 50 mm na tampa, tais como os nebulizadores, ventoinhas ou luzes dispon\u00edveis em separado. Em alternativa, est\u00e3o inclu\u00eddos tamp\u00f5es de formic\u00e1ria a condizer para fechar as aberturas. Se preferir, tamb\u00e9m pode operar o formic\u00e1rio abertamente, bastando colocar a estrutura amov\u00edvel no ch\u00e3o e aplicar \u00f3leo de prote\u00e7\u00e3o contra a fuga de formigas na sua borda. O \"regador 2ml - 360 graus\" destina-se \u00e0 solu\u00e7\u00e3o de mel\/a\u00e7\u00facar, o \"regador transparente 20ml - esponja\" \u00e0 \u00e1gua. O \"Mini termo-higr\u00f3metro\" pode ser fixado no quadro ou na tampa e apresenta os valores clim\u00e1ticos.<\/p>\n<p dir=\"ltr\"><span data-text-color=\"alert\"><strong>Importante:<\/strong><\/span> Humede\u00e7a o solo antes de o utilizar para que a mistura se possa ligar e desenvolver uma fixa\u00e7\u00e3o firme no formigueiro. Al\u00e9m disso, um solo demasiado seco e poeirento pode causar a obstru\u00e7\u00e3o das vias respirat\u00f3rias das formigas, levando-as a sufocar no pior dos casos.<\/p>\n<p dir=\"ltr\"><strong>Recomenda\u00e7\u00e3o:<\/strong> Recomendamos uma camada de substrato com 2 mm de altura para que os animais n\u00e3o possam escavar sozinhos no recinto e utilizem a explora\u00e7\u00e3o fornecida para o efeito. Recomendamos tamb\u00e9m que o material de nidifica\u00e7\u00e3o da explora\u00e7\u00e3o (areia\/argila, Digfix, etc.) seja ligeiramente perfurado num \u00fanico local para facilitar a escava\u00e7\u00e3o pelos animais.<br \/>\n<strong>Nota:<\/strong> O ninho pode ser utilizado num formic\u00e1rio seco ou h\u00famido. Se o ninho for mantido permanentemente h\u00famido (demasiado h\u00famido), os restos de comida podem provocar a forma\u00e7\u00e3o de bolor.<br \/>\n<strong>Nota sobre o Digfix:<\/strong> A cor natural pode variar entre o verde-cinzento-castanho e o castanho-terra. A cor n\u00e3o tem qualquer influ\u00eancia na qualidade.<\/p>\n<p dir=\"ltr\"><strong>Notas sobre a produ\u00e7\u00e3o<\/strong><br \/>\nO vidro \u00e9 cortado de acordo com DIN 1249 com uma toler\u00e2ncia de +\/- 1mm. Para esp\u00e9cies de formigas extremamente pequenas, \u00e9 essencial uma protec\u00e7\u00e3o adicional contra a quebra.<\/p>\n<p dir=\"ltr\"><strong>Notas sobre a fazenda<\/strong><br \/>\nAo ligar ou desligar os tubos, deve ter-se em aten\u00e7\u00e3o o seguinte<br \/>\nSe o tubo for dif\u00edcil de encaixar no conetor, deve ser aplicada uma gota do nosso \u00f3leo ou p\u00f3 anti-escape no conetor. O tubo deve ent\u00e3o ser empurrado para o conetor, torcendo-o ou aparafusando-o, sem aplicar qualquer press\u00e3o para cima ou para baixo no conetor. O mesmo se aplica quando se retiram os tubos do conetor agr\u00edcola. Por favor, n\u00e3o os puxe simplesmente!<\/p>\n<p dir=\"ltr\"><strong>Notas sobre o Cricket Jam:<\/strong><br \/>\nA nossa geleia de grilo \u00e9 uma forma f\u00e1cil de fornecer \u00e0s suas formigas alimentos proteicos acabados de conservar sem ter de alimentar insectos vivos. Os grilos (Acheta domesticus) s\u00e3o cozinhados suavemente para garantir que o valor nutricional, o sabor e o aroma s\u00e3o preservados. Al\u00e9m disso, o exoesqueleto quitinoso dos insectos \u00e9 amolecido desta forma, para que possa ser digerido mais facilmente. Os compostos proteicos de colag\u00e9nio s\u00e3o divididos para que as formigas os possam utilizar melhor. Os Acheta domesticus da lata t\u00eam o mesmo valor nutricional que os grilos vivos, mas s\u00e3o mais f\u00e1ceis de digerir.<br \/>\nO Cricket Jam n\u00e3o \u00e9 adequado para ca\u00e7ar esp\u00e9cies de formigas que necessitam de alimento vivo (por exemplo, ponerinas (formigas grandes) como Harpegnathos ou Odontomachus)<\/p>\n<p dir=\"ltr\"><strong>Outras vantagens:<\/strong><br \/>\nGarantido livre de \u00e1caros<br \/>\nPode ser doseado e dilu\u00eddo em \u00e1gua<br \/>\nEsterilizado e embalado em v\u00e1cuo<br \/>\nSem aditivos<br \/>\nGrilos de cria\u00e7\u00e3o sustent\u00e1vel puramente org\u00e2nica, alimentados com res\u00edduos org\u00e2nicos<\/p>\n<p dir=\"ltr\"><strong>Nota:<\/strong><br \/>\nPode ser conservado no frigor\u00edfico durante cerca de quatro dias ap\u00f3s a abertura. Maior dura\u00e7\u00e3o de conserva\u00e7\u00e3o quando congelado.<\/p>\n<p dir=\"ltr\"><strong>Aten\u00e7\u00e3o<\/strong>: Porcionar primeiro, depois congelar.<\/p>\n<p dir=\"ltr\"><strong>Notas sobre a solu\u00e7\u00e3o de a\u00e7\u00facar e mel (ZH) - embalagem de recarga 10ml<\/strong><br \/>\nConte\u00fado: 10 ml<\/p>\n<p dir=\"ltr\"><strong>Descri\u00e7\u00e3o:<\/strong> Trata-se de um produto constitu\u00eddo por v\u00e1rios hidratos de carbono (como o mel e o a\u00e7\u00facar).<\/p>\n<p dir=\"ltr\"><strong>Aplica\u00e7\u00e3o:<\/strong> O tubo de alimenta\u00e7\u00e3o pode ser colocado inteiro no formic\u00e1rio ou, em alternativa, dependendo das necessidades\/tamanho da col\u00f3nia, podem ser colocadas quantidades mais pequenas numa tigela de alimenta\u00e7\u00e3o. O alimento deve ser consumido num prazo de cerca de 3 dias, caso contr\u00e1rio existe o risco de bolor. Pela mesma raz\u00e3o, limpar a tigela de comida antes de a voltar a encher.<\/p>\n<p dir=\"ltr\"><strong>Utiliza\u00e7\u00e3o:<\/strong><br \/>\nSolu\u00e7\u00e3o de a\u00e7\u00facar e mel = para esp\u00e9cies de formigas que comem a\u00e7\u00facar e mel<br \/>\nTrata-se de um alimento complementar<br \/>\nPode ser oferecida aos animais como fornecida. Uma vez que a concentra\u00e7\u00e3o de a\u00e7\u00facar diminui devido \u00e0 humidade e se inicia um processo de fermenta\u00e7\u00e3o, os alimentos deveriam ser substitu\u00eddos de 3 em 3 dias. Limpar bem o comedouro\/tubo antes de o voltar a utilizar.<br \/>\nUma vez aberta, a embalagem deve ser mantida bem fechada (se armazenada num local seco) e utilizada at\u00e9 \u00e0 data indicada (prazo de validade).<\/p>\n<p dir=\"ltr\"><strong>Cont\u00e9m:<\/strong><br \/>\nFrutose 27 a 44%,<br \/>\nglucose 22 para 41%,<br \/>\nsacarose at\u00e9 5%,<br \/>\nmaltose 4 a 14%,<br \/>\noutros a\u00e7\u00facares complexos 1 a 14%.<br \/>\nGordura: 0g<br \/>\nHidratos de carbono: 92g<br \/>\nProte\u00edna: 0g<br \/>\nSal: 0g<\/p>\n<p dir=\"ltr\"><strong>Armazenamento:<\/strong> A fim de garantir a qualidade dos alimentos, estes devem ser armazenados num local escuro e seco.<\/p>\n<p dir=\"ltr\"><strong>Nota:<\/strong><br \/>\nConsultar a bula para conhecer a composi\u00e7\u00e3o, os constituintes anal\u00edticos, a data de validade e o n\u00famero do lote.<br \/>\nLinha direta de informa\u00e7\u00f5es +49 30 439703870<\/p>\n<p dir=\"ltr\"><strong>Autoridade competente de controlo veterin\u00e1rio e alimentar:<\/strong><br \/>\nConsult\u00f3rio veterin\u00e1rio Steglitz<br \/>\nK\u00f6nigin-Luise-Str. 92<br \/>\n14195 Berlim<\/p>","protected":false},"excerpt":{"rendered":"<p>O conjunto \u00e9 composto por 34 pe\u00e7as<\/p>","protected":false},"featured_media":10983,"comment_status":"open","ping_status":"closed","template":"","meta":{"_acf_changed":false,"content-type":"","_monsterinsights_skip_tracking":false,"_monsterinsights_sitenote_active":false,"_monsterinsights_sitenote_note":"","_monsterinsights_sitenote_category":0},"product_brand":[484],"product_cat":[355,73],"product_tag":[],"class_list":{"0":"post-10988","1":"product","2":"type-product","3":"status-publish","4":"has-post-thumbnail","6":"product_brand-antcube","7":"product_cat-bundle-offers","8":"product_cat-starter-sets","10":"first","11":"instock","12":"taxable","13":"shipping-taxable","14":"purchasable","15":"product-type-simple"},"acf":[],"aioseo_notices":[],"jetpack_sharing_enabled":true,"_links":{"self":[{"href":"https:\/\/antcube.shop\/pt\/wp-json\/wp\/v2\/product\/10988","targetHints":{"allow":["GET"]}}],"collection":[{"href":"https:\/\/antcube.shop\/pt\/wp-json\/wp\/v2\/product"}],"about":[{"href":"https:\/\/antcube.shop\/pt\/wp-json\/wp\/v2\/types\/product"}],"replies":[{"embeddable":true,"href":"https:\/\/antcube.shop\/pt\/wp-json\/wp\/v2\/comments?post=10988"}],"wp:featuredmedia":[{"embeddable":true,"href":"https:\/\/antcube.shop\/pt\/wp-json\/wp\/v2\/media\/10983"}],"wp:attachment":[{"href":"https:\/\/antcube.shop\/pt\/wp-json\/wp\/v2\/media?parent=10988"}],"wp:term":[{"taxonomy":"product_brand","embeddable":true,"href":"https:\/\/antcube.shop\/pt\/wp-json\/wp\/v2\/product_brand?post=10988"},{"taxonomy":"product_cat","embeddable":true,"href":"https:\/\/antcube.shop\/pt\/wp-json\/wp\/v2\/product_cat?post=10988"},{"taxonomy":"product_tag","embeddable":true,"href":"https:\/\/antcube.shop\/pt\/wp-json\/wp\/v2\/product_tag?post=10988"}],"curies":[{"name":"wp","href":"https:\/\/api.w.org\/{rel}","templated":true}]}}