{"id":702,"date":"2021-08-17T10:58:14","date_gmt":"2021-08-17T08:58:14","guid":{"rendered":"https:\/\/antcube.shop\/?page_id=702"},"modified":"2024-09-09T17:06:06","modified_gmt":"2024-09-09T15:06:06","slug":"catching-queen-ants","status":"publish","type":"page","link":"https:\/\/antcube.shop\/pt\/catching-queen-ants\/","title":{"rendered":"Apanhar formigas rainhas"},"content":{"rendered":"<div id=\"gap-1461408420\" class=\"gap-element clearfix\" style=\"display:block; height:auto;\">\n\t\t\n<style>\n#gap-1461408420 {\n  padding-top: 177px;\n}\n@media (min-width:550px) {\n  #gap-1461408420 {\n    padding-top: 178px;\n  }\n}\n@media (min-width:850px) {\n  #gap-1461408420 {\n    padding-top: 75px;\n  }\n}\n<\/style>\n\t<\/div>\n\t\n\n\n  <div class=\"banner has-hover\" id=\"banner-1567420566\">\n          <div class=\"banner-inner fill\">\n        <div class=\"banner-bg fill\" >\n            <img loading=\"lazy\" decoding=\"async\" width=\"1020\" height=\"571\" src=\"https:\/\/i0.wp.com\/antcube.shop\/wp-content\/uploads\/2021\/09\/Screenshot-2021-09-16-150304.png?fit=1020%2C571&amp;ssl=1\" class=\"bg attachment-large size-large\" alt=\"Como capturar uma formiga rainha com um tubo de ensaio e uma pin\u00e7a de a\u00e7o para molas\" \/>                        <div class=\"overlay\"><\/div>            \n                    <\/div>\n\t\t\n        <div class=\"banner-layers container\">\n            <div class=\"fill banner-link\"><\/div>            \n\n   <div id=\"text-box-851425641\" class=\"text-box banner-layer x50 md-x50 lg-x50 y50 md-y50 lg-y50 res-text\">\n                                <div class=\"text-box-content text dark text-shadow-3\">\n              \n              <div class=\"text-inner text-center\">\n                  \n\n<h3 class=\"uppercase\"><strong>COMO ACOMPANHAR O SEU PR\u00d3PRIO qUEEN ANT<\/strong><\/h3>\n\n              <\/div>\n           <\/div>\n                            \n<style>\n#text-box-851425641 {\n  width: 60%;\n}\n#text-box-851425641 .text-box-content {\n  font-size: 100%;\n}\n<\/style>\n    <\/div>\n \n\n        <\/div>\n      <\/div>\n\n            \n<style>\n#banner-1567420566 {\n  padding-top: 400px;\n}\n#banner-1567420566 .overlay {\n  background-color: rgba(0, 0, 0, 0.17);\n}\n#banner-1567420566 .banner-bg img {\n  object-position: 56% 82%;\n}\n@media (min-width:550px) {\n  #banner-1567420566 {\n    padding-top: 500px;\n  }\n}\n<\/style>\n  <\/div>\n\n\n\t<div id=\"gap-1476905925\" class=\"gap-element clearfix\" style=\"display:block; height:auto;\">\n\t\t\n<style>\n#gap-1476905925 {\n  padding-top: 30px;\n}\n<\/style>\n\t<\/div>\n\t\n\n<div class=\"row\"  id=\"row-1558309841\">\n\n\n\t<div id=\"col-1708036987\" class=\"col medium-6 small-12 large-6\"  >\n\t\t\t\t<div class=\"col-inner\"  >\n\t\t\t\n\t\t\t\n\n<h3>Apanha a tua pr\u00f3pria formiga rainha<\/h3>\n<p>Se voc\u00ea quer pegar sua pr\u00f3pria formiga rainha, ou sorte ou alguma prepara\u00e7\u00e3o e pesquisa \u00e9 necess\u00e1ria.\u00a0<\/p>\n<p>As formigas costumam ter o seu voo nupcial uma vez por ano. S\u00f3 nesta altura a col\u00f3nia forma os chamados animais reprodutores, ou seja, jovens rainhas e zang\u00f5es (formigas machos). Elas s\u00e3o as \u00fanicas formigas capazes de voar. As rainhas soltam as asas depois de acasalarem com um ou mais machos. Os machos morrem ap\u00f3s um curto per\u00edodo (m\u00e1ximo de alguns dias), independentemente de terem acasalado ou n\u00e3o. <br \/>Ap\u00f3s as jovens rainhas terem completado o seu voo nupcial, procuram um local adequado para estabelecer a sua col\u00f3nia. Elas soltam as suas asas e come\u00e7am a enterrar-se. Este \u00e9 o momento perfeito para recolh\u00ea-las. Quando n\u00e3o tiverem mais asas, voc\u00ea pode ter certeza de que elas est\u00e3o acasaladas.<\/p>\n<p>A melhor maneira de recolh\u00ea-los \u00e9 usar pin\u00e7as de a\u00e7o para molas. Com elas, voc\u00ea pode agarrar os animais sem machuc\u00e1-los.<\/p>\n<p>Coloque-os num tubo de ensaio ou numa pequena caixa com orif\u00edcios para ventila\u00e7\u00e3o. Algumas esp\u00e9cies devem ser transportadas individualmente, outras podem ser mantidas juntas por um curto per\u00edodo de tempo em um recipiente, pois s\u00e3o menos agressivas entre si. Esp\u00e9cies diferentes devem ser sempre mantidas separadas.<\/p>\n<p>Para saber quando e onde pode encontrar as suas formigas rainhas, existem agora muitas \"cartas de voo nupciais\" online. N\u00f3s ligamos dois exemplos mais abaixo nesta p\u00e1gina.<\/p>\n<p>Por favor, certifique-se de que n\u00e3o est\u00e1 a recolher uma esp\u00e9cie protegida ou em perigo de extin\u00e7\u00e3o, h\u00e1 esp\u00e9cies mais do que suficientes em todos os pa\u00edses do mundo que t\u00eam popula\u00e7\u00f5es muito saud\u00e1veis.<\/p>\n<p><strong>Carta de voo nupcial em l\u00edngua alem\u00e3:<\/strong><\/p>\n<p><a href=\"https:\/\/www.ameisenforum.de\/schwarmflug.php\">Ameisenforum.de<\/a><\/p>\n<p><strong>Gr\u00e1fico de voo nupcial em l\u00edngua inglesa:<\/strong><\/p>\n<p><a href=\"https:\/\/antflights.com\/stats\/flights\">Antflights.com<\/a><\/p>\n\n\t\t<\/div>\n\t\t\t\t\t<\/div>\n\n\t\n\n\t<div id=\"col-867690103\" class=\"col medium-6 small-12 large-6\"  >\n\t\t\t\t<div class=\"col-inner\"  >\n\t\t\t\n\t\t\t\n\n\t<div class=\"img has-hover x md-x lg-x y md-y lg-y\" id=\"image_1652085141\">\n\t\t<a class=\"image-lightbox lightbox-gallery\" title=\"\" href=\"https:\/\/i0.wp.com\/antcube.shop\/wp-content\/uploads\/2021\/07\/Lasius-niger.jpg?ssl=1\">\t\t\t\t\t\t<div class=\"img-inner dark\" >\n\t\t\t<img data-recalc-dims=\"1\" loading=\"lazy\" decoding=\"async\" width=\"1000\" height=\"1000\" src=\"https:\/\/i0.wp.com\/antcube.shop\/wp-content\/uploads\/2021\/07\/Lasius-niger.jpg?resize=1000%2C1000&#038;ssl=1\" class=\"attachment-original size-original\" alt=\"Lasius niger queen ant macro sobre fundo branco\" srcset=\"https:\/\/i0.wp.com\/antcube.shop\/wp-content\/uploads\/2021\/07\/Lasius-niger.jpg?w=1000&amp;ssl=1 1000w, https:\/\/i0.wp.com\/antcube.shop\/wp-content\/uploads\/2021\/07\/Lasius-niger.jpg?resize=247%2C247&amp;ssl=1 247w, https:\/\/i0.wp.com\/antcube.shop\/wp-content\/uploads\/2021\/07\/Lasius-niger.jpg?resize=100%2C100&amp;ssl=1 100w, https:\/\/i0.wp.com\/antcube.shop\/wp-content\/uploads\/2021\/07\/Lasius-niger.jpg?resize=510%2C510&amp;ssl=1 510w, https:\/\/i0.wp.com\/antcube.shop\/wp-content\/uploads\/2021\/07\/Lasius-niger.jpg?resize=400%2C400&amp;ssl=1 400w, https:\/\/i0.wp.com\/antcube.shop\/wp-content\/uploads\/2021\/07\/Lasius-niger.jpg?resize=800%2C800&amp;ssl=1 800w, https:\/\/i0.wp.com\/antcube.shop\/wp-content\/uploads\/2021\/07\/Lasius-niger.jpg?resize=280%2C280&amp;ssl=1 280w, https:\/\/i0.wp.com\/antcube.shop\/wp-content\/uploads\/2021\/07\/Lasius-niger.jpg?resize=768%2C768&amp;ssl=1 768w\" sizes=\"auto, (max-width: 1000px) 100vw, 1000px\" \/>\t\t\t\t\t\t\n\t\t\t\t\t<\/div>\n\t\t\t\t\t\t<\/a>\t\t\n<style>\n#image_1652085141 {\n  width: 100%;\n}\n<\/style>\n\t<\/div>\n\t\n\n\t<div id=\"text-3788468601\" class=\"text\">\n\t\t\n\n<p>rainha lasius niger<\/p>\n\t\t\n<style>\n#text-3788468601 {\n  text-align: center;\n}\n<\/style>\n\t<\/div>\n\t\n\n\t\t<\/div>\n\t\t\t\t\t<\/div>\n\n\t\n\n<\/div>","protected":false},"excerpt":{"rendered":"","protected":false},"author":1,"featured_media":0,"parent":0,"menu_order":0,"comment_status":"closed","ping_status":"closed","template":"","meta":{"_acf_changed":false,"content-type":"","_monsterinsights_skip_tracking":false,"_monsterinsights_sitenote_active":false,"_monsterinsights_sitenote_note":"","_monsterinsights_sitenote_category":0,"footnotes":""},"class_list":["post-702","page","type-page","status-publish","hentry"],"acf":[],"aioseo_notices":[],"jetpack_sharing_enabled":true,"_links":{"self":[{"href":"https:\/\/antcube.shop\/pt\/wp-json\/wp\/v2\/pages\/702","targetHints":{"allow":["GET"]}}],"collection":[{"href":"https:\/\/antcube.shop\/pt\/wp-json\/wp\/v2\/pages"}],"about":[{"href":"https:\/\/antcube.shop\/pt\/wp-json\/wp\/v2\/types\/page"}],"author":[{"embeddable":true,"href":"https:\/\/antcube.shop\/pt\/wp-json\/wp\/v2\/users\/1"}],"replies":[{"embeddable":true,"href":"https:\/\/antcube.shop\/pt\/wp-json\/wp\/v2\/comments?post=702"}],"version-history":[{"count":10,"href":"https:\/\/antcube.shop\/pt\/wp-json\/wp\/v2\/pages\/702\/revisions"}],"predecessor-version":[{"id":9149,"href":"https:\/\/antcube.shop\/pt\/wp-json\/wp\/v2\/pages\/702\/revisions\/9149"}],"wp:attachment":[{"href":"https:\/\/antcube.shop\/pt\/wp-json\/wp\/v2\/media?parent=702"}],"curies":[{"name":"wp","href":"https:\/\/api.w.org\/{rel}","templated":true}]}}