{"id":645,"date":"2021-07-30T13:36:43","date_gmt":"2021-07-30T11:36:43","guid":{"rendered":"https:\/\/antcube.shop\/?page_id=645"},"modified":"2024-11-29T15:29:21","modified_gmt":"2024-11-29T14:29:21","slug":"reach-regulamentacao","status":"publish","type":"page","link":"https:\/\/antcube.shop\/pt\/reach-regulamentacao\/","title":{"rendered":"REACH-Regulamento"},"content":{"rendered":"<div id=\"gap-1341940650\" class=\"gap-element clearfix\" style=\"display:block; height:auto;\">\n\t\t\n<style>\n#gap-1341940650 {\n  padding-top: 198px;\n}\n@media (min-width:850px) {\n  #gap-1341940650 {\n    padding-top: 190px;\n  }\n}\n<\/style>\n\t<\/div>\n\t\n\n<div class=\"row\"  id=\"row-636233339\">\n\n\n\t<div id=\"col-1700278661\" class=\"col small-12 large-12\"  >\n\t\t\t\t<div class=\"col-inner\"  >\n\t\t\t\n\t\t\t\n\n<h3><b>Conformidade REACH dos nossos produtos<\/b><\/h3>\n<ol>\n<li><b> estatuto dos nossos produtos de acordo com o regulamento REACH <\/b><b><br \/><\/b><span style=\"font-weight: 400;\">Os produtos ANTSTORE s\u00e3o definidos como <\/span><b>artigos <\/b><span style=\"font-weight: 400;\">de acordo com o regulamento REACH.<\/span><\/li>\n<\/ol>\n<ul>\n<li style=\"font-weight: 400;\" aria-level=\"1\"><span style=\"font-weight: 400;\">A sua fun\u00e7\u00e3o \u00e9 determinada principalmente por <\/span><b>a sua forma e superf\u00edcie<\/b><span style=\"font-weight: 400;\">e n\u00e3o pela sua composi\u00e7\u00e3o qu\u00edmica.<\/span><\/li>\n<li style=\"font-weight: 400;\" aria-level=\"1\"><b>N\u00e3o h\u00e1 obriga\u00e7\u00e3o de registo <\/b><span style=\"font-weight: 400;\">estes produtos ao abrigo do Regulamento REACH.<\/span><\/li>\n<\/ul>\n<ol start=\"2\">\n<li><b> Subst\u00e2ncias SVHC (subst\u00e2ncias que suscitam elevada preocupa\u00e7\u00e3o)<\/b><\/li>\n<\/ol>\n<ul>\n<li style=\"font-weight: 400;\" aria-level=\"1\"><span style=\"font-weight: 400;\">Os nossos produtos <\/span><b>n\u00e3o cont\u00eam quaisquer subst\u00e2ncias <\/b><span style=\"font-weight: 400;\">com um teor superior a 0,1 por cento em massa, definidos como <\/span><b>SVHC <\/b><span style=\"font-weight: 400;\">(Subst\u00e2ncias que suscitam elevada preocupa\u00e7\u00e3o) de acordo com o artigo 57.\u00ba do Regulamento REACH e inclu\u00eddas no Anexo XIV do Regulamento (a chamada \"lista de subst\u00e2ncias candidatas\").<\/span><\/li>\n<\/ul>\n<p><b>3 Papel do utilizador a jusante <\/b><b><br \/><\/b><span style=\"font-weight: 400;\">De acordo com o regulamento REACH, a nossa empresa \u00e9 considerada uma <\/span><b>utilizador a jusante<\/b><span style=\"font-weight: 400;\">.<\/span><\/p>\n<ul>\n<li style=\"font-weight: 400;\" aria-level=\"1\"><span style=\"font-weight: 400;\">Para todas as subst\u00e2ncias e prepara\u00e7\u00f5es utilizadas no processo de fabrico (por exemplo, colas, tintas, lubrificantes):<\/span>\n<ul>\n<li style=\"font-weight: 400;\" aria-level=\"2\"><span style=\"font-weight: 400;\">Recebemos confirma\u00e7\u00f5es e declara\u00e7\u00f5es dos nossos fornecedores relativamente \u00e0 utiliza\u00e7\u00e3o prevista e (atual) <\/span><b>pr\u00e9-registo<\/b><span style=\"font-weight: 400;\">?<\/span><\/li>\n<li style=\"font-weight: 400;\" aria-level=\"2\"><span style=\"font-weight: 400;\">Estamos em estreito contacto com os nossos fornecedores para garantir a conformidade com o REACH.<\/span><\/li>\n<\/ul>\n<\/li>\n<li style=\"font-weight: 400;\" aria-level=\"1\"><span style=\"font-weight: 400;\">N\u00e3o utilizamos quaisquer subst\u00e2ncias ou prepara\u00e7\u00f5es para as quais a nossa empresa necessitaria do seu pr\u00f3prio (pr\u00e9-)registo.<\/span><\/li>\n<\/ul>\n<p><span style=\"font-weight: 400;\">Se tiver mais alguma quest\u00e3o sobre a conformidade REACH dos nossos produtos, n\u00e3o hesite em contactar-nos.<\/span><\/p>\n<p>\u00a0<\/p>\n<p>\u00a0<\/p>\n<p><a href=\"https:\/\/www.antstore.net\/shop\/images\/documents\/ant%20escape%20protection%20lacquer%20EN.pdf\" target=\"_blank\" rel=\"noopener\"><span style=\"font-family: verdana,arial,helvetica,sans-serif;\"><img data-recalc-dims=\"1\" decoding=\"async\" src=\"https:\/\/i0.wp.com\/www.antstore.net\/shop\/images\/pdf_logo.gif?w=1020&#038;ssl=1\" alt=\"\" border=\"0\" \/>\u00a0Ficha de dados de seguran\u00e7a do material para laca de protec\u00e7\u00e3o contra a fuga de formigas<\/span><\/a>\u00a0(em ingl\u00eas) , (PDF 0,2 MB)<br \/><span style=\"color: #666666; font-family: arial,helvetica,sans-serif; font-size: xx-small;\">(conte\u00fado: instru\u00e7\u00f5es de seguran\u00e7a)<\/span><\/p>\n<p><a href=\"https:\/\/www.antstore.net\/shop\/images\/documents\/ant_escape_protection_oil_en.pdf\" target=\"_blank\" rel=\"noopener\"><span style=\"font-family: verdana,arial,helvetica,sans-serif;\"><img data-recalc-dims=\"1\" decoding=\"async\" src=\"https:\/\/i0.wp.com\/www.antstore.net\/shop\/images\/pdf_logo.gif?w=1020&#038;ssl=1\" alt=\"\" border=\"0\" \/>\u00a0Ficha de dados de seguran\u00e7a do material para \u00f3leo de protec\u00e7\u00e3o contra a fuga de formigas<\/span><\/a>\u00a0(ingl\u00eas) , (PDF 0,1 MB)<br \/><span style=\"color: #666666; font-family: arial,helvetica,sans-serif; font-size: xx-small;\">(conte\u00fado: instru\u00e7\u00f5es de seguran\u00e7a)<\/span>\u00a0<\/p>\n\n\t\t<\/div>\n\t\t\t\t\t<\/div>\n\n\t\n\n<\/div>","protected":false},"excerpt":{"rendered":"","protected":false},"author":1,"featured_media":0,"parent":0,"menu_order":0,"comment_status":"closed","ping_status":"closed","template":"","meta":{"_acf_changed":false,"content-type":"","_monsterinsights_skip_tracking":false,"_monsterinsights_sitenote_active":false,"_monsterinsights_sitenote_note":"","_monsterinsights_sitenote_category":0,"footnotes":""},"class_list":["post-645","page","type-page","status-publish","hentry"],"acf":[],"aioseo_notices":[],"jetpack_sharing_enabled":true,"_links":{"self":[{"href":"https:\/\/antcube.shop\/pt\/wp-json\/wp\/v2\/pages\/645","targetHints":{"allow":["GET"]}}],"collection":[{"href":"https:\/\/antcube.shop\/pt\/wp-json\/wp\/v2\/pages"}],"about":[{"href":"https:\/\/antcube.shop\/pt\/wp-json\/wp\/v2\/types\/page"}],"author":[{"embeddable":true,"href":"https:\/\/antcube.shop\/pt\/wp-json\/wp\/v2\/users\/1"}],"replies":[{"embeddable":true,"href":"https:\/\/antcube.shop\/pt\/wp-json\/wp\/v2\/comments?post=645"}],"version-history":[{"count":10,"href":"https:\/\/antcube.shop\/pt\/wp-json\/wp\/v2\/pages\/645\/revisions"}],"predecessor-version":[{"id":10640,"href":"https:\/\/antcube.shop\/pt\/wp-json\/wp\/v2\/pages\/645\/revisions\/10640"}],"wp:attachment":[{"href":"https:\/\/antcube.shop\/pt\/wp-json\/wp\/v2\/media?parent=645"}],"curies":[{"name":"wp","href":"https:\/\/api.w.org\/{rel}","templated":true}]}}