{"id":641,"date":"2021-07-30T13:35:42","date_gmt":"2021-07-30T11:35:42","guid":{"rendered":"https:\/\/antcube.shop\/?page_id=641"},"modified":"2024-11-29T15:44:57","modified_gmt":"2024-11-29T14:44:57","slug":"lei-da-bateria","status":"publish","type":"page","link":"https:\/\/antcube.shop\/pt\/lei-da-bateria\/","title":{"rendered":"Lei da bateria"},"content":{"rendered":"<div id=\"gap-2031017898\" class=\"gap-element clearfix\" style=\"display:block; height:auto;\">\n\t\t\n<style>\n#gap-2031017898 {\n  padding-top: 190px;\n}\n<\/style>\n\t<\/div>\n\t\n\n<div class=\"row\"  id=\"row-1190002049\">\n\n\n\t<div id=\"col-1504849226\" class=\"col small-12 large-12\"  >\n\t\t\t\t<div class=\"col-inner\"  >\n\t\t\t\n\t\t\t\n\n<h3><b>Notas sobre a Lei da Bateria (BattG)<\/b><\/h3>\n<ol>\n<li><b> pilhas e pilhas recarreg\u00e1veis em aparelhos <\/b><b><br \/><\/b><span style=\"font-weight: 400;\">Muitos dos nossos produtos cont\u00eam pilhas ou pilhas recarreg\u00e1veis que s\u00e3o utilizadas, por exemplo, para operar controlos remotos ou como componentes permanentemente instalados em dispositivos. Relativamente \u00e0 venda destas pilhas ou pilhas recarreg\u00e1veis, gostar\u00edamos de chamar a sua aten\u00e7\u00e3o para o seguinte:<\/span><\/li>\n<li><b> obriga\u00e7\u00e3o legal de regresso<\/b><\/li>\n<\/ol>\n<ul>\n<li style=\"font-weight: 400;\" aria-level=\"1\"><b>Elimina\u00e7\u00e3o de pilhas usadas<\/b><span style=\"font-weight: 400;\"><br \/><\/span><span style=\"font-weight: 400;\"> De acordo com a lei relativa \u00e0s pilhas, as pilhas usadas devem ser eliminadas gratuitamente num centro de recolha municipal, em contentores especiais para pilhas usadas ou num retalhista local.<\/span><\/li>\n<li style=\"font-weight: 400;\" aria-level=\"1\"><b>Proibi\u00e7\u00e3o de elimina\u00e7\u00e3o nos res\u00edduos dom\u00e9sticos<\/b><span style=\"font-weight: 400;\"><br \/><\/span><span style=\"font-weight: 400;\">A elimina\u00e7\u00e3o de pilhas no lixo dom\u00e9stico \u00e9 expressamente proibida.<\/span><\/li>\n<\/ul>\n<ol start=\"3\">\n<li><b> op\u00e7\u00f5es de retorno no ANTSTORE <\/b><b><br \/><\/b><span style=\"font-weight: 400;\">Se n\u00e3o desejar utilizar um ponto de recolha municipal ou o seu revendedor local, oferecemos-lhe as seguintes op\u00e7\u00f5es para devolver as pilhas fornecidas por n\u00f3s:<\/span><\/li>\n<\/ol>\n<ul>\n<li style=\"font-weight: 400;\" aria-level=\"1\"><b>Devolu\u00e7\u00e3o gratuita no local<\/b><span style=\"font-weight: 400;\"><br \/><\/span><span style=\"font-weight: 400;\">As pilhas podem ser devolvidas diretamente \u00e0 nossa loja.<\/span><\/li>\n<li style=\"font-weight: 400;\" aria-level=\"1\"><b>Devolu\u00e7\u00e3o por correio<\/b><span style=\"font-weight: 400;\"><br \/><\/span><span style=\"font-weight: 400;\">Enviar as pilhas para:<\/span><span style=\"font-weight: 400;\"><br \/><\/span><b>ANTSTORE<\/b><b><br \/><\/b><b>Selerweg 41<\/b><b><br \/><\/b><b>D-12169 Berlim<\/b><\/li>\n<\/ul>\n<ol start=\"4\">\n<li><b> rotulagem das pilhas que cont\u00eam subst\u00e2ncias nocivas <\/b><b><br \/><\/b><span style=\"font-weight: 400;\">As pilhas que cont\u00eam subst\u00e2ncias nocivas est\u00e3o marcadas com o s\u00edmbolo de um <\/span><b>caixote do lixo riscado<\/b><span style=\"font-weight: 400;\">. Sob este s\u00edmbolo encontram-se as abreviaturas qu\u00edmicas das subst\u00e2ncias nocivas contidas:<\/span><\/li>\n<\/ol>\n<ul>\n<li style=\"font-weight: 400;\" aria-level=\"1\"><b>Pb <\/b><span style=\"font-weight: 400;\">= a pilha cont\u00e9m chumbo<\/span><\/li>\n<li style=\"font-weight: 400;\" aria-level=\"1\"><b>Cd <\/b><span style=\"font-weight: 400;\">= a pilha cont\u00e9m c\u00e1dmio<\/span><\/li>\n<li style=\"font-weight: 400;\" aria-level=\"1\"><b>Hg <\/b><span style=\"font-weight: 400;\">= a pilha cont\u00e9m merc\u00fario<\/span><\/li>\n<\/ul>\n<ol start=\"5\">\n<li><b> mais informa\u00e7\u00f5es<\/b><\/li>\n<\/ol>\n<ul>\n<li style=\"font-weight: 400;\" aria-level=\"1\"><span style=\"font-weight: 400;\">Encontrar\u00e1 informa\u00e7\u00f5es pormenorizadas:<\/span>\n<ul>\n<li style=\"font-weight: 400;\" aria-level=\"2\"><span style=\"font-weight: 400;\">Nos documentos que acompanham a entrega da mercadoria.<\/span><\/li>\n<li style=\"font-weight: 400;\" aria-level=\"2\"><span style=\"font-weight: 400;\">No manual de instru\u00e7\u00f5es do respetivo fabricante do aparelho.<\/span><\/li>\n<\/ul>\n<\/li>\n<li style=\"font-weight: 400;\" aria-level=\"1\"><span style=\"font-weight: 400;\">Pode obter mais informa\u00e7\u00f5es sobre a Lei relativa \u00e0s pilhas:<\/span>\n<ul>\n<li style=\"font-weight: 400;\" aria-level=\"2\"><span style=\"font-weight: 400;\">No Minist\u00e9rio Federal do Ambiente, da Prote\u00e7\u00e3o da Natureza e da Seguran\u00e7a Nuclear <\/span><a href=\"http:\/\/www.bmu.de\/abfallwirtschaft\"><span style=\"font-weight: 400;\">(<\/span><span style=\"font-weight: 400;\">www.bmu.de)<\/span><\/a><\/li>\n<li style=\"font-weight: 400;\" aria-level=\"2\"><span style=\"font-weight: 400;\">Na Ag\u00eancia Federal do Ambiente <\/span><a href=\"http:\/\/www.uba.de\"><span style=\"font-weight: 400;\">(<\/span><span style=\"font-weight: 400;\">www.uba.de)<\/span><\/a><\/li>\n<\/ul>\n<\/li>\n<\/ul>\n<p><b>Resumo<\/b><\/p>\n<ul>\n<li style=\"font-weight: 400;\" aria-level=\"1\"><span style=\"font-weight: 400;\">As pilhas n\u00e3o devem ser colocadas no lixo dom\u00e9stico.<\/span><\/li>\n<li style=\"font-weight: 400;\" aria-level=\"1\"><span style=\"font-weight: 400;\">Utilize os pontos de recolha municipais, os contentores de pilhas usadas ou as op\u00e7\u00f5es de devolu\u00e7\u00e3o na ANTSTORE.<\/span><\/li>\n<li style=\"font-weight: 400;\" aria-level=\"1\"><span style=\"font-weight: 400;\">Procure o s\u00edmbolo do caixote do lixo riscado e a rotulagem relativa aos poluentes.<\/span><\/li>\n<\/ul>\n<p><span style=\"font-weight: 400;\">Obrigado por contribuir ativamente para a prote\u00e7\u00e3o do ambiente, eliminando as pilhas de forma correta!<\/span><\/p>\n<h3><br \/><br \/><br \/><br \/><br \/><br \/><\/h3>\n\n\t\t<\/div>\n\t\t\t\t\t<\/div>\n\n\t\n\n<\/div>","protected":false},"excerpt":{"rendered":"","protected":false},"author":1,"featured_media":0,"parent":0,"menu_order":0,"comment_status":"closed","ping_status":"closed","template":"","meta":{"_acf_changed":false,"content-type":"","_monsterinsights_skip_tracking":false,"_monsterinsights_sitenote_active":false,"_monsterinsights_sitenote_note":"","_monsterinsights_sitenote_category":0,"footnotes":""},"class_list":["post-641","page","type-page","status-publish","hentry"],"acf":[],"aioseo_notices":[],"jetpack_sharing_enabled":true,"_links":{"self":[{"href":"https:\/\/antcube.shop\/pt\/wp-json\/wp\/v2\/pages\/641","targetHints":{"allow":["GET"]}}],"collection":[{"href":"https:\/\/antcube.shop\/pt\/wp-json\/wp\/v2\/pages"}],"about":[{"href":"https:\/\/antcube.shop\/pt\/wp-json\/wp\/v2\/types\/page"}],"author":[{"embeddable":true,"href":"https:\/\/antcube.shop\/pt\/wp-json\/wp\/v2\/users\/1"}],"replies":[{"embeddable":true,"href":"https:\/\/antcube.shop\/pt\/wp-json\/wp\/v2\/comments?post=641"}],"version-history":[{"count":3,"href":"https:\/\/antcube.shop\/pt\/wp-json\/wp\/v2\/pages\/641\/revisions"}],"predecessor-version":[{"id":10643,"href":"https:\/\/antcube.shop\/pt\/wp-json\/wp\/v2\/pages\/641\/revisions\/10643"}],"wp:attachment":[{"href":"https:\/\/antcube.shop\/pt\/wp-json\/wp\/v2\/media?parent=641"}],"curies":[{"name":"wp","href":"https:\/\/api.w.org\/{rel}","templated":true}]}}