{"id":639,"date":"2021-07-30T13:35:18","date_gmt":"2021-07-30T11:35:18","guid":{"rendered":"https:\/\/antcube.shop\/?page_id=639"},"modified":"2025-10-16T12:04:23","modified_gmt":"2025-10-16T10:04:23","slug":"metodos-de-pagamento","status":"publish","type":"page","link":"https:\/\/antcube.shop\/pt\/metodos-de-pagamento\/","title":{"rendered":"Formas de pagamento"},"content":{"rendered":"<div id=\"gap-1588744140\" class=\"gap-element clearfix\" style=\"display:block; height:auto;\">\n\t\t\n<style>\n#gap-1588744140 {\n  padding-top: 202px;\n}\n@media (min-width:850px) {\n  #gap-1588744140 {\n    padding-top: 172px;\n  }\n}\n<\/style>\n\t<\/div>\n\t\n\n<div class=\"row\"  id=\"row-1635770114\">\n\n\n\t<div id=\"col-1459164696\" class=\"col small-12 large-12\"  >\n\t\t\t\t<div class=\"col-inner\"  >\n\t\t\t\n\t\t\t\n\n<h1>Tipos de pagamento<\/h1>\n<h3><strong>1. Tipos de pagamento<\/strong><\/h3>\n<h3><strong>- Pr\u00e9-pagamento<\/strong><\/h3>\n<p><img data-recalc-dims=\"1\" loading=\"lazy\" decoding=\"async\" class=\"\" src=\"https:\/\/i0.wp.com\/www.antstore.net\/shop\/images\/icons\/vorkasse.jpg?resize=301%2C97&#038;ssl=1\" alt=\"\" width=\"301\" height=\"97\" \/><\/p>\n<h3><strong>- Sofort\u00fcberweisung \/ Klarna<\/strong><\/h3>\n<p><img data-recalc-dims=\"1\" loading=\"lazy\" decoding=\"async\" class=\"\" src=\"https:\/\/i0.wp.com\/www.antstore.net\/shop\/images\/icons\/sofort.jpg?resize=309%2C99&#038;ssl=1\" alt=\"\" width=\"309\" height=\"99\" \/><\/p>\n<h3><strong>- PayPal<\/strong><\/h3>\n<p><img data-recalc-dims=\"1\" loading=\"lazy\" decoding=\"async\" class=\"\" src=\"https:\/\/i0.wp.com\/www.antstore.net\/shop\/images\/icons\/paypal.jpg?resize=294%2C95&#038;ssl=1\" alt=\"\" width=\"294\" height=\"95\" \/><\/p>\n<p><strong>&#8211;\u00a0<\/strong>- Cart\u00e3o de cr\u00e9dito opcional (Visa ou Mastercard) e d\u00e9bito directo (um servi\u00e7o PayPal)<\/p>\n<p><img data-recalc-dims=\"1\" loading=\"lazy\" decoding=\"async\" class=\"\" src=\"https:\/\/i0.wp.com\/www.antstore.net\/shop\/images\/icons\/visa-master.JPG?resize=270%2C87&#038;ssl=1\" alt=\"\" width=\"270\" height=\"87\" \/><\/p>\n<p>- Cart\u00e3o de cr\u00e9dito (Visa, MasterCard) e d\u00e9bito directo (um servi\u00e7o PayPal)<\/p>\n<h3><strong>2. Taxas para a respectiva forma de pagamento:<\/strong><\/h3>\n<p>N\u00e3o h\u00e1 taxas de pagamento para os m\u00e9todos de pagamento oferecidos dentro da UE.<\/p>\n<h3><strong>3. Moeda<\/strong><\/h3>\n<p>Os pedidos s\u00f3 podem ser feitos e os pagamentos feitos em Euro (moeda padr\u00e3o). Todas as outras moedas possivelmente exibidas servem apenas para uma s\u00edntese aproximada.<br \/>N\u00f3s n\u00e3o damos nenhuma garantia sobre a atualidade dos dados da taxa de c\u00e2mbio!<\/p>\n<h3><strong>4. Pre\u00e7os e impostos<\/strong><\/h3>\n<p>Alemanha: Todos os pre\u00e7os incluem o IVA actual.<br \/>Uni\u00e3o Europeia (n\u00e3o Alemanha). Todos os pre\u00e7os incluem o IVA corrente para clientes comerciais com um ID de IVA. Os pre\u00e7os l\u00edquidos (sem IVA) ser\u00e3o cobrados.<\/p>\n\n\t\t<\/div>\n\t\t\t\t\t<\/div>\n\n\t\n\n<\/div>","protected":false},"excerpt":{"rendered":"","protected":false},"author":1,"featured_media":0,"parent":0,"menu_order":0,"comment_status":"closed","ping_status":"closed","template":"","meta":{"_acf_changed":false,"content-type":"","_monsterinsights_skip_tracking":false,"_monsterinsights_sitenote_active":false,"_monsterinsights_sitenote_note":"","_monsterinsights_sitenote_category":0,"footnotes":""},"class_list":["post-639","page","type-page","status-publish","hentry"],"acf":[],"aioseo_notices":[],"jetpack_sharing_enabled":true,"_links":{"self":[{"href":"https:\/\/antcube.shop\/pt\/wp-json\/wp\/v2\/pages\/639","targetHints":{"allow":["GET"]}}],"collection":[{"href":"https:\/\/antcube.shop\/pt\/wp-json\/wp\/v2\/pages"}],"about":[{"href":"https:\/\/antcube.shop\/pt\/wp-json\/wp\/v2\/types\/page"}],"author":[{"embeddable":true,"href":"https:\/\/antcube.shop\/pt\/wp-json\/wp\/v2\/users\/1"}],"replies":[{"embeddable":true,"href":"https:\/\/antcube.shop\/pt\/wp-json\/wp\/v2\/comments?post=639"}],"version-history":[{"count":9,"href":"https:\/\/antcube.shop\/pt\/wp-json\/wp\/v2\/pages\/639\/revisions"}],"predecessor-version":[{"id":6880,"href":"https:\/\/antcube.shop\/pt\/wp-json\/wp\/v2\/pages\/639\/revisions\/6880"}],"wp:attachment":[{"href":"https:\/\/antcube.shop\/pt\/wp-json\/wp\/v2\/media?parent=639"}],"curies":[{"name":"wp","href":"https:\/\/api.w.org\/{rel}","templated":true}]}}