{"id":628,"date":"2021-07-30T13:29:33","date_gmt":"2021-07-30T11:29:33","guid":{"rendered":"https:\/\/antcube.shop\/?page_id=628"},"modified":"2025-11-17T11:20:38","modified_gmt":"2025-11-17T10:20:38","slug":"revendedor","status":"publish","type":"page","link":"https:\/\/antcube.shop\/pt\/revendedor\/","title":{"rendered":"Seja um Revendedor"},"content":{"rendered":"<div id=\"gap-1585544375\" class=\"gap-element clearfix\" style=\"display:block; height:auto;\">\n\t\t\n<style>\n#gap-1585544375 {\n  padding-top: 181px;\n}\n@media (min-width:550px) {\n  #gap-1585544375 {\n    padding-top: 185px;\n  }\n}\n@media (min-width:850px) {\n  #gap-1585544375 {\n    padding-top: 137px;\n  }\n}\n<\/style>\n\t<\/div>\n\t\n\n\n  <div class=\"banner has-hover\" id=\"banner-479863860\">\n          <div class=\"banner-inner fill\">\n        <div class=\"banner-bg fill\" >\n            <img loading=\"lazy\" decoding=\"async\" width=\"900\" height=\"600\" src=\"https:\/\/i0.wp.com\/antcube.shop\/wp-content\/uploads\/2021\/09\/pexels-thirdman-5684382-scaled.jpg?fit=900%2C600&amp;ssl=1\" class=\"bg attachment-large size-large\" alt=\"\" \/>                        <div class=\"overlay\"><\/div>            \n                    <\/div>\n\t\t\n        <div class=\"banner-layers container\">\n            <div class=\"fill banner-link\"><\/div>            \n\n   <div id=\"text-box-1081942542\" class=\"text-box banner-layer x0 md-x50 lg-x50 y50 md-y85 lg-y35 res-text\">\n                                <div class=\"text-box-content text dark text-shadow-3\">\n              \n              <div class=\"text-inner text-center\">\n                  \n\n\t<div id=\"text-905549895\" class=\"text\">\n\t\t\n\n<h1><strong>Estamos \u00e0 procura de Revendedores!<\/strong><\/h1>\n<p>Estamos procurando Revendedores e Parceiros para vender nossos produtos ANTCUBE para formigueiros em todo o mundo. Se voc\u00ea quer se juntar a n\u00f3s e participar na cria\u00e7\u00e3o de uma comunidade mundial de amantes da formiga da formiga e da natureza<\/p>\n\t\t\n<style>\n#text-905549895 {\n  font-size: 0.75rem;\n  line-height: 1;\n  text-align: center;\n}\n@media (min-width:550px) {\n  #text-905549895 {\n    font-size: 0.95rem;\n  }\n}\n@media (min-width:850px) {\n  #text-905549895 {\n    font-size: 1.25rem;\n  }\n}\n<\/style>\n\t<\/div>\n\t\n\t<div id=\"text-999537464\" class=\"text\">\n\t\t\n\n<p>Contacte-nos em\u00a0<\/p>\n\t\t\n<style>\n#text-999537464 {\n  font-size: 1.05rem;\n  line-height: 0.75;\n}\n@media (min-width:550px) {\n  #text-999537464 {\n    font-size: 2.25rem;\n  }\n}\n<\/style>\n\t<\/div>\n\t\n\t<div id=\"text-251939599\" class=\"text\">\n\t\t\n\n<p>sales@antcube.de<\/p>\n\t\t\n<style>\n#text-251939599 {\n  font-size: 0.75rem;\n  line-height: 0.75;\n}\n@media (min-width:550px) {\n  #text-251939599 {\n    font-size: 2.25rem;\n  }\n}\n<\/style>\n\t<\/div>\n\t\n\n              <\/div>\n           <\/div>\n                            \n<style>\n#text-box-1081942542 {\n  width: 100%;\n}\n#text-box-1081942542 .text-box-content {\n  font-size: 100%;\n}\n@media (min-width:550px) {\n  #text-box-1081942542 {\n    width: 87%;\n  }\n}\n<\/style>\n    <\/div>\n \n\n        <\/div>\n      <\/div>\n\n              <div class=\"height-fix is-invisible\"><img loading=\"lazy\" decoding=\"async\" width=\"900\" height=\"600\" src=\"https:\/\/i0.wp.com\/antcube.shop\/wp-content\/uploads\/2021\/09\/pexels-thirdman-5684382-scaled.jpg?fit=900%2C600&amp;ssl=1\" class=\"attachment-large size-large\" alt=\"\" srcset=\"https:\/\/i0.wp.com\/antcube.shop\/wp-content\/uploads\/2021\/09\/pexels-thirdman-5684382-scaled.jpg?w=2560&amp;ssl=1 2560w, https:\/\/i0.wp.com\/antcube.shop\/wp-content\/uploads\/2021\/09\/pexels-thirdman-5684382-scaled.jpg?resize=510%2C340&amp;ssl=1 510w, https:\/\/i0.wp.com\/antcube.shop\/wp-content\/uploads\/2021\/09\/pexels-thirdman-5684382-scaled.jpg?resize=600%2C400&amp;ssl=1 600w, https:\/\/i0.wp.com\/antcube.shop\/wp-content\/uploads\/2021\/09\/pexels-thirdman-5684382-scaled.jpg?resize=1200%2C800&amp;ssl=1 1200w, https:\/\/i0.wp.com\/antcube.shop\/wp-content\/uploads\/2021\/09\/pexels-thirdman-5684382-scaled.jpg?resize=768%2C512&amp;ssl=1 768w, https:\/\/i0.wp.com\/antcube.shop\/wp-content\/uploads\/2021\/09\/pexels-thirdman-5684382-scaled.jpg?resize=1536%2C1024&amp;ssl=1 1536w, https:\/\/i0.wp.com\/antcube.shop\/wp-content\/uploads\/2021\/09\/pexels-thirdman-5684382-scaled.jpg?resize=2048%2C1365&amp;ssl=1 2048w\" sizes=\"auto, (max-width: 900px) 100vw, 900px\" \/><\/div>\n            \n<style>\n#banner-479863860 .overlay {\n  background-color: rgba(0, 0, 0, 0.174);\n}\n#banner-479863860 .banner-bg img {\n  object-position: 50% 45%;\n}\n<\/style>\n  <\/div>\n\n\n\t<div id=\"gap-1590183881\" class=\"gap-element clearfix\" style=\"display:block; height:auto;\">\n\t\t\n<style>\n#gap-1590183881 {\n  padding-top: 30px;\n}\n<\/style>\n\t<\/div>\n\t\n\n<div class=\"row\"  id=\"row-752148881\">\n\n\n\t<div id=\"col-1320121503\" class=\"col small-12 large-12\"  >\n\t\t\t\t<div class=\"col-inner\"  >\n\t\t\t\n\t\t\t\n\n<div class=\"wp-block-cover alignfull has-nv-site-bg-background-color has-background-dim\">\n<div class=\"wp-block-cover__inner-container\">\n<h2 class=\"has-text-align-center has-neve-text-color-color has-text-color\">Est\u00e1 interessado em vender os nossos produtos?<\/h2>\n<\/div>\n<\/div>\n<h2 class=\"has-text-align-center has-medium-font-size\">Nosso alvo<\/h2>\n<p class=\"has-text-align-center\">Estamos procurando Revendedores e Parceiros para vender nossos produtos ANTCUBE para formigueiros em todo o mundo. Queremos construir uma comunidade internacional de propriet\u00e1rios de lojas e hobbyistas para tornar a manuten\u00e7\u00e3o de formigas mais popular e profissional. Se voc\u00ea j\u00e1 possui uma loja ou est\u00e1 \u00e0 procura de uma nova oportunidade de neg\u00f3cio, sinta-se \u00e0 vontade para nos contactar.<\/p>\n<h2 class=\"has-text-align-center has-medium-font-size\">A manuten\u00e7\u00e3o de formigas \u00e9 um neg\u00f3cio em crescimento<\/h2>\n<p class=\"has-text-align-center\">A cria\u00e7\u00e3o de formigas tornou-se muito popular nos \u00faltimos anos. Estamos testemunhando uma crescente comunidade de amantes de formigas apaixonadas de formigas de todo o mundo. Al\u00e9m disso, estamos recebendo cada vez mais pedidos de empresas, zool\u00f3gicos, museus, universidades, institui\u00e7\u00f5es cient\u00edficas, etc.<\/p>\n<h2 class=\"has-text-align-center has-medium-font-size\" style=\"font-size: 23.04px;\">\u00a0<\/h2>\n<p><img data-recalc-dims=\"1\" loading=\"lazy\" decoding=\"async\" class=\"size-medium wp-image-3944 aligncenter\" src=\"https:\/\/i0.wp.com\/antcube.shop\/wp-content\/uploads\/2021\/11\/Palette-Beispiel-mit-Export-600x400.jpg?resize=600%2C400&#038;ssl=1\" alt=\"\" width=\"600\" height=\"400\" srcset=\"https:\/\/i0.wp.com\/antcube.shop\/wp-content\/uploads\/2021\/11\/Palette-Beispiel-mit-Export-scaled.jpg?resize=600%2C400&amp;ssl=1 600w, https:\/\/i0.wp.com\/antcube.shop\/wp-content\/uploads\/2021\/11\/Palette-Beispiel-mit-Export-scaled.jpg?resize=1200%2C800&amp;ssl=1 1200w, https:\/\/i0.wp.com\/antcube.shop\/wp-content\/uploads\/2021\/11\/Palette-Beispiel-mit-Export-scaled.jpg?resize=768%2C512&amp;ssl=1 768w, https:\/\/i0.wp.com\/antcube.shop\/wp-content\/uploads\/2021\/11\/Palette-Beispiel-mit-Export-scaled.jpg?resize=1536%2C1024&amp;ssl=1 1536w, https:\/\/i0.wp.com\/antcube.shop\/wp-content\/uploads\/2021\/11\/Palette-Beispiel-mit-Export-scaled.jpg?resize=2048%2C1365&amp;ssl=1 2048w, https:\/\/i0.wp.com\/antcube.shop\/wp-content\/uploads\/2021\/11\/Palette-Beispiel-mit-Export-scaled.jpg?resize=18%2C12&amp;ssl=1 18w, https:\/\/i0.wp.com\/antcube.shop\/wp-content\/uploads\/2021\/11\/Palette-Beispiel-mit-Export-scaled.jpg?resize=510%2C340&amp;ssl=1 510w\" sizes=\"auto, (max-width: 600px) 100vw, 600px\" \/><\/p>\n<h2 class=\"has-text-align-center has-medium-font-size\">Porqu\u00ea ANTCUBE?<\/h2>\n<p class=\"has-text-align-center\">Somos uma das maiores e mais antigas lojas de formigas existentes no mundo. Mais de 20 anos de experi\u00eancia na manuten\u00e7\u00e3o de formigas e na constru\u00e7\u00e3o de formic\u00e1rios fizeram de n\u00f3s o que somos hoje. Estamos convencidos de que a qualidade, durabilidade e sustentabilidade est\u00e3o se tornando cada vez mais importantes. Por isso, concentramo-nos no vidro como material para os nossos formic\u00e1rios. Ao contr\u00e1rio do acr\u00edlico e do pl\u00e1stico, o vidro deixa uma pegada ecol\u00f3gica muito menor. Al\u00e9m disso, estamos a trabalhar em embalagens completamente recicl\u00e1veis.<\/p>\n<p class=\"has-text-align-center\">O vidro tamb\u00e9m tem a vantagem de n\u00e3o se deteriorar a qualquer temperatura ou umidade adequada para a manuten\u00e7\u00e3o das formigas. As placas de vidro n\u00e3o se arranham t\u00e3o rapidamente, n\u00e3o deformam e n\u00e3o descolorem. A limpeza e opera\u00e7\u00e3o s\u00e3o f\u00e1ceis, a apar\u00eancia \u00e9 muito natural e chique. A nossa protec\u00e7\u00e3o de fuga \u00e9 muito eficaz, mesmo com esp\u00e9cies de formigas particularmente pequenas, e existem infinitas possibilidades de adapta\u00e7\u00e3o e expans\u00e3o.<\/p>\n<h2 class=\"has-text-align-center has-medium-font-size\">Porqu\u00ea manter formigas?<\/h2>\n<p class=\"has-text-align-center\">As formigas s\u00e3o muito f\u00e1ceis de manter, dependendo da esp\u00e9cie. Precisa de pouco espa\u00e7o e pode aliment\u00e1-las de quase tudo. As formigas quase n\u00e3o causam odores, s\u00e3o animais muito limpos, n\u00e3o fazem barulho e quase n\u00e3o produzem custos ap\u00f3s a aquisi\u00e7\u00e3o da col\u00f3nia e do formic\u00e1rio. Al\u00e9m disso, elas nunca t\u00eam de ir ao veterin\u00e1rio.<\/p>\n<p class=\"has-text-align-center\">As formigas s\u00e3o incrivelmente fascinantes. Ver uma \u00fanica rainha criar os seus primeiros trabalhadores durante um per\u00edodo de anos e depois ver a sua col\u00f3nia crescer para milhares de membros ao longo dos anos atrav\u00e9s de uma coopera\u00e7\u00e3o perfeita e do uso de recursos \u00e9 uma experi\u00eancia \u00fanica. Elas s\u00e3o animais extremamente sociais e algumas esp\u00e9cies formam castas diferentes, como oper\u00e1rios, soldados, agricultores ou at\u00e9 mesmo enfermeiras e adivinhe, todas elas s\u00e3o f\u00eameas. As formigas tamb\u00e9m s\u00e3o incrivelmente importantes para o nosso meio ambiente. N\u00e3o s\u00f3 est\u00e3o presentes em todos os ecossistemas habit\u00e1veis do mundo, como s\u00e3o mais especializadas e vers\u00e1teis do que qualquer outra esp\u00e9cie. As formigas tamb\u00e9m s\u00e3o semelhantes a n\u00f3s na sua forma de viver. A divis\u00e3o do trabalho, a conviv\u00eancia em grandes col\u00f4nias em um espa\u00e7o confinado e o uso de diferentes n\u00edveis da cadeia alimentar em todos os ecossistemas as torna t\u00e3o bem sucedidas, assim como n\u00f3s humanos. A \u00fanica diferen\u00e7a \u00e9 que n\u00e3o somos t\u00e3o eficientes, e as formigas existem h\u00e1 mais de 130 milh\u00f5es de anos, enquanto os humanos s\u00f3 existem h\u00e1 cerca de 300.000 anos.<\/p>\n\n\t\t<\/div>\n\t\t\t\t\t<\/div>\n\n\t\n\n<\/div>\n<div class=\"row\"  id=\"row-1324580567\">\n\n\n\t<div id=\"col-1179042407\" class=\"col medium-6 large-6\"  >\n\t\t\t\t<div class=\"col-inner\" style=\"background-color:#61ca9f;\" >\n\t\t\t\n\t\t\t\n\n<div class=\"container section-title-container\" ><h3 class=\"section-title section-title-normal\"><b aria-hidden=\"true\"><\/b><span class=\"section-title-main\" ><i class=\"icon-envelop\" aria-hidden=\"true\"><\/i>Contacte-nos<\/span><b aria-hidden=\"true\"><\/b><\/h3><\/div>\n\n\t<div id=\"text-1209947614\" class=\"text\">\n\t\t\n\n<\/p>\n<ul>\n<li><strong>E-Mail<\/strong>: sales@antcube.de<\/li>\n<li><strong>Telefone<\/strong>: +49 30 439703870<\/li>\n<\/ul>\n<p><strong>Hor\u00e1rio de trabalho <\/strong>(UTC\/GMT +1):<\/p>\n<ul>\n<li>Ter\u00e7a a sexta-feira das 10:00 - 18:00<\/li>\n<\/ul>\n\n\t\t\n<style>\n#text-1209947614 {\n  font-size: 0.75rem;\n}\n@media (min-width:550px) {\n  #text-1209947614 {\n    font-size: 1.5rem;\n  }\n}\n<\/style>\n\t<\/div>\n\t\n\t<div id=\"gap-79707394\" class=\"gap-element clearfix\" style=\"display:block; height:auto;\">\n\t\t\n<style>\n#gap-79707394 {\n  padding-top: 60px;\n}\n<\/style>\n\t<\/div>\n\t\n\n\t<div class=\"img has-hover x md-x lg-x y md-y lg-y\" id=\"image_1660719340\">\n\t\t\t\t\t\t\t\t<div class=\"img-inner dark\" >\n\t\t\t<img data-recalc-dims=\"1\" loading=\"lazy\" decoding=\"async\" width=\"900\" height=\"900\" src=\"https:\/\/i0.wp.com\/antcube.shop\/wp-content\/uploads\/2021\/09\/Firmeneingang.jpg?resize=900%2C900&#038;ssl=1\" class=\"attachment-original size-original\" alt=\"Entrada ANTSTORE\" srcset=\"https:\/\/i0.wp.com\/antcube.shop\/wp-content\/uploads\/2021\/09\/Firmeneingang.jpg?w=900&amp;ssl=1 900w, https:\/\/i0.wp.com\/antcube.shop\/wp-content\/uploads\/2021\/09\/Firmeneingang.jpg?resize=247%2C247&amp;ssl=1 247w, https:\/\/i0.wp.com\/antcube.shop\/wp-content\/uploads\/2021\/09\/Firmeneingang.jpg?resize=100%2C100&amp;ssl=1 100w, https:\/\/i0.wp.com\/antcube.shop\/wp-content\/uploads\/2021\/09\/Firmeneingang.jpg?resize=510%2C510&amp;ssl=1 510w, https:\/\/i0.wp.com\/antcube.shop\/wp-content\/uploads\/2021\/09\/Firmeneingang.jpg?resize=400%2C400&amp;ssl=1 400w, https:\/\/i0.wp.com\/antcube.shop\/wp-content\/uploads\/2021\/09\/Firmeneingang.jpg?resize=800%2C800&amp;ssl=1 800w, https:\/\/i0.wp.com\/antcube.shop\/wp-content\/uploads\/2021\/09\/Firmeneingang.jpg?resize=280%2C280&amp;ssl=1 280w, https:\/\/i0.wp.com\/antcube.shop\/wp-content\/uploads\/2021\/09\/Firmeneingang.jpg?resize=768%2C768&amp;ssl=1 768w\" sizes=\"auto, (max-width: 900px) 100vw, 900px\" \/>\t\t\t\t\t\t\n\t\t\t\t\t<\/div>\n\t\t\t\t\t\t\t\t\n<style>\n#image_1660719340 {\n  width: 100%;\n}\n<\/style>\n\t<\/div>\n\t\n\n\n\t\t<\/div>\n\t\t\t\t\t<\/div>\n\n\t\n\n\t<div id=\"col-291266383\" class=\"col medium-6 large-6\"  >\n\t\t\t\t<div class=\"col-inner\"  >\n\t\t\t\n\t\t\t\n\n<div class=\"container section-title-container\" ><h3 class=\"section-title section-title-normal\"><b aria-hidden=\"true\"><\/b><span class=\"section-title-main\" >Visite a nossa loja<\/span><b aria-hidden=\"true\"><\/b><\/h3><\/div>\n\n\t<div id=\"text-1899033098\" class=\"text\">\n\t\t\n\n<p><strong>Endere\u00e7o:<\/strong><\/p>\n<ul>\n<li>Rua: Selerweg 41<\/li>\n<li>C\u00f3digo Postal: D \u2013 12169<\/li>\n<li>Cidade: Berlim<\/li>\n<li>Pa\u00eds: Alemanha<\/li>\n<li>Distrito: Steglitz-Zehlendorf<\/li>\n<\/ul>\n<p><strong>Hor\u00e1rio de funcionamento<\/strong> (UTC\/GMT +1)<\/p>\n<ul>\n<li>Ter\u00e7a a sexta-feira 13:00 - 18:00<\/li>\n<\/ul>\n<p><strong>COVID-19 NOTA:<\/strong> Nossa loja de varejo \u00e9 <strong>encerrado desde mar\u00e7o de 2020<\/strong> ou ainda n\u00e3o acess\u00edvel aos visitantes. No entanto, pode encomendar e pagar os nossos produtos online e depois recolher tudo \u00e0 nossa porta ou enviar os produtos por servi\u00e7o de encomendas para sua casa. Nossa equipe de suporte ainda est\u00e1 dispon\u00edvel para os seus pedidos por e-mail ou telefone! N\u00f3s o manteremos atualizado.<\/p>\n<p><iframe loading=\"lazy\" style=\"border: 0;\" src=\"https:\/\/www.google.com\/maps\/embed?pb=!1m18!1m12!1m3!1d2431.3708399886823!2d13.335121715997175!3d52.454311048847416!2m3!1f0!2f0!3f0!3m2!1i1024!2i768!4f13.1!3m3!1m2!1s0x47a85a9242e5bc07%3A0xc44ee1d5a0728440!2sANTSTORE!5e0!3m2!1sde!2sde!4v1632470583913!5m2!1sde!2sde\" width=\"600\" height=\"450\" allowfullscreen=\"allowfullscreen\"><\/iframe><\/p>\n\t\t\n<style>\n#text-1899033098 {\n  font-size: 0.75rem;\n}\n<\/style>\n\t<\/div>\n\t\n\n\t\t<\/div>\n\t\t\t\t\t<\/div>\n\n\t\n\n<\/div>","protected":false},"excerpt":{"rendered":"","protected":false},"author":1,"featured_media":0,"parent":0,"menu_order":0,"comment_status":"closed","ping_status":"closed","template":"","meta":{"_acf_changed":false,"content-type":"","_monsterinsights_skip_tracking":false,"_monsterinsights_sitenote_active":false,"_monsterinsights_sitenote_note":"","_monsterinsights_sitenote_category":0,"footnotes":""},"class_list":["post-628","page","type-page","status-publish","hentry"],"acf":[],"aioseo_notices":[],"jetpack_sharing_enabled":true,"_links":{"self":[{"href":"https:\/\/antcube.shop\/pt\/wp-json\/wp\/v2\/pages\/628","targetHints":{"allow":["GET"]}}],"collection":[{"href":"https:\/\/antcube.shop\/pt\/wp-json\/wp\/v2\/pages"}],"about":[{"href":"https:\/\/antcube.shop\/pt\/wp-json\/wp\/v2\/types\/page"}],"author":[{"embeddable":true,"href":"https:\/\/antcube.shop\/pt\/wp-json\/wp\/v2\/users\/1"}],"replies":[{"embeddable":true,"href":"https:\/\/antcube.shop\/pt\/wp-json\/wp\/v2\/comments?post=628"}],"version-history":[{"count":10,"href":"https:\/\/antcube.shop\/pt\/wp-json\/wp\/v2\/pages\/628\/revisions"}],"predecessor-version":[{"id":12738,"href":"https:\/\/antcube.shop\/pt\/wp-json\/wp\/v2\/pages\/628\/revisions\/12738"}],"wp:attachment":[{"href":"https:\/\/antcube.shop\/pt\/wp-json\/wp\/v2\/media?parent=628"}],"curies":[{"name":"wp","href":"https:\/\/api.w.org\/{rel}","templated":true}]}}