{"id":4440,"date":"2022-07-21T17:15:31","date_gmt":"2022-07-21T15:15:31","guid":{"rendered":"https:\/\/antcube.shop\/?page_id=4440"},"modified":"2022-07-22T17:18:02","modified_gmt":"2022-07-22T15:18:02","slug":"procura-se-influencia","status":"publish","type":"page","link":"https:\/\/antcube.shop\/pt\/procura-se-influencia\/","title":{"rendered":"Influenciador procurado"},"content":{"rendered":"<div class=\"banner has-hover\" id=\"banner-1899317378\">\n          <div class=\"banner-inner fill\">\n        <div class=\"banner-bg fill\" >\n            <img loading=\"lazy\" decoding=\"async\" width=\"900\" height=\"600\" src=\"https:\/\/i0.wp.com\/antcube.shop\/wp-content\/uploads\/2022\/07\/kenny-eliason-nZJBt4gQlKI-unsplash-scaled.jpg?fit=900%2C600&amp;ssl=1\" class=\"bg attachment-large size-large\" alt=\"\" \/>                        <div class=\"overlay\"><\/div>            \n                    <\/div>\n\t\t\n        <div class=\"banner-layers container\">\n            <div class=\"fill banner-link\"><\/div>            \n\n   <div id=\"text-box-1709266638\" class=\"text-box banner-layer x50 md-x50 lg-x50 y20 md-y20 lg-y20 res-text\">\n                                <div class=\"text-box-content text\">\n              \n              <div class=\"text-inner text-left\">\n                  \n\n\t<div id=\"text-1725719565\" class=\"text\">\n\t\t\n\n<h2 class=\"uppercase\"><strong>Procuram-se Influenciadores Internacionais e ABASSADORES DE MARCA<\/strong><\/h2>\n<p>\u00a0<\/p>\n<p>\u00a0<\/p>\n\t\t\n<style>\n#text-1725719565 {\n  text-align: center;\n}\n<\/style>\n\t<\/div>\n\t\n\n              <\/div>\n           <\/div>\n                            \n<style>\n#text-box-1709266638 {\n  width: 60%;\n}\n#text-box-1709266638 .text-box-content {\n  font-size: 100%;\n}\n@media (min-width:550px) {\n  #text-box-1709266638 {\n    width: 100%;\n  }\n}\n<\/style>\n    <\/div>\n \n   <div id=\"text-box-1651595173\" class=\"text-box banner-layer x50 md-x50 lg-x50 y100 md-y100 lg-y100 res-text\">\n                                <div class=\"text-box-content text dark text-shadow-1\">\n              \n              <div class=\"text-inner text-center\">\n                  \n\n\t<div id=\"text-1759793655\" class=\"text\">\n\t\t\n\n<p>N\u00e3o importa se j\u00e1 est\u00e1 em Ants ou a tentar encontrar um novo projecto de nicho para impulsionar a sua conta Instagram, YouTube ou TikTok - QUEREMOS QUE VOC\u00ca!<\/p>\n<p>Estamos \u00e0 procura de Influenciadores apaixonados e profissionais que queiram trabalhar connosco num \u00fanico projecto ou numa base regular para promover os nossos produtos. N\u00e3o importa de que pa\u00eds se \u00e9 ou de que l\u00edngua se fala! Se estiver interessado, contacte-nos atrav\u00e9s de E-Mail em <a href=\"mailto:sales@antcube.de\">sales@antcube.de\u00a0<\/a><\/p>\n\t\t\n<style>\n#text-1759793655 {\n  font-size: 1.3rem;\n  color: rgb(0,0,0);\n}\n#text-1759793655 > * {\n  color: rgb(0,0,0);\n}\n<\/style>\n\t<\/div>\n\t\n\n              <\/div>\n           <\/div>\n                            \n<style>\n#text-box-1651595173 {\n  width: 94%;\n}\n#text-box-1651595173 .text-box-content {\n  font-size: 100%;\n}\n<\/style>\n    <\/div>\n \n\n        <\/div>\n      <\/div>\n\n            \n<style>\n#banner-1899317378 {\n  padding-top: 1000px;\n  background-color: rgb(255, 255, 255);\n}\n#banner-1899317378 .overlay {\n  background-color: rgba(190, 190, 190, 0.2);\n}\n#banner-1899317378 .banner-bg img {\n  object-position: 56% 97%;\n}\n<\/style>\n  <\/div>","protected":false},"excerpt":{"rendered":"","protected":false},"author":1,"featured_media":0,"parent":0,"menu_order":0,"comment_status":"closed","ping_status":"closed","template":"","meta":{"_acf_changed":false,"content-type":"","_monsterinsights_skip_tracking":false,"_monsterinsights_sitenote_active":false,"_monsterinsights_sitenote_note":"","_monsterinsights_sitenote_category":0,"footnotes":""},"class_list":["post-4440","page","type-page","status-publish","hentry"],"acf":[],"aioseo_notices":[],"jetpack_sharing_enabled":true,"_links":{"self":[{"href":"https:\/\/antcube.shop\/pt\/wp-json\/wp\/v2\/pages\/4440","targetHints":{"allow":["GET"]}}],"collection":[{"href":"https:\/\/antcube.shop\/pt\/wp-json\/wp\/v2\/pages"}],"about":[{"href":"https:\/\/antcube.shop\/pt\/wp-json\/wp\/v2\/types\/page"}],"author":[{"embeddable":true,"href":"https:\/\/antcube.shop\/pt\/wp-json\/wp\/v2\/users\/1"}],"replies":[{"embeddable":true,"href":"https:\/\/antcube.shop\/pt\/wp-json\/wp\/v2\/comments?post=4440"}],"version-history":[{"count":9,"href":"https:\/\/antcube.shop\/pt\/wp-json\/wp\/v2\/pages\/4440\/revisions"}],"predecessor-version":[{"id":4454,"href":"https:\/\/antcube.shop\/pt\/wp-json\/wp\/v2\/pages\/4440\/revisions\/4454"}],"wp:attachment":[{"href":"https:\/\/antcube.shop\/pt\/wp-json\/wp\/v2\/media?parent=4440"}],"curies":[{"name":"wp","href":"https:\/\/api.w.org\/{rel}","templated":true}]}}