{"id":2479,"date":"2021-09-30T10:43:05","date_gmt":"2021-09-30T08:43:05","guid":{"rendered":"https:\/\/antcube.shop\/?page_id=2479"},"modified":"2023-12-14T13:31:40","modified_gmt":"2023-12-14T12:31:40","slug":"quarto-passo","status":"publish","type":"page","link":"https:\/\/antcube.shop\/pt\/caca-formigas\/intermediario\/quarto-passo\/","title":{"rendered":"Passo 4"},"content":{"rendered":"<div id=\"gap-1994580904\" class=\"gap-element clearfix\" style=\"display:block; height:auto;\">\n\t\t\n<style>\n#gap-1994580904 {\n  padding-top: 200px;\n}\n@media (min-width:850px) {\n  #gap-1994580904 {\n    padding-top: 175px;\n  }\n}\n<\/style>\n\t<\/div>\n\t\n\n<div class=\"row\"  id=\"row-1437186795\">\n\n\n\t<div id=\"col-1198624950\" class=\"col small-12 large-12\"  >\n\t\t\t\t<div class=\"col-inner\"  >\n\t\t\t\n\t\t\t\n\n\t<div id=\"text-3177971244\" class=\"text\">\n\t\t\n\n<h3>Formigas para formigas experientes<\/h3>\n<p>Como as formigas vivem em habitats muito diferentes com condi\u00e7\u00f5es clim\u00e1ticas muito diferentes, voc\u00ea precisa ter certeza de que voc\u00ea pode fornecer a temperatura e umidade adequadas.<\/p>\n<p>Para manter a humidade correcta, basta humedecer a sua quinta de formigas, por exemplo, com um frasco de spray. No entanto, quando se trata de manter a temperatura certa, torna-se um pouco mais complicado. Voc\u00ea precisa ou de uma l\u00e2mpada de calor, um aquecedor ou um cabo ou aquecer o quarto, no qual voc\u00ea mant\u00e9m suas formigas, \u00e0 temperatura certa.<\/p>\n<p>No entanto, h\u00e1 muitas esp\u00e9cies que voc\u00ea pode manter \u00e0 temperatura ambiente. Mesmo que esteja 1-3 C\u00b0 abaixo da temperatura recomendada, geralmente n\u00e3o \u00e9 problem\u00e1tico.\u00a0<\/p>\n\t\t\n<style>\n#text-3177971244 {\n  text-align: center;\n}\n<\/style>\n\t<\/div>\n\t\n\n\t\t<\/div>\n\t\t\t\t\t<\/div>\n\n\t\n\n<\/div>\n\t<div id=\"text-671359656\" class=\"text\">\n\t\t\n\n<p><strong>Pergunta: Voc\u00ea est\u00e1 procurando uma esp\u00e9cie de formiga que voc\u00ea pode manter \u00e0 temperatura ambiente?<\/strong><\/p>\n\t\t\n<style>\n#text-671359656 {\n  font-size: 1.8rem;\n  text-align: center;\n}\n<\/style>\n\t<\/div>\n\t\n<div class=\"row\"  id=\"row-2142554347\">\n\n\n\t<div id=\"col-189198100\" class=\"col medium-6 small-12 large-6\"  >\n\t\t\t\t<div class=\"col-inner\"  >\n\t\t\t\n\t\t\t\n\n<a href=\"https:\/\/antcube.shop\/ant-finder\/intermediate\/step-4\/step-7\/\" class=\"button secondary expand\" >\n\t\t<span>Sim, eu quero mant\u00ea-los \u00e0 temperatura ambiente.<\/span>\n\t<\/a>\n\n\n\n\t\t<\/div>\n\t\t\t\t\t<\/div>\n\n\t\n\n\t<div id=\"col-1716819765\" class=\"col medium-6 small-12 large-6\"  >\n\t\t\t\t<div class=\"col-inner\"  >\n\t\t\t\n\t\t\t\n\n<a href=\"https:\/\/antcube.shop\/ant-finder\/intermediate\/step-4\/step-8\/\" class=\"button secondary expand\" >\n\t\t<span>N\u00e3o, eu vou fornecer a temperatura necess\u00e1ria<\/span>\n\t<\/a>\n\n\n\n\t\t<\/div>\n\t\t\t\t\t<\/div>\n\n\t\n\n<\/div>","protected":false},"excerpt":{"rendered":"","protected":false},"author":1,"featured_media":0,"parent":2468,"menu_order":0,"comment_status":"closed","ping_status":"closed","template":"","meta":{"_acf_changed":false,"content-type":"","_monsterinsights_skip_tracking":false,"_monsterinsights_sitenote_active":false,"_monsterinsights_sitenote_note":"","_monsterinsights_sitenote_category":0,"footnotes":""},"class_list":["post-2479","page","type-page","status-publish","hentry"],"acf":[],"aioseo_notices":[],"jetpack_sharing_enabled":true,"_links":{"self":[{"href":"https:\/\/antcube.shop\/pt\/wp-json\/wp\/v2\/pages\/2479","targetHints":{"allow":["GET"]}}],"collection":[{"href":"https:\/\/antcube.shop\/pt\/wp-json\/wp\/v2\/pages"}],"about":[{"href":"https:\/\/antcube.shop\/pt\/wp-json\/wp\/v2\/types\/page"}],"author":[{"embeddable":true,"href":"https:\/\/antcube.shop\/pt\/wp-json\/wp\/v2\/users\/1"}],"replies":[{"embeddable":true,"href":"https:\/\/antcube.shop\/pt\/wp-json\/wp\/v2\/comments?post=2479"}],"version-history":[{"count":10,"href":"https:\/\/antcube.shop\/pt\/wp-json\/wp\/v2\/pages\/2479\/revisions"}],"predecessor-version":[{"id":6793,"href":"https:\/\/antcube.shop\/pt\/wp-json\/wp\/v2\/pages\/2479\/revisions\/6793"}],"up":[{"embeddable":true,"href":"https:\/\/antcube.shop\/pt\/wp-json\/wp\/v2\/pages\/2468"}],"wp:attachment":[{"href":"https:\/\/antcube.shop\/pt\/wp-json\/wp\/v2\/media?parent=2479"}],"curies":[{"name":"wp","href":"https:\/\/api.w.org\/{rel}","templated":true}]}}