{"id":2477,"date":"2021-09-30T10:42:35","date_gmt":"2021-09-30T08:42:35","guid":{"rendered":"https:\/\/antcube.shop\/?page_id=2477"},"modified":"2023-12-15T12:50:14","modified_gmt":"2023-12-15T11:50:14","slug":"degrau-3","status":"publish","type":"page","link":"https:\/\/antcube.shop\/pt\/caca-formigas\/intermediario\/degrau-3\/","title":{"rendered":"Passo 3"},"content":{"rendered":"<div id=\"gap-796566476\" class=\"gap-element clearfix\" style=\"display:block; height:auto;\">\n\t\t\n<style>\n#gap-796566476 {\n  padding-top: 201px;\n}\n@media (min-width:850px) {\n  #gap-796566476 {\n    padding-top: 175px;\n  }\n}\n<\/style>\n\t<\/div>\n\t\n\n<div class=\"row\"  id=\"row-1764665457\">\n\n\n\t<div id=\"col-979517286\" class=\"col small-12 large-12\"  >\n\t\t\t\t<div class=\"col-inner\"  >\n\t\t\t\n\t\t\t\n\n\t<div id=\"text-3470328601\" class=\"text\">\n\t\t\n\n<h3>Formigas para formigas experientes<\/h3>\n<p>Como as formigas vivem em habitats muito diferentes com condi\u00e7\u00f5es clim\u00e1ticas muito diferentes, voc\u00ea precisa ter certeza de que voc\u00ea pode fornecer a temperatura e umidade adequadas.<\/p>\n<p>\u00a0<\/p>\n<p>Para manter a humidade correcta, basta humedecer a sua quinta de formigas, por exemplo, com um frasco de spray. No entanto, quando se trata de manter a temperatura certa, torna-se um pouco mais complicado. Voc\u00ea precisa ou de uma l\u00e2mpada de calor, um aquecedor ou um cabo ou aquecer o quarto, no qual voc\u00ea mant\u00e9m suas formigas, \u00e0 temperatura certa.<\/p>\n<p>\u00a0<\/p>\n<p>No entanto, h\u00e1 muitas esp\u00e9cies que voc\u00ea pode manter \u00e0 temperatura ambiente. Mesmo que esteja 1-3 C\u00b0 abaixo da temperatura recomendada, geralmente n\u00e3o \u00e9 problem\u00e1tico.\u00a0<\/p>\n\t\t\n<style>\n#text-3470328601 {\n  text-align: center;\n}\n<\/style>\n\t<\/div>\n\t\n\n\t\t<\/div>\n\t\t\t\t\t<\/div>\n\n\t\n\n<\/div>\n\t<div id=\"text-4024908836\" class=\"text\">\n\t\t\n\n<p><strong>Pergunta: Voc\u00ea est\u00e1 procurando uma esp\u00e9cie de formiga que voc\u00ea pode manter \u00e0 temperatura ambiente?<\/strong><\/p>\n\t\t\n<style>\n#text-4024908836 {\n  font-size: 1.8rem;\n  text-align: center;\n}\n<\/style>\n\t<\/div>\n\t\n<div class=\"row\"  id=\"row-1324159035\">\n\n\n\t<div id=\"col-1883137770\" class=\"col medium-6 small-12 large-6\"  >\n\t\t\t\t<div class=\"col-inner\"  >\n\t\t\t\n\t\t\t\n\n<a href=\"https:\/\/antcube.shop\/ant-finder\/intermediate\/step-3\/step-5\/\" class=\"button secondary expand\" >\n\t\t<span>Sim, eu quero mant\u00ea-los \u00e0 temperatura ambiente.<\/span>\n\t<\/a>\n\n\n\n\t\t<\/div>\n\t\t\t\t\t<\/div>\n\n\t\n\n\t<div id=\"col-2094762077\" class=\"col medium-6 small-12 large-6\"  >\n\t\t\t\t<div class=\"col-inner\"  >\n\t\t\t\n\t\t\t\n\n<a href=\"https:\/\/antcube.shop\/ant-finder\/intermediate\/step-3\/step-6\/\" class=\"button secondary expand\" >\n\t\t<span>N\u00e3o, eu vou fornecer a temperatura necess\u00e1ria<\/span>\n\t<\/a>\n\n\n\n\t\t<\/div>\n\t\t\t\t\t<\/div>\n\n\t\n\n<\/div>","protected":false},"excerpt":{"rendered":"","protected":false},"author":1,"featured_media":0,"parent":2468,"menu_order":0,"comment_status":"closed","ping_status":"closed","template":"","meta":{"_acf_changed":false,"content-type":"","_monsterinsights_skip_tracking":false,"_monsterinsights_sitenote_active":false,"_monsterinsights_sitenote_note":"","_monsterinsights_sitenote_category":0,"footnotes":""},"class_list":["post-2477","page","type-page","status-publish","hentry"],"acf":[],"aioseo_notices":[],"jetpack_sharing_enabled":true,"_links":{"self":[{"href":"https:\/\/antcube.shop\/pt\/wp-json\/wp\/v2\/pages\/2477","targetHints":{"allow":["GET"]}}],"collection":[{"href":"https:\/\/antcube.shop\/pt\/wp-json\/wp\/v2\/pages"}],"about":[{"href":"https:\/\/antcube.shop\/pt\/wp-json\/wp\/v2\/types\/page"}],"author":[{"embeddable":true,"href":"https:\/\/antcube.shop\/pt\/wp-json\/wp\/v2\/users\/1"}],"replies":[{"embeddable":true,"href":"https:\/\/antcube.shop\/pt\/wp-json\/wp\/v2\/comments?post=2477"}],"version-history":[{"count":10,"href":"https:\/\/antcube.shop\/pt\/wp-json\/wp\/v2\/pages\/2477\/revisions"}],"predecessor-version":[{"id":6869,"href":"https:\/\/antcube.shop\/pt\/wp-json\/wp\/v2\/pages\/2477\/revisions\/6869"}],"up":[{"embeddable":true,"href":"https:\/\/antcube.shop\/pt\/wp-json\/wp\/v2\/pages\/2468"}],"wp:attachment":[{"href":"https:\/\/antcube.shop\/pt\/wp-json\/wp\/v2\/media?parent=2477"}],"curies":[{"name":"wp","href":"https:\/\/api.w.org\/{rel}","templated":true}]}}