{"id":2468,"date":"2021-09-30T10:04:30","date_gmt":"2021-09-30T08:04:30","guid":{"rendered":"https:\/\/antcube.shop\/?page_id=2468"},"modified":"2023-12-15T12:50:52","modified_gmt":"2023-12-15T11:50:52","slug":"intermediario","status":"publish","type":"page","link":"https:\/\/antcube.shop\/pt\/caca-formigas\/intermediario\/","title":{"rendered":"intermedi\u00e1rio"},"content":{"rendered":"<div id=\"gap-1412318183\" class=\"gap-element clearfix\" style=\"display:block; height:auto;\">\n\t\t\n<style>\n#gap-1412318183 {\n  padding-top: 200px;\n}\n@media (min-width:850px) {\n  #gap-1412318183 {\n    padding-top: 175px;\n  }\n}\n<\/style>\n\t<\/div>\n\t\n\n<div class=\"row\"  id=\"row-1481323899\">\n\n\n\t<div id=\"col-128860316\" class=\"col small-12 large-12\"  >\n\t\t\t\t<div class=\"col-inner\"  >\n\t\t\t\n\t\t\t\n\n\t<div id=\"text-2932850686\" class=\"text\">\n\t\t\n\n<h3>Formigas para formigas experientes<\/h3>\n<p>Muitas esp\u00e9cies de formigas de regi\u00f5es mais frias precisam de hibernar. Isto varia de acordo com a origem da esp\u00e9cie. As formigas que hibernam na natureza devem fazer o mesmo em sua casa. Se n\u00e3o der aos animais a sua pausa natural, ent\u00e3o o crescimento da col\u00f3nia pode abrandar ou a rainha pode morrer muito cedo.\u00a0<\/p>\n<p>Algumas formigas hibernam por apenas tr\u00eas meses enquanto outras precisam de um per\u00edodo de quatro a cinco meses (geralmente entre Novembro e Mar\u00e7o). Tamb\u00e9m a temperatura que algumas esp\u00e9cies necessitam para a hiberna\u00e7\u00e3o difere. Por exemplo, as esp\u00e9cies do norte da Europa precisam de temperaturas entre 5\u00b0C e 8\u00b0C, enquanto as esp\u00e9cies do sul da Europa precisam de temperaturas em torno de 15\u00b0C. As esp\u00e9cies do norte da Europa param completamente a actividade durante a hiberna\u00e7\u00e3o e as esp\u00e9cies do sul da Europa ainda est\u00e3o ligeiramente activas.<\/p>\n\t\t\n<style>\n#text-2932850686 {\n  text-align: center;\n}\n<\/style>\n\t<\/div>\n\t\n\n\t\t<\/div>\n\t\t\t\t\t<\/div>\n\n\t\n\n<\/div>\n\t<div id=\"text-2651760468\" class=\"text\">\n\t\t\n\n<p><strong>Pergunta: Voc\u00ea est\u00e1 procurando por uma esp\u00e9cie de formiga com ou sem hiberna\u00e7\u00e3o?<\/strong><\/p>\n\t\t\n<style>\n#text-2651760468 {\n  font-size: 1.8rem;\n  text-align: center;\n}\n<\/style>\n\t<\/div>\n\t\n<div class=\"row\" style=\"max-width:650px\" id=\"row-1554986073\">\n\n\n\t<div id=\"col-912512751\" class=\"col medium-6 small-12 large-6\"  >\n\t\t\t\t<div class=\"col-inner\"  >\n\t\t\t\n\t\t\t\n\n<a href=\"https:\/\/antcube.shop\/ant-finder\/intermediate\/step-3\/\" class=\"button secondary expand\" >\n\t\t<span>Formigas que precisam de hiberna\u00e7\u00e3o<\/span>\n\t<\/a>\n\n\n\n\t\t<\/div>\n\t\t\t\t\t<\/div>\n\n\t\n\n\t<div id=\"col-15980302\" class=\"col medium-6 small-12 large-6\"  >\n\t\t\t\t<div class=\"col-inner\"  >\n\t\t\t\n\t\t\t\n\n<a href=\"https:\/\/antcube.shop\/ant-finder\/intermediate\/step-4\/\" class=\"button secondary expand\" >\n\t\t<span>sem hiberna\u00e7\u00e3o<\/span>\n\t<\/a>\n\n\n\n\t\t<\/div>\n\t\t\t\t\t<\/div>\n\n\t\n\n<\/div>","protected":false},"excerpt":{"rendered":"","protected":false},"author":1,"featured_media":0,"parent":721,"menu_order":0,"comment_status":"closed","ping_status":"closed","template":"","meta":{"_acf_changed":false,"content-type":"","_monsterinsights_skip_tracking":false,"_monsterinsights_sitenote_active":false,"_monsterinsights_sitenote_note":"","_monsterinsights_sitenote_category":0,"footnotes":""},"class_list":["post-2468","page","type-page","status-publish","hentry"],"acf":[],"aioseo_notices":[],"jetpack_sharing_enabled":true,"_links":{"self":[{"href":"https:\/\/antcube.shop\/pt\/wp-json\/wp\/v2\/pages\/2468","targetHints":{"allow":["GET"]}}],"collection":[{"href":"https:\/\/antcube.shop\/pt\/wp-json\/wp\/v2\/pages"}],"about":[{"href":"https:\/\/antcube.shop\/pt\/wp-json\/wp\/v2\/types\/page"}],"author":[{"embeddable":true,"href":"https:\/\/antcube.shop\/pt\/wp-json\/wp\/v2\/users\/1"}],"replies":[{"embeddable":true,"href":"https:\/\/antcube.shop\/pt\/wp-json\/wp\/v2\/comments?post=2468"}],"version-history":[{"count":10,"href":"https:\/\/antcube.shop\/pt\/wp-json\/wp\/v2\/pages\/2468\/revisions"}],"predecessor-version":[{"id":6870,"href":"https:\/\/antcube.shop\/pt\/wp-json\/wp\/v2\/pages\/2468\/revisions\/6870"}],"up":[{"embeddable":true,"href":"https:\/\/antcube.shop\/pt\/wp-json\/wp\/v2\/pages\/721"}],"wp:attachment":[{"href":"https:\/\/antcube.shop\/pt\/wp-json\/wp\/v2\/media?parent=2468"}],"curies":[{"name":"wp","href":"https:\/\/api.w.org\/{rel}","templated":true}]}}