{"id":2466,"date":"2021-09-30T10:03:30","date_gmt":"2021-09-30T08:03:30","guid":{"rendered":"https:\/\/antcube.shop\/?page_id=2466"},"modified":"2023-12-15T12:57:01","modified_gmt":"2023-12-15T11:57:01","slug":"iniciante","status":"publish","type":"page","link":"https:\/\/antcube.shop\/pt\/caca-formigas\/iniciante\/","title":{"rendered":"iniciante"},"content":{"rendered":"<div id=\"gap-1672480171\" class=\"gap-element clearfix\" style=\"display:block; height:auto;\">\n\t\t\n<style>\n#gap-1672480171 {\n  padding-top: 201px;\n}\n@media (min-width:850px) {\n  #gap-1672480171 {\n    padding-top: 175px;\n  }\n}\n<\/style>\n\t<\/div>\n\t\n\n<div class=\"row\"  id=\"row-960545485\">\n\n\n\t<div id=\"col-415829102\" class=\"col small-12 large-12\"  >\n\t\t\t\t<div class=\"col-inner\"  >\n\t\t\t\n\t\t\t\n\n\t<div id=\"text-1321560497\" class=\"text\">\n\t\t\n\n<h1>Formigas para Principiantes<\/h1>\n<p>Muitas esp\u00e9cies de formigas de regi\u00f5es mais frias precisam de hibernar. Isto varia de acordo com a origem da esp\u00e9cie. As formigas que hibernam na natureza devem fazer o mesmo em sua casa. Se n\u00e3o der aos animais a sua pausa natural, ent\u00e3o o crescimento da col\u00f3nia pode abrandar ou a rainha pode morrer muito cedo.\u00a0<\/p>\n<p>Algumas formigas hibernam por apenas tr\u00eas meses enquanto outras precisam de um per\u00edodo de quatro a cinco meses (geralmente entre Novembro e Mar\u00e7o). Tamb\u00e9m a temperatura que algumas esp\u00e9cies necessitam para a hiberna\u00e7\u00e3o difere. Por exemplo, as esp\u00e9cies do norte da Europa precisam de temperaturas entre 5\u00b0C e 8\u00b0C, enquanto as esp\u00e9cies do sul da Europa precisam de temperaturas em torno de 15\u00b0C. As esp\u00e9cies do norte da Europa param completamente a actividade durante a hiberna\u00e7\u00e3o e as esp\u00e9cies do sul da Europa ainda est\u00e3o ligeiramente activas.<\/p>\n\t\t\n<style>\n#text-1321560497 {\n  text-align: center;\n}\n<\/style>\n\t<\/div>\n\t\n\n\t\t<\/div>\n\t\t\t\t\t<\/div>\n\n\t\n\n<\/div>\n\t<div id=\"gap-749037101\" class=\"gap-element clearfix\" style=\"display:block; height:auto;\">\n\t\t\n<style>\n#gap-749037101 {\n  padding-top: 30px;\n}\n<\/style>\n\t<\/div>\n\t\n\n\t<div id=\"text-493668313\" class=\"text\">\n\t\t\n\n<p><strong>Pergunta: Voc\u00ea est\u00e1 procurando por uma esp\u00e9cie de formiga com ou sem hiberna\u00e7\u00e3o?<\/strong><\/p>\n\t\t\n<style>\n#text-493668313 {\n  font-size: 1.8rem;\n  text-align: center;\n}\n<\/style>\n\t<\/div>\n\t\n<div class=\"row\" style=\"max-width:650px\" id=\"row-211817919\">\n\n\n\t<div id=\"col-1366419723\" class=\"col medium-6 small-12 large-6 col-divided\"  >\n\t\t\t\t<div class=\"col-inner text-center\"  >\n\t\t\t\n\t\t\t\n\n<a href=\"https:\/\/antcube.shop\/ant-finder\/beginner\/step-1\/\" class=\"button secondary expand\" >\n\t\t<span>Formigas que precisam de hiberna\u00e7\u00e3o<\/span>\n\t<\/a>\n\n\n\n\t\t<\/div>\n\t\t\t\t\t<\/div>\n\n\t\n\n\t<div id=\"col-744995774\" class=\"col medium-6 small-12 large-6\"  >\n\t\t\t\t<div class=\"col-inner text-center\"  >\n\t\t\t\n\t\t\t\n\n<a href=\"https:\/\/antcube.shop\/ant-finder\/beginner\/step-2\/\" class=\"button secondary expand\" >\n\t\t<span>Sem hiberna\u00e7\u00e3o<\/span>\n\t<\/a>\n\n\n\n\t\t<\/div>\n\t\t\t\t\t<\/div>\n\n\t\n\n<\/div>","protected":false},"excerpt":{"rendered":"","protected":false},"author":1,"featured_media":0,"parent":721,"menu_order":0,"comment_status":"closed","ping_status":"closed","template":"","meta":{"_acf_changed":false,"content-type":"","_monsterinsights_skip_tracking":false,"_monsterinsights_sitenote_active":false,"_monsterinsights_sitenote_note":"","_monsterinsights_sitenote_category":0,"footnotes":""},"class_list":["post-2466","page","type-page","status-publish","hentry"],"acf":[],"aioseo_notices":[],"jetpack_sharing_enabled":true,"_links":{"self":[{"href":"https:\/\/antcube.shop\/pt\/wp-json\/wp\/v2\/pages\/2466","targetHints":{"allow":["GET"]}}],"collection":[{"href":"https:\/\/antcube.shop\/pt\/wp-json\/wp\/v2\/pages"}],"about":[{"href":"https:\/\/antcube.shop\/pt\/wp-json\/wp\/v2\/types\/page"}],"author":[{"embeddable":true,"href":"https:\/\/antcube.shop\/pt\/wp-json\/wp\/v2\/users\/1"}],"replies":[{"embeddable":true,"href":"https:\/\/antcube.shop\/pt\/wp-json\/wp\/v2\/comments?post=2466"}],"version-history":[{"count":10,"href":"https:\/\/antcube.shop\/pt\/wp-json\/wp\/v2\/pages\/2466\/revisions"}],"predecessor-version":[{"id":6873,"href":"https:\/\/antcube.shop\/pt\/wp-json\/wp\/v2\/pages\/2466\/revisions\/6873"}],"up":[{"embeddable":true,"href":"https:\/\/antcube.shop\/pt\/wp-json\/wp\/v2\/pages\/721"}],"wp:attachment":[{"href":"https:\/\/antcube.shop\/pt\/wp-json\/wp\/v2\/media?parent=2466"}],"curies":[{"name":"wp","href":"https:\/\/api.w.org\/{rel}","templated":true}]}}