{"id":1260,"date":"2021-09-09T14:22:26","date_gmt":"2021-09-09T12:22:26","guid":{"rendered":"https:\/\/antcube.shop\/?page_id=1260"},"modified":"2023-12-14T17:02:05","modified_gmt":"2023-12-14T16:02:05","slug":"weaver-ant-formicarium","status":"publish","type":"page","link":"https:\/\/antcube.shop\/pt\/formicarium-finder\/weaver-ant-formicarium\/","title":{"rendered":"Formigueiro Weaver Formicarium"},"content":{"rendered":"<div id=\"gap-1959037895\" class=\"gap-element clearfix\" style=\"display:block; height:auto;\">\n\t\t\n<style>\n#gap-1959037895 {\n  padding-top: 197px;\n}\n@media (min-width:550px) {\n  #gap-1959037895 {\n    padding-top: 199px;\n  }\n}\n@media (min-width:850px) {\n  #gap-1959037895 {\n    padding-top: 172px;\n  }\n}\n<\/style>\n\t<\/div>\n\t\n\n\n  <div class=\"banner has-hover\" id=\"banner-1682420888\">\n          <div class=\"banner-inner fill\">\n        <div class=\"banner-bg fill\" >\n            <img data-recalc-dims=\"1\" loading=\"lazy\" decoding=\"async\" width=\"1020\" height=\"372\" src=\"https:\/\/i0.wp.com\/antcube.shop\/wp-content\/uploads\/2021\/09\/Unbenannt-1-1-scaled.jpg?resize=1020%2C372&#038;ssl=1\" class=\"bg attachment-original size-original\" alt=\"ANTCUBE Conjunto Inicial para Formigas Tecel\u00e3o\" \/>                        <div class=\"overlay\"><\/div>            \n                    <\/div>\n\t\t\n        <div class=\"banner-layers container\">\n            <a class=\"fill\" href=\"https:\/\/antcube.shop\/de\/produkt\/antcube-starter-set-fur-weberameisen\/\"><div class=\"fill banner-link\"><\/div><\/a>            \n\n   <div id=\"text-box-1621388567\" class=\"text-box banner-layer x95 md-x95 lg-x95 y20 md-y20 lg-y20 res-text\">\n                                <div class=\"text-box-content text dark\">\n              \n              <div class=\"text-inner text-center\">\n                  \n\n\t<div id=\"text-3154839422\" class=\"text\">\n\t\t\n\n<h3 class=\"uppercase\"><strong>Conjunto inicial para formigas tecel\u00e3s<\/strong><\/h3>\n\t\t\n<style>\n#text-3154839422 {\n  color: rgb(0, 0, 0);\n}\n#text-3154839422 > * {\n  color: rgb(0, 0, 0);\n}\n<\/style>\n\t<\/div>\n\t\n\n              <\/div>\n           <\/div>\n                            \n<style>\n#text-box-1621388567 {\n  width: 60%;\n}\n#text-box-1621388567 .text-box-content {\n  font-size: 100%;\n}\n<\/style>\n    <\/div>\n \n\n        <\/div>\n      <\/div>\n\n            \n<style>\n#banner-1682420888 {\n  padding-top: 38%;\n}\n#banner-1682420888 .overlay {\n  background-color: rgba(0, 0, 0, 0);\n}\n#banner-1682420888 .banner-bg img {\n  object-position: 33% 58%;\n}\n<\/style>\n  <\/div>\n\n\n<div class=\"row\"  id=\"row-1377598719\">\n\n\n\t<div id=\"col-1355771398\" class=\"col medium-6 small-12 large-6\"  >\n\t\t\t\t<div class=\"col-inner\"  >\n\t\t\t\n\t\t\t\n\n<h3>Formigas Tecel\u00e3s e como mant\u00ea-las<\/h3>\n<p>Primeiro de tudo, voc\u00ea precisa saber que g\u00eanero de formiga tecel\u00e3 voc\u00ea est\u00e1 mantendo. As formigas tecel\u00e3s n\u00e3o precisam de um cl\u00e1ssico Formaicarium com uma \u00e1rea de ninho e uma arena. Na natureza elas aninham no topo das \u00e1rvores ou em arbustos, mas nunca no ch\u00e3o ou no subsolo.<\/p>\n<p><strong>Esp\u00e9cie de formiga Oecophylla<\/strong><\/p>\n<p>Se \u00e9 Oecophylla que voc\u00ea quer manter, ent\u00e3o eles v\u00e3o precisar de plantas reais em seu arranjo para cultivar sua col\u00f4nia. Por isso recomendamos um Formicarium que tenha pelo menos 40cm de altura. Voc\u00ea deve oferecer-lhes uma planta com folhas bastante grandes, pois elas usam a sua seda de lava para tecer folhas de uma planta viva para um ninho como um casulo. A planta tem que estar livre de qualquer pesticida ou fertilizante. Por exemplo, plantas de um viveiro de plantas org\u00e2nicas ou de lojas especializadas em terraristik s\u00e3o uma op\u00e7\u00e3o. Alternativamente pode usar qualquer planta que tenha ficado em sua casa pelo menos um ano, sem ser tratada com pesticidas ou fertilizantes.<\/p>\n\n\t\t<\/div>\n\t\t\t\t\t<\/div>\n\n\t\n\n\t<div id=\"col-838882343\" class=\"col medium-6 small-12 large-6\"  >\n\t\t\t\t<div class=\"col-inner\"  >\n\t\t\t\n\t\t\t\n\n\t<div class=\"img has-hover x md-x lg-x y md-y lg-y\" id=\"image_1101148632\">\n\t\t<a class=\"image-lightbox lightbox-gallery\" title=\"\" href=\"https:\/\/i0.wp.com\/antcube.shop\/wp-content\/uploads\/2021\/07\/Oecophylla-smaragdina.jpg?fit=600%2C600&#038;ssl=1\">\t\t\t\t\t\t<div class=\"img-inner dark\" >\n\t\t\t<img data-recalc-dims=\"1\" loading=\"lazy\" decoding=\"async\" width=\"720\" height=\"720\" src=\"https:\/\/i0.wp.com\/antcube.shop\/wp-content\/uploads\/2021\/07\/Oecophylla-smaragdina.jpg?resize=720%2C720&#038;ssl=1\" class=\"attachment-original size-original\" alt=\"Oecophylla smaragdina formigas oper\u00e1rias em folha de ninho\" srcset=\"https:\/\/i0.wp.com\/antcube.shop\/wp-content\/uploads\/2021\/07\/Oecophylla-smaragdina.jpg?w=720&amp;ssl=1 720w, https:\/\/i0.wp.com\/antcube.shop\/wp-content\/uploads\/2021\/07\/Oecophylla-smaragdina.jpg?resize=247%2C247&amp;ssl=1 247w, https:\/\/i0.wp.com\/antcube.shop\/wp-content\/uploads\/2021\/07\/Oecophylla-smaragdina.jpg?resize=100%2C100&amp;ssl=1 100w, https:\/\/i0.wp.com\/antcube.shop\/wp-content\/uploads\/2021\/07\/Oecophylla-smaragdina.jpg?resize=510%2C510&amp;ssl=1 510w, https:\/\/i0.wp.com\/antcube.shop\/wp-content\/uploads\/2021\/07\/Oecophylla-smaragdina.jpg?resize=400%2C400&amp;ssl=1 400w, https:\/\/i0.wp.com\/antcube.shop\/wp-content\/uploads\/2021\/07\/Oecophylla-smaragdina.jpg?resize=280%2C280&amp;ssl=1 280w\" sizes=\"auto, (max-width: 720px) 100vw, 720px\" \/>\t\t\t\t\t\t\n\t\t\t\t\t<\/div>\n\t\t\t\t\t\t<\/a>\t\t\n<style>\n#image_1101148632 {\n  width: 100%;\n}\n<\/style>\n\t<\/div>\n\t\n\n\n\t\t<\/div>\n\t\t\t\t\t<\/div>\n\n\t\n\n<\/div>\n\t<div id=\"gap-472951411\" class=\"gap-element clearfix\" style=\"display:block; height:auto;\">\n\t\t\n<style>\n#gap-472951411 {\n  padding-top: 30px;\n}\n<\/style>\n\t<\/div>\n\t\n\n<div class=\"row\"  id=\"row-1952570264\">\n\n\n\t<div id=\"col-1042399390\" class=\"col medium-6 small-12 large-6\"  >\n\t\t\t\t<div class=\"col-inner\"  >\n\t\t\t\n\t\t\t\n\n<h3>Esp\u00e9cie de formiga Polyrhachis<\/h3>\n<p>Se voc\u00ea quiser manter formigas Polyrhachis do que elas precisar\u00e3o ou um apartamento ou um alto Formicarium. Algumas destas formigas nidificam em \u00e1reas mais altas e outras mais pr\u00f3ximas do solo.\u00a0<\/p>\n<p>Eles s\u00e3o diferentes de Oecophylla porque n\u00e3o precisam de plantas vivas para construir o seu ninho. Em vez disso, recolhem tudo, desde folhas ca\u00eddas ou agulhas de con\u00edferas at\u00e9 pequenos paus e rochas e tecem-nas at\u00e9 uma estrutura s\u00f3lida como um casulo. Recomendamos o uso de nossas \"bolas de nidifica\u00e7\u00e3o\", pois elas provaram ser muito bem aceitas para a constru\u00e7\u00e3o do ninho pela esp\u00e9cie de formiga Polyrhachis.<\/p>\n\n\t\t<\/div>\n\t\t\t\t\t<\/div>\n\n\t\n\n\t<div id=\"col-409589710\" class=\"col medium-6 small-12 large-6\"  >\n\t\t\t\t<div class=\"col-inner text-center\"  >\n\t\t\t\n\t<div class=\"is-border\"\n\t\tstyle=\"border-width:0px 0px 0px 0px;\">\n\t<\/div>\n\t\t\t\n\n\t<div class=\"img has-hover x md-x lg-x y md-y lg-y\" id=\"image_813540727\">\n\t\t<a class=\"image-lightbox lightbox-gallery\" title=\"\" href=\"https:\/\/i0.wp.com\/antcube.shop\/wp-content\/uploads\/2021\/09\/Stock-Polyrhachis-dives-Futter-8.jpg?ssl=1\">\t\t\t\t\t\t<div class=\"img-inner image-cover dark\" style=\"padding-top:100%;\">\n\t\t\t<img data-recalc-dims=\"1\" loading=\"lazy\" decoding=\"async\" width=\"960\" height=\"540\" src=\"https:\/\/i0.wp.com\/antcube.shop\/wp-content\/uploads\/2021\/09\/Stock-Polyrhachis-dives-Futter-8.jpg?resize=960%2C540&#038;ssl=1\" class=\"attachment-original size-original\" alt=\"Polyrhachis mergulha carregando presas para o seu ninho\" srcset=\"https:\/\/i0.wp.com\/antcube.shop\/wp-content\/uploads\/2021\/09\/Stock-Polyrhachis-dives-Futter-8.jpg?w=960&amp;ssl=1 960w, https:\/\/i0.wp.com\/antcube.shop\/wp-content\/uploads\/2021\/09\/Stock-Polyrhachis-dives-Futter-8.jpg?resize=510%2C287&amp;ssl=1 510w, https:\/\/i0.wp.com\/antcube.shop\/wp-content\/uploads\/2021\/09\/Stock-Polyrhachis-dives-Futter-8.jpg?resize=711%2C400&amp;ssl=1 711w, https:\/\/i0.wp.com\/antcube.shop\/wp-content\/uploads\/2021\/09\/Stock-Polyrhachis-dives-Futter-8.jpg?resize=768%2C432&amp;ssl=1 768w\" sizes=\"auto, (max-width: 960px) 100vw, 960px\" \/>\t\t\t\t\t\t\n\t\t\t\t\t<\/div>\n\t\t\t\t\t\t<\/a>\t\t\n<style>\n#image_813540727 {\n  width: 100%;\n}\n<\/style>\n\t<\/div>\n\t\n\n\n\t\t<\/div>\n\t\t\t\t\n<style>\n#col-409589710 > .col-inner {\n  max-width: 564px;\n}\n<\/style>\n\t<\/div>\n\n\t\n\n<\/div>\n\t<div id=\"gap-2106947994\" class=\"gap-element clearfix\" style=\"display:block; height:auto;\">\n\t\t\n<style>\n#gap-2106947994 {\n  padding-top: 30px;\n}\n<\/style>\n\t<\/div>\n\t\n\n<div class=\"row row-large align-equal align-center\"  id=\"row-1407612712\">\n\n\n\t<div id=\"col-827883924\" class=\"col small-12 large-12\"  >\n\t\t\t\t<div class=\"col-inner text-center\"  >\n\t\t\t\n\t<div class=\"is-border\"\n\t\tstyle=\"border-width:0px 0px 1px 0px;margin:0px 0px 7px 0px;\">\n\t<\/div>\n\t\t\t\n\n<h3>Obtenha o seu conjunto inicial de formigas Weaver<\/h3>\n\n            <div class=\"row\"><div class=\"large-12 col\">\n          <div style=\"background-color:#FFF;\" class=\"slider flipContainer slider-nav-circle slide box-shadow-2\"\n            data-flickity-options='{              \"cellAlign\": \"center\",              \"wrapAround\": true,              \"percentPosition\": true,              \"imagesLoaded\": true,              \"pageDots\": true,              \"contain\": true          }'>\n                        <div class=\"slide\" style=\"background-color:#FFF;\">  <div class=\"row row-collapse align-middle flip-slide\" style=\"width:100%\">\n        <div class=\"large-6 col flip-page-one\">\n        <div class=\"featured-product col-inner\">\n          <a href=\"https:\/\/antcube.shop\/pt\/produto\/antcube-starter-set-fur-weberameisen\/\">\n                <div class=\"product-image relative\">\n                   <div class=\"front-image\">\n                    <img loading=\"lazy\" decoding=\"async\" width=\"510\" height=\"286\" src=\"https:\/\/i0.wp.com\/antcube.shop\/wp-content\/uploads\/2021\/09\/IMG_9046-scaled.jpg?fit=510%2C286&amp;ssl=1\" class=\"attachment-woocommerce_single size-woocommerce_single wp-post-image\" alt=\"ANTCUBE Conjunto Inicial para Formigas Tecel\u00e3o\" srcset=\"https:\/\/i0.wp.com\/antcube.shop\/wp-content\/uploads\/2021\/09\/IMG_9046-scaled.jpg?w=2560&amp;ssl=1 2560w, https:\/\/i0.wp.com\/antcube.shop\/wp-content\/uploads\/2021\/09\/IMG_9046-scaled.jpg?resize=510%2C286&amp;ssl=1 510w, https:\/\/i0.wp.com\/antcube.shop\/wp-content\/uploads\/2021\/09\/IMG_9046-scaled.jpg?resize=713%2C400&amp;ssl=1 713w, https:\/\/i0.wp.com\/antcube.shop\/wp-content\/uploads\/2021\/09\/IMG_9046-scaled.jpg?resize=1400%2C786&amp;ssl=1 1400w, https:\/\/i0.wp.com\/antcube.shop\/wp-content\/uploads\/2021\/09\/IMG_9046-scaled.jpg?resize=768%2C431&amp;ssl=1 768w, https:\/\/i0.wp.com\/antcube.shop\/wp-content\/uploads\/2021\/09\/IMG_9046-scaled.jpg?resize=1536%2C862&amp;ssl=1 1536w, https:\/\/i0.wp.com\/antcube.shop\/wp-content\/uploads\/2021\/09\/IMG_9046-scaled.jpg?resize=2048%2C1150&amp;ssl=1 2048w\" sizes=\"auto, (max-width: 510px) 100vw, 510px\" \/>                  <\/div>\n                  \n<div class=\"badge-container absolute left top z-1\">\n\n<\/div>\n                <\/div>\n          <\/a>\n        <\/div>\n        <\/div>\n       <div class=\"large-6 col flip-page-two\">\n        <div class=\"product-info col-inner inner-padding\">\n              <h1 class=\"entry-title\"><a href=\"https:\/\/antcube.shop\/pt\/produto\/antcube-starter-set-fur-weberameisen\/\">ANTCUBE - Conjunto inicial para formigas tecel\u00e3s - pequeno<\/a><\/h1>\n              <div class=\"is-divider medium\"><\/div>\n              <div class=\"price-wrapper\">\n\t<p class=\"price product-page-price\">\n  <span class=\"woocommerce-Price-amount amount\"><bdi>149,90&nbsp;<span class=\"woocommerce-Price-currencySymbol\">\u20ac<\/span><\/bdi><\/span><\/p>\n<\/div>\n<div class=\"product-short-description\">\n\t<p>The set consists of 20 parts.<br \/>\nTamanho: <span style=\"color: #ed1c24;\"><strong>XL<\/strong><\/span><\/p>\n<\/div>\n<div class=\"product_meta\">\n\n\t\n\n\t\n\t\t<span class=\"sku_wrapper\">REF: <span class=\"sku\">1002849<\/span><\/span>\n\n\t\n\t<span class=\"posted_in\">Categorias: <a href=\"https:\/\/antcube.shop\/pt\/categoria-produto\/conjuntos-de-iniciantes\/\" rel=\"tag\">Conjuntos iniciais<\/a>, <a href=\"https:\/\/antcube.shop\/pt\/categoria-produto\/conjuntos-de-iniciantes\/conjuntos-iniciais-para-formigas-tecelas\/\" rel=\"tag\">Conjuntos iniciais para formigas tecel\u00e3s<\/a><\/span>\n\t\n\t\n<\/div>\n              <a href=\"https:\/\/antcube.shop\/pt\/produto\/antcube-starter-set-fur-weberameisen\/\" class=\"button\">Ler mais<\/a>\n         <\/div>\n        <\/div>\n<\/div>\n<\/div>\n                        <div class=\"slide\" style=\"background-color:#FFF;\">  <div class=\"row row-collapse align-middle flip-slide\" style=\"width:100%\">\n        <div class=\"large-6 col flip-page-one\">\n        <div class=\"featured-product col-inner\">\n          <a href=\"https:\/\/antcube.shop\/pt\/produto\/conjunto-inicial-para-formigas-tecelas-grande\/\">\n                <div class=\"product-image relative\">\n                   <div class=\"front-image\">\n                    <img loading=\"lazy\" decoding=\"async\" width=\"510\" height=\"510\" src=\"https:\/\/i0.wp.com\/antcube.shop\/wp-content\/uploads\/2023\/12\/1005649-ANTCUBE-Starter-Set-fur-Weberameisen-gros-Shop.jpg?fit=510%2C510&amp;ssl=1\" class=\"attachment-woocommerce_single size-woocommerce_single wp-post-image\" alt=\"ANTCUBE - Conjunto inicial para formigas tecel\u00e3s - formic\u00e1rio de vidro grande 1005649 com porta de correr e parede traseira com foto de floresta tropical\" srcset=\"https:\/\/i0.wp.com\/antcube.shop\/wp-content\/uploads\/2023\/12\/1005649-ANTCUBE-Starter-Set-fur-Weberameisen-gros-Shop.jpg?w=2048&amp;ssl=1 2048w, https:\/\/i0.wp.com\/antcube.shop\/wp-content\/uploads\/2023\/12\/1005649-ANTCUBE-Starter-Set-fur-Weberameisen-gros-Shop.jpg?resize=400%2C400&amp;ssl=1 400w, https:\/\/i0.wp.com\/antcube.shop\/wp-content\/uploads\/2023\/12\/1005649-ANTCUBE-Starter-Set-fur-Weberameisen-gros-Shop.jpg?resize=800%2C800&amp;ssl=1 800w, https:\/\/i0.wp.com\/antcube.shop\/wp-content\/uploads\/2023\/12\/1005649-ANTCUBE-Starter-Set-fur-Weberameisen-gros-Shop.jpg?resize=280%2C280&amp;ssl=1 280w, https:\/\/i0.wp.com\/antcube.shop\/wp-content\/uploads\/2023\/12\/1005649-ANTCUBE-Starter-Set-fur-Weberameisen-gros-Shop.jpg?resize=768%2C768&amp;ssl=1 768w, https:\/\/i0.wp.com\/antcube.shop\/wp-content\/uploads\/2023\/12\/1005649-ANTCUBE-Starter-Set-fur-Weberameisen-gros-Shop.jpg?resize=1536%2C1536&amp;ssl=1 1536w, https:\/\/i0.wp.com\/antcube.shop\/wp-content\/uploads\/2023\/12\/1005649-ANTCUBE-Starter-Set-fur-Weberameisen-gros-Shop.jpg?resize=12%2C12&amp;ssl=1 12w, https:\/\/i0.wp.com\/antcube.shop\/wp-content\/uploads\/2023\/12\/1005649-ANTCUBE-Starter-Set-fur-Weberameisen-gros-Shop.jpg?resize=247%2C247&amp;ssl=1 247w, https:\/\/i0.wp.com\/antcube.shop\/wp-content\/uploads\/2023\/12\/1005649-ANTCUBE-Starter-Set-fur-Weberameisen-gros-Shop.jpg?resize=510%2C510&amp;ssl=1 510w, https:\/\/i0.wp.com\/antcube.shop\/wp-content\/uploads\/2023\/12\/1005649-ANTCUBE-Starter-Set-fur-Weberameisen-gros-Shop.jpg?resize=100%2C100&amp;ssl=1 100w\" sizes=\"auto, (max-width: 510px) 100vw, 510px\" \/>                  <\/div>\n                  \n<div class=\"badge-container absolute left top z-1\">\n\n<\/div>\n                <\/div>\n          <\/a>\n        <\/div>\n        <\/div>\n       <div class=\"large-6 col flip-page-two\">\n        <div class=\"product-info col-inner inner-padding\">\n              <h1 class=\"entry-title\"><a href=\"https:\/\/antcube.shop\/pt\/produto\/conjunto-inicial-para-formigas-tecelas-grande\/\">ANTCUBE - Conjunto inicial para formigas tecel\u00e3s - grande<\/a><\/h1>\n              <div class=\"is-divider medium\"><\/div>\n              <div class=\"price-wrapper\">\n\t<p class=\"price product-page-price price-not-in-stock\">\n  <span class=\"woocommerce-Price-amount amount\"><bdi>339,90&nbsp;<span class=\"woocommerce-Price-currencySymbol\">\u20ac<\/span><\/bdi><\/span><\/p>\n<\/div>\n<div class=\"product-short-description\">\n\t<p>The set consists of 22 parts.<br \/>\nTamanho: <span style=\"color: #ed1c24;\"><strong>XL<\/strong><\/span><\/p>\n<\/div>\n<div class=\"product_meta\">\n\n\t\n\n\t\n\t\t<span class=\"sku_wrapper\">REF: <span class=\"sku\">1005649<\/span><\/span>\n\n\t\n\t<span class=\"posted_in\">Categorias: <a href=\"https:\/\/antcube.shop\/pt\/categoria-produto\/conjuntos-de-iniciantes\/\" rel=\"tag\">Conjuntos iniciais<\/a>, <a href=\"https:\/\/antcube.shop\/pt\/categoria-produto\/conjuntos-de-iniciantes\/conjuntos-iniciais-para-formigas-tecelas\/\" rel=\"tag\">Conjuntos iniciais para formigas tecel\u00e3s<\/a><\/span>\n\t\n\t\n<\/div>\n              <a href=\"https:\/\/antcube.shop\/pt\/produto\/conjunto-inicial-para-formigas-tecelas-grande\/\" class=\"button\">Ler mais<\/a>\n         <\/div>\n        <\/div>\n<\/div>\n<\/div>\n                    <\/div>\n          <\/div><\/div>\n          \n\n\n\t\t<\/div>\n\t\t\t\t\n<style>\n#col-827883924 > .col-inner {\n  padding: 0px 0px 5px 0px;\n  margin: 0px 0px 1px 0px;\n}\n<\/style>\n\t<\/div>\n\n\t\n\n\n<style>\n#row-1407612712 > .col > .col-inner {\n  padding: 0px 0px 30px 0px;\n}\n<\/style>\n<\/div>\n<div class=\"row row-large align-equal align-center\"  id=\"row-2059158816\">\n\n\n\t<div id=\"col-634240001\" class=\"col small-12 large-12\"  >\n\t\t\t\t<div class=\"col-inner text-center\"  >\n\t\t\t\n\t<div class=\"is-border\"\n\t\tstyle=\"border-width:0px 0px 1px 0px;margin:0px 0px 7px 0px;\">\n\t<\/div>\n\t\t\t\n\n<h3>Oferta de pacote com conjunto inicial e col\u00f3nia de formigas Weaver<\/h3>\n\n            <div class=\"row\"><div class=\"large-12 col\">\n          <div style=\"background-color:#FFF;\" class=\"slider flipContainer slider-nav-circle slide box-shadow-2\"\n            data-flickity-options='{              \"cellAlign\": \"center\",              \"wrapAround\": true,              \"percentPosition\": true,              \"imagesLoaded\": true,              \"pageDots\": true,              \"contain\": true          }'>\n                        <div class=\"slide\" style=\"background-color:#FFF;\">  <div class=\"row row-collapse align-middle flip-slide\" style=\"width:100%\">\n        <div class=\"large-6 col flip-page-one\">\n        <div class=\"featured-product col-inner\">\n          <a href=\"https:\/\/antcube.shop\/pt\/produto\/oferta-de-pacotes-de-mergulhos-em-polirraquetas\/\">\n                <div class=\"product-image relative\">\n                   <div class=\"front-image\">\n                    <img loading=\"lazy\" decoding=\"async\" width=\"510\" height=\"510\" src=\"https:\/\/i0.wp.com\/antcube.shop\/wp-content\/uploads\/2023\/12\/Starter-Set-Bundle-Polayrhachis-dives.jpg?fit=510%2C510&amp;ssl=1\" class=\"attachment-woocommerce_single size-woocommerce_single wp-post-image\" alt=\"Pacote com conjunto inicial de formic\u00e1rio antfarm e col\u00f3nia de formigas tecel\u00e3s Polyrhachis dives ANTCUBE ANTSTORE\" srcset=\"https:\/\/i0.wp.com\/antcube.shop\/wp-content\/uploads\/2023\/12\/Starter-Set-Bundle-Polayrhachis-dives.jpg?w=2160&amp;ssl=1 2160w, https:\/\/i0.wp.com\/antcube.shop\/wp-content\/uploads\/2023\/12\/Starter-Set-Bundle-Polayrhachis-dives.jpg?resize=400%2C400&amp;ssl=1 400w, https:\/\/i0.wp.com\/antcube.shop\/wp-content\/uploads\/2023\/12\/Starter-Set-Bundle-Polayrhachis-dives.jpg?resize=800%2C800&amp;ssl=1 800w, https:\/\/i0.wp.com\/antcube.shop\/wp-content\/uploads\/2023\/12\/Starter-Set-Bundle-Polayrhachis-dives.jpg?resize=280%2C280&amp;ssl=1 280w, https:\/\/i0.wp.com\/antcube.shop\/wp-content\/uploads\/2023\/12\/Starter-Set-Bundle-Polayrhachis-dives.jpg?resize=768%2C768&amp;ssl=1 768w, https:\/\/i0.wp.com\/antcube.shop\/wp-content\/uploads\/2023\/12\/Starter-Set-Bundle-Polayrhachis-dives.jpg?resize=1536%2C1536&amp;ssl=1 1536w, https:\/\/i0.wp.com\/antcube.shop\/wp-content\/uploads\/2023\/12\/Starter-Set-Bundle-Polayrhachis-dives.jpg?resize=2048%2C2048&amp;ssl=1 2048w, https:\/\/i0.wp.com\/antcube.shop\/wp-content\/uploads\/2023\/12\/Starter-Set-Bundle-Polayrhachis-dives.jpg?resize=12%2C12&amp;ssl=1 12w, https:\/\/i0.wp.com\/antcube.shop\/wp-content\/uploads\/2023\/12\/Starter-Set-Bundle-Polayrhachis-dives.jpg?resize=247%2C247&amp;ssl=1 247w, https:\/\/i0.wp.com\/antcube.shop\/wp-content\/uploads\/2023\/12\/Starter-Set-Bundle-Polayrhachis-dives.jpg?resize=510%2C510&amp;ssl=1 510w, https:\/\/i0.wp.com\/antcube.shop\/wp-content\/uploads\/2023\/12\/Starter-Set-Bundle-Polayrhachis-dives.jpg?resize=100%2C100&amp;ssl=1 100w\" sizes=\"auto, (max-width: 510px) 100vw, 510px\" \/>                  <\/div>\n                  \n<div class=\"badge-container absolute left top z-1\">\n\n<\/div>\n                <\/div>\n          <\/a>\n        <\/div>\n        <\/div>\n       <div class=\"large-6 col flip-page-two\">\n        <div class=\"product-info col-inner inner-padding\">\n              <h1 class=\"entry-title\"><a href=\"https:\/\/antcube.shop\/pt\/produto\/oferta-de-pacotes-de-mergulhos-em-polirraquetas\/\">Oferta de pacote - Mergulhos Polyrhachis<\/a><\/h1>\n              <div class=\"is-divider medium\"><\/div>\n              <div class=\"price-wrapper\">\n\t<p class=\"price product-page-price\">\n  <span class=\"woocommerce-Price-amount amount\"><bdi>249,90&nbsp;<span class=\"woocommerce-Price-currencySymbol\">\u20ac<\/span><\/bdi><\/span><\/p>\n<\/div>\n<div class=\"product-short-description\">\n\t<p>O conjunto \u00e9 composto por 31 pe\u00e7as.<br \/>\nTamanho: <strong>XL<\/strong><\/p>\n<\/div>\n<div class=\"product_meta\">\n\n\t\n\n\t\n\t\t<span class=\"sku_wrapper\">REF: <span class=\"sku\">1005664<\/span><\/span>\n\n\t\n\t<span class=\"posted_in\">Categorias: <a href=\"https:\/\/antcube.shop\/pt\/categoria-produto\/conjuntos-de-iniciantes\/pacotes-de-ofertas\/\" rel=\"tag\">Pacotes de ofertas - Jogos para principiantes com formigas<\/a>, <a href=\"https:\/\/antcube.shop\/pt\/categoria-produto\/conjuntos-de-iniciantes\/\" rel=\"tag\">Conjuntos iniciais<\/a>, <a href=\"https:\/\/antcube.shop\/pt\/categoria-produto\/conjuntos-de-iniciantes\/conjuntos-iniciais-para-formigas-tecelas\/\" rel=\"tag\">Conjuntos iniciais para formigas tecel\u00e3s<\/a><\/span>\n\t\n\t\n<\/div>\n              <a href=\"https:\/\/antcube.shop\/pt\/produto\/oferta-de-pacotes-de-mergulhos-em-polirraquetas\/\" class=\"button\">Ler mais<\/a>\n         <\/div>\n        <\/div>\n<\/div>\n<\/div>\n                    <\/div>\n          <\/div><\/div>\n          \n\n\n\t\t<\/div>\n\t\t\t\t\n<style>\n#col-634240001 > .col-inner {\n  padding: 0px 0px 5px 0px;\n  margin: 0px 0px 1px 0px;\n}\n<\/style>\n\t<\/div>\n\n\t\n\n\n<style>\n#row-2059158816 > .col > .col-inner {\n  padding: 0px 0px 30px 0px;\n}\n<\/style>\n<\/div>\n\t<div id=\"gap-605707776\" class=\"gap-element clearfix\" style=\"display:block; height:auto;\">\n\t\t\n<style>\n#gap-605707776 {\n  padding-top: 30px;\n}\n<\/style>\n\t<\/div>","protected":false},"excerpt":{"rendered":"","protected":false},"author":1,"featured_media":0,"parent":727,"menu_order":0,"comment_status":"closed","ping_status":"closed","template":"","meta":{"_acf_changed":false,"content-type":"","_monsterinsights_skip_tracking":false,"_monsterinsights_sitenote_active":false,"_monsterinsights_sitenote_note":"","_monsterinsights_sitenote_category":0,"footnotes":""},"class_list":["post-1260","page","type-page","status-publish","hentry"],"acf":[],"aioseo_notices":[],"jetpack_sharing_enabled":true,"_links":{"self":[{"href":"https:\/\/antcube.shop\/pt\/wp-json\/wp\/v2\/pages\/1260","targetHints":{"allow":["GET"]}}],"collection":[{"href":"https:\/\/antcube.shop\/pt\/wp-json\/wp\/v2\/pages"}],"about":[{"href":"https:\/\/antcube.shop\/pt\/wp-json\/wp\/v2\/types\/page"}],"author":[{"embeddable":true,"href":"https:\/\/antcube.shop\/pt\/wp-json\/wp\/v2\/users\/1"}],"replies":[{"embeddable":true,"href":"https:\/\/antcube.shop\/pt\/wp-json\/wp\/v2\/comments?post=1260"}],"version-history":[{"count":10,"href":"https:\/\/antcube.shop\/pt\/wp-json\/wp\/v2\/pages\/1260\/revisions"}],"predecessor-version":[{"id":6822,"href":"https:\/\/antcube.shop\/pt\/wp-json\/wp\/v2\/pages\/1260\/revisions\/6822"}],"up":[{"embeddable":true,"href":"https:\/\/antcube.shop\/pt\/wp-json\/wp\/v2\/pages\/727"}],"wp:attachment":[{"href":"https:\/\/antcube.shop\/pt\/wp-json\/wp\/v2\/media?parent=1260"}],"curies":[{"name":"wp","href":"https:\/\/api.w.org\/{rel}","templated":true}]}}