{"id":10607,"date":"2024-11-29T12:11:26","date_gmt":"2024-11-29T11:11:26","guid":{"rendered":"https:\/\/antcube.shop\/?page_id=10607"},"modified":"2024-12-03T12:53:14","modified_gmt":"2024-12-03T11:53:14","slug":"orientacoes-para-a-criacao-de-formigas","status":"publish","type":"page","link":"https:\/\/antcube.shop\/pt\/orientacoes-para-a-criacao-de-formigas\/","title":{"rendered":"Orienta\u00e7\u00f5es para a cria\u00e7\u00e3o de formigas"},"content":{"rendered":"<div id=\"gap-1630348383\" class=\"gap-element clearfix\" style=\"display:block; height:auto;\">\n\t\t\n<style>\n#gap-1630348383 {\n  padding-top: 190px;\n}\n<\/style>\n\t<\/div>\n\t\n\n<div class=\"row\"  id=\"row-1284696728\">\n\n\n\t<div id=\"col-719132307\" class=\"col small-12 large-12\"  >\n\t\t\t\t<div class=\"col-inner\"  >\n\t\t\t\n\t\t\t\n\n<h1><b>Orienta\u00e7\u00f5es para a cria\u00e7\u00e3o de formigas<\/b><\/h1>\n<h2><b>Nota importante sobre as esp\u00e9cies e a conserva\u00e7\u00e3o da natureza<\/b><\/h2>\n<ul>\n<li style=\"font-weight: 400;\" aria-level=\"1\"><b>Risco de danos e doen\u00e7as:<\/b><span style=\"font-weight: 400;\"> Os animais vivos podem causar danos ou transmitir doen\u00e7as. As pessoas que sofrem de alergias, em particular, devem ter cuidado.<\/span><\/li>\n<li style=\"font-weight: 400;\" aria-level=\"1\"><b>Liberta\u00e7\u00e3o proibida:<\/b><span style=\"font-weight: 400;\"> A liberta\u00e7\u00e3o de formigas na natureza n\u00e3o \u00e9 permitida em caso algum, a fim de proteger a flora e a fauna aut\u00f3ctones e estrangeiras. A liberta\u00e7\u00e3o de formigas sem autoriza\u00e7\u00e3o oficial \u00e9 uma infra\u00e7\u00e3o pun\u00edvel ao abrigo da legisla\u00e7\u00e3o de conserva\u00e7\u00e3o da natureza. Oferecemos gratuitamente a recupera\u00e7\u00e3o de col\u00f3nias antigas.<\/span><\/li>\n<li style=\"font-weight: 400;\" aria-level=\"1\"><b>Identifica\u00e7\u00e3o da esp\u00e9cie: <\/b><span style=\"font-weight: 400;\">As esp\u00e9cies de formigas est\u00e3o identificadas de acordo com os nossos conhecimentos. Em caso de altera\u00e7\u00f5es posteriores, tem o direito de devolver a col\u00f3nia.<\/span><\/li>\n<\/ul>\n<h2><b>Despacho de formigas<\/b><\/h2>\n<ul>\n<li style=\"font-weight: 400;\" aria-level=\"1\"><b>\u00c1rea de entrega: <\/b><span style=\"font-weight: 400;\">Os animais vivos s\u00f3 s\u00e3o expedidos dentro da UE. Os regulamentos regionais de importa\u00e7\u00e3o devem ser obtidos junto do servi\u00e7o veterin\u00e1rio local.<\/span><\/li>\n<li style=\"font-weight: 400;\" aria-level=\"1\"><b>Temperaturas durante a expedi\u00e7\u00e3o:<\/b>\n<ul>\n<li style=\"font-weight: 400;\" aria-level=\"2\"><b>Temperaturas nocturnas:<\/b>\n<ul>\n<li style=\"font-weight: 400;\" aria-level=\"3\"><span style=\"font-weight: 400;\">Esp\u00e9cies da Europa Central e do Norte: <span data-text-color=\"alert\">&gt;0\u00b0C<\/span> (Expresso: <span data-text-color=\"alert\">&gt;-5\u00b0C<\/span> com isolamento)<\/span><\/li>\n<li style=\"font-weight: 400;\" aria-level=\"3\"><span style=\"font-weight: 400;\">Esp\u00e9cies do sul da Europa: <span data-text-color=\"secondary\">&gt;+5\u00b0C<\/span> (Expresso: <span data-text-color=\"secondary\">&gt;0\u00b0C<\/span> com isolamento)<\/span><\/li>\n<li style=\"font-weight: 400;\" aria-level=\"3\"><span style=\"font-weight: 400;\">Esp\u00e9cies tropicais: <span data-text-color=\"secondary\">&gt;+10\u00b0C<\/span> (Expresso: <span data-text-color=\"secondary\">&gt;+5\u00b0C<\/span> com saco t\u00e9rmico)<\/span><\/li>\n<\/ul>\n<\/li>\n<li style=\"font-weight: 400;\" aria-level=\"2\"><b>Temperaturas diurnas: <\/b><span style=\"font-weight: 400;\">M\u00e1ximo <span data-text-color=\"alert\">+30\u00b0C<\/span> para todas as esp\u00e9cies.<\/span><\/li>\n<\/ul>\n<\/li>\n<\/ul>\n<p><span style=\"font-weight: 400;\">As formigas encomendadas n\u00e3o ser\u00e3o expedidas fora dos intervalos de temperatura indicados. Ser\u00e3o expedidas na data mais pr\u00f3xima poss\u00edvel.<\/span><\/p>\n<p><span style=\"font-weight: 400;\">Ser\u00e1 informado separadamente por correio eletr\u00f3nico.\u00a0<\/span><\/p>\n<h2><b>Manuten\u00e7\u00e3o de formigas<\/b><\/h2>\n<ul>\n<li style=\"font-weight: 400;\" aria-level=\"1\"><span style=\"font-weight: 400;\">As informa\u00e7\u00f5es pormenorizadas sobre a cria\u00e7\u00e3o podem ser encontradas nas descri\u00e7\u00f5es dos produtos das respectivas esp\u00e9cies.<\/span><\/li>\n<\/ul>\n<h3><b>Problemas com a cria\u00e7\u00e3o de formigas<\/b><\/h3>\n<ol>\n<li><b> mortalidade das formigas - causas poss\u00edveis<\/b><\/li>\n<\/ol>\n<ul>\n<li style=\"font-weight: 400;\" aria-level=\"1\"><b>Qualidade da \u00e1gua:<\/b>\n<ul>\n<li style=\"font-weight: 400;\" aria-level=\"2\"><span style=\"font-weight: 400;\">A \u00e1gua da torneira pode ser t\u00f3xica para as formigas devido ao cloro ou ao cobre.<\/span><\/li>\n<li style=\"font-weight: 400;\" aria-level=\"2\"><b>Recomenda\u00e7\u00e3o: <\/b><span style=\"font-weight: 400;\">Utilizar \u00e1gua filtrada ou \u00e1gua da chuva, n\u00e3o \u00e1gua destilada.<\/span><\/li>\n<\/ul>\n<\/li>\n<li style=\"font-weight: 400;\" aria-level=\"1\"><b>Substrato:<\/b>\n<ul>\n<li style=\"font-weight: 400;\" aria-level=\"2\"><span style=\"font-weight: 400;\">A areia para aves cont\u00e9m desinfectantes que podem prejudicar as formigas.<\/span><\/li>\n<li style=\"font-weight: 400;\" aria-level=\"2\"><b>Recomenda\u00e7\u00e3o: <\/b><span style=\"font-weight: 400;\">Utilize os nossos produtos prontos a utilizar <\/span><b>bases de ch\u00e3o <\/b><span style=\"font-weight: 400;\">ou areia de quartzo n\u00e3o tratada e lavar ou cozer previamente.<\/span><\/li>\n<\/ul>\n<\/li>\n<li style=\"font-weight: 400;\" aria-level=\"1\"><b>Plantas:<\/b>\n<ul>\n<li style=\"font-weight: 400;\" aria-level=\"2\"><span style=\"font-weight: 400;\">As plantas vivas das lojas de bricolage ou dos centros de jardinagem s\u00e3o frequentemente tratadas com pesticidas.<\/span><\/li>\n<li style=\"font-weight: 400;\" aria-level=\"2\"><b>Recomenda\u00e7\u00e3o: <\/b><span style=\"font-weight: 400;\">Utilize plantas org\u00e2nicas ou plantas de lojas especializadas em terr\u00e1rios.<\/span><\/li>\n<li style=\"font-weight: 400;\" aria-level=\"2\"><span style=\"font-weight: 400;\">Em alternativa, pode tamb\u00e9m utilizar plantas que tenham sido mantidas em casa durante pelo menos um ano sem a adi\u00e7\u00e3o de pesticidas ou fertilizantes.<\/span><\/li>\n<\/ul>\n<\/li>\n<li style=\"font-weight: 400;\" aria-level=\"1\"><b>Limpeza:<\/b>\n<ul>\n<li style=\"font-weight: 400;\" aria-level=\"2\"><span style=\"font-weight: 400;\">Os limpa-vidros e os agentes qu\u00edmicos s\u00e3o nocivos.<\/span><\/li>\n<li style=\"font-weight: 400;\" aria-level=\"2\"><b>Recomenda\u00e7\u00e3o: <\/b><span style=\"font-weight: 400;\">Utilizar \u00e1gua limpa ou um produto de limpeza org\u00e2nico.<\/span><\/li>\n<\/ul>\n<\/li>\n<li style=\"font-weight: 400;\" aria-level=\"1\"><b>Constru\u00e7\u00e3o do formic\u00e1rio:<\/b>\n<ul>\n<li style=\"font-weight: 400;\" aria-level=\"2\"><span style=\"font-weight: 400;\">Os materiais com solventes ou silicone antibacteriano n\u00e3o s\u00e3o adequados.<\/span><\/li>\n<li style=\"font-weight: 400;\" aria-level=\"2\"><b>Recomenda\u00e7\u00e3o: <\/b><span style=\"font-weight: 400;\">Utilizar subst\u00e2ncias sem solventes ou silicone para aqu\u00e1rios.<\/span><\/li>\n<\/ul>\n<\/li>\n<li style=\"font-weight: 400;\" aria-level=\"1\"><b>Alimenta\u00e7\u00e3o:<\/b>\n<ul>\n<li style=\"font-weight: 400;\" aria-level=\"2\"><span style=\"font-weight: 400;\">Os conservantes e os parasitas presentes nos animais destinados \u00e0 alimenta\u00e7\u00e3o podem ser prejudiciais. Al\u00e9m disso, os animais de cria\u00e7\u00e3o em massa est\u00e3o frequentemente infestados de \u00e1caros, que podem prejudicar as formigas.\u00a0<\/span><\/li>\n<li style=\"font-weight: 400;\" aria-level=\"2\"><b>Recomenda\u00e7\u00e3o: <\/b><span style=\"font-weight: 400;\">Utilize alimentos biol\u00f3gicos ou insectos da natureza, recolhidos longe de estradas e campos que possam estar contaminados com pesticidas.<\/span><\/li>\n<\/ul>\n<\/li>\n<li style=\"font-weight: 400;\" aria-level=\"1\"><b>Temperatura:<\/b>\n<ul>\n<li style=\"font-weight: 400;\" aria-level=\"2\"><span style=\"font-weight: 400;\">A formic\u00e1ria pode aquecer consideravelmente devido \u00e0 luz solar direta.<\/span><\/li>\n<li style=\"font-weight: 400;\" aria-level=\"2\"><b>Recomenda\u00e7\u00e3o: <\/b><span style=\"font-weight: 400;\">Utilizar um term\u00f3metro com fun\u00e7\u00e3o min\/max.<\/span><\/li>\n<\/ul>\n<\/li>\n<li style=\"font-weight: 400;\" aria-level=\"1\"><b>Hiberna\u00e7\u00e3o:<\/b>\n<ul>\n<li style=\"font-weight: 400;\" aria-level=\"2\"><span style=\"font-weight: 400;\">Durante a hiberna\u00e7\u00e3o, o ninho deve estar h\u00famido para n\u00e3o secar.<\/span><\/li>\n<\/ul>\n<\/li>\n<\/ul>\n<ol start=\"2\">\n<li><b> A rainha n\u00e3o p\u00f5e ovos - causas poss\u00edveis<\/b><\/li>\n<\/ol>\n<ul>\n<li style=\"font-weight: 400;\" aria-level=\"1\"><b>\u00c9poca: <\/b><span style=\"font-weight: 400;\">As esp\u00e9cies europeias n\u00e3o p\u00f5em ovos no outono\/inverno<\/span><b>.<\/b><\/li>\n<li style=\"font-weight: 400;\" aria-level=\"1\"><b>Stress: <\/b><span style=\"font-weight: 400;\">As perturba\u00e7\u00f5es no transporte ou no ninho podem perturbar a rainha.<\/span><\/li>\n<li style=\"font-weight: 400;\" aria-level=\"1\"><b>Defici\u00eancia de prote\u00ednas: <\/b><span style=\"font-weight: 400;\">O desenvolvimento da ninhada requer alimentos ricos em prote\u00ednas.<\/span><\/li>\n<li style=\"font-weight: 400;\" aria-level=\"1\"><b>Ovos escondidos: <\/b><span style=\"font-weight: 400;\">Os ovos podem ser encontrados no contentor de transporte ou no algod\u00e3o.<\/span><\/li>\n<li style=\"font-weight: 400;\" aria-level=\"1\"><b>Clima: <\/b><span style=\"font-weight: 400;\">S\u00e3o essenciais condi\u00e7\u00f5es \u00f3ptimas (substrato, escurid\u00e3o, temperatura, humidade).<\/span><\/li>\n<li style=\"font-weight: 400;\" aria-level=\"1\"><b>Recomenda\u00e7\u00e3o: <\/b><span style=\"font-weight: 400;\">Os principiantes devem escolher esp\u00e9cies para as quais existem muitos relat\u00f3rios de experi\u00eancia.<\/span><\/li>\n<\/ul>\n<p><span style=\"font-weight: 400;\">Estas diretrizes fornecem informa\u00e7\u00f5es b\u00e1sicas sobre como manter as formigas com sucesso. Em caso de d\u00favidas ou problemas, recomenda-se o contacto com criadores experientes ou lojas especializadas.<\/span><\/p>\n\n\t\t<\/div>\n\t\t\t\t\t<\/div>\n\n\t\n\n<\/div>","protected":false},"excerpt":{"rendered":"","protected":false},"author":1,"featured_media":0,"parent":0,"menu_order":0,"comment_status":"closed","ping_status":"closed","template":"","meta":{"_acf_changed":false,"content-type":"","_monsterinsights_skip_tracking":false,"_monsterinsights_sitenote_active":false,"_monsterinsights_sitenote_note":"","_monsterinsights_sitenote_category":0,"footnotes":""},"class_list":["post-10607","page","type-page","status-publish","hentry"],"acf":[],"aioseo_notices":[],"jetpack_sharing_enabled":true,"_links":{"self":[{"href":"https:\/\/antcube.shop\/pt\/wp-json\/wp\/v2\/pages\/10607","targetHints":{"allow":["GET"]}}],"collection":[{"href":"https:\/\/antcube.shop\/pt\/wp-json\/wp\/v2\/pages"}],"about":[{"href":"https:\/\/antcube.shop\/pt\/wp-json\/wp\/v2\/types\/page"}],"author":[{"embeddable":true,"href":"https:\/\/antcube.shop\/pt\/wp-json\/wp\/v2\/users\/1"}],"replies":[{"embeddable":true,"href":"https:\/\/antcube.shop\/pt\/wp-json\/wp\/v2\/comments?post=10607"}],"version-history":[{"count":5,"href":"https:\/\/antcube.shop\/pt\/wp-json\/wp\/v2\/pages\/10607\/revisions"}],"predecessor-version":[{"id":10717,"href":"https:\/\/antcube.shop\/pt\/wp-json\/wp\/v2\/pages\/10607\/revisions\/10717"}],"wp:attachment":[{"href":"https:\/\/antcube.shop\/pt\/wp-json\/wp\/v2\/media?parent=10607"}],"curies":[{"name":"wp","href":"https:\/\/api.w.org\/{rel}","templated":true}]}}