{"id":102,"date":"2013-08-11T19:22:53","date_gmt":"2013-08-11T19:22:53","guid":{"rendered":"http:\/\/localhost:8888\/test\/?page_id=532"},"modified":"2025-02-17T15:02:29","modified_gmt":"2025-02-17T14:02:29","slug":"contato","status":"publish","type":"page","link":"https:\/\/antcube.shop\/pt\/contato\/","title":{"rendered":"Contato"},"content":{"rendered":"<div id=\"gap-1806199344\" class=\"gap-element clearfix\" style=\"display:block; height:auto;\">\n\t\t\n<style>\n#gap-1806199344 {\n  padding-top: 30px;\n}\n<\/style>\n\t<\/div>\n\t\n\n<div class=\"row\"  id=\"row-708568550\">\n\n\n\t<div id=\"col-1818310237\" class=\"col medium-6 large-6\"  >\n\t\t\t\t<div class=\"col-inner\"  >\n\t\t\t\n\t\t\t\n\n<div class=\"container section-title-container\" ><h3 class=\"section-title section-title-normal\"><b aria-hidden=\"true\"><\/b><span class=\"section-title-main\" >Perguntas Mais Frequentes<\/span><b aria-hidden=\"true\"><\/b><\/h3><\/div>\n\n<p class=\"lead\">Por favor, leia o nosso <a href=\"https:\/\/antcube.shop\/faq-shop\/\">FAQ<\/a> antes de nos enviar uma mensagem.<\/p>\n<div class=\"accordion\">\n\n\t<div id=\"accordion-4206057431\" class=\"accordion-item\">\n\t\t<a id=\"accordion-4206057431-label\" class=\"accordion-title plain\" href=\"#accordion-item-you-do-not-know-what-ant-species-to-keep-or-which-formicarium-you-should-use?\" aria-expanded=\"false\" aria-controls=\"accordion-4206057431-content\">\n\t\t\t<button class=\"toggle\" aria-label=\"Alternar\"><i class=\"icon-angle-down\" aria-hidden=\"true\"><\/i><\/button>\n\t\t\t<span>Voc\u00ea n\u00e3o sabe que esp\u00e9cie de formiga deve manter ou que Formicarium voc\u00ea deve usar?<\/span>\n\t\t<\/a>\n\t\t<div id=\"accordion-4206057431-content\" class=\"accordion-inner\" aria-labelledby=\"accordion-4206057431-label\">\n\t\t\t\n\n<p>Experimente o nosso \"Localizador de Formigas\" ou \"Formicarium Finder\" - O nosso servi\u00e7o ao cliente online<\/p>\n<p><a href=\"https:\/\/antcube.shop\/ant-finder\/\">Encontre a sua esp\u00e9cie de formiga<\/a><\/p>\n<p><a href=\"https:\/\/antcube.shop\/formicarium-finder\/\">Encontre o seu Formicarium<\/a><\/p>\n\n\t\t<\/div>\n\t<\/div>\n\t\n\t<div id=\"accordion-2653936980\" class=\"accordion-item\">\n\t\t<a id=\"accordion-2653936980-label\" class=\"accordion-title plain\" href=\"#accordion-item-what-are-the-delivery-times-and-charges-for-orders-from-the-online-shop?\" aria-expanded=\"false\" aria-controls=\"accordion-2653936980-content\">\n\t\t\t<button class=\"toggle\" aria-label=\"Alternar\"><i class=\"icon-angle-down\" aria-hidden=\"true\"><\/i><\/button>\n\t\t\t<span>Quais s\u00e3o os prazos de entrega e os encargos das encomendas da Loja Online?<\/span>\n\t\t<\/a>\n\t\t<div id=\"accordion-2653936980-content\" class=\"accordion-inner\" aria-labelledby=\"accordion-2653936980-label\">\n\t\t\t\n\n<p>Voc\u00ea pode encontrar informa\u00e7\u00f5es sobre os prazos de entrega estimados aqui:<\/p>\n<p><a href=\"https:\/\/antcube.shop\/delivery-times\/\">Prazos de entrega<\/a><\/p>\n<p>Se voc\u00ea quer saber sobre os custos estimados de envio e restri\u00e7\u00f5es de entrega por favor veja aqui:<\/p>\n<p><a href=\"https:\/\/antcube.shop\/shipping-costs-delivery-restrictions\/\">Custos de envio\/ restri\u00e7\u00f5es de entrega<\/a><\/p>\n\n\t\t<\/div>\n\t<\/div>\n\t\n\t<div id=\"accordion-2104744977\" class=\"accordion-item\">\n\t\t<a id=\"accordion-2104744977-label\" class=\"accordion-title plain\" href=\"#accordion-item-you-have-questions-about-returns-or-refunds?\" aria-expanded=\"false\" aria-controls=\"accordion-2104744977-content\">\n\t\t\t<button class=\"toggle\" aria-label=\"Alternar\"><i class=\"icon-angle-down\" aria-hidden=\"true\"><\/i><\/button>\n\t\t\t<span>Voc\u00ea tem perguntas sobre devolu\u00e7\u00f5es ou reembolsos?<\/span>\n\t\t<\/a>\n\t\t<div id=\"accordion-2104744977-content\" class=\"accordion-inner\" aria-labelledby=\"accordion-2104744977-label\">\n\t\t\t\n\n<p><a href=\"https:\/\/antcube.shop\/refund-policy\/\">Pol\u00edtica de Reembolso<\/a><\/p>\n<p><a href=\"https:\/\/antcube.shop\/terms-and-conditions\/\">Termos e condi\u00e7\u00f5es<\/a><\/p>\n\n\t\t<\/div>\n\t<\/div>\n\t\n\t<div id=\"accordion-933476537\" class=\"accordion-item\">\n\t\t<a id=\"accordion-933476537-label\" class=\"accordion-title plain\" href=\"#accordion-item-which-payment-methods-are-accepted-in-the-online-shop?\" aria-expanded=\"false\" aria-controls=\"accordion-933476537-content\">\n\t\t\t<button class=\"toggle\" aria-label=\"Alternar\"><i class=\"icon-angle-down\" aria-hidden=\"true\"><\/i><\/button>\n\t\t\t<span>Quais s\u00e3o as formas de pagamento aceitas na Loja Online?<\/span>\n\t\t<\/a>\n\t\t<div id=\"accordion-933476537-content\" class=\"accordion-inner\" aria-labelledby=\"accordion-933476537-label\">\n\t\t\t\n\n<p>Voc\u00ea pode encontrar uma vis\u00e3o geral dos nossos m\u00e9todos de pagamento aceitos aqui:<\/p>\n<p><a href=\"https:\/\/antcube.shop\/payment-methods\/\">Formas de pagamento<\/a><\/p>\n\n\t\t<\/div>\n\t<\/div>\n\t\n\t<div id=\"accordion-2922316575\" class=\"accordion-item\">\n\t\t<a id=\"accordion-2922316575-label\" class=\"accordion-title plain\" href=\"#accordion-item-you-are-looking-for-user-manuals-for-your-starter-set?\" aria-expanded=\"false\" aria-controls=\"accordion-2922316575-content\">\n\t\t\t<button class=\"toggle\" aria-label=\"Alternar\"><i class=\"icon-angle-down\" aria-hidden=\"true\"><\/i><\/button>\n\t\t\t<span>Voc\u00ea est\u00e1 procurando manuais do usu\u00e1rio para o seu conjunto inicial?<\/span>\n\t\t<\/a>\n\t\t<div id=\"accordion-2922316575-content\" class=\"accordion-inner\" aria-labelledby=\"accordion-2922316575-label\">\n\t\t\t\n\n<p>Encontre manuais do usu\u00e1rio em PDF para imprimir ou baixar aqui:<\/p>\n<p><a href=\"https:\/\/antcube.shop\/download\/\">Descarregar<\/a><\/p>\n\n\t\t<\/div>\n\t<\/div>\n\t\n\t<div id=\"accordion-2518742593\" class=\"accordion-item\">\n\t\t<a id=\"accordion-2518742593-label\" class=\"accordion-title plain\" href=\"#accordion-item-you-need-more-information-about-certain-ant-species-or-ant-keeping-in-general?\" aria-expanded=\"false\" aria-controls=\"accordion-2518742593-content\">\n\t\t\t<button class=\"toggle\" aria-label=\"Alternar\"><i class=\"icon-angle-down\" aria-hidden=\"true\"><\/i><\/button>\n\t\t\t<span>Voc\u00ea precisa de mais informa\u00e7\u00f5es sobre certas esp\u00e9cies de formigas ou sobre a cria\u00e7\u00e3o de formigas em geral?<\/span>\n\t\t<\/a>\n\t\t<div id=\"accordion-2518742593-content\" class=\"accordion-inner\" aria-labelledby=\"accordion-2518742593-label\">\n\t\t\t\n\n<p>Encontre aqui as perguntas mais frequentes sobre formigas e guarda de formigas:<\/p>\n<p><a href=\"https:\/\/antcube.shop\/faq-ants\/\">FAQ formigas<\/a><\/p>\n<p><a href=\"https:\/\/antcube.shop\/catching-queen-ants\/\">Como apanhar a sua formiga rainha<\/a><\/p>\n<p><a href=\"https:\/\/antcube.shop\/ant-species\/\">Saiba mais sobre as formigas<\/a><\/p>\n<p><a href=\"https:\/\/antcube.shop\/social-media\/\">Consulte os nossos Canais YouTube, pode encontrar a\u00ed dicas e informa\u00e7\u00f5es \u00fateis.<\/a><\/p>\n\n\t\t<\/div>\n\t<\/div>\n\t\n\t<div id=\"accordion-1253349388\" class=\"accordion-item\">\n\t\t<a id=\"accordion-1253349388-label\" class=\"accordion-title plain\" href=\"#accordion-item-you-have-questions-about-our-products?\" aria-expanded=\"false\" aria-controls=\"accordion-1253349388-content\">\n\t\t\t<button class=\"toggle\" aria-label=\"Alternar\"><i class=\"icon-angle-down\" aria-hidden=\"true\"><\/i><\/button>\n\t\t\t<span>Voc\u00ea tem perguntas sobre nossos produtos?<\/span>\n\t\t<\/a>\n\t\t<div id=\"accordion-1253349388-content\" class=\"accordion-inner\" aria-labelledby=\"accordion-1253349388-label\">\n\t\t\t\n\n<p>Se voc\u00ea tiver perguntas sobre nossos produtos, por favor, d\u00ea uma olhada na descri\u00e7\u00e3o do respectivo produto em nossa loja primeiro.<\/p>\n<p>Caso contr\u00e1rio, voc\u00ea pode encontrar mais informa\u00e7\u00f5es aqui:<\/p>\n<p><a href=\"https:\/\/antcube.shop\/product-information\/\">Informa\u00e7\u00f5es sobre o produto<\/a><\/p>\n\n\t\t<\/div>\n\t<\/div>\n\t\n\n<\/div>\n\t<div id=\"gap-1337803767\" class=\"gap-element clearfix\" style=\"display:block; height:auto;\">\n\t\t\n<style>\n#gap-1337803767 {\n  padding-top: 60px;\n}\n<\/style>\n\t<\/div>\n\t\n\n\t<div class=\"img has-hover x md-x lg-x y md-y lg-y\" id=\"image_1202272874\">\n\t\t\t\t\t\t\t\t<div class=\"img-inner dark\" >\n\t\t\t<img data-recalc-dims=\"1\" loading=\"lazy\" decoding=\"async\" width=\"900\" height=\"900\" src=\"https:\/\/i0.wp.com\/antcube.shop\/wp-content\/uploads\/2021\/09\/Firmeneingang.jpg?resize=900%2C900&#038;ssl=1\" class=\"attachment-original size-original\" alt=\"Entrada ANTSTORE\" srcset=\"https:\/\/i0.wp.com\/antcube.shop\/wp-content\/uploads\/2021\/09\/Firmeneingang.jpg?w=900&amp;ssl=1 900w, https:\/\/i0.wp.com\/antcube.shop\/wp-content\/uploads\/2021\/09\/Firmeneingang.jpg?resize=247%2C247&amp;ssl=1 247w, https:\/\/i0.wp.com\/antcube.shop\/wp-content\/uploads\/2021\/09\/Firmeneingang.jpg?resize=100%2C100&amp;ssl=1 100w, https:\/\/i0.wp.com\/antcube.shop\/wp-content\/uploads\/2021\/09\/Firmeneingang.jpg?resize=510%2C510&amp;ssl=1 510w, https:\/\/i0.wp.com\/antcube.shop\/wp-content\/uploads\/2021\/09\/Firmeneingang.jpg?resize=400%2C400&amp;ssl=1 400w, https:\/\/i0.wp.com\/antcube.shop\/wp-content\/uploads\/2021\/09\/Firmeneingang.jpg?resize=800%2C800&amp;ssl=1 800w, https:\/\/i0.wp.com\/antcube.shop\/wp-content\/uploads\/2021\/09\/Firmeneingang.jpg?resize=280%2C280&amp;ssl=1 280w, https:\/\/i0.wp.com\/antcube.shop\/wp-content\/uploads\/2021\/09\/Firmeneingang.jpg?resize=768%2C768&amp;ssl=1 768w\" sizes=\"auto, (max-width: 900px) 100vw, 900px\" \/>\t\t\t\t\t\t\n\t\t\t\t\t<\/div>\n\t\t\t\t\t\t\t\t\n<style>\n#image_1202272874 {\n  width: 100%;\n}\n<\/style>\n\t<\/div>\n\t\n\n\n\t\t<\/div>\n\t\t\t\t\t<\/div>\n\n\t\n\n\t<div id=\"col-1842124854\" class=\"col medium-6 large-6\"  >\n\t\t\t\t<div class=\"col-inner\"  >\n\t\t\t\n\t\t\t\n\n<div class=\"container section-title-container\" ><h3 class=\"section-title section-title-normal\"><b aria-hidden=\"true\"><\/b><span class=\"section-title-main\" >Contacte-nos<\/span><b aria-hidden=\"true\"><\/b><\/h3><\/div>\n\n<ul>\n<li><strong>E-Mail<\/strong>: contact@antcube.de<\/li>\n<li><strong>Telefone<\/strong>: <a href=\"tel:+49 30 439703870\">+49 30 439703870<\/a><\/li>\n<\/ul>\n<p><strong>Hor\u00e1rio de trabalho <\/strong>(UTC\/GMT +1):<\/p>\n<ul>\n<li>Ter\u00e7a-feira a sexta-feira das 10:00 - 12:00 e das 13:00 - 18:00<\/li>\n<\/ul>\n<div class=\"container section-title-container\" ><h3 class=\"section-title section-title-normal\"><b aria-hidden=\"true\"><\/b><span class=\"section-title-main\" >Visite a nossa loja<\/span><b aria-hidden=\"true\"><\/b><\/h3><\/div>\n\n<p><strong>Endere\u00e7o:<\/strong><\/p>\n<ul>\n<li>Rua: Selerweg 41<\/li>\n<li>C\u00f3digo Postal: D \u2013 12169<\/li>\n<li>Cidade: Berlim<\/li>\n<li>Pa\u00eds: Alemanha<\/li>\n<li>Distrito: Steglitz-Zehlendorf<\/li>\n<\/ul>\n<p><strong>Hor\u00e1rio de funcionamento<\/strong> (UTC\/GMT +1)<\/p>\n<ul>\n<li>Ter\u00e7a a sexta-feira 13:00 - 18:00<\/li>\n<\/ul>\n<p><iframe loading=\"lazy\" style=\"border: 0;\" src=\"https:\/\/www.google.com\/maps\/embed?pb=!1m18!1m12!1m3!1d2431.3708399886823!2d13.335121715997175!3d52.454311048847416!2m3!1f0!2f0!3f0!3m2!1i1024!2i768!4f13.1!3m3!1m2!1s0x47a85a9242e5bc07%3A0xc44ee1d5a0728440!2sANTSTORE!5e0!3m2!1sde!2sde!4v1632470583913!5m2!1sde!2sde\" width=\"600\" height=\"450\" allowfullscreen=\"allowfullscreen\"><\/iframe><\/p>\n\n\t\t<\/div>\n\t\t\t\t\t<\/div>\n\n\t\n\n<\/div>","protected":false},"excerpt":{"rendered":"","protected":false},"author":1,"featured_media":27,"parent":0,"menu_order":0,"comment_status":"closed","ping_status":"closed","template":"page-blank.php","meta":{"_acf_changed":false,"content-type":"","_monsterinsights_skip_tracking":false,"_monsterinsights_sitenote_active":false,"_monsterinsights_sitenote_note":"","_monsterinsights_sitenote_category":0,"footnotes":""},"class_list":["post-102","page","type-page","status-publish","has-post-thumbnail","hentry"],"acf":[],"aioseo_notices":[],"jetpack_sharing_enabled":true,"_links":{"self":[{"href":"https:\/\/antcube.shop\/pt\/wp-json\/wp\/v2\/pages\/102","targetHints":{"allow":["GET"]}}],"collection":[{"href":"https:\/\/antcube.shop\/pt\/wp-json\/wp\/v2\/pages"}],"about":[{"href":"https:\/\/antcube.shop\/pt\/wp-json\/wp\/v2\/types\/page"}],"author":[{"embeddable":true,"href":"https:\/\/antcube.shop\/pt\/wp-json\/wp\/v2\/users\/1"}],"replies":[{"embeddable":true,"href":"https:\/\/antcube.shop\/pt\/wp-json\/wp\/v2\/comments?post=102"}],"version-history":[{"count":10,"href":"https:\/\/antcube.shop\/pt\/wp-json\/wp\/v2\/pages\/102\/revisions"}],"predecessor-version":[{"id":11083,"href":"https:\/\/antcube.shop\/pt\/wp-json\/wp\/v2\/pages\/102\/revisions\/11083"}],"wp:featuredmedia":[{"embeddable":true,"href":"https:\/\/antcube.shop\/pt\/wp-json\/wp\/v2\/media\/27"}],"wp:attachment":[{"href":"https:\/\/antcube.shop\/pt\/wp-json\/wp\/v2\/media?parent=102"}],"curies":[{"name":"wp","href":"https:\/\/api.w.org\/{rel}","templated":true}]}}