{"id":9887,"date":"2024-10-08T15:19:57","date_gmt":"2024-10-08T13:19:57","guid":{"rendered":"https:\/\/antcube.shop\/en\/product\/ameisenarena-rahmen-60x30-5cm\/"},"modified":"2026-04-05T20:47:18","modified_gmt":"2026-04-05T18:47:18","slug":"ramka-na-mrowki-60x30-5cm","status":"publish","type":"product","link":"https:\/\/antcube.shop\/pl\/produkt\/ramka-na-mrowki-60x30-5cm\/","title":{"rendered":"Ramka areny mr\u00f3wek 60\u00d730 - 5cm"},"content":{"rendered":"<p><strong>Wymiary (LxWxH):<\/strong> 60x30x0,4 cm<br \/>\nSzeroko\u015b\u0107 5 cm<\/p>\n<p><span data-text-color=\"alert\"><strong>UWAGA: Nadaje si\u0119 tylko do naszych os\u0142on szk\u0142o+siatka 60\u00d730!<\/strong><\/span><\/p>\n<p><strong>Materia\u0142:<\/strong> Szk\u0142o float<\/p>\n<p><strong>Kolor:<\/strong> krystalicznie czysty \/ przejrzysty<\/p>\n<p><strong>Zawarto\u015b\u0107:<\/strong><br \/>\n1x rama areny mr\u00f3wek<\/p>\n<p><strong>Opis:<\/strong><br \/>\nSzklana rama do areny dla mr\u00f3wek jako ochrona przed ucieczk\u0105<\/p>\n<p><strong>Zastosowanie:<\/strong><br \/>\nRama mrowiska to rama wykonana ze szk\u0142a, kt\u00f3ra jest umieszczana na g\u00f3rze mrowiska i wyposa\u017cona w zabezpieczenie przed ucieczk\u0105 (olej, proszek lub farba) na spodzie, aby zapobiec wydostawaniu si\u0119 mr\u00f3wek.<\/p>\n<p><strong>Uwaga:<\/strong><br \/>\nPoniewa\u017c przedmiot jest wykonany ze szk\u0142a i dlatego jest delikatny, nale\u017cy obchodzi\u0107 si\u0119 z nim bardzo ostro\u017cnie. Szk\u0142o jest ci\u0119te na wymiar zgodnie z norm\u0105 DIN 1249 z tolerancj\u0105 +\/- 1 mm. Dodatkowa ochrona przed st\u0142uczeniem jest niezb\u0119dna w przypadku wyj\u0105tkowo ma\u0142ych gatunk\u00f3w mr\u00f3wek.<\/p>","protected":false},"excerpt":{"rendered":"<p>Wymiary (d\u0142. x szer. x wys.): 60 x 30 x 0,4 cm szeroko\u015b\u0107 5 cm UWAGA: pasuje tylko do naszych szklanych + siatkowych pokryw 60x30! Materia\u0142: Szk\u0142o float Kolor: krystalicznie czysty \/ przezroczysty Zawarto\u015b\u0107: 1x ramka na aren\u0119 dla mr\u00f3wek Opis: Szklana ramka do areny dla mr\u00f3wek jako ochrona przed ucieczk\u0105 Zastosowanie: Ramka na mr\u00f3wki to ramka wykonana ze szk\u0142a, kt\u00f3ra jest umieszczana na g\u00f3rze","protected":false},"featured_media":10125,"comment_status":"open","ping_status":"closed","template":"","meta":{"_acf_changed":false,"content-type":"","_monsterinsights_skip_tracking":false,"_monsterinsights_sitenote_active":false,"_monsterinsights_sitenote_note":"","_monsterinsights_sitenote_category":0},"product_brand":[484],"product_cat":[91,93],"product_tag":[],"class_list":{"0":"post-9887","1":"product","2":"type-product","3":"status-publish","4":"has-post-thumbnail","6":"product_brand-antcube","7":"product_cat-formicarium-modules","8":"product_cat-arena-frame","10":"first","11":"instock","12":"taxable","13":"shipping-taxable","14":"purchasable","15":"product-type-simple"},"acf":[],"aioseo_notices":[],"jetpack_sharing_enabled":true,"_links":{"self":[{"href":"https:\/\/antcube.shop\/pl\/wp-json\/wp\/v2\/product\/9887","targetHints":{"allow":["GET"]}}],"collection":[{"href":"https:\/\/antcube.shop\/pl\/wp-json\/wp\/v2\/product"}],"about":[{"href":"https:\/\/antcube.shop\/pl\/wp-json\/wp\/v2\/types\/product"}],"replies":[{"embeddable":true,"href":"https:\/\/antcube.shop\/pl\/wp-json\/wp\/v2\/comments?post=9887"}],"wp:featuredmedia":[{"embeddable":true,"href":"https:\/\/antcube.shop\/pl\/wp-json\/wp\/v2\/media\/10125"}],"wp:attachment":[{"href":"https:\/\/antcube.shop\/pl\/wp-json\/wp\/v2\/media?parent=9887"}],"wp:term":[{"taxonomy":"product_brand","embeddable":true,"href":"https:\/\/antcube.shop\/pl\/wp-json\/wp\/v2\/product_brand?post=9887"},{"taxonomy":"product_cat","embeddable":true,"href":"https:\/\/antcube.shop\/pl\/wp-json\/wp\/v2\/product_cat?post=9887"},{"taxonomy":"product_tag","embeddable":true,"href":"https:\/\/antcube.shop\/pl\/wp-json\/wp\/v2\/product_tag?post=9887"}],"curies":[{"name":"wp","href":"https:\/\/api.w.org\/{rel}","templated":true}]}}