{"id":9881,"date":"2024-10-08T15:16:54","date_gmt":"2024-10-08T13:16:54","guid":{"rendered":"https:\/\/antcube.shop\/en\/product\/abdeckung-edelstahlgitter-20x20\/"},"modified":"2026-03-23T15:57:00","modified_gmt":"2026-03-23T14:57:00","slug":"oslona-siatki-ze-stali-nierdzewnej-20x20","status":"publish","type":"product","link":"https:\/\/antcube.shop\/pl\/produkt\/oslona-siatki-ze-stali-nierdzewnej-20x20\/","title":{"rendered":"Os\u0142ona siatki ze stali nierdzewnej 20\u00d720"},"content":{"rendered":"<p>Szk\u0142o bezpieczne dla mr\u00f3wek i Drosophila + pokrywa z siatki ze stali nierdzewnej. Nawet najmniejsze gatunki nie mog\u0105 przedosta\u0107 si\u0119 przez drobn\u0105 siatk\u0119 ze stali nierdzewnej, a nawet mr\u00f3wki wycinaj\u0105ce li\u015bcie nie mog\u0105 jej przeci\u0105\u0107.<\/p>\n<p><strong>Wymiary (LxWxH):<\/strong> 20x20x0,4 cm<br \/>\nObszar wentylacji 11,7\u00d711,7 cm<\/p>\n<p><strong>Materia\u0142:<\/strong> Szk\u0142o float, kratka ze stali nierdzewnej<\/p>\n<p><strong>Kolor:<\/strong> krystalicznie czysty \/ przejrzysty<\/p>\n<p><strong>Zawarto\u015b\u0107:<\/strong><br \/>\n1x os\u0142ona kratki ze stali nierdzewnej 20\u00d720<br \/>\n1x punkty mocowania \u00e0 4 szt.<\/p>\n<p><strong>Opis:<\/strong><br \/>\nSzklana os\u0142ona areny dla mr\u00f3wek jako ochrona przed ucieczk\u0105<\/p>\n<p><strong>Zastosowanie:<\/strong><br \/>\nPokrywa mrowiska jest umieszczana na mrowisku i s\u0142u\u017cy r\u00f3wnie\u017c do regulacji klimatu.<\/p>\n<p><strong>Uwaga:<\/strong><br \/>\nPoniewa\u017c przedmiot jest wykonany ze szk\u0142a i dlatego jest delikatny, nale\u017cy obchodzi\u0107 si\u0119 z nim bardzo ostro\u017cnie.<\/p>","protected":false},"excerpt":{"rendered":"<p>Szk\u0142o bezpieczne dla mr\u00f3wek i Drosophila + pokrywa z siatki ze stali nierdzewnej. Nawet najmniejsze gatunki nie mog\u0105 przedosta\u0107 si\u0119 przez drobn\u0105 siatk\u0119 ze stali nierdzewnej, a nawet mr\u00f3wki wycinaj\u0105ce li\u015bcie nie mog\u0105 jej przeci\u0105\u0107. Wymiary (d\u0142. x szer. x wys.): 20 x 20 x 0,4 cm 11,7 x 11,7 cm obszar wentylacji Materia\u0142: szk\u0142o float, siatka ze stali nierdzewnej Kolor: krystalicznie czysty \/ przezroczysty Zawarto\u015b\u0107: 1x pokrywa kratki ze stali nierdzewnej","protected":false},"featured_media":9889,"comment_status":"open","ping_status":"closed","template":"","meta":{"_acf_changed":false,"content-type":"","_monsterinsights_skip_tracking":false,"_monsterinsights_sitenote_active":false,"_monsterinsights_sitenote_note":"","_monsterinsights_sitenote_category":0},"product_brand":[484],"product_cat":[257,91,92],"product_tag":[],"class_list":{"0":"post-9881","1":"product","2":"type-product","3":"status-publish","4":"has-post-thumbnail","6":"product_brand-antcube","7":"product_cat-new-innovatve-products","8":"product_cat-formicarium-modules","9":"product_cat-arena-cover","11":"first","12":"instock","13":"taxable","14":"shipping-taxable","15":"purchasable","16":"product-type-simple"},"acf":[],"aioseo_notices":[],"jetpack_sharing_enabled":true,"_links":{"self":[{"href":"https:\/\/antcube.shop\/pl\/wp-json\/wp\/v2\/product\/9881","targetHints":{"allow":["GET"]}}],"collection":[{"href":"https:\/\/antcube.shop\/pl\/wp-json\/wp\/v2\/product"}],"about":[{"href":"https:\/\/antcube.shop\/pl\/wp-json\/wp\/v2\/types\/product"}],"replies":[{"embeddable":true,"href":"https:\/\/antcube.shop\/pl\/wp-json\/wp\/v2\/comments?post=9881"}],"wp:featuredmedia":[{"embeddable":true,"href":"https:\/\/antcube.shop\/pl\/wp-json\/wp\/v2\/media\/9889"}],"wp:attachment":[{"href":"https:\/\/antcube.shop\/pl\/wp-json\/wp\/v2\/media?parent=9881"}],"wp:term":[{"taxonomy":"product_brand","embeddable":true,"href":"https:\/\/antcube.shop\/pl\/wp-json\/wp\/v2\/product_brand?post=9881"},{"taxonomy":"product_cat","embeddable":true,"href":"https:\/\/antcube.shop\/pl\/wp-json\/wp\/v2\/product_cat?post=9881"},{"taxonomy":"product_tag","embeddable":true,"href":"https:\/\/antcube.shop\/pl\/wp-json\/wp\/v2\/product_tag?post=9881"}],"curies":[{"name":"wp","href":"https:\/\/api.w.org\/{rel}","templated":true}]}}