{"id":9880,"date":"2024-10-08T15:15:23","date_gmt":"2024-10-08T13:15:23","guid":{"rendered":"https:\/\/antcube.shop\/en\/product\/plantcube-vivarium-mini-nano-biologicum-tropical-domus\/"},"modified":"2026-04-03T21:16:10","modified_gmt":"2026-04-03T19:16:10","slug":"plantcube-vivarium-biom-bundle","status":"publish","type":"product","link":"https:\/\/antcube.shop\/pl\/produkt\/plantcube-vivarium-biom-bundle\/","title":{"rendered":"PLANTCUBE - Vivarium 20x20x20 Biom Bundle"},"content":{"rendered":"<h1><strong>ZDOB\u0104D\u0179 KAWA\u0141EK NATURY DLA SWOJEGO DOMU<\/strong><\/h1>\n<p><strong>Zawarto\u015b\u0107:<\/strong><br \/>\n1x PLANTCUBE Vivarium 20x20x20 Biom<br \/>\n1x pokrywa 20\u00d720 (2x otw\u00f3r 50 mm)<br \/>\n1x podk\u0142adka 20\u00d720<br \/>\n2x Grid insert acrylic &#8211; 50 mm with sealing ring<br \/>\n2x Grid insert acrylic &#8211; 27 mm with sealing ring<br \/>\n2x za\u015blepki do otworu 10 mm<br \/>\n1x podk\u0142adki mocuj\u0105ce do pokrywy (4 szt.)<\/p>\n<p>Szklany zbiornik kostka 20x20x20 cm z 2x bocznym otworem 27 mm i 2x bocznym otworem 10 mm<br \/>\nOtw\u00f3r o \u015brednicy 27 mm (punkt \u015brodkowy) znajduje si\u0119 na wysoko\u015bci 8,5 cm.<\/p>\n<p><strong>Wymiary:<\/strong> 200 x 200 x 200 mm; grubo\u015b\u0107 szk\u0142a 4mm<\/p>\n<p><strong>Materia\u0142:<\/strong> szk\u0142o float<\/p>\n<p><strong>Otwory boczne:<\/strong><br \/>\n2x otw\u00f3r 27 mm<br \/>\n2x otw\u00f3r 10 mm<\/p>\n<p>Dzi\u0119ki naszym wiwariom PLANTCUBE mo\u017cesz zaprojektowa\u0107 w\u0142asne \u017cywe dzie\u0142o sztuki do swojego salonu. W PLANTCUBE mo\u017cna r\u00f3wnie\u017c hodowa\u0107 ma\u0142e zwierz\u0119ta, wi\u0119c kreatywno\u015b\u0107 nie ma granic.<\/p>\n<h2><strong>Dostosuj PLANTCUBE do w\u0142asnych potrzeb lub potrzeb ro\u015blin i zwierz\u0105t:<\/strong><\/h2>\n<p>Dwa otwory 10 mm z boku, znajduj\u0105ce si\u0119 na wysoko\u015bci 2 cm (po\u015brodku) od do\u0142u, s\u0142u\u017c\u0105 do odprowadzania nadmiaru wody. Do odprowadzania wody mo\u017cna na przyk\u0142ad u\u017cy\u0107 naszego przezroczystego w\u0119\u017ca 10\/06 mm. Dwa otwory o \u015brednicy 50 mm mo\u017cna zamkn\u0105\u0107 za pomoc\u0105 do\u0142\u0105czonych zatyczek lub s\u0142u\u017cy\u0107 jako dodatkowa wentylacja, gdy s\u0105 wyposa\u017cone we wk\u0142adki siatkowe. W tym miejscu mo\u017cna nawet po\u0142\u0105czy\u0107 dwie konfiguracje za pomoc\u0105 akrylowej rurki. W ten spos\u00f3b, je\u015bli trzymasz zwierz\u0119ta w swoim wiwarium, mog\u0105 one swobodnie w\u0119drowa\u0107 z jednej konfiguracji do drugiej.<\/p>\n<p>Dzi\u0119ki naszym odpowiednim ramom, wk\u0142adkom siatkowym lub zatyczkom, lampom i klimatyzatorom, pokryw\u0119 wiwarium mo\u017cna elastycznie dostosowa\u0107. Nasze pokrywy mo\u017cna wyposa\u017cy\u0107 w dwa otwory o \u015brednicy 50 mm z zatyczkami lub wk\u0142adkami siatkowymi, aby uzyska\u0107 po\u017c\u0105dan\u0105 wilgotno\u015b\u0107 lub silniejsz\u0105 wentylacj\u0119. Co wi\u0119cej, gniazda lamp, wentylatory lub zamg\u0142awiacze mo\u017cna r\u00f3wnie\u017c pod\u0142\u0105czy\u0107 bezpo\u015brednio do otwor\u00f3w o \u015brednicy 50 mm.<\/p>\n<p>Nasze ramki s\u0105 potrzebne tylko w przypadku hodowli mr\u00f3wek. Zabezpieczaj\u0105 one dodatkowo wiwarium (po pokryciu \u015brodkiem zapobiegaj\u0105cym ucieczce), aby unikn\u0105\u0107 ucieczki zwierz\u0105t, a przede wszystkim upraszczaj\u0105 utrzymanie w otwartym wiwarium. Ponadto, gdy u\u017cywana jest ramka, pokryw\u0119 mo\u017cna w razie potrzeby zdj\u0105\u0107.<\/p>\n<h2><strong>Jak przekszta\u0142ci\u0107 PLANTCUBE w bioaktywny ekosystem?<\/strong><\/h2>\n<h3><strong>Utw\u00f3rz warstw\u0119 drena\u017cow\u0105:<\/strong><\/h3>\n<p>Aby wesprze\u0107 ro\u015bliny, nale\u017cy najpierw zbudowa\u0107 warstw\u0119 drena\u017cow\u0105 wewn\u0105trz wiwarium. Zalecamy u\u017cycie 2-3 cm granulek gliny (4-8 mm), poniewa\u017c s\u0105 one lekkie. Przed w\u0142o\u017ceniem nale\u017cy je umy\u0107 pod bie\u017c\u0105c\u0105 wod\u0105, aby usun\u0105\u0107 kurz.<\/p>\n<p>Na wierzchu granulek gliny mo\u017cna umie\u015bci\u0107 w\u0142\u00f3knin\u0119 drena\u017cow\u0105, aby oddzieli\u0107 drena\u017c od pod\u0142o\u017ca.<\/p>\n<h3><strong>Jakich ro\u015blin i gleby u\u017cy\u0107:<\/strong><\/h3>\n<p>Wszystko zale\u017cy od rodzaju \"ekosystemu\", kt\u00f3ry chcesz stworzy\u0107. Je\u015bli chcesz zbudowa\u0107 pustynne lub raczej suche wiwarium, b\u0119dziesz potrzebowa\u0107 ro\u015blin, kt\u00f3re dobrze si\u0119 rozwijaj\u0105 w takim klimacie i u\u017cywa\u0107 odpowiedniej gleby, w kt\u00f3rej lubi\u0105 rosn\u0105\u0107. W przypadku wiwari\u00f3w tropikalnych jest oczywi\u015bcie tak samo. Staraj si\u0119 u\u017cywa\u0107 ro\u015blin z podobnych region\u00f3w i\/lub klimat\u00f3w, aby wszystkie dobrze radzi\u0142y sobie w tym samym typie gleby i klimatu. Dobry sklep z ro\u015blinami powinien zawsze posiada\u0107 informacje na temat odpowiedniego klimatu i gleby dla sprzedawanych ro\u015blin.<\/p>\n<p><strong>Wa\u017cne:<\/strong> Je\u015bli chcesz trzyma\u0107 ro\u015bliny i zwierz\u0119ta razem, nigdy nie powiniene\u015b u\u017cywa\u0107 ro\u015blin, co do kt\u00f3rych nie wiesz, czy mia\u0142y kontakt z nawozami lub pestycydami. U\u017cywaj tylko ro\u015blin ze sklep\u00f3w terrarystycznych lub podobnych, kt\u00f3re gwarantuj\u0105, \u017ce s\u0105 ca\u0142kowicie wolne od pestycyd\u00f3w i nawoz\u00f3w. W przeciwnym razie mog\u0105 one doprowadzi\u0107 do \u015bmierci zwierz\u0105t.<\/p>\n<h3><strong>Wprowad\u017a \"ekip\u0119 sprz\u0105taj\u0105c\u0105\", aby twoje wiwarium by\u0142o bioaktywne<\/strong><\/h3>\n<p><strong>Co to jest bioaktywno\u015b\u0107?<\/strong> Co to jest bioaktywno\u015b\u0107? Jest to najbardziej zbli\u017cona do samowystarczalnej konfiguracja. Polega ona na dodaniu odpowiedniej mieszanki gleby i materia\u0142u organicznego w celu wytworzenia mikroflory oraz niezb\u0119dnej mikrofauny, aby stworzy\u0107 cykl sk\u0142adnik\u00f3w od\u017cywczych w wiwarium.<\/p>\n<p><strong>Nasza rada:<\/strong> Nasza rada: Zawsze dodawaj ma\u0142e stworzenia, takie jak skoczogonki i r\u00f3wnonogi. S\u0105 one nie tylko dobrym \"nieko\u0144cz\u0105cym si\u0119\" \u017ar\u00f3d\u0142em po\u017cywienia, je\u015bli chcesz trzyma\u0107 w swoim wiwarium inne zwierz\u0119ta. \u017bywi\u0105 si\u0119 one zw\u0142aszcza ple\u015bniami, kt\u00f3re mog\u0105 tworzy\u0107 si\u0119 z powodu wysokiej wilgotno\u015bci i wzbogacaj\u0105 gleb\u0119 w sk\u0142adniki od\u017cywcze, kt\u00f3re z kolei pozwalaj\u0105 ro\u015blinom zdrowo rosn\u0105\u0107.<\/p>\n<p>Dodaj troch\u0119 w\u0119gla drzewnego do gleby, kt\u00f3ry pomo\u017ce mikrobom j\u0105 skolonizowa\u0107. Mech i kora korkowa lub bia\u0142e zgni\u0142e drewno, opr\u00f3cz \u015bci\u00f3\u0142ki z li\u015bci, nie tylko wygl\u0105daj\u0105 naturalnie w twojej konfiguracji, ale tak\u017ce karmi\u0105 twoj\u0105 \"ekip\u0119 sprz\u0105taj\u0105c\u0105\", zapewniaj\u0105 im kryj\u00f3wki i miejsca l\u0119gowe oraz s\u0105 \u0142atwe do rozbicia na sk\u0142adniki od\u017cywcze dla twoich ro\u015blin.<\/p>\n<p><strong>W naturze wszystko opiera si\u0119 na r\u00f3wnowadze<\/strong><br \/>\nNie zaleca si\u0119 jednak stosowania niekt\u00f3rych gatunk\u00f3w izopod\u00f3w bez dodawania czegokolwiek, co na nie poluje, poniewa\u017c populacja izopod\u00f3w bez drapie\u017cnik\u00f3w, takich jak na przyk\u0142ad mr\u00f3wki, lubi wymyka\u0107 si\u0119 spod kontroli, a ro\u015bliny w twoim wiwarium szybko staj\u0105 si\u0119 niechcianym \u017ar\u00f3d\u0142em po\u017cywienia. W naturze wszystko opiera si\u0119 na r\u00f3wnowadze.<\/p>\n<p><strong>Wi\u0119cej informacji:<\/strong><br \/>\nSzk\u0142o jest ci\u0119te zgodnie z DIN 1249 z tolerancj\u0105 +\/- 1mm. W przypadku wyj\u0105tkowo ma\u0142ych gatunk\u00f3w mr\u00f3wek konieczne jest dodatkowe zabezpieczenie przed wy\u0142amaniem.<\/p>\n<div class=\"row\"  id=\"row-1232672165\">\n\n\t<div id=\"col-991472889\" class=\"col small-12 large-12\"  >\n\t\t\t\t<div class=\"col-inner\"  >\n\t\t\t\n\t\t\t\n\t<div id=\"text-195092384\" class=\"text\">\n\t\t\n<h2>Poni\u017cej znajduje si\u0119 kilka sklep\u00f3w, kt\u00f3re mo\u017cemy poleci\u0107 oraz dalsze informacje o tym, jak stworzy\u0107 unikalny i bioaktywny PLANTCUBE:<\/h2>\n\t\t\n<style>\n#text-195092384 {\n  font-size: 1rem;\n  text-align: center;\n}\n<\/style>\n\t<\/div>\n\t\n\t<div id=\"gap-620568430\" class=\"gap-element clearfix\" style=\"display:block; height:auto;\">\n\t\t\n<style>\n#gap-620568430 {\n  padding-top: 40px;\n}\n<\/style>\n\t<\/div>\n\t\n\t\t<\/div>\n\t\t\t\t\n<style>\n#col-991472889 > .col-inner {\n  padding: 30px 0px 0px 0px;\n}\n<\/style>\n\t<\/div>\n\n\t\n\n\t<div id=\"col-1515442580\" class=\"col medium-6 small-12 large-6\"  >\n\t\t\t\t<div class=\"col-inner\"  >\n\t\t\t\n\t\t\t\n\n\t<section class=\"section\" id=\"section_1724737334\">\n\t\t<div class=\"section-bg fill\" >\n\t\t\t<img data-recalc-dims=\"1\" loading=\"lazy\" decoding=\"async\" width=\"1020\" height=\"574\" src=\"https:\/\/i0.wp.com\/antcube.shop\/wp-content\/uploads\/2024\/10\/2560x1440_youtube-Banner-2.png?resize=1020%2C574&#038;ssl=1\" class=\"bg attachment- size-\" alt=\"\" \/>\t\t\t\t\t\t\n\t\t\t\n\n\t\t<\/div>\n\n\t\t\n\n\t\t<div class=\"section-content relative\">\n\t\t\t\n<div class=\"row align-center\"  id=\"row-1953328372\">\n\n\t<div id=\"col-908182319\" class=\"col medium-10 small-12 large-10\"  >\n\t\t\t\t<div class=\"col-inner text-center\"  >\n\t\t\t\n\t\t\t\n<h2 class=\"uppercase\">Przewodnik krok po kroku na naszym blogu<\/h2>\n<a href=\"https:\/\/antcube.shop\/en\/2024\/10\/22\/how-to-create-your-bioactive-vivarium\/\" class=\"button primary\" >\n\t\t<span>BLOG<\/span>\n\t<\/a>\n\n\t\t<\/div>\n\t\t\t\t\n<style>\n#col-908182319 > .col-inner {\n  margin: -150px 0px 0px 0px;\n}\n@media (min-width:550px) {\n  #col-908182319 > .col-inner {\n    margin: -200px 0px 0px 0px;\n  }\n}\n<\/style>\n\t<\/div>\n\n\t\n<\/div>\n\t\t<\/div>\n\n\t\t\n<style>\n#section_1724737334 {\n  padding-top: 60px;\n  padding-bottom: 60px;\n  min-height: 300px;\n  background-color: rgb(255,255,255);\n}\n#section_1724737334 .section-bg img {\n  object-position: 50% 0%;\n}\n<\/style>\n\t<\/section>\n\t\n\t\t<\/div>\n\t\t\t\t\t<\/div>\n\n\t\n\n\t<div id=\"col-358459702\" class=\"col medium-6 small-12 large-6\"  >\n\t\t\t\t<div class=\"col-inner\"  >\n\t\t\t\n\t\t\t\n\n\t<section class=\"section\" id=\"section_1589567341\">\n\t\t<div class=\"section-bg fill\" >\n\t\t\t<img data-recalc-dims=\"1\" loading=\"lazy\" decoding=\"async\" width=\"1020\" height=\"680\" src=\"https:\/\/i0.wp.com\/antcube.shop\/wp-content\/uploads\/2024\/10\/Collage_FULL-HD_-2-scaled.jpg?resize=1020%2C680&#038;ssl=1\" class=\"bg attachment-original size-original\" alt=\"\" \/>\t\t\t\t\t\t\n\t\t\t\n\n\t\t<\/div>\n\n\t\t\n\n\t\t<div class=\"section-content relative\">\n\t\t\t\n<div class=\"row align-center\"  id=\"row-929016338\">\n\n\t<div id=\"col-1638243467\" class=\"col medium-10 small-12 large-10\"  >\n\t\t\t\t<div class=\"col-inner text-center\"  >\n\t\t\t\n\t\t\t\n<h2 class=\"uppercase\">dalsze informacje o plantcube<\/h2>\n<a href=\"https:\/\/antcube.shop\/en\/plantcube\/\" class=\"button primary\" >\n\t\t<span>plantcube<\/span>\n\t<\/a>\n\n\t\t<\/div>\n\t\t\t\t\n<style>\n#col-1638243467 > .col-inner {\n  margin: -150px 0px 0px 0px;\n}\n@media (min-width:550px) {\n  #col-1638243467 > .col-inner {\n    margin: -200px 0px 0px 0px;\n  }\n}\n<\/style>\n\t<\/div>\n\n\t\n<\/div>\n\t\t<\/div>\n\n\t\t\n<style>\n#section_1589567341 {\n  padding-top: 60px;\n  padding-bottom: 60px;\n  min-height: 300px;\n}\n#section_1589567341 .section-bg img {\n  object-position: 51% 0%;\n}\n<\/style>\n\t<\/section>\n\t\n\t\t<\/div>\n\t\t\t\t\t<\/div>\n\n\t\n<\/div>","protected":false},"excerpt":{"rendered":"<p>Ten pakiet sk\u0142ada si\u0119 z 12 cz\u0119\u015bci<\/p>","protected":false},"featured_media":9924,"comment_status":"open","ping_status":"closed","template":"","meta":{"_acf_changed":false,"content-type":"","_monsterinsights_skip_tracking":false,"_monsterinsights_sitenote_active":false,"_monsterinsights_sitenote_note":"","_monsterinsights_sitenote_category":0},"product_brand":[483],"product_cat":[257,341],"product_tag":[],"class_list":{"0":"post-9880","1":"product","2":"type-product","3":"status-publish","4":"has-post-thumbnail","6":"product_brand-plantcube","7":"product_cat-new-innovatve-products","8":"product_cat-vivariums","10":"first","11":"instock","12":"taxable","13":"shipping-taxable","14":"purchasable","15":"product-type-simple"},"acf":[],"aioseo_notices":[],"jetpack_sharing_enabled":true,"_links":{"self":[{"href":"https:\/\/antcube.shop\/pl\/wp-json\/wp\/v2\/product\/9880","targetHints":{"allow":["GET"]}}],"collection":[{"href":"https:\/\/antcube.shop\/pl\/wp-json\/wp\/v2\/product"}],"about":[{"href":"https:\/\/antcube.shop\/pl\/wp-json\/wp\/v2\/types\/product"}],"replies":[{"embeddable":true,"href":"https:\/\/antcube.shop\/pl\/wp-json\/wp\/v2\/comments?post=9880"}],"wp:featuredmedia":[{"embeddable":true,"href":"https:\/\/antcube.shop\/pl\/wp-json\/wp\/v2\/media\/9924"}],"wp:attachment":[{"href":"https:\/\/antcube.shop\/pl\/wp-json\/wp\/v2\/media?parent=9880"}],"wp:term":[{"taxonomy":"product_brand","embeddable":true,"href":"https:\/\/antcube.shop\/pl\/wp-json\/wp\/v2\/product_brand?post=9880"},{"taxonomy":"product_cat","embeddable":true,"href":"https:\/\/antcube.shop\/pl\/wp-json\/wp\/v2\/product_cat?post=9880"},{"taxonomy":"product_tag","embeddable":true,"href":"https:\/\/antcube.shop\/pl\/wp-json\/wp\/v2\/product_tag?post=9880"}],"curies":[{"name":"wp","href":"https:\/\/api.w.org\/{rel}","templated":true}]}}