{"id":9354,"date":"2024-09-17T16:30:08","date_gmt":"2024-09-17T14:30:08","guid":{"rendered":"https:\/\/antcube.shop\/en\/product\/tranke-cylinder-klein\/"},"modified":"2026-04-13T09:29:56","modified_gmt":"2026-04-13T07:29:56","slug":"cylinder-tranke-klein","status":"publish","type":"product","link":"https:\/\/antcube.shop\/pl\/produkt\/cylinder-tranke-klein\/","title":{"rendered":"Korytko do picia Cylinder ma\u0142y"},"content":{"rendered":"<p><strong>Wielko\u015b\u0107:<\/strong> 25x16x18 mm, 2 ml<\/p>\n<p><strong>Kolor:<\/strong> krystalicznie czysty<\/p>\n<p><strong>Materia\u0142:<\/strong> PMMA<\/p>\n<p><strong>Opis:<\/strong> Pozwala to mr\u00f3wkom zapewni\u0107 sobie wystarczaj\u0105c\u0105 wilgotno\u015b\u0107 w formikarium. Napi\u0119cie powierzchniowe wody zapobiega przeciekaniu poid\u0142a.<\/p>\n<p><strong>Uwaga:<\/strong><br \/>\nW przypadku ma\u0142ych gatunk\u00f3w mr\u00f3wek, dla bezpiecze\u0144stwa przed wyj\u015bciem z poid\u0142a nale\u017cy umie\u015bci\u0107 g\u0105bk\u0119, siatk\u0119 lub drobny piasek. W przeciwnym razie pojedyncze robotnice mog\u0105 dosta\u0107 si\u0119 do poid\u0142a. G\u0105bka o \u015brednicy 14 mm pasuje idealnie.<\/p>","protected":false},"excerpt":{"rendered":"<p><strong>Wymiary:<\/strong> 25x16x18 mm, 2 ml<\/p>","protected":false},"featured_media":9439,"comment_status":"open","ping_status":"closed","template":"","meta":{"_acf_changed":false,"content-type":"","_monsterinsights_skip_tracking":false,"_monsterinsights_sitenote_active":false,"_monsterinsights_sitenote_note":"","_monsterinsights_sitenote_category":0},"product_brand":[],"product_cat":[115,117],"product_tag":[],"class_list":{"0":"post-9354","1":"product","2":"type-product","3":"status-publish","4":"has-post-thumbnail","6":"product_cat-food-and-feeding","7":"product_cat-drinkers-for-ants","9":"first","10":"instock","11":"taxable","12":"shipping-taxable","13":"purchasable","14":"product-type-simple"},"acf":[],"aioseo_notices":[],"jetpack_sharing_enabled":true,"_links":{"self":[{"href":"https:\/\/antcube.shop\/pl\/wp-json\/wp\/v2\/product\/9354","targetHints":{"allow":["GET"]}}],"collection":[{"href":"https:\/\/antcube.shop\/pl\/wp-json\/wp\/v2\/product"}],"about":[{"href":"https:\/\/antcube.shop\/pl\/wp-json\/wp\/v2\/types\/product"}],"replies":[{"embeddable":true,"href":"https:\/\/antcube.shop\/pl\/wp-json\/wp\/v2\/comments?post=9354"}],"wp:featuredmedia":[{"embeddable":true,"href":"https:\/\/antcube.shop\/pl\/wp-json\/wp\/v2\/media\/9439"}],"wp:attachment":[{"href":"https:\/\/antcube.shop\/pl\/wp-json\/wp\/v2\/media?parent=9354"}],"wp:term":[{"taxonomy":"product_brand","embeddable":true,"href":"https:\/\/antcube.shop\/pl\/wp-json\/wp\/v2\/product_brand?post=9354"},{"taxonomy":"product_cat","embeddable":true,"href":"https:\/\/antcube.shop\/pl\/wp-json\/wp\/v2\/product_cat?post=9354"},{"taxonomy":"product_tag","embeddable":true,"href":"https:\/\/antcube.shop\/pl\/wp-json\/wp\/v2\/product_tag?post=9354"}],"curies":[{"name":"wp","href":"https:\/\/api.w.org\/{rel}","templated":true}]}}