{"id":9350,"date":"2024-09-17T16:28:05","date_gmt":"2024-09-17T14:28:05","guid":{"rendered":"https:\/\/antcube.shop\/en\/product\/futternapf-6cm\/"},"modified":"2026-04-10T09:16:08","modified_gmt":"2026-04-10T07:16:08","slug":"miska-na-zywnosc-6cm","status":"publish","type":"product","link":"https:\/\/antcube.shop\/pl\/produkt\/miska-na-zywnosc-6cm\/","title":{"rendered":"Miska na \u017cywno\u015b\u0107 - 6 cm"},"content":{"rendered":"<p><strong>Wymiary:<\/strong> 6 x 1,5 x 4,5 cm<\/p>\n<p><strong>Materia\u0142:<\/strong><br \/>\n\u017bywica poliestrowa, materia\u0142 bezpieczny dla \u017cywno\u015bci<\/p>\n<p><strong>Opis:<\/strong><br \/>\nW tych tackach mo\u017cna podawa\u0107 mr\u00f3wkom pokarm lub wod\u0119 w \u017celu. G\u0142adkie wn\u0119trze u\u0142atwia ich czyszczenie. Tacki wykonane s\u0105 z wytrzyma\u0142ej \u017cywicy syntetycznej i nie mog\u0105 zosta\u0107 zniszczone przez mr\u00f3wki.<\/p>","protected":false},"excerpt":{"rendered":"<p><strong>Wymiary:\u00a0<\/strong> 6 x 1,5 x 4,5 cm<\/p>","protected":false},"featured_media":9447,"comment_status":"open","ping_status":"closed","template":"","meta":{"_acf_changed":false,"content-type":"","_monsterinsights_skip_tracking":false,"_monsterinsights_sitenote_active":false,"_monsterinsights_sitenote_note":"","_monsterinsights_sitenote_category":0},"product_brand":[],"product_cat":[115,118],"product_tag":[],"class_list":{"0":"post-9350","1":"product","2":"type-product","3":"status-publish","4":"has-post-thumbnail","6":"product_cat-food-and-feeding","7":"product_cat-feeding-bowls","9":"first","10":"instock","11":"taxable","12":"shipping-taxable","13":"purchasable","14":"product-type-simple"},"acf":[],"aioseo_notices":[],"jetpack_sharing_enabled":true,"_links":{"self":[{"href":"https:\/\/antcube.shop\/pl\/wp-json\/wp\/v2\/product\/9350","targetHints":{"allow":["GET"]}}],"collection":[{"href":"https:\/\/antcube.shop\/pl\/wp-json\/wp\/v2\/product"}],"about":[{"href":"https:\/\/antcube.shop\/pl\/wp-json\/wp\/v2\/types\/product"}],"replies":[{"embeddable":true,"href":"https:\/\/antcube.shop\/pl\/wp-json\/wp\/v2\/comments?post=9350"}],"wp:featuredmedia":[{"embeddable":true,"href":"https:\/\/antcube.shop\/pl\/wp-json\/wp\/v2\/media\/9447"}],"wp:attachment":[{"href":"https:\/\/antcube.shop\/pl\/wp-json\/wp\/v2\/media?parent=9350"}],"wp:term":[{"taxonomy":"product_brand","embeddable":true,"href":"https:\/\/antcube.shop\/pl\/wp-json\/wp\/v2\/product_brand?post=9350"},{"taxonomy":"product_cat","embeddable":true,"href":"https:\/\/antcube.shop\/pl\/wp-json\/wp\/v2\/product_cat?post=9350"},{"taxonomy":"product_tag","embeddable":true,"href":"https:\/\/antcube.shop\/pl\/wp-json\/wp\/v2\/product_tag?post=9350"}],"curies":[{"name":"wp","href":"https:\/\/api.w.org\/{rel}","templated":true}]}}