{"id":9349,"date":"2024-09-17T16:27:32","date_gmt":"2024-09-17T14:27:32","guid":{"rendered":"https:\/\/antcube.shop\/en\/product\/antcube-popcorn-nest-60x30-l\/"},"modified":"2026-03-02T09:48:53","modified_gmt":"2026-03-02T08:48:53","slug":"antcube-popcorn-nest-60x30-l","status":"publish","type":"product","link":"https:\/\/antcube.shop\/pl\/produkt\/antcube-popcorn-nest-60x30-l\/","title":{"rendered":"ANTCUBE - Popcorn Nest 60\u00d730 - L"},"content":{"rendered":"<p><strong>Wymiary:<\/strong> 583x237x19 mm<\/p>\n<p><strong>Materia\u0142:<\/strong> Popcorn prasowany z sacharoz\u0105 i bia\u0142kiem<\/p>\n<p><strong>Pasuje tylko do<\/strong> nasz rozmiar L farmy mr\u00f3wek<\/p>\n<p><strong>Opis:<\/strong> To gniazdo popcornu z prefabrykowanymi przej\u015bciami i komorami jest idealne jako spichlerz na przyk\u0142ad dla mr\u00f3wek Messor, ale tak\u017ce dla innych gatunk\u00f3w mr\u00f3wek, kt\u00f3re zbieraj\u0105 ziarna. Posiada otw\u00f3r umo\u017cliwiaj\u0105cy dost\u0119p do gniazda. Gniazdo z popcornu poch\u0142ania wilgo\u0107 i w rezultacie mo\u017ce si\u0119 kurczy\u0107, wi\u0119c<strong> powinien by\u0107 zawsze suchy.<\/strong> Messor barbarus bardzo dobrze akceptuje nasze gniazdo popcornu ANTCUBE jako spichlerz. Z biegiem czasu mr\u00f3wki zaczynaj\u0105 rozszerza\u0107 gniazdo popcornu i zjada\u0107 materia\u0142 gniazdowy.<\/p>\n<p>Gniazdo popcorn powinno by\u0107 u\u017cywane tylko w przypadku gatunk\u00f3w mr\u00f3wek, kt\u00f3re wymagaj\u0105 bardzo ma\u0142ej lub zerowej wilgotno\u015bci w obszarze gniazda.<\/p>","protected":false},"excerpt":{"rendered":"<p><strong>Rozmiar: L<\/strong><\/p>","protected":false},"featured_media":9449,"comment_status":"open","ping_status":"closed","template":"","meta":{"_acf_changed":false,"content-type":"","_monsterinsights_skip_tracking":false,"_monsterinsights_sitenote_active":false,"_monsterinsights_sitenote_note":"","_monsterinsights_sitenote_category":0},"product_brand":[484],"product_cat":[257,344,87],"product_tag":[],"class_list":{"0":"post-9349","1":"product","2":"type-product","3":"status-publish","4":"has-post-thumbnail","6":"product_brand-antcube","7":"product_cat-new-innovatve-products","8":"product_cat-popcorn","9":"product_cat-nest-insets","11":"first","12":"instock","13":"taxable","14":"shipping-taxable","15":"purchasable","16":"product-type-simple"},"acf":[],"aioseo_notices":[],"jetpack_sharing_enabled":true,"_links":{"self":[{"href":"https:\/\/antcube.shop\/pl\/wp-json\/wp\/v2\/product\/9349","targetHints":{"allow":["GET"]}}],"collection":[{"href":"https:\/\/antcube.shop\/pl\/wp-json\/wp\/v2\/product"}],"about":[{"href":"https:\/\/antcube.shop\/pl\/wp-json\/wp\/v2\/types\/product"}],"replies":[{"embeddable":true,"href":"https:\/\/antcube.shop\/pl\/wp-json\/wp\/v2\/comments?post=9349"}],"wp:featuredmedia":[{"embeddable":true,"href":"https:\/\/antcube.shop\/pl\/wp-json\/wp\/v2\/media\/9449"}],"wp:attachment":[{"href":"https:\/\/antcube.shop\/pl\/wp-json\/wp\/v2\/media?parent=9349"}],"wp:term":[{"taxonomy":"product_brand","embeddable":true,"href":"https:\/\/antcube.shop\/pl\/wp-json\/wp\/v2\/product_brand?post=9349"},{"taxonomy":"product_cat","embeddable":true,"href":"https:\/\/antcube.shop\/pl\/wp-json\/wp\/v2\/product_cat?post=9349"},{"taxonomy":"product_tag","embeddable":true,"href":"https:\/\/antcube.shop\/pl\/wp-json\/wp\/v2\/product_tag?post=9349"}],"curies":[{"name":"wp","href":"https:\/\/api.w.org\/{rel}","templated":true}]}}