{"id":9346,"date":"2024-09-17T16:26:01","date_gmt":"2024-09-17T14:26:01","guid":{"rendered":"https:\/\/antcube.shop\/en\/product\/ameisenarena-abdeckung-30x15\/"},"modified":"2026-04-01T13:28:20","modified_gmt":"2026-04-01T11:28:20","slug":"mrowcza-arena-o-wymiarach-30x15","status":"publish","type":"product","link":"https:\/\/antcube.shop\/pl\/produkt\/mrowcza-arena-o-wymiarach-30x15\/","title":{"rendered":"Arena mr\u00f3wek o wymiarach 30\u00d715"},"content":{"rendered":"<p><strong>Wymiary (LxWxH):<\/strong> 30x15x0,4 cm<\/p>\n<p><strong>Materia\u0142:<\/strong> szk\u0142o float<\/p>\n<p><strong>Kolor:<\/strong> krystalicznie czysty \/ przejrzysty<\/p>\n<p><strong>Zawarto\u015b\u0107:<\/strong><br \/>\n1x pokrywa areny mr\u00f3wek<br \/>\n1x punkty mocowania \u00e0 4 szt.<\/p>\n<p><strong>Opis:<\/strong><br \/>\nSzklana os\u0142ona do areny dla mr\u00f3wek jako ochrona przed ucieczk\u0105. Nadaje si\u0119 do naszych mrowisk \u015bciennych.<\/p>\n<p><strong>Zastosowanie:<\/strong><br \/>\nSzklana pokrywa mrowiska jest umieszczana na mrowisku i s\u0142u\u017cy r\u00f3wnie\u017c do regulacji klimatu.<br \/>\nW otworach 50 mm mo\u017cna umie\u015bci\u0107 r\u00f3\u017cne modu\u0142y do sterowania klimatem, np. kratki wentylacyjne, o\u015bwietlenie lub nawil\u017canie.<br \/>\nAby zapobiec przedostawaniu si\u0119 mr\u00f3wek przez otwory, nale\u017cy zastosowa\u0107 zabezpieczenie przed ucieczk\u0105 (olej, proszek lub lakier) na spodzie wok\u00f3\u0142 otwor\u00f3w.<\/p>\n<p><strong>Uwaga:<\/strong><br \/>\nPoniewa\u017c przedmiot jest wykonany ze szk\u0142a i dlatego jest delikatny, nale\u017cy obchodzi\u0107 si\u0119 z nim bardzo ostro\u017cnie.<\/p>","protected":false},"excerpt":{"rendered":"<p>Wymiary (d\u0142. x szer. x wys.): 30 x 15 x 0,4 cm Materia\u0142: szk\u0142o float Kolor: krystalicznie czysty \/ przezroczysty Zawarto\u015b\u0107: 1x pokrywa areny mr\u00f3wek 1x punkty mocowania \u00e0 4 szt. Opis: Szklana os\u0142ona do areny dla mr\u00f3wek jako ochrona przed ucieczk\u0105. Nadaje si\u0119 do naszych mr\u00f3wczych aren \u015bciennych. Zastosowanie: Szklana os\u0142ona na mrowisko jest umieszczana na mrowisku i jest r\u00f3wnie\u017c u\u017cywana","protected":false},"featured_media":9465,"comment_status":"open","ping_status":"closed","template":"","meta":{"_acf_changed":false,"content-type":"","_monsterinsights_skip_tracking":false,"_monsterinsights_sitenote_active":false,"_monsterinsights_sitenote_note":"","_monsterinsights_sitenote_category":0},"product_brand":[484],"product_cat":[91,92],"product_tag":[],"class_list":{"0":"post-9346","1":"product","2":"type-product","3":"status-publish","4":"has-post-thumbnail","6":"product_brand-antcube","7":"product_cat-formicarium-modules","8":"product_cat-arena-cover","10":"first","11":"instock","12":"taxable","13":"shipping-taxable","14":"purchasable","15":"product-type-simple"},"acf":[],"aioseo_notices":[],"jetpack_sharing_enabled":true,"_links":{"self":[{"href":"https:\/\/antcube.shop\/pl\/wp-json\/wp\/v2\/product\/9346","targetHints":{"allow":["GET"]}}],"collection":[{"href":"https:\/\/antcube.shop\/pl\/wp-json\/wp\/v2\/product"}],"about":[{"href":"https:\/\/antcube.shop\/pl\/wp-json\/wp\/v2\/types\/product"}],"replies":[{"embeddable":true,"href":"https:\/\/antcube.shop\/pl\/wp-json\/wp\/v2\/comments?post=9346"}],"wp:featuredmedia":[{"embeddable":true,"href":"https:\/\/antcube.shop\/pl\/wp-json\/wp\/v2\/media\/9465"}],"wp:attachment":[{"href":"https:\/\/antcube.shop\/pl\/wp-json\/wp\/v2\/media?parent=9346"}],"wp:term":[{"taxonomy":"product_brand","embeddable":true,"href":"https:\/\/antcube.shop\/pl\/wp-json\/wp\/v2\/product_brand?post=9346"},{"taxonomy":"product_cat","embeddable":true,"href":"https:\/\/antcube.shop\/pl\/wp-json\/wp\/v2\/product_cat?post=9346"},{"taxonomy":"product_tag","embeddable":true,"href":"https:\/\/antcube.shop\/pl\/wp-json\/wp\/v2\/product_tag?post=9346"}],"curies":[{"name":"wp","href":"https:\/\/api.w.org\/{rel}","templated":true}]}}