{"id":9345,"date":"2024-09-17T16:25:36","date_gmt":"2024-09-17T14:25:36","guid":{"rendered":"https:\/\/antcube.shop\/en\/product\/ameisenarena-rahmen-30x15\/"},"modified":"2026-03-16T10:36:55","modified_gmt":"2026-03-16T09:36:55","slug":"ameisenarena-rahmen-30x15","status":"publish","type":"product","link":"https:\/\/antcube.shop\/pl\/produkt\/ameisenarena-rahmen-30x15\/","title":{"rendered":"Rama areny mr\u00f3wek 30\u00d715"},"content":{"rendered":"<p><strong>Wymiary (LxWxH):<\/strong> 30x15x0,4 cm<\/p>\n<p><strong>Materia\u0142:<\/strong> szk\u0142o float<\/p>\n<p><strong>Kolor:<\/strong> krystalicznie czysty \/ przejrzysty<\/p>\n<p><strong>Zawarto\u015b\u0107:<\/strong><br \/>\n1x rama areny mr\u00f3wek<\/p>\n<p><strong>Opis:<\/strong><br \/>\nSzklana rama do areny dla mr\u00f3wek jako ochrona przed ucieczk\u0105. Nadaje si\u0119 do naszych mr\u00f3wczych aren \u015bciennych.<\/p>\n<p><strong>Zastosowanie:<\/strong><br \/>\nRama mrowiska to rama wykonana ze szk\u0142a, kt\u00f3ra jest umieszczana na g\u00f3rze mrowiska i wyposa\u017cona w zabezpieczenie przed ucieczk\u0105 (olej, proszek lub lakier) na spodzie, aby zapobiec wydostawaniu si\u0119 mr\u00f3wek.<\/p>\n<p><strong>Uwaga:<\/strong><br \/>\nPoniewa\u017c przedmiot jest wykonany ze szk\u0142a i dlatego jest delikatny, nale\u017cy obchodzi\u0107 si\u0119 z nim bardzo ostro\u017cnie. Szk\u0142o jest ci\u0119te na wymiar zgodnie z norm\u0105 DIN 1249 z tolerancj\u0105 +\/- 1 mm. Dodatkowa ochrona przed st\u0142uczeniem jest niezb\u0119dna w przypadku wyj\u0105tkowo ma\u0142ych gatunk\u00f3w mr\u00f3wek.<\/p>","protected":false},"excerpt":{"rendered":"<p>Wymiary (d\u0142. x szer. x wys.): 30 x 15 x 0,4 cm Materia\u0142: szk\u0142o float Kolor: krystalicznie czysty \/ przezroczysty Zawarto\u015b\u0107: 1x ramka na aren\u0119 dla mr\u00f3wek Opis: Szklana rama do areny dla mr\u00f3wek jako ochrona przed ucieczk\u0105. Nadaje si\u0119 do naszych mr\u00f3wczych aren \u015bciennych. Zastosowanie: Rama mrowiska to rama wykonana ze szk\u0142a, kt\u00f3r\u0105 umieszcza si\u0119 na g\u00f3rze mrowiska i zapewnia","protected":false},"featured_media":9466,"comment_status":"open","ping_status":"closed","template":"","meta":{"_acf_changed":false,"content-type":"","_monsterinsights_skip_tracking":false,"_monsterinsights_sitenote_active":false,"_monsterinsights_sitenote_note":"","_monsterinsights_sitenote_category":0},"product_brand":[484],"product_cat":[91,93],"product_tag":[],"class_list":{"0":"post-9345","1":"product","2":"type-product","3":"status-publish","4":"has-post-thumbnail","6":"product_brand-antcube","7":"product_cat-formicarium-modules","8":"product_cat-arena-frame","10":"first","11":"instock","12":"taxable","13":"shipping-taxable","14":"purchasable","15":"product-type-simple"},"acf":[],"aioseo_notices":[],"jetpack_sharing_enabled":true,"_links":{"self":[{"href":"https:\/\/antcube.shop\/pl\/wp-json\/wp\/v2\/product\/9345","targetHints":{"allow":["GET"]}}],"collection":[{"href":"https:\/\/antcube.shop\/pl\/wp-json\/wp\/v2\/product"}],"about":[{"href":"https:\/\/antcube.shop\/pl\/wp-json\/wp\/v2\/types\/product"}],"replies":[{"embeddable":true,"href":"https:\/\/antcube.shop\/pl\/wp-json\/wp\/v2\/comments?post=9345"}],"wp:featuredmedia":[{"embeddable":true,"href":"https:\/\/antcube.shop\/pl\/wp-json\/wp\/v2\/media\/9466"}],"wp:attachment":[{"href":"https:\/\/antcube.shop\/pl\/wp-json\/wp\/v2\/media?parent=9345"}],"wp:term":[{"taxonomy":"product_brand","embeddable":true,"href":"https:\/\/antcube.shop\/pl\/wp-json\/wp\/v2\/product_brand?post=9345"},{"taxonomy":"product_cat","embeddable":true,"href":"https:\/\/antcube.shop\/pl\/wp-json\/wp\/v2\/product_cat?post=9345"},{"taxonomy":"product_tag","embeddable":true,"href":"https:\/\/antcube.shop\/pl\/wp-json\/wp\/v2\/product_tag?post=9345"}],"curies":[{"name":"wp","href":"https:\/\/api.w.org\/{rel}","templated":true}]}}