{"id":9344,"date":"2024-09-17T16:25:00","date_gmt":"2024-09-17T14:25:00","guid":{"rendered":"https:\/\/antcube.shop\/en\/product\/futternapf-weis-rechteck-3-fach\/"},"modified":"2026-04-14T18:00:17","modified_gmt":"2026-04-14T16:00:17","slug":"naczynie-do-karmienia-bialy-prostokat-3-komory","status":"publish","type":"product","link":"https:\/\/antcube.shop\/pl\/produkt\/naczynie-do-karmienia-bialy-prostokat-3-komory\/","title":{"rendered":"Naczynie do karmienia bia\u0142y prostok\u0105t - 3 komory"},"content":{"rendered":"<p><strong>Wymiary:<\/strong> 40 x 30 x 7 mm<\/p>\n<p><strong>Materia\u0142:<\/strong> PP<\/p>\n<p><strong>Kolor:<\/strong> bia\u0142y<\/p>\n<p><strong>Opis:<\/strong> Kwadratowa misa z 3 korytkami (25x25mm i 10x10mm) dla r\u00f3\u017cnych rodzaj\u00f3w paszy.<\/p>","protected":false},"excerpt":{"rendered":"<p><strong>Wymiary:<\/strong> 40 x 30 mm<strong>\u00a0<\/strong><\/p>\n<p><strong>Materia\u0142:<\/strong> PP<\/p>","protected":false},"featured_media":9469,"comment_status":"open","ping_status":"closed","template":"","meta":{"_acf_changed":false,"content-type":"","_monsterinsights_skip_tracking":false,"_monsterinsights_sitenote_active":false,"_monsterinsights_sitenote_note":"","_monsterinsights_sitenote_category":0},"product_brand":[],"product_cat":[115,118],"product_tag":[],"class_list":{"0":"post-9344","1":"product","2":"type-product","3":"status-publish","4":"has-post-thumbnail","6":"product_cat-food-and-feeding","7":"product_cat-feeding-bowls","9":"first","10":"instock","11":"taxable","12":"shipping-taxable","13":"purchasable","14":"product-type-simple"},"acf":[],"aioseo_notices":[],"jetpack_sharing_enabled":true,"_links":{"self":[{"href":"https:\/\/antcube.shop\/pl\/wp-json\/wp\/v2\/product\/9344","targetHints":{"allow":["GET"]}}],"collection":[{"href":"https:\/\/antcube.shop\/pl\/wp-json\/wp\/v2\/product"}],"about":[{"href":"https:\/\/antcube.shop\/pl\/wp-json\/wp\/v2\/types\/product"}],"replies":[{"embeddable":true,"href":"https:\/\/antcube.shop\/pl\/wp-json\/wp\/v2\/comments?post=9344"}],"wp:featuredmedia":[{"embeddable":true,"href":"https:\/\/antcube.shop\/pl\/wp-json\/wp\/v2\/media\/9469"}],"wp:attachment":[{"href":"https:\/\/antcube.shop\/pl\/wp-json\/wp\/v2\/media?parent=9344"}],"wp:term":[{"taxonomy":"product_brand","embeddable":true,"href":"https:\/\/antcube.shop\/pl\/wp-json\/wp\/v2\/product_brand?post=9344"},{"taxonomy":"product_cat","embeddable":true,"href":"https:\/\/antcube.shop\/pl\/wp-json\/wp\/v2\/product_cat?post=9344"},{"taxonomy":"product_tag","embeddable":true,"href":"https:\/\/antcube.shop\/pl\/wp-json\/wp\/v2\/product_tag?post=9344"}],"curies":[{"name":"wp","href":"https:\/\/api.w.org\/{rel}","templated":true}]}}