{"id":9339,"date":"2024-09-17T16:22:17","date_gmt":"2024-09-17T14:22:17","guid":{"rendered":"https:\/\/antcube.shop\/en\/product\/mikrospatelloffel-150mm-lang\/"},"modified":"2026-04-16T19:23:17","modified_gmt":"2026-04-16T17:23:17","slug":"lyzka-z-mikroszpatulka-o-dlugosci-150-mm","status":"publish","type":"product","link":"https:\/\/antcube.shop\/pl\/produkt\/lyzka-z-mikroszpatulka-o-dlugosci-150-mm\/","title":{"rendered":"\u0141y\u017cka z mikro\u0142y\u017ck\u0105 o d\u0142ugo\u015bci 150 mm"},"content":{"rendered":"<p><strong>D\u0142ugo\u015b\u0107:<\/strong> 15 cm<\/p>\n<p><strong>Materia\u0142:<\/strong> Stal<\/p>\n<p><strong>Opis:<\/strong> Idealny do dozowania pokarmu lub pracy w formikarium.<\/p>","protected":false},"excerpt":{"rendered":"<p>D\u0142ugo\u015b\u0107: 15 cm, materia\u0142: stal<\/p>","protected":false},"featured_media":9790,"comment_status":"open","ping_status":"closed","template":"","meta":{"_acf_changed":false,"content-type":"","_monsterinsights_skip_tracking":false,"_monsterinsights_sitenote_active":false,"_monsterinsights_sitenote_note":"","_monsterinsights_sitenote_category":0},"product_brand":[],"product_cat":[237],"product_tag":[],"class_list":{"0":"post-9339","1":"product","2":"type-product","3":"status-publish","4":"has-post-thumbnail","6":"product_cat-tools","8":"first","9":"instock","10":"taxable","11":"shipping-taxable","12":"purchasable","13":"product-type-simple"},"acf":[],"aioseo_notices":[],"jetpack_sharing_enabled":true,"_links":{"self":[{"href":"https:\/\/antcube.shop\/pl\/wp-json\/wp\/v2\/product\/9339","targetHints":{"allow":["GET"]}}],"collection":[{"href":"https:\/\/antcube.shop\/pl\/wp-json\/wp\/v2\/product"}],"about":[{"href":"https:\/\/antcube.shop\/pl\/wp-json\/wp\/v2\/types\/product"}],"replies":[{"embeddable":true,"href":"https:\/\/antcube.shop\/pl\/wp-json\/wp\/v2\/comments?post=9339"}],"wp:featuredmedia":[{"embeddable":true,"href":"https:\/\/antcube.shop\/pl\/wp-json\/wp\/v2\/media\/9790"}],"wp:attachment":[{"href":"https:\/\/antcube.shop\/pl\/wp-json\/wp\/v2\/media?parent=9339"}],"wp:term":[{"taxonomy":"product_brand","embeddable":true,"href":"https:\/\/antcube.shop\/pl\/wp-json\/wp\/v2\/product_brand?post=9339"},{"taxonomy":"product_cat","embeddable":true,"href":"https:\/\/antcube.shop\/pl\/wp-json\/wp\/v2\/product_cat?post=9339"},{"taxonomy":"product_tag","embeddable":true,"href":"https:\/\/antcube.shop\/pl\/wp-json\/wp\/v2\/product_tag?post=9339"}],"curies":[{"name":"wp","href":"https:\/\/api.w.org\/{rel}","templated":true}]}}