{"id":9335,"date":"2024-09-17T16:20:32","date_gmt":"2024-09-17T14:20:32","guid":{"rendered":"https:\/\/antcube.shop\/en\/product\/plastiktrichter-40mm\/"},"modified":"2026-01-27T09:37:00","modified_gmt":"2026-01-27T08:37:00","slug":"plastikowy-lejek-40-mm","status":"publish","type":"product","link":"https:\/\/antcube.shop\/pl\/produkt\/plastikowy-lejek-40-mm\/","title":{"rendered":"Plastikowy lejek 40 mm"},"content":{"rendered":"<p><strong>\u015arednica:<\/strong> 40 mm<\/p>\n<p><strong>Po\u0142\u0105czenie:<\/strong> Pasuje do w\u0119\u017cy o \u015brednicy wewn\u0119trznej: 6-8 mm<\/p>\n<p><strong>Materia\u0142:<\/strong> Tworzywo sztuczne PP<\/p>","protected":false},"excerpt":{"rendered":"<p>\u015arednica: 40 mm; Materia\u0142: Tworzywo PP<\/p>","protected":false},"featured_media":9798,"comment_status":"open","ping_status":"closed","template":"","meta":{"_acf_changed":false,"content-type":"","_monsterinsights_skip_tracking":false,"_monsterinsights_sitenote_active":false,"_monsterinsights_sitenote_note":"","_monsterinsights_sitenote_category":0},"product_brand":[],"product_cat":[237],"product_tag":[],"class_list":{"0":"post-9335","1":"product","2":"type-product","3":"status-publish","4":"has-post-thumbnail","6":"product_cat-tools","8":"first","9":"instock","10":"taxable","11":"shipping-taxable","12":"purchasable","13":"product-type-simple"},"acf":[],"aioseo_notices":[],"jetpack_sharing_enabled":true,"_links":{"self":[{"href":"https:\/\/antcube.shop\/pl\/wp-json\/wp\/v2\/product\/9335","targetHints":{"allow":["GET"]}}],"collection":[{"href":"https:\/\/antcube.shop\/pl\/wp-json\/wp\/v2\/product"}],"about":[{"href":"https:\/\/antcube.shop\/pl\/wp-json\/wp\/v2\/types\/product"}],"replies":[{"embeddable":true,"href":"https:\/\/antcube.shop\/pl\/wp-json\/wp\/v2\/comments?post=9335"}],"wp:featuredmedia":[{"embeddable":true,"href":"https:\/\/antcube.shop\/pl\/wp-json\/wp\/v2\/media\/9798"}],"wp:attachment":[{"href":"https:\/\/antcube.shop\/pl\/wp-json\/wp\/v2\/media?parent=9335"}],"wp:term":[{"taxonomy":"product_brand","embeddable":true,"href":"https:\/\/antcube.shop\/pl\/wp-json\/wp\/v2\/product_brand?post=9335"},{"taxonomy":"product_cat","embeddable":true,"href":"https:\/\/antcube.shop\/pl\/wp-json\/wp\/v2\/product_cat?post=9335"},{"taxonomy":"product_tag","embeddable":true,"href":"https:\/\/antcube.shop\/pl\/wp-json\/wp\/v2\/product_tag?post=9335"}],"curies":[{"name":"wp","href":"https:\/\/api.w.org\/{rel}","templated":true}]}}