{"id":9330,"date":"2024-09-17T16:18:59","date_gmt":"2024-09-17T14:18:59","guid":{"rendered":"https:\/\/antcube.shop\/en\/product\/alpha-ants-mini-scheibenmagnet-eckig\/"},"modified":"2026-03-31T18:19:04","modified_gmt":"2026-03-31T16:19:04","slug":"alpha-ants-mini-scheibenmagnet-eckig","status":"publish","type":"product","link":"https:\/\/antcube.shop\/pl\/produkt\/alpha-ants-mini-scheibenmagnet-eckig\/","title":{"rendered":"Mini magnes tarczowy Alpha Ants - kwadratowy"},"content":{"rendered":"<p><strong>Opis:<\/strong> Znasz ten problem: Twoje mr\u00f3wki po raz kolejny zabrudzi\u0142y szyby w gnie\u017adzie lub zasypa\u0142y je piaskiem? Dzi\u0119ki temu ma\u0142emu mini magnesowi dyskowemu mo\u017cesz oczy\u015bci\u0107 przej\u015bcia i komory w akwarium.<\/p>\n<p>S\u0105 to bardzo silne magnesy wysokiej jako\u015bci. Za pomoc\u0105 magnesu prowadz\u0105cego mo\u017cna przesuwa\u0107 ma\u0142y magnes czyszcz\u0105cy po formikarium i czy\u015bci\u0107 zabrudzone szyby od wewn\u0105trz.<\/p>\n<p><strong>Uwaga:<\/strong> Nie wolno dopu\u015bci\u0107 do zderzenia (uderzenia) magnes\u00f3w, poniewa\u017c s\u0105 one delikatne.<\/p>\n<p><strong>Zawarto\u015b\u0107:<\/strong> 2 bardzo silne magnesy tarczowe (10x10x4 mm i 3x2x2 mm)<\/p>","protected":false},"excerpt":{"rendered":"<p>Opis: Czy znasz ten problem: Twoje mr\u00f3wki po raz kolejny narobi\u0142y ba\u0142aganu na szybach w gnie\u017adzie lub zasypa\u0142y je piaskiem? Dzi\u0119ki temu ma\u0142emu mini magnesowi dyskowemu mo\u017cesz oczy\u015bci\u0107 przej\u015bcia i komory w akwarium. S\u0105 to bardzo silne magnesy wysokiej jako\u015bci. Mo\u017cesz u\u017cy\u0107 magnesu prowadz\u0105cego, aby przesun\u0105\u0107","protected":false},"featured_media":9804,"comment_status":"open","ping_status":"closed","template":"","meta":{"_acf_changed":false,"content-type":"","_monsterinsights_skip_tracking":false,"_monsterinsights_sitenote_active":false,"_monsterinsights_sitenote_note":"","_monsterinsights_sitenote_category":0},"product_brand":[],"product_cat":[237],"product_tag":[],"class_list":{"0":"post-9330","1":"product","2":"type-product","3":"status-publish","4":"has-post-thumbnail","6":"product_cat-tools","8":"first","9":"instock","10":"taxable","11":"shipping-taxable","12":"purchasable","13":"product-type-simple"},"acf":[],"aioseo_notices":[],"jetpack_sharing_enabled":true,"_links":{"self":[{"href":"https:\/\/antcube.shop\/pl\/wp-json\/wp\/v2\/product\/9330","targetHints":{"allow":["GET"]}}],"collection":[{"href":"https:\/\/antcube.shop\/pl\/wp-json\/wp\/v2\/product"}],"about":[{"href":"https:\/\/antcube.shop\/pl\/wp-json\/wp\/v2\/types\/product"}],"replies":[{"embeddable":true,"href":"https:\/\/antcube.shop\/pl\/wp-json\/wp\/v2\/comments?post=9330"}],"wp:featuredmedia":[{"embeddable":true,"href":"https:\/\/antcube.shop\/pl\/wp-json\/wp\/v2\/media\/9804"}],"wp:attachment":[{"href":"https:\/\/antcube.shop\/pl\/wp-json\/wp\/v2\/media?parent=9330"}],"wp:term":[{"taxonomy":"product_brand","embeddable":true,"href":"https:\/\/antcube.shop\/pl\/wp-json\/wp\/v2\/product_brand?post=9330"},{"taxonomy":"product_cat","embeddable":true,"href":"https:\/\/antcube.shop\/pl\/wp-json\/wp\/v2\/product_cat?post=9330"},{"taxonomy":"product_tag","embeddable":true,"href":"https:\/\/antcube.shop\/pl\/wp-json\/wp\/v2\/product_tag?post=9330"}],"curies":[{"name":"wp","href":"https:\/\/api.w.org\/{rel}","templated":true}]}}