{"id":9323,"date":"2024-09-17T16:16:22","date_gmt":"2024-09-17T14:16:22","guid":{"rendered":"https:\/\/antcube.shop\/en\/product\/greifzange-60-cm\/"},"modified":"2026-04-09T09:58:37","modified_gmt":"2026-04-09T07:58:37","slug":"chwytak-60-cm","status":"publish","type":"product","link":"https:\/\/antcube.shop\/pl\/produkt\/chwytak-60-cm\/","title":{"rendered":"Chwytak 60 cm"},"content":{"rendered":"<p><strong>D\u0142ugo\u015b\u0107:<\/strong> 60 cm<\/p>\n<p><strong>Opis:<\/strong> To rami\u0119 chwytaka mo\u017ce by\u0107 u\u017cywane do pracy w obszarach niedost\u0119pnych dla r\u0105k i do usuwania cz\u0119\u015bci z rur lub w\u0119\u017cy. \u015arednica przednia 10,5 mm. Pasuje do otworu 11 mm. Zaciski chwytaka maj\u0105 rozpi\u0119to\u015b\u0107 20 mm.<\/p>\n<p><strong>Uwaga:<\/strong><br \/>\nIstnieje ryzyko obra\u017ce\u0144, je\u015bli cz\u0119\u015bci cia\u0142a zostan\u0105 wci\u0105gni\u0119te przez szczypce.<\/p>","protected":false},"excerpt":{"rendered":"<p>D\u0142ugo\u015b\u0107: 60 cm Opis: To rami\u0119 chwytaka mo\u017ce by\u0107 u\u017cywane do pracy w miejscach niedost\u0119pnych dla r\u0105k i do usuwania cz\u0119\u015bci z rur lub w\u0119\u017cy. \u015arednica przednia 10,5 mm. Pasuje do otworu 11 mm. Zaciski chwytaka maj\u0105 rozpi\u0119to\u015b\u0107 20 mm. Uwaga: Istnieje ryzyko obra\u017ce\u0144, je\u015bli cz\u0119\u015bci cia\u0142a","protected":false},"featured_media":9580,"comment_status":"open","ping_status":"closed","template":"","meta":{"_acf_changed":false,"content-type":"","_monsterinsights_skip_tracking":false,"_monsterinsights_sitenote_active":false,"_monsterinsights_sitenote_note":"","_monsterinsights_sitenote_category":0},"product_brand":[],"product_cat":[237],"product_tag":[],"class_list":{"0":"post-9323","1":"product","2":"type-product","3":"status-publish","4":"has-post-thumbnail","6":"product_cat-tools","8":"first","9":"instock","10":"taxable","11":"shipping-taxable","12":"purchasable","13":"product-type-simple"},"acf":[],"aioseo_notices":[],"jetpack_sharing_enabled":true,"_links":{"self":[{"href":"https:\/\/antcube.shop\/pl\/wp-json\/wp\/v2\/product\/9323","targetHints":{"allow":["GET"]}}],"collection":[{"href":"https:\/\/antcube.shop\/pl\/wp-json\/wp\/v2\/product"}],"about":[{"href":"https:\/\/antcube.shop\/pl\/wp-json\/wp\/v2\/types\/product"}],"replies":[{"embeddable":true,"href":"https:\/\/antcube.shop\/pl\/wp-json\/wp\/v2\/comments?post=9323"}],"wp:featuredmedia":[{"embeddable":true,"href":"https:\/\/antcube.shop\/pl\/wp-json\/wp\/v2\/media\/9580"}],"wp:attachment":[{"href":"https:\/\/antcube.shop\/pl\/wp-json\/wp\/v2\/media?parent=9323"}],"wp:term":[{"taxonomy":"product_brand","embeddable":true,"href":"https:\/\/antcube.shop\/pl\/wp-json\/wp\/v2\/product_brand?post=9323"},{"taxonomy":"product_cat","embeddable":true,"href":"https:\/\/antcube.shop\/pl\/wp-json\/wp\/v2\/product_cat?post=9323"},{"taxonomy":"product_tag","embeddable":true,"href":"https:\/\/antcube.shop\/pl\/wp-json\/wp\/v2\/product_tag?post=9323"}],"curies":[{"name":"wp","href":"https:\/\/api.w.org\/{rel}","templated":true}]}}