{"id":9320,"date":"2024-09-17T16:15:03","date_gmt":"2024-09-17T14:15:03","guid":{"rendered":"https:\/\/antcube.shop\/en\/product\/formicarienunterlage-20x10cm\/"},"modified":"2026-03-31T12:29:27","modified_gmt":"2026-03-31T10:29:27","slug":"podkladka-do-formikarium-20x10cm","status":"publish","type":"product","link":"https:\/\/antcube.shop\/pl\/produkt\/podkladka-do-formikarium-20x10cm\/","title":{"rendered":"Podk\u0142adka do formikarium - 20x10cm"},"content":{"rendered":"<p><strong>Wymiary:<\/strong> 200 x 100 x 4 mm<\/p>\n<p><strong>Materia\u0142:<\/strong> Pianka PE<\/p>\n<p><strong>Kolor:<\/strong> szary<\/p>\n<p><strong>Tre\u015b\u0107:<\/strong> 1 szt.<\/p>\n<p><strong>Opis:<\/strong><br \/>\nPodk\u0142adka do formikarium wykonana jest z mi\u0119kkiej pianki.<br \/>\nChroni formikarium, jak r\u00f3wnie\u017c mebel, na kt\u00f3rym stoi formikarium, przed zarysowaniami.<br \/>\nWyk\u0142adzina dywanowa s\u0142u\u017cy r\u00f3wnie\u017c jako izolacja termiczna, kt\u00f3ra kompensuje najmniejsze nier\u00f3wno\u015bci, a tak\u017ce chroni przed wibracjami.<\/p>","protected":false},"excerpt":{"rendered":"<p>Wymiary: 200 x 100 x 4 mm Materia\u0142: Pianka PE Kolor: szary Zawarto\u015b\u0107: 1 szt. Opis: Podk\u0142adka pod formikarium wykonana jest z mi\u0119kkiej pianki. Chroni formikarium, a tak\u017ce meble, na kt\u00f3rych stoi formikarium, przed zarysowaniami. Podk\u0142adka s\u0142u\u017cy r\u00f3wnie\u017c jako izolacja termiczna, kt\u00f3ra kompensuje najmniejsze nier\u00f3wno\u015bci, a tak\u017ce chroni przed wilgoci\u0105.","protected":false},"featured_media":9589,"comment_status":"open","ping_status":"closed","template":"","meta":{"_acf_changed":false,"content-type":"","_monsterinsights_skip_tracking":false,"_monsterinsights_sitenote_active":false,"_monsterinsights_sitenote_note":"","_monsterinsights_sitenote_category":0},"product_brand":[484],"product_cat":[119,239],"product_tag":[],"class_list":{"0":"post-9320","1":"product","2":"type-product","3":"status-publish","4":"has-post-thumbnail","6":"product_brand-antcube","7":"product_cat-formicarium-components","8":"product_cat-useful-additions","10":"first","11":"instock","12":"taxable","13":"shipping-taxable","14":"purchasable","15":"product-type-simple"},"acf":[],"aioseo_notices":[],"jetpack_sharing_enabled":true,"_links":{"self":[{"href":"https:\/\/antcube.shop\/pl\/wp-json\/wp\/v2\/product\/9320","targetHints":{"allow":["GET"]}}],"collection":[{"href":"https:\/\/antcube.shop\/pl\/wp-json\/wp\/v2\/product"}],"about":[{"href":"https:\/\/antcube.shop\/pl\/wp-json\/wp\/v2\/types\/product"}],"replies":[{"embeddable":true,"href":"https:\/\/antcube.shop\/pl\/wp-json\/wp\/v2\/comments?post=9320"}],"wp:featuredmedia":[{"embeddable":true,"href":"https:\/\/antcube.shop\/pl\/wp-json\/wp\/v2\/media\/9589"}],"wp:attachment":[{"href":"https:\/\/antcube.shop\/pl\/wp-json\/wp\/v2\/media?parent=9320"}],"wp:term":[{"taxonomy":"product_brand","embeddable":true,"href":"https:\/\/antcube.shop\/pl\/wp-json\/wp\/v2\/product_brand?post=9320"},{"taxonomy":"product_cat","embeddable":true,"href":"https:\/\/antcube.shop\/pl\/wp-json\/wp\/v2\/product_cat?post=9320"},{"taxonomy":"product_tag","embeddable":true,"href":"https:\/\/antcube.shop\/pl\/wp-json\/wp\/v2\/product_tag?post=9320"}],"curies":[{"name":"wp","href":"https:\/\/api.w.org\/{rel}","templated":true}]}}