{"id":9319,"date":"2024-09-17T16:14:42","date_gmt":"2024-09-17T14:14:42","guid":{"rendered":"https:\/\/antcube.shop\/en\/product\/antcube-rote-folie-60x30-filter\/"},"modified":"2026-04-16T21:27:12","modified_gmt":"2026-04-16T19:27:12","slug":"filtr-antcube-rote-folie-60x30","status":"publish","type":"product","link":"https:\/\/antcube.shop\/pl\/produkt\/filtr-antcube-rote-folie-60x30\/","title":{"rendered":"ANTCUBE - Folia czerwona 30\u00d730 - Filtr"},"content":{"rendered":"<p><strong>Wymiary:<\/strong> 59x24cm<\/p>\n<p><strong>Materia\u0142:<\/strong> PVC<\/p>\n<p><strong>Opis:<\/strong> Czerwona przezroczysta folia s\u0142u\u017cy do zapewnienia mr\u00f3wkom wra\u017cenia przebywania pod ziemi\u0105. Dlatego zalecamy stosowanie tego produktu przynajmniej cz\u0119\u015bciowo w obszarze gniazda. Niemniej jednak mr\u00f3wki nadal mo\u017cna \u0142atwo obserwowa\u0107 w gnie\u017adzie. Precyzyjnie przyci\u0119ty do rozmiaru ANTCUBE \"Ant farm 60x30cm S\/M\/L - upright\".<\/p>\n<p>Ta folia filtruj\u0105ca ma lepszy efekt filtrowania \u015bwiat\u0142a ni\u017c zwyk\u0142a folia ochronna. Odporno\u015b\u0107 na temperatur\u0119 do 180\u00b0C<\/p>\n<p>Folia filtruj\u0105ca sama przylega do obszaru fermy lub gniazda przy lekkim, r\u00f3wnomiernym nacisku. Alternatywnie, do mocowania mo\u017cna u\u017cy\u0107 przezroczystej ta\u015bmy samoprzylepnej. Wystarczy przymocowa\u0107 j\u0105 za pomoc\u0105 dw\u00f3ch ma\u0142ych pask\u00f3w w g\u00f3rnych rogach, aby foli\u0119 mo\u017cna by\u0142o p\u00f3\u017aniej podnie\u015b\u0107 w celu uzyskania lepszego widoku na obszar gniazdowania.<\/p>","protected":false},"excerpt":{"rendered":"<p>Wymiary: 59x24cm Materia\u0142: PVC Opis: Czerwona przezroczysta folia s\u0142u\u017cy do zapewnienia mr\u00f3wkom wra\u017cenia przebywania pod ziemi\u0105. Dlatego zalecamy stosowanie tego produktu przynajmniej cz\u0119\u015bciowo w obszarze gniazda. Niemniej jednak mr\u00f3wki nadal mo\u017cna \u0142atwo obserwowa\u0107 w gnie\u017adzie. Precyzyjnie przyci\u0119ty do rozmiaru ANTCUBE \"Ant farm 60x30cm S\/M\/L - upright\". To","protected":false},"featured_media":9826,"comment_status":"open","ping_status":"closed","template":"","meta":{"_acf_changed":false,"content-type":"","_monsterinsights_skip_tracking":false,"_monsterinsights_sitenote_active":false,"_monsterinsights_sitenote_note":"","_monsterinsights_sitenote_category":0},"product_brand":[],"product_cat":[119,239],"product_tag":[],"class_list":{"0":"post-9319","1":"product","2":"type-product","3":"status-publish","4":"has-post-thumbnail","6":"product_cat-formicarium-components","7":"product_cat-useful-additions","9":"first","10":"instock","11":"taxable","12":"shipping-taxable","13":"purchasable","14":"product-type-simple"},"acf":[],"aioseo_notices":[],"jetpack_sharing_enabled":true,"_links":{"self":[{"href":"https:\/\/antcube.shop\/pl\/wp-json\/wp\/v2\/product\/9319","targetHints":{"allow":["GET"]}}],"collection":[{"href":"https:\/\/antcube.shop\/pl\/wp-json\/wp\/v2\/product"}],"about":[{"href":"https:\/\/antcube.shop\/pl\/wp-json\/wp\/v2\/types\/product"}],"replies":[{"embeddable":true,"href":"https:\/\/antcube.shop\/pl\/wp-json\/wp\/v2\/comments?post=9319"}],"wp:featuredmedia":[{"embeddable":true,"href":"https:\/\/antcube.shop\/pl\/wp-json\/wp\/v2\/media\/9826"}],"wp:attachment":[{"href":"https:\/\/antcube.shop\/pl\/wp-json\/wp\/v2\/media?parent=9319"}],"wp:term":[{"taxonomy":"product_brand","embeddable":true,"href":"https:\/\/antcube.shop\/pl\/wp-json\/wp\/v2\/product_brand?post=9319"},{"taxonomy":"product_cat","embeddable":true,"href":"https:\/\/antcube.shop\/pl\/wp-json\/wp\/v2\/product_cat?post=9319"},{"taxonomy":"product_tag","embeddable":true,"href":"https:\/\/antcube.shop\/pl\/wp-json\/wp\/v2\/product_tag?post=9319"}],"curies":[{"name":"wp","href":"https:\/\/api.w.org\/{rel}","templated":true}]}}