{"id":9317,"date":"2024-09-17T16:13:59","date_gmt":"2024-09-17T14:13:59","guid":{"rendered":"https:\/\/antcube.shop\/en\/product\/ameisen-ausbruchsschutz-set\/"},"modified":"2026-04-13T09:30:49","modified_gmt":"2026-04-13T07:30:49","slug":"zestaw-do-ochrony-przed-mrowkami","status":"publish","type":"product","link":"https:\/\/antcube.shop\/pl\/produkt\/zestaw-do-ochrony-przed-mrowkami\/","title":{"rendered":"Zestaw ochrony przed epidemi\u0105 mr\u00f3wek"},"content":{"rendered":"<p><strong>Zawarto\u015b\u0107:<\/strong><br \/>\n1x olej do ochrony przed ogniskami mr\u00f3wek 10ml (na bazie oleju naftowego)<br \/>\n1x puder chroni\u0105cy przed ogniskami mr\u00f3wek 10ml (na bazie talku)<br \/>\n1x lakier ochronny przeciw ogniskom 10ml (na bazie PTFE)<br \/>\n3x specjalny p\u0119dzel piankowy do nak\u0142adania materia\u0142u chroni\u0105cego przed ogniskami choroby<br \/>\nPojemnik mieszaj\u0105cy 3x do dozowania lub mieszania.<\/p>\n<p><strong>Opis:<\/strong> Zebrali\u015bmy niewielki zestaw najskuteczniejszych materia\u0142\u00f3w do ochrony przed epidemi\u0105, aby\u015b m\u00f3g\u0142 przetestowa\u0107, kt\u00f3ra ochrona przed epidemi\u0105 jest najlepsza dla twojej konkretnej kolonii.<\/p>\n<p><a href=\"https:\/\/www.antstore.net\/shop\/images\/documents\/ant%20escape%20protection%20lacquer%20EN.pdf\">Karta charakterystyki farby chroni\u0105cej przed ogniskami mr\u00f3wek (angielski) , (PDF 0,2 MB)<\/a><br \/>\n(Zawiera: Instrukcje bezpiecze\u0144stwa)<\/p>\n<p><a href=\"https:\/\/www.antstore.net\/shop\/images\/documents\/ant_escape_protection_oil_en.pdf\">Karta charakterystyki oleju chroni\u0105cego przed ogniskami mr\u00f3wek (angielski) , (PDF 0.1 MB)<\/a><br \/>\n(Zawiera: Instrukcje bezpiecze\u0144stwa)<\/p>","protected":false},"excerpt":{"rendered":"<p>Zawarto\u015b\u0107: 1x olej chroni\u0105cy przed ogniskami mr\u00f3wek 10ml (na bazie oleju naftowego) 1x proszek chroni\u0105cy przed ogniskami mr\u00f3wek 10ml (na bazie talku) 1x lakier chroni\u0105cy przed ogniskami mr\u00f3wek 10ml (na bazie PTFE) 3x specjalny p\u0119dzel piankowy do nak\u0142adania materia\u0142u chroni\u0105cego przed ogniskami mr\u00f3wek 3x pojemnik do dozowania lub mieszania. Opis: Zebrali\u015bmy niewielki zestaw najskuteczniejszych \u015brodk\u00f3w przeciw epidemiom","protected":false},"featured_media":9591,"comment_status":"open","ping_status":"closed","template":"","meta":{"_acf_changed":false,"content-type":"","_monsterinsights_skip_tracking":false,"_monsterinsights_sitenote_active":false,"_monsterinsights_sitenote_note":"","_monsterinsights_sitenote_category":0},"product_brand":[484],"product_cat":[237],"product_tag":[],"class_list":{"0":"post-9317","1":"product","2":"type-product","3":"status-publish","4":"has-post-thumbnail","6":"product_brand-antcube","7":"product_cat-tools","9":"first","10":"instock","11":"taxable","12":"shipping-taxable","13":"purchasable","14":"product-type-simple"},"acf":[],"aioseo_notices":[],"jetpack_sharing_enabled":true,"_links":{"self":[{"href":"https:\/\/antcube.shop\/pl\/wp-json\/wp\/v2\/product\/9317","targetHints":{"allow":["GET"]}}],"collection":[{"href":"https:\/\/antcube.shop\/pl\/wp-json\/wp\/v2\/product"}],"about":[{"href":"https:\/\/antcube.shop\/pl\/wp-json\/wp\/v2\/types\/product"}],"replies":[{"embeddable":true,"href":"https:\/\/antcube.shop\/pl\/wp-json\/wp\/v2\/comments?post=9317"}],"wp:featuredmedia":[{"embeddable":true,"href":"https:\/\/antcube.shop\/pl\/wp-json\/wp\/v2\/media\/9591"}],"wp:attachment":[{"href":"https:\/\/antcube.shop\/pl\/wp-json\/wp\/v2\/media?parent=9317"}],"wp:term":[{"taxonomy":"product_brand","embeddable":true,"href":"https:\/\/antcube.shop\/pl\/wp-json\/wp\/v2\/product_brand?post=9317"},{"taxonomy":"product_cat","embeddable":true,"href":"https:\/\/antcube.shop\/pl\/wp-json\/wp\/v2\/product_cat?post=9317"},{"taxonomy":"product_tag","embeddable":true,"href":"https:\/\/antcube.shop\/pl\/wp-json\/wp\/v2\/product_tag?post=9317"}],"curies":[{"name":"wp","href":"https:\/\/api.w.org\/{rel}","templated":true}]}}